{"id":1005,"date":"2019-08-13T16:04:31","date_gmt":"2019-08-13T22:04:31","guid":{"rendered":"https:\/\/trainingcamp.pro\/wpsite\/?page_id=1005"},"modified":"2020-11-06T17:19:47","modified_gmt":"2020-11-06T23:19:47","slug":"yearly-lead-auditor-update","status":"publish","type":"page","link":"https:\/\/tc4p.com\/wpsite\/yearly-lead-auditor-update\/","title":{"rendered":"Yearly Lead Auditor Update Q007"},"content":{"rendered":"\n<h2 class=\"wp-block-heading\"><strong>Actualizaci\u00f3n anual de Auditores L\u00edderes<\/strong><\/h2>\n\n\n\n<h3 class=\"wp-block-heading\" id=\"mce_4\"><br>1. El Curso en breve (Q007)<\/h3>\n\n\n\n<div class=\"wp-block-image\"><figure class=\"alignleft size-large is-resized\"><a href=\"https:\/\/i0.wp.com\/trainingcamp.pro\/wpsite\/wp-content\/uploads\/2020\/02\/Q007-20.png?ssl=1\"><img data-recalc-dims=\"1\" loading=\"lazy\" decoding=\"async\" src=\"https:\/\/i0.wp.com\/trainingcamp.pro\/wpsite\/wp-content\/uploads\/2020\/02\/Q007-20-730x1024.png?resize=192%2C270&#038;ssl=1\" alt=\"\" class=\"wp-image-1430\" width=\"192\" height=\"270\"\/><\/a><\/figure><\/div>\n\n\n\n<p>El auditor l\u00edder recibe en este evento su capacitaci\u00f3n anual la cual es indispensable para mantener el sistema y al equipo de trabajo al d\u00eda. La presentaci\u00f3n y el an\u00e1lisis de temas seleccionados del mundo de las certificaciones. En el curso motivamos y preparamos el auditor l\u00edder para la calibraci\u00f3n y sensibilizaci\u00f3n que fortalece el factor humano en su sistema de gerencia.<\/p>\n\n\n\n<p>El curso tiene una metodolog\u00eda de talleres y aplicaciones pr\u00e1cticas, presentados de manera que el auditor l\u00edder f\u00e1cilmente pueda repetir las pr\u00e1cticas en su empresa y transferir como multiplicador lo aprendido a sus auditores internos.<\/p>\n\n\n\n<p>La actualizaci\u00f3n anual de los auditores es un tema frecuente en las auditor\u00edas de certificaci\u00f3n. Este curso de Expertos para Expertos le da todo lo que necesita para &#8220;poner un check&#8221; al tema. <\/p>\n\n\n\n<div style=\"height:20px\" aria-hidden=\"true\" class=\"wp-block-spacer\"><\/div>\n\n\n\n<h3 class=\"wp-block-heading\">2. Objetivos <\/h3>\n\n\n\n<p><strong>OBJETIVOS ESPEC\u00cdFICOS:<\/strong><\/p>\n\n\n\n<ul class=\"wp-block-list\"><li>Actualizaci\u00f3n relacionado a Normas, Requisitos y Certificaci\u00f3nes<\/li><li>Actualizaci\u00f3n de conocimientos del auditor<\/li><li>Interpretaci\u00f3n de requisitos &#8211; si es, o no!<\/li><li>Nuevas t\u00e9cnicas de auditor\u00eda &#8211; tendencias e innovaciones<\/li><li>Calibraci\u00f3n de Auditores &#8211; criterios de aceptaci\u00f3n<\/li><li>Talleres y Case Studies del Mundo Real <\/li><\/ul>\n\n\n\n<div style=\"height:20px\" aria-hidden=\"true\" class=\"wp-block-spacer\"><\/div>\n\n\n\n<h3 class=\"wp-block-heading\">3. Contenidos del a\u00f1o<\/h3>\n\n\n\n<p><strong>Principales \/ Entre otros:&nbsp;<\/strong><\/p>\n\n\n\n<ul class=\"wp-block-list\"><li>Actualizaci\u00f3n de Est\u00e1ndares<\/li><li>Requerimientos Legales en 9001<\/li><li>Audit Plan &#8211; bien elaborado<\/li><li>\u00c9tica en Auditor\u00eda<\/li><li>Evaluaci\u00f3n de Riesgos &#8211; hasta donde me toca<\/li><li>M\u00e9todos Alternativos de Auditor\u00eda<\/li><li>Gesti\u00f3n \u00c1gil de la Calidad<\/li><li>Seguridad de datos &#8211; Protecci\u00f3n de Reportes<\/li><\/ul>\n\n\n\n<div style=\"height:20px\" aria-hidden=\"true\" class=\"wp-block-spacer\"><\/div>\n\n\n\n<h3 class=\"wp-block-heading\">4. Dirigido a<\/h3>\n\n\n\n<p>El curso est\u00e1 dirigido a:<\/p>\n\n\n\n<ul class=\"wp-block-list\"><li>L\u00edderes y Responsables de los Sistemas de Gesti\u00f3n<\/li><li>Auditores Internos y Asesores<\/li><li>Auditores de Certificaci\u00f3n<\/li><\/ul>\n\n\n\n<p>Notas: <\/p>\n\n\n\n<p>La participaci\u00f3n en este curso requiere conocimientos previos del est\u00e1ndar ISO 9001 y experiencia practica en su aplicaci\u00f3n.<\/p>\n\n\n\n<div style=\"height:20px\" aria-hidden=\"true\" class=\"wp-block-spacer\"><\/div>\n\n\n\n<h3 class=\"wp-block-heading\">5. Adem\u00e1s \u2026<\/h3>\n\n\n\n<ul class=\"wp-block-list\"><li>Incluye material did\u00e1ctico y catering en el evento<\/li><li>Training Certificate<\/li><\/ul>\n\n\n\n<div style=\"height:20px\" aria-hidden=\"true\" class=\"wp-block-spacer\"><\/div>\n\n\n\n<h3 class=\"wp-block-heading\">6. Duraci\u00f3n<\/h3>\n\n\n\n<ul class=\"wp-block-list\"><li>Implementaci\u00f3n en nuestro sede de capacitaciones en 1 d\u00eda \/ 8 horas&nbsp;(incluye catering)<\/li><\/ul>\n\n\n\n<div style=\"height:20px\" aria-hidden=\"true\" class=\"wp-block-spacer\"><\/div>\n\n\n\n<h3 class=\"wp-block-heading\">Inscripci\u00f3n \/ Lugares y Fechas<\/h3>\n\n\n\n<ul class=\"wp-block-list\">\n<li>Presencial: En la <a href=\"https:\/\/tc4p.com\/wpsite\/agenda-presencial\/\" data-type=\"page\" data-id=\"134\"><strong><em>agenda<\/em><\/strong><\/a> se encuentran las fechas y lugares oficiales. El\u00a0<a rel=\"noreferrer noopener\" href=\"https:\/\/tc4p.com\/wpsite\/inscription.html\" target=\"_blank\"><strong><em>Formulario de Inscripci\u00f3n<\/em><\/strong><\/a>\u00a0le permite inscribirse en linea como participante en un curso presencial. <\/li>\n<\/ul>\n\n\n\n<p>Si este evento no aparece en ninguno de los dos paginas todav\u00eda no tiene fecha. Por favor comun\u00edquese con&nbsp;<a href=\"https:\/\/tc4p.com\/wpsite\/contacto\/\" data-type=\"page\" data-id=\"130\"><em><strong>nosotros<\/strong><\/em><\/a> para recibir m\u00e1s informaci\u00f3n, solicitar pedido especial o asistencia.<\/p>\n\n\n\n<p><strong><a href=\"https:\/\/tc4p.com\/wpsite\/agenda-presencial\/\" data-type=\"page\" data-id=\"134\"><em>Regresar a la Agenda<\/em><\/a><\/strong><\/p>\n","protected":false},"excerpt":{"rendered":"<p>Actualizaci\u00f3n anual de Auditores L\u00edderes 1. El Curso en breve (Q007) El auditor l\u00edder recibe en este evento su capacitaci\u00f3n anual la cual es indispensable para mantener el sistema y &#8230;<\/p>\n","protected":false},"author":1,"featured_media":0,"parent":0,"menu_order":0,"comment_status":"closed","ping_status":"closed","template":"","meta":{"nf_dc_page":"","sns_share_botton_hide":"","vkExUnit_sns_title":"","_vk_print_noindex":"","sitemap_hide":"","vkExUnit_sitemap":"","_veu_custom_css":"","veu_display_promotion_alert":"","_exclude_from_list_pages":"","vkexunit_cta_each_option":"","vkExUnit_childPageIndex":"","vkExUnit_pageList_ancestor":"","vkExUnit_contact_enable":"","footnotes":""},"class_list":["post-1005","page","type-page","status-publish","hentry"],"veu_head_title_object":{"title":"","add_site_title":""},"jetpack_sharing_enabled":true,"_links":{"self":[{"href":"https:\/\/tc4p.com\/wpsite\/wp-json\/wp\/v2\/pages\/1005","targetHints":{"allow":["GET"]}}],"collection":[{"href":"https:\/\/tc4p.com\/wpsite\/wp-json\/wp\/v2\/pages"}],"about":[{"href":"https:\/\/tc4p.com\/wpsite\/wp-json\/wp\/v2\/types\/page"}],"author":[{"embeddable":true,"href":"https:\/\/tc4p.com\/wpsite\/wp-json\/wp\/v2\/users\/1"}],"replies":[{"embeddable":true,"href":"https:\/\/tc4p.com\/wpsite\/wp-json\/wp\/v2\/comments?post=1005"}],"version-history":[{"count":1,"href":"https:\/\/tc4p.com\/wpsite\/wp-json\/wp\/v2\/pages\/1005\/revisions"}],"predecessor-version":[{"id":2468,"href":"https:\/\/tc4p.com\/wpsite\/wp-json\/wp\/v2\/pages\/1005\/revisions\/2468"}],"wp:attachment":[{"href":"https:\/\/tc4p.com\/wpsite\/wp-json\/wp\/v2\/media?parent=1005"}],"curies":[{"name":"wp","href":"https:\/\/api.w.org\/{rel}","templated":true}]}}