{"id":1242,"date":"2019-10-22T16:22:13","date_gmt":"2019-10-22T22:22:13","guid":{"rendered":"https:\/\/trainingcamp.pro\/wpsite\/?page_id=1242"},"modified":"2020-11-06T16:53:50","modified_gmt":"2020-11-06T22:53:50","slug":"iso-50001-integrado-certificado","status":"publish","type":"page","link":"https:\/\/tc4p.com\/wpsite\/iso-50001-integrado-certificado\/","title":{"rendered":"ISO 50001: Integrado &#8211; Certificado"},"content":{"rendered":"\n<h2 class=\"wp-block-heading\"><strong>Obtener su certificado ISO 50001 en a\u00f1o 2021 a un costo muy competitivo es posible!<\/strong><\/h2>\n\n\n\n<p class=\"has-very-dark-gray-color has-vivid-green-cyan-background-color has-text-color has-background\"><strong>Reciba hasta un 50% de reembolso de la inversi\u00f3n en el Programa!<\/strong><strong><\/strong><\/p>\n\n\n\n<p><strong>ISO 50001 con reembolso de fondos<\/strong><br>Para las empresas que quieren implementar y certificar ISO 50001 en corto tiempo y a un costo muy competitivo,&nbsp;hemos dise\u00f1ado en cooperaci\u00f3n con&nbsp;gremiales y asociaciones una serie de capacitaciones integrales que permiten a la empresa llegar directamente a la certificaci\u00f3n ISO 50001,&nbsp;sin tener que depender de costosas consultor\u00edas externas. La capacitaci\u00f3n&nbsp;del personal de su empresa garantiza aceptaci\u00f3n y sostenibilidad;&nbsp;&nbsp;la aprobaci\u00f3n previa del plan de sesiones asegura una vez mas el uso de material en su forma mas actual y la metodolog\u00eda de aprendizaje mas adecuado y digerible.<\/p>\n\n\n\n<h3 class=\"wp-block-heading\">Ahora o Nunca !<\/h3>\n\n\n\n<p>La participaci\u00f3n en este\u00a0<strong>Proyecto ISO 50001 Integrado \u2013 Certificado<\/strong>\u00a0no solamente es una oportunidad nueva y nunca antes vista, sino es un deber para cada empresa que se ha propuesto\u00a0tener el certificado ISO 50001 en el a\u00f1o 2021.\u00a0( En menos de 6 meses! )<\/p>\n\n\n\n<p><strong>Por que el ISO 50001?<\/strong><\/p>\n\n\n\n<blockquote class=\"wp-block-quote is-layout-flow wp-block-quote-is-layout-flow\"><p>Los resultados de la ISO 50001 se reflejan en la factura de luz al fin del mes: Ahorros y liquidez al instante<\/p><\/blockquote>\n\n\n\n<p>La Certificaci\u00f3n ISO 50001 demuestra que su empresa cuenta con un s\u00f3lido Sistema de Gesti\u00f3n de Energ\u00eda y es capaz de usar sus recurso de la forma mas eficiente y eficaz. El Certificado ISO 50001 da valor, seguridad, competitividad, sostenibilidad, imagen y permite crecer.<\/p>\n\n\n\n<p><strong>La Ventajas del Proyecto<\/strong><\/p>\n\n\n\n<p>Las empresas y sus respectivos participantes tienen muchas ventajas exclusivas al participar, entre estos:<\/p>\n\n\n\n<ul class=\"wp-block-list\"><li>Tarifa reembolsable hasta 50%<\/li><li>Motivaci\u00f3n y Sinergias por trabajar en equipos<\/li><li>Avance seguro por programaci\u00f3n en etapas metodol\u00f3gicos<\/li><li>Capacitaci\u00f3n por Experto en Inocuidad con amplia experiencia internacional<\/li><li>Facilidad para implementar al poder evacuar dudas puntuales durante las capacitaciones- Learn by Doing<\/li><li>Aprender buenas pr\u00e1cticas de otras industrias<\/li><li>Monitoreo por Certificadora<\/li><li>Capacitaci\u00f3n de Auditores incluidos<\/li><li>Certificaci\u00f3n sin sorpresas&nbsp;<\/li><li>Paquete \u201call in one\u201d<\/li><\/ul>\n\n\n\n<p>Muchas empresas todav\u00eda no tienen el Certificado ISO 50001.&nbsp;Obtener el certificado le permite a su empresa diferenciarse y ser m\u00e1s atractiva para los partes interesados.<\/p>\n\n\n\n<p class=\"has-luminous-vivid-amber-background-color has-background\"><strong>No se queda atr\u00e1s.\u00a0Diga\u00a0&#8220;SI&#8221; a la competitividad y al crecimiento &#8211; implante el Sistema de Gesti\u00f3n de Energ\u00eda y reciba su Certificado en 2021<\/strong><\/p>\n\n\n\n<h3 class=\"wp-block-heading\">1. Objetivos y Metas de Aprendizaje<\/h3>\n\n\n\n<p>El curso explica como implementar el ISO 50001 en la empresa. El participante conocer\u00e1 los requisitos necesarios y aprender\u00e1 a desarrollar formatos, procesos y rutinas cuales despu\u00e9s ser\u00e1n aplicables directamente en su empresa.<\/p>\n\n\n\n<p>El participante ser\u00e1 capaz de implementar un Sistema de Gesti\u00f3n de Energ\u00eda que cumpla con los requisitos de ISO 50001 con el fin de ser auditado para alcanzar la certificaci\u00f3n.<\/p>\n\n\n\n<p>Ser\u00e1 capaz de:<\/p>\n\n\n\n<ul class=\"wp-block-list\"><li>Estructurar su propio manual de buenas pr\u00e1cticas de acuerdo a su actividad y nivel de riesgos;<\/li><li>Identificar desarrollar e implementar los procesos necesarios para manejar und Sistema de Gesti\u00f3n de Energ\u00eda eficiente y eficaz <\/li><li>Interpretar y cumplir con la ley de electricidad locales <\/li><li>Conocer sus derechos y obligaciones y saber defenderse <\/li><li>Someter su sistema de gesti\u00f3n a una auditoria interna para comprobar su funcionamiento correcto.<\/li><\/ul>\n\n\n\n<p>Cada uno de los m\u00f3dulos atiende ciertas temas con el fin de poder implementar un Sistema de Gesti\u00f3n de Energ\u00eda completo en la empresa. Asegurarse de las condiciones f\u00edsicas en planta y realizar la implantaci\u00f3n del Sistema de Gesti\u00f3n de Energ\u00eda es responsabilidad de la empresa participante. <\/p>\n\n\n\n<h3 class=\"wp-block-heading\">2. Los M\u00f3dulos y sus contenidos en breve<\/h3>\n\n\n\n<p><strong>M\u00f3dulo 1<\/strong>: <strong>Interpretaci\u00f3n de la Norma ISO 50001 y la Ley de     <\/strong><br>                 <strong>Electricidad (16 hrs)<\/strong><\/p>\n\n\n\n<ul class=\"wp-block-list\"><li>T\u00e9rminos y Definiciones<\/li><li>Responsabilidad de la Direcci\u00f3n<\/li><li>Pol\u00edtica Energ\u00e9tica<\/li><li>Planificaci\u00f3n Energ\u00e9tica<\/li><li>Riesgos \u2013 Amenazas y Oportunidades<\/li><li>Requisitos Legales y Otros Requisitos<\/li><li>Revisi\u00f3n Energ\u00e9tica<\/li><li>USO Significativo de la Energ\u00eda (USE)<\/li><li>L\u00ednea de Base Energ\u00e9tica<\/li><li>Indicadores de Desempe\u00f1o Energ\u00e9tico<\/li><li>Objetivos Energ\u00e9ticos<\/li><li>Metas Energ\u00e9ticas<\/li><li>Planes de Acci\u00f3n para la Gesti\u00f3n de la Energ\u00eda<\/li><li>Implementaci\u00f3n y Operaci\u00f3n \u2013 Dise\u00f1o&nbsp;<\/li><li>Competencia y Concientizaci\u00f3n<\/li><li>Comunicaci\u00f3n<\/li><li>Informaci\u00f3n Documentada<\/li><li>Control Operacional<\/li><li>Adquisici\u00f3n de Servicios de Energ\u00eda, productos, equipos y energ\u00eda<\/li><li>Seguimiento, medici\u00f3n y an\u00e1lisis<\/li><li>Evaluaci\u00f3n del Cumplimiento de los Requisitos Legales y de otros Requisitos<\/li><li>Auditor\u00eda Interna del Sistema de Gesti\u00f3n de la Energ\u00eda<\/li><li>No Conformidades y acci\u00f3n correctivaControl de los Registros<\/li><li>Ley General de Electricidad y su Reglamento:<\/li><li>T\u00e9rminos y Definiciones<\/li><li>Participantes del Mercado<\/li><li>Venta de Energ\u00eda a Usuarios Finales<\/li><li>Calidad del Servicio El\u00e9ctrico de Distribuci\u00f3n<\/li><li>Facturaci\u00f3n de Energ\u00eda El\u00e9ctrica<\/li><li>Gesti\u00f3n de Reclamos<\/li><\/ul>\n\n\n\n<p><strong>M\u00f3dulo 2: Dise\u00f1o de Procesos del Sistema de Gesti\u00f3n de Energ\u00eda<\/strong> <br>                 <strong>ISO50001 (16hrs)<\/strong><\/p>\n\n\n\n<ul class=\"wp-block-list\"><li>Definir el Alcance del SGEn y sus l\u00edmites<\/li><li>Definir la Pol\u00edtica Energ\u00e9tica del SGEn<\/li><li>Revisi\u00f3n Energ\u00e9tica<\/li><li>L\u00ednea de Base Energ\u00e9tica en Procesos del SGEn<\/li><li>Requisitos de ISO 50001 en Procesos del SGEn<\/li><li>Objetivos Energ\u00e9ticos Generales<\/li><li>Metas Energ\u00e9ticas Generales<\/li><li>lanes de Acci\u00f3n Generales<\/li><li>Informaci\u00f3n Documentada<\/li><li>Control de los Documentos<\/li><li>Control Operacional<\/li><li>Dise\u00f1o<\/li><li>Adquisici\u00f3n de Servicios de Energ\u00eda, productos, equipos y energ\u00eda<\/li><li>An\u00e1lisis de Adquisici\u00f3n de Servicios de Energ\u00eda<\/li><li>An\u00e1lisis de Adquisici\u00f3n de Productos<\/li><li>An\u00e1lisis de Adquisici\u00f3n de Equipos<\/li><li>An\u00e1lisis de Adquisici\u00f3n de Energ\u00eda (Suministro)<\/li><li>Seguimiento, medici\u00f3n y an\u00e1lisis<\/li><li>Calibraci\u00f3n<\/li><li>Mantenimiento de Medidores<\/li><li>Resultados de An\u00e1lisis<\/li><\/ul>\n\n\n\n<p><strong>M\u00f3dulo 3<\/strong>: <strong>Auditoria Interna de ISO 50001 (16 hrs)<\/strong><\/p>\n\n\n\n<ul class=\"wp-block-list\"><li>Auditor\u00eda de procesos (Procedimientos)<\/li><li>An\u00e1lisis de casos pr\u00e1cticos<\/li><li>Competencia, Formaci\u00f3n y Concientizaci\u00f3n<\/li><li>Revisi\u00f3n de los procesos contra la Norma ISO 50001<\/li><li>Identificar\/atender NC&#8217;s &#8211; Cierre de NC&#8217;S<\/li><li>Evaluaci\u00f3n del Cumplimiento de los Requisitos Legales y de otros<\/li><li>Requisitos<\/li><li>Auditor\u00eda Interna del Sistema de Gesti\u00f3n de la Energ\u00eda<\/li><li>No Conformidades y acci\u00f3n correctiva<\/li><li>Revisi\u00f3n por la Direcci\u00f3n<\/li><li>Mejora Continua<\/li><li>Fundamentos de la auditor\u00eda de sistemas de gesti\u00f3n seg\u00fan ISO 19011: 2018.<\/li><li>El auditor: competencias y actividades<\/li><li>La auditor\u00eda interna del sistema de gesti\u00f3n de inocuidad de alimentos<\/li><li>Criterios y m\u00e9todos de auditor\u00eda de los procesos: Taller practico basado en casos<\/li><li>Elaborar y realizar el Plan de Auditor\u00eda Interna<\/li><li>Identificaci\u00f3n, Clasificaci\u00f3n, Redacci\u00f3n y Cierre<\/li><li>Calibraci\u00f3n de Auditores ISO 50001: Taller practico basado en casos<\/li><li>Evitar Errores frecuentes<\/li><\/ul>\n\n\n\n<h3 class=\"wp-block-heading\">3. Dirigido a \/ Grupo Meta<\/h3>\n\n\n\n<p>El curso est\u00e1 dirigido a<\/p>\n\n\n\n<ul class=\"wp-block-list\"><li>L\u00edderes de proceso, Gerentes de Mantenimiento, mandos superiores y medios de empresas y organizaciones de cualquier tipo<\/li><li>Integrantes del equipo de sistemas de gesti\u00f3n como ISO 9001, 14001, 28000, 45001,<\/li><li>Auditores internos; mandos de las secciones involucradas en de calidad, producci\u00f3n, mantenimiento, compras, almacenamiento, log\u00edstica y transporte, ventas.<\/li><li>Miembros del personal que se involucran en la cadena de suministros de alimentos, bebidas y material de empaque.<\/li><\/ul>\n\n\n\n<p>Nivel de conocimientos previos:&nbsp;<\/p>\n\n\n\n<p>El curso enfoca la construcci\u00f3n e implementaci\u00f3n de un Sistema de Gesti\u00f3n con su respectiva documentaci\u00f3n.&nbsp;Conocimientos previos&nbsp;de las normas y de su aplicaci\u00f3n pueden ser una ventaja, pero no son indispensables.<\/p>\n\n\n\n<p>Restricciones:<\/p>\n\n\n\n<ul class=\"wp-block-list\"><li>Cupo limitado<\/li><li>M\u00e1ximo tres&nbsp;participantes por empresa<\/li><\/ul>\n\n\n\n<h3 class=\"wp-block-heading\">4. Adem\u00e1s &#8230;<\/h3>\n\n\n\n<ul class=\"wp-block-list\"><li>Incluye material did\u00e1ctico<\/li><li>Training Certificate en cada modulo<\/li><li>Catering en el evento<\/li><\/ul>\n\n\n\n<h3 class=\"wp-block-heading\">5. Duraci\u00f3n<\/h3>\n\n\n\n<ul class=\"wp-block-list\"><li>Implementaci\u00f3n de M\u00f3dulo 1 en 2&nbsp;d\u00edas (16 horas)<\/li><li>Implementaci\u00f3n de M\u00f3dulo 2&nbsp;en 2 d\u00edas (16 horas)<\/li><li>Implementaci\u00f3n de M\u00f3dulo 3&nbsp;en 2 d\u00edas (16 horas)<\/li><\/ul>\n\n\n\n<p>Entre los diferentes m\u00f3dulos ser\u00e1 un tiempo intermitente de tres a cinco semanas para la aplicaci\u00f3n de los nuevos conocimientos en la empresa y para prepararse al siguiente m\u00f3dulo. Es recomendado &#8211; pero no obligatorio &#8211; que los&nbsp;mismos&nbsp;colaboradores participen en los tres m\u00f3dulos.<\/p>\n\n\n\n<h3 class=\"wp-block-heading\">6. Financiamiento Especial &amp; Reembolso<\/h3>\n\n\n\n<p>El fin de este proyecto es estandarizar la Gesti\u00f3n de Energ\u00eda en El Salvador y<\/p>\n\n\n\n<ul class=\"wp-block-list\"><li>bajar el consumo de energ\u00eda en las empresas<\/li><li>aumentar la eficiencia del uso de recursos,<\/li><li>ahorrar costos y mejorar asi la competitividad y los de las empresas<\/li><li>la competitividad de las empresas salvadore\u00f1as<\/li><\/ul>\n\n\n\n<p>a trav\u00e9s de un Sistema de Gesti\u00f3n de Energ\u00eda ISO 50001, certificado con reconocimiento internacional.&nbsp;<\/p>\n\n\n\n<p>En el momento de su certificaci\u00f3n ISO 50001 con la certificadora participante en el proyecto, las empresas participantes pueden solicitar a la certificadora participante el reembolso de 50% de su tarifa de capacitaci\u00f3n en este proyecto. La presentaci\u00f3n de la solicitud respectiva de reembolso y la certificaci\u00f3n ISO 50001 con la certificadora participante debe ser dentro de 12 meses, a partir del ultimo d\u00eda de capacitaci\u00f3n en el M\u00f3dulo 3. <\/p>\n\n\n\n<h3 class=\"wp-block-heading\">Inscripci\u00f3n \/ Lugares y Fechas<\/h3>\n\n\n\n<ul class=\"wp-block-list\">\n<li>Presencial: En la <a href=\"https:\/\/tc4p.com\/wpsite\/agenda-presencial\/\" data-type=\"page\" data-id=\"134\"><strong><em>agenda<\/em><\/strong><\/a> se encuentran las fechas y lugares oficiales. El\u00a0<a rel=\"noreferrer noopener\" href=\"https:\/\/tc4p.com\/wpsite\/inscription.html\" target=\"_blank\"><strong><em>Formulario de Inscripci\u00f3n<\/em><\/strong><\/a>\u00a0le permite inscribirse en linea como participante en un curso presencial. <\/li>\n<\/ul>\n\n\n\n<p>Si este evento no aparece en ninguno de los dos paginas todav\u00eda no tiene fecha. Por favor comun\u00edquese con&nbsp;<a href=\"https:\/\/tc4p.com\/wpsite\/contacto\/\" data-type=\"page\" data-id=\"130\"><em><strong>nosotros<\/strong><\/em><\/a> para recibir m\u00e1s informaci\u00f3n, solicitar pedido especial o asistencia.<\/p>\n\n\n\n<p><strong><a href=\"https:\/\/tc4p.com\/wpsite\/agenda-presencial\/\" data-type=\"page\" data-id=\"134\"><em>Regresar a la Agenda<\/em><\/a><\/strong><\/p>\n","protected":false},"excerpt":{"rendered":"<p>Obtener su certificado ISO 50001 en a\u00f1o 2021 a un costo muy competitivo es posible! Reciba hasta un 50% de reembolso de la inversi\u00f3n en el Programa! ISO 50001 con &#8230;<\/p>\n","protected":false},"author":1,"featured_media":0,"parent":0,"menu_order":0,"comment_status":"closed","ping_status":"closed","template":"","meta":{"nf_dc_page":"","sns_share_botton_hide":"","vkExUnit_sns_title":"","_vk_print_noindex":"","sitemap_hide":"","vkExUnit_sitemap":"","_veu_custom_css":"","veu_display_promotion_alert":"","_exclude_from_list_pages":"","vkexunit_cta_each_option":"","vkExUnit_childPageIndex":"","vkExUnit_pageList_ancestor":"","vkExUnit_contact_enable":"","footnotes":""},"class_list":["post-1242","page","type-page","status-publish","hentry"],"veu_head_title_object":{"title":"","add_site_title":""},"jetpack_sharing_enabled":true,"_links":{"self":[{"href":"https:\/\/tc4p.com\/wpsite\/wp-json\/wp\/v2\/pages\/1242","targetHints":{"allow":["GET"]}}],"collection":[{"href":"https:\/\/tc4p.com\/wpsite\/wp-json\/wp\/v2\/pages"}],"about":[{"href":"https:\/\/tc4p.com\/wpsite\/wp-json\/wp\/v2\/types\/page"}],"author":[{"embeddable":true,"href":"https:\/\/tc4p.com\/wpsite\/wp-json\/wp\/v2\/users\/1"}],"replies":[{"embeddable":true,"href":"https:\/\/tc4p.com\/wpsite\/wp-json\/wp\/v2\/comments?post=1242"}],"version-history":[{"count":1,"href":"https:\/\/tc4p.com\/wpsite\/wp-json\/wp\/v2\/pages\/1242\/revisions"}],"predecessor-version":[{"id":2429,"href":"https:\/\/tc4p.com\/wpsite\/wp-json\/wp\/v2\/pages\/1242\/revisions\/2429"}],"wp:attachment":[{"href":"https:\/\/tc4p.com\/wpsite\/wp-json\/wp\/v2\/media?parent=1242"}],"curies":[{"name":"wp","href":"https:\/\/api.w.org\/{rel}","templated":true}]}}