{"id":153,"date":"2020-10-27T18:24:15","date_gmt":"2020-10-28T00:24:15","guid":{"rendered":"https:\/\/tc4p.com\/wpsite\/?page_id=153"},"modified":"2022-09-12T18:36:06","modified_gmt":"2022-09-13T00:36:06","slug":"trainingcamp-4p","status":"publish","type":"page","link":"https:\/\/tc4p.com\/wpsite\/trainingcamp-4p\/","title":{"rendered":"Acerca TrainingCamp 4P"},"content":{"rendered":"<div class=\"wp-block-image\">\n<figure class=\"alignleft size-large is-resized\"><img data-recalc-dims=\"1\" loading=\"lazy\" decoding=\"async\" src=\"https:\/\/i0.wp.com\/tc4p.com\/wpsite\/wp-content\/uploads\/2020\/10\/AWP9.jpg?resize=284%2C190&#038;ssl=1\" alt=\"\" class=\"wp-image-148\" width=\"284\" height=\"190\"\/><\/figure>\n<\/div>\n\n\n<p>Los profesionales que buscan un acceso f\u00e1cil y r\u00e1pido a conocimientos especiales para ampliar o actualizar sus conocimientos se informan aqu\u00ed. <\/p>\n\n\n\n<p>Los cursos y lecciones presentados proporcionar\u00e1n informaci\u00f3n esencial invirtiendo un m\u00ednimo de tiempo. Prep\u00e1rese ahora y tome mejores decisiones en cuestiones operativas, estrat\u00e9gicas y de gesti\u00f3n.&nbsp;<\/p>\n\n\n\n<p>Nuestro reto m\u00e1s grande es darte lo m\u00e1s posible en menos tiempo posible combinado con una inversi\u00f3n m\u00ednima. Mientras nuestros Experto internacionales se encargan de lo t\u00e9cnico y did\u00e1ctico, la econom\u00eda de escalas nos permite mantener los cursos a tu alcance. <\/p>\n\n\n\n<p><a href=\"https:\/\/tc4p.com\/wpsite\/contacto\/\" data-type=\"page\" data-id=\"130\">Escr\u00edbenos ya &#8230;<\/a><\/p>\n\n\n\n<p>TC4P es un centro de formaci\u00f3n acreditado por Insaforp y lleva a cabo la formaci\u00f3n profesional con su apoyo. Tambi\u00e9n es aliado de asociaciones empresariales y c\u00e1maras de comercio, as\u00ed como de organizaciones internacionales como GIZ, OIRSA, IADB, CBI y muchas m\u00e1s. TC4P tambi\u00e9n lleva a cabo programas de formaci\u00f3n encargados de gobiernos y organismos de apoyo.<\/p>\n","protected":false},"excerpt":{"rendered":"<p>Los profesionales que buscan un acceso f\u00e1cil y r\u00e1pido a conocimientos especiales para ampliar o actualizar sus conocimientos se informan aqu\u00ed. Los cursos y lecciones presentados proporcionar\u00e1n informaci\u00f3n esencial invirtiendo &#8230;<\/p>\n","protected":false},"author":1,"featured_media":0,"parent":0,"menu_order":0,"comment_status":"closed","ping_status":"closed","template":"","meta":{"nf_dc_page":"","sns_share_botton_hide":"","vkExUnit_sns_title":"","_vk_print_noindex":"","sitemap_hide":"","vkExUnit_sitemap":"","_veu_custom_css":"","veu_display_promotion_alert":"","_exclude_from_list_pages":"","vkexunit_cta_each_option":"","vkExUnit_childPageIndex":"","vkExUnit_pageList_ancestor":"","vkExUnit_contact_enable":"","footnotes":""},"class_list":["post-153","page","type-page","status-publish","hentry"],"veu_head_title_object":{"title":"","add_site_title":""},"jetpack_sharing_enabled":true,"_links":{"self":[{"href":"https:\/\/tc4p.com\/wpsite\/wp-json\/wp\/v2\/pages\/153","targetHints":{"allow":["GET"]}}],"collection":[{"href":"https:\/\/tc4p.com\/wpsite\/wp-json\/wp\/v2\/pages"}],"about":[{"href":"https:\/\/tc4p.com\/wpsite\/wp-json\/wp\/v2\/types\/page"}],"author":[{"embeddable":true,"href":"https:\/\/tc4p.com\/wpsite\/wp-json\/wp\/v2\/users\/1"}],"replies":[{"embeddable":true,"href":"https:\/\/tc4p.com\/wpsite\/wp-json\/wp\/v2\/comments?post=153"}],"version-history":[{"count":4,"href":"https:\/\/tc4p.com\/wpsite\/wp-json\/wp\/v2\/pages\/153\/revisions"}],"predecessor-version":[{"id":2731,"href":"https:\/\/tc4p.com\/wpsite\/wp-json\/wp\/v2\/pages\/153\/revisions\/2731"}],"wp:attachment":[{"href":"https:\/\/tc4p.com\/wpsite\/wp-json\/wp\/v2\/media?parent=153"}],"curies":[{"name":"wp","href":"https:\/\/api.w.org\/{rel}","templated":true}]}}