{"id":1919,"date":"2020-07-22T22:39:30","date_gmt":"2020-07-23T04:39:30","guid":{"rendered":"https:\/\/trainingcamp.pro\/wpsite\/?page_id=1919"},"modified":"2021-06-28T17:21:22","modified_gmt":"2021-06-28T23:21:22","slug":"desarrollar-e-implementar-contexto-y-alcance-de-forma-sostenible","status":"publish","type":"page","link":"https:\/\/tc4p.com\/wpsite\/desarrollar-e-implementar-contexto-y-alcance-de-forma-sostenible\/","title":{"rendered":"Desarrollar e Implementar Contexto y Alcance de forma sostenible"},"content":{"rendered":"\n<h2 class=\"wp-block-heading\"><strong>Desarrollar e Implementar Contexto y Alcance de forma sostenible<\/strong> (SG-005)<\/h2>\n\n\n\n<figure class=\"wp-block-table\"><table><tbody><tr><td><strong>Resumen:<\/strong><\/td><td><strong>En Linea<\/strong><\/td><td><strong>Presencial<\/strong><\/td><\/tr><tr><td>Fecha:<\/td><td>Cuando tu quieras<\/td><td>No existe en forma presencial<\/td><\/tr><tr><td>Lugar: <\/td><td><a href=\"https:\/\/tc4p.com\/learn\/course\/index.php?categoryid=8\">Plataforma TC4P<\/a><\/td><td>&#8212;<\/td><\/tr><tr><td>Duraci\u00f3n:<\/td><td>Apox. 60 min<\/td><td>&#8212;<\/td><\/tr><\/tbody><\/table><\/figure>\n\n\n\n<h3 class=\"wp-block-heading\">1. El Curso en breve <\/h3>\n\n\n\n<div class=\"wp-block-image\"><figure class=\"alignleft size-large is-resized\"><a href=\"https:\/\/tc4p.com\/learn\/course\/index.php?categoryid=8\"><img data-recalc-dims=\"1\" loading=\"lazy\" decoding=\"async\" src=\"https:\/\/i0.wp.com\/tc4p.com\/wpsite\/wp-content\/uploads\/2020\/11\/SG005Ayc.jpeg?resize=262%2C263&#038;ssl=1\" alt=\"Context y Alcance\" class=\"wp-image-2565\" width=\"262\" height=\"263\" srcset=\"https:\/\/i0.wp.com\/tc4p.com\/wpsite\/wp-content\/uploads\/2020\/11\/SG005Ayc.jpeg?w=524&amp;ssl=1 524w, https:\/\/i0.wp.com\/tc4p.com\/wpsite\/wp-content\/uploads\/2020\/11\/SG005Ayc.jpeg?resize=300%2C300&amp;ssl=1 300w, https:\/\/i0.wp.com\/tc4p.com\/wpsite\/wp-content\/uploads\/2020\/11\/SG005Ayc.jpeg?resize=150%2C150&amp;ssl=1 150w\" sizes=\"auto, (max-width: 262px) 100vw, 262px\" \/><\/a><figcaption>Una Gu\u00eda: Contexto y Alcance &#8211; bien explicado bien aplicado<\/figcaption><\/figure><\/div>\n\n\n\n<div class=\"wp-block-image\"><figure class=\"alignright size-large is-resized\"><a href=\"https:\/\/tc4p.com\/learn\/course\/index.php?categoryid=8\" target=\"_blank\" rel=\"noopener noreferrer\"><img data-recalc-dims=\"1\" loading=\"lazy\" decoding=\"async\" src=\"https:\/\/i0.wp.com\/tc4p.com\/wpsite\/wp-content\/uploads\/2021\/06\/TC4Ponline.png?resize=142%2C79&#038;ssl=1\" alt=\"\" class=\"wp-image-2587\" width=\"142\" height=\"79\"\/><\/a><figcaption>Disponible en l\u00ednea: <a href=\"https:\/\/tc4p.com\/learn\/course\/index.php?categoryid=8\">TC4P<\/a><\/figcaption><\/figure><\/div>\n\n\n\n<p>En este curso sacamos el contexto y alcance de la ISO 9001 de un concepto que para muchas empresas es &#8220;gris e intangible&#8221;. Te ense\u00f1amos una metodolog\u00eda como puedes definirlo y como depende todo tu SGC de eso. \u00a1Si el tema siempre ha sido un misterio en tu empresa, este s\u00ed, es tu curso!<\/p>\n\n\n\n<h3 class=\"wp-block-heading\">2. Objetivos<\/h3>\n\n\n\n<ul class=\"wp-block-list\"><li>Ser capaz de identificar partes interesadas y sus expectativas.<\/li><li>Poder determinar factores que influyen la gesti\u00f3n de la empresa<\/li><li>Definir y documentar el contexto y alcance de un sistema de gesti\u00f3n de calidad<\/li><li>Explicar y justificar por qu\u00e9 su sistema de gesti\u00f3n de calidad debe ser como es<\/li><li>Reconocer y realizar cambios necesarios en el alcance<\/li><\/ul>\n\n\n\n<h3 class=\"wp-block-heading\">3. Contenidos<\/h3>\n\n\n\n<ul class=\"wp-block-list\"><li>El Contexto y sus actores<\/li><li>Declarar alcance<\/li><li>Identificar Partes Interesadas<\/li><li>Identificar intenciones y expectativas<\/li><li>Principales partes interesadas<\/li><li>Como documentar<\/li><li>Monitoreo<\/li><li>Determinar contexto y alcance<\/li><li>Consolidar resultados<\/li><li>Sistematizar los procesos<\/li><li>Afuera del alcance<\/li><\/ul>\n\n\n\n<h3 class=\"wp-block-heading\">4. Dirigido a<\/h3>\n\n\n\n<p>Dirigido a Lideres y responsables de los sistemas de gesti\u00f3n y a los auditores lideres e internos.<\/p>\n\n\n\n<ul class=\"wp-block-list\"><li>Representantes de la Alta Direcci\u00f3n y Gerentes de Calidad<\/li><li>Responsables del Sistema de gesti\u00f3n<\/li><li>Due\u00f1os de Procesos<\/li><li>Profesionales que estan preparando su empresa para la certificaci\u00f3n<\/li><li>Empleados y trabajadores relacionados con la implementaci\u00f3n del Est\u00e1ndar<\/li><li>Futuros Auditores internos<\/li><\/ul>\n\n\n\n<h3 class=\"wp-block-heading\">5. Adem\u00e1s \u2026<\/h3>\n\n\n\n<ul class=\"wp-block-list\"><li>Constancia de Capacitaci\u00f3n<\/li><\/ul>\n\n\n\n<h3 class=\"wp-block-heading\">6. Duraci\u00f3n<\/h3>\n\n\n\n<ul class=\"wp-block-list\"><li>En l\u00ednea: Los participantes pueden iniciar en el momento de su matriculaci\u00f3n y deben terminar en el periodo indicado en la descripci\u00f3n. Cada participante puede trabajar a su propio ritmo. El curso en linea es de forma intensivo. Por lo tanto es posible que unos participantes necesitaran menos tiempo de lo previsto y otros m\u00e1s. (Ver: <a href=\"https:\/\/tc4p.com\/learn\/course\/index.php?categoryid=8\">Presencial vs. En Linea<\/a>)<\/li><\/ul>\n\n\n\n<h3 class=\"wp-block-heading\">7. Inscripci\u00f3n \/ Lugares y Fechas<\/h3>\n\n\n\n<p>En el listado de los&nbsp;<a href=\"https:\/\/trainingcamp.pro\/wpsite\/agenda\/\">pr\u00f3ximos<\/a>&nbsp;cursos se encuentran las fechas y lugares oficiales. El&nbsp;<a rel=\"noreferrer noopener\" href=\"https:\/\/trainingcamp.pro\/wpsite\/inscription.html\" target=\"_blank\">Formulario de Inscripci\u00f3n<\/a>&nbsp;le permite inscribirse en linea como participante en un curso presencial. Para inscribirse en un curso en l\u00ednea dirigirse a la plataforma <a rel=\"noreferrer noopener\" href=\"https:\/\/www.tc4p.pro\" target=\"_blank\">TC4P<\/a><\/p>\n\n\n\n<p>Si este evento no aparece en ninguno de los dos paginas todav\u00eda no tiene fecha. Por favor comun\u00edquese con&nbsp;<a href=\"https:\/\/trainingcamp.pro\/wpsite\/contacto\/\">nosotros<\/a> para recibir mas informaci\u00f3n, solicitar pedido especial o asistencia.<\/p>\n","protected":false},"excerpt":{"rendered":"<p>Desarrollar e Implementar Contexto y Alcance de forma sostenible (SG-005) Resumen: En Linea Presencial Fecha: Cuando tu quieras No existe en forma presencial Lugar: Plataforma TC4P &#8212; Duraci\u00f3n: Apox. 60 &#8230;<\/p>\n","protected":false},"author":1,"featured_media":0,"parent":0,"menu_order":0,"comment_status":"closed","ping_status":"closed","template":"","meta":{"nf_dc_page":"","sns_share_botton_hide":"","vkExUnit_sns_title":"","_vk_print_noindex":"","sitemap_hide":"","vkExUnit_sitemap":"","_veu_custom_css":"","veu_display_promotion_alert":"","_exclude_from_list_pages":"","vkexunit_cta_each_option":"","vkExUnit_childPageIndex":"","vkExUnit_pageList_ancestor":"","vkExUnit_contact_enable":"","footnotes":""},"class_list":["post-1919","page","type-page","status-publish","hentry"],"veu_head_title_object":{"title":"","add_site_title":""},"jetpack_sharing_enabled":true,"_links":{"self":[{"href":"https:\/\/tc4p.com\/wpsite\/wp-json\/wp\/v2\/pages\/1919","targetHints":{"allow":["GET"]}}],"collection":[{"href":"https:\/\/tc4p.com\/wpsite\/wp-json\/wp\/v2\/pages"}],"about":[{"href":"https:\/\/tc4p.com\/wpsite\/wp-json\/wp\/v2\/types\/page"}],"author":[{"embeddable":true,"href":"https:\/\/tc4p.com\/wpsite\/wp-json\/wp\/v2\/users\/1"}],"replies":[{"embeddable":true,"href":"https:\/\/tc4p.com\/wpsite\/wp-json\/wp\/v2\/comments?post=1919"}],"version-history":[{"count":2,"href":"https:\/\/tc4p.com\/wpsite\/wp-json\/wp\/v2\/pages\/1919\/revisions"}],"predecessor-version":[{"id":2604,"href":"https:\/\/tc4p.com\/wpsite\/wp-json\/wp\/v2\/pages\/1919\/revisions\/2604"}],"wp:attachment":[{"href":"https:\/\/tc4p.com\/wpsite\/wp-json\/wp\/v2\/media?parent=1919"}],"curies":[{"name":"wp","href":"https:\/\/api.w.org\/{rel}","templated":true}]}}