{"id":1997,"date":"2020-08-24T12:59:29","date_gmt":"2020-08-24T18:59:29","guid":{"rendered":"https:\/\/trainingcamp.pro\/wpsite\/?page_id=1997"},"modified":"2021-06-28T17:22:44","modified_gmt":"2021-06-28T23:22:44","slug":"auditoria-integrada-9k-14k-45k","status":"publish","type":"page","link":"https:\/\/tc4p.com\/wpsite\/auditoria-integrada-9k-14k-45k\/","title":{"rendered":"Auditor\u00eda Integrada 9K + 14K + 45K"},"content":{"rendered":"\n<h2 class=\"wp-block-heading\"><strong>Auditor\u00eda Integrada 9K + 14K + 45K<\/strong> (SG-007)<\/h2>\n\n\n\n<figure class=\"wp-block-table\"><table><tbody><tr><td><strong>Resumen:<\/strong><\/td><td><strong>En Linea<\/strong><\/td><td><strong>Presencial<\/strong><\/td><\/tr><tr><td>Fecha:<\/td><td>Cuando tu quieras<\/td><td>No existe en forma presencial<\/td><\/tr><tr><td>Lugar: <\/td><td><a href=\"https:\/\/tc4p.com\/learn\/course\/index.php?categoryid=8\">Plataforma TC4P<\/a><\/td><td>&#8212;<\/td><\/tr><tr><td>Duraci\u00f3n:<\/td><td>Apox. 5 hrs<\/td><td>&#8212;<\/td><\/tr><\/tbody><\/table><\/figure>\n\n\n\n<h3 class=\"wp-block-heading\">1. El Curso en breve<\/h3>\n\n\n\n<div class=\"wp-block-image\"><figure class=\"alignleft size-large is-resized\"><a href=\"https:\/\/tc4p.com\/learn\/course\/index.php?categoryid=8\"><img data-recalc-dims=\"1\" loading=\"lazy\" decoding=\"async\" src=\"https:\/\/i0.wp.com\/tc4p.com\/wpsite\/wp-content\/uploads\/2020\/11\/SG007AI914-45.jpeg?resize=263%2C263&#038;ssl=1\" alt=\"SG00791445\" class=\"wp-image-2567\" width=\"263\" height=\"263\" srcset=\"https:\/\/i0.wp.com\/tc4p.com\/wpsite\/wp-content\/uploads\/2020\/11\/SG007AI914-45.jpeg?w=525&amp;ssl=1 525w, https:\/\/i0.wp.com\/tc4p.com\/wpsite\/wp-content\/uploads\/2020\/11\/SG007AI914-45.jpeg?resize=300%2C300&amp;ssl=1 300w, https:\/\/i0.wp.com\/tc4p.com\/wpsite\/wp-content\/uploads\/2020\/11\/SG007AI914-45.jpeg?resize=150%2C150&amp;ssl=1 150w\" sizes=\"auto, (max-width: 263px) 100vw, 263px\" \/><\/a><figcaption>Auditor\u00eda Integrada 9K + 14K + 45K<\/figcaption><\/figure><\/div>\n\n\n\n<div class=\"wp-block-image\"><figure class=\"alignright size-large is-resized\"><a href=\"https:\/\/tc4p.com\/learn\/course\/index.php?categoryid=8\" target=\"_blank\" rel=\"noopener noreferrer\"><img data-recalc-dims=\"1\" loading=\"lazy\" decoding=\"async\" src=\"https:\/\/i0.wp.com\/tc4p.com\/wpsite\/wp-content\/uploads\/2021\/06\/TC4Ponline.png?resize=142%2C79&#038;ssl=1\" alt=\"\" class=\"wp-image-2587\" width=\"142\" height=\"79\"\/><\/a><figcaption>Disponible en l\u00ednea: <a href=\"https:\/\/tc4p.com\/learn\/course\/index.php?categoryid=8\">TC4P<\/a><\/figcaption><\/figure><\/div>\n\n\n\n<p>En este curso desarrollamos los requisitos que establece la Norma ISO 19011:2018 Lineamientos para Auditor\u00edas de Sistemas de Gesti\u00f3n para ser aplicados en Sistemas de Gesti\u00f3n Integrados bajo normas de Calidad ISO 9001, Ambiente ISO 14001 y Seguridad y Salud en el Trabajo ISO 45001.<\/p>\n\n\n\n<p>Aprender\u00e1 a identificar la estructura e interpretar los requisitos de auditor\u00eda y obtendr\u00e1 conocimientos esenciales para realizar auditor\u00edas a sistemas integrados de una manera exitosa.<\/p>\n\n\n\n<h3 class=\"wp-block-heading\">2. Objetivos<\/h3>\n\n\n\n<ul class=\"wp-block-list\"><li>Conocer terminolog\u00eda y definiciones comunes en los procesos de auditor\u00edas.<\/li><li>Aplicar m\u00e9todos y herramientas para la planificaci\u00f3n e implementaci\u00f3n de un programa de auditor\u00edas internas en sistemas integrados de gesti\u00f3n bajo normas ISO 9001, ISO 14001 e ISO 45001.<\/li><li>Definir criterios para la determinaci\u00f3n de la competencia de los auditores internos.<\/li><\/ul>\n\n\n\n<h3 class=\"wp-block-heading\">3. Contenidos<\/h3>\n\n\n\n<ul class=\"wp-block-list\"><li>Alcance<\/li><li>Referencias normativas<\/li><li>T\u00e9rminos y definiciones en ISO 19011:2018<\/li><li>Principios de Auditor\u00eda<\/li><li>Gesti\u00f3n de Programa de Auditor\u00eda<\/li><li>Realizaci\u00f3n de la Auditor\u00eda<\/li><li>Competencia y Evaluaci\u00f3n de Auditores<\/li><\/ul>\n\n\n\n<h3 class=\"wp-block-heading\">4. Dirigido a<\/h3>\n\n\n\n<ul class=\"wp-block-list\"><li>Dirigido a L\u00edderes y responsables de los sistemas de gesti\u00f3n y a los auditores lideres e internos.<\/li><li>Representantes de la Alta Direcci\u00f3n y Gerentes de Calidad, Ambiente, Seguridad y Salud en el Trabajo.<\/li><li>Responsables de Sistemas de gesti\u00f3n<\/li><li>Due\u00f1os de Procesos<\/li><li>Profesionales que est\u00e1n preparando su empresa para la integraci\u00f3n de sistemas de gesti\u00f3n bajo dos o m\u00e1s normas.<\/li><li>Profesionales que est\u00e1n preparando su empresa para certificar su sistema de gesti\u00f3n.<\/li><\/ul>\n\n\n\n<h3 class=\"wp-block-heading\">5. Adem\u00e1s \u2026<\/h3>\n\n\n\n<ul class=\"wp-block-list\"><li>Training Certificate<\/li><\/ul>\n\n\n\n<h3 class=\"wp-block-heading\">6. Duraci\u00f3n<\/h3>\n\n\n\n<p>En l\u00ednea: Los participantes pueden iniciar en el momento de su matriculaci\u00f3n y deben terminar en el periodo indicado en la descripci\u00f3n. Cada participante puede trabajar a su propio ritmo. El curso en linea es de forma intensivo. Por lo tanto es posible que unos participantes necesitaran menos tiempo de lo previsto y otros m\u00e1s. (Ver:&nbsp;<a href=\"https:\/\/tc4p.com\/wpsite\/preguntas-frecuentes-tc4p\/\" data-type=\"page\" data-id=\"31\">Presencial vs. En Linea<\/a>)<\/p>\n\n\n\n<h3 class=\"wp-block-heading\">Inscripci\u00f3n \/ Lugares y Fechas<\/h3>\n\n\n\n<ul class=\"wp-block-list\">\n<li>Presencial: En la <a href=\"https:\/\/tc4p.com\/wpsite\/agenda-presencial\/\" data-type=\"page\" data-id=\"134\"><strong><em>agenda<\/em><\/strong><\/a> se encuentran las fechas y lugares oficiales. El\u00a0<a rel=\"noreferrer noopener\" href=\"https:\/\/tc4p.com\/wpsite\/inscription.html\" target=\"_blank\"><strong><em>Formulario de Inscripci\u00f3n<\/em><\/strong><\/a>\u00a0le permite inscribirse en linea como participante en un curso presencial. <\/li>\n<\/ul>\n\n\n\n<p>Si este evento no aparece en ninguno de los dos paginas todav\u00eda no tiene fecha. Por favor comun\u00edquese con&nbsp;<a href=\"https:\/\/tc4p.com\/wpsite\/contacto\/\" data-type=\"page\" data-id=\"130\"><em><strong>nosotros<\/strong><\/em><\/a> para recibir m\u00e1s informaci\u00f3n, solicitar pedido especial o asistencia.<\/p>\n\n\n\n<p><strong><a href=\"https:\/\/tc4p.com\/wpsite\/agenda-presencial\/\" data-type=\"page\" data-id=\"134\"><em>Regresar a la Agenda<\/em><\/a><\/strong><\/p>\n","protected":false},"excerpt":{"rendered":"<p>Auditor\u00eda Integrada 9K + 14K + 45K (SG-007) Resumen: En Linea Presencial Fecha: Cuando tu quieras No existe en forma presencial Lugar: Plataforma TC4P &#8212; Duraci\u00f3n: Apox. 5 hrs &#8212; &#8230;<\/p>\n","protected":false},"author":1,"featured_media":0,"parent":0,"menu_order":0,"comment_status":"closed","ping_status":"closed","template":"","meta":{"nf_dc_page":"","sns_share_botton_hide":"","vkExUnit_sns_title":"","_vk_print_noindex":"","sitemap_hide":"","vkExUnit_sitemap":"","_veu_custom_css":"","veu_display_promotion_alert":"","_exclude_from_list_pages":"","vkexunit_cta_each_option":"","vkExUnit_childPageIndex":"","vkExUnit_pageList_ancestor":"","vkExUnit_contact_enable":"","footnotes":""},"class_list":["post-1997","page","type-page","status-publish","hentry"],"veu_head_title_object":{"title":"","add_site_title":""},"jetpack_sharing_enabled":true,"_links":{"self":[{"href":"https:\/\/tc4p.com\/wpsite\/wp-json\/wp\/v2\/pages\/1997","targetHints":{"allow":["GET"]}}],"collection":[{"href":"https:\/\/tc4p.com\/wpsite\/wp-json\/wp\/v2\/pages"}],"about":[{"href":"https:\/\/tc4p.com\/wpsite\/wp-json\/wp\/v2\/types\/page"}],"author":[{"embeddable":true,"href":"https:\/\/tc4p.com\/wpsite\/wp-json\/wp\/v2\/users\/1"}],"replies":[{"embeddable":true,"href":"https:\/\/tc4p.com\/wpsite\/wp-json\/wp\/v2\/comments?post=1997"}],"version-history":[{"count":5,"href":"https:\/\/tc4p.com\/wpsite\/wp-json\/wp\/v2\/pages\/1997\/revisions"}],"predecessor-version":[{"id":2605,"href":"https:\/\/tc4p.com\/wpsite\/wp-json\/wp\/v2\/pages\/1997\/revisions\/2605"}],"wp:attachment":[{"href":"https:\/\/tc4p.com\/wpsite\/wp-json\/wp\/v2\/media?parent=1997"}],"curies":[{"name":"wp","href":"https:\/\/api.w.org\/{rel}","templated":true}]}}