{"id":2011,"date":"2020-09-01T17:03:41","date_gmt":"2020-09-01T23:03:41","guid":{"rendered":"https:\/\/trainingcamp.pro\/wpsite\/?page_id=2011"},"modified":"2021-06-28T17:27:00","modified_gmt":"2021-06-28T23:27:00","slug":"sistemas-integradas-9k-45k","status":"publish","type":"page","link":"https:\/\/tc4p.com\/wpsite\/sistemas-integradas-9k-45k\/","title":{"rendered":"Sistemas Integradas 9K + 45K"},"content":{"rendered":"\n<p><\/p>\n\n\n\n<h2 class=\"wp-block-heading\">Sistemas Integradas 9K + 45K (SG-006)<\/h2>\n\n\n\n<figure class=\"wp-block-table\"><table><tbody><tr><td><strong>Resumen:<\/strong><\/td><td><strong>En Linea<\/strong><\/td><td><strong>Presencial<\/strong><\/td><\/tr><tr><td>Fecha:<\/td><td>Cuando tu quieras<\/td><td>No existe en forma presencial<\/td><\/tr><tr><td>Lugar: <\/td><td><a href=\"https:\/\/tc4p.com\/learn\/course\/index.php?categoryid=8\">Plataforma TC4P<\/a><\/td><td>&#8212;<\/td><\/tr><tr><td>Duraci\u00f3n:<\/td><td>Apox. 5 hrs<\/td><td>&#8212;<\/td><\/tr><\/tbody><\/table><\/figure>\n\n\n\n<h3 class=\"wp-block-heading\">1. El Curso en breve <\/h3>\n\n\n\n<div class=\"wp-block-image\"><figure class=\"alignleft size-large is-resized\"><a href=\"https:\/\/tc4p.com\/learn\/course\/index.php?categoryid=8\"><img data-recalc-dims=\"1\" loading=\"lazy\" decoding=\"async\" src=\"https:\/\/i0.wp.com\/tc4p.com\/wpsite\/wp-content\/uploads\/2020\/11\/SG006SI945.jpeg?resize=263%2C263&#038;ssl=1\" alt=\"SG006945\" class=\"wp-image-2566\" width=\"263\" height=\"263\" srcset=\"https:\/\/i0.wp.com\/tc4p.com\/wpsite\/wp-content\/uploads\/2020\/11\/SG006SI945.jpeg?w=525&amp;ssl=1 525w, https:\/\/i0.wp.com\/tc4p.com\/wpsite\/wp-content\/uploads\/2020\/11\/SG006SI945.jpeg?resize=300%2C300&amp;ssl=1 300w, https:\/\/i0.wp.com\/tc4p.com\/wpsite\/wp-content\/uploads\/2020\/11\/SG006SI945.jpeg?resize=150%2C150&amp;ssl=1 150w\" sizes=\"auto, (max-width: 263px) 100vw, 263px\" \/><\/a><figcaption>Sistemas Integradas 9K + 45K<\/figcaption><\/figure><\/div>\n\n\n\n<div class=\"wp-block-image\"><figure class=\"alignright size-large is-resized\"><a href=\"https:\/\/tc4p.com\/learn\/course\/index.php?categoryid=8\" target=\"_blank\" rel=\"noopener noreferrer\"><img data-recalc-dims=\"1\" loading=\"lazy\" decoding=\"async\" src=\"https:\/\/i0.wp.com\/tc4p.com\/wpsite\/wp-content\/uploads\/2021\/06\/TC4Ponline.png?resize=142%2C79&#038;ssl=1\" alt=\"\" class=\"wp-image-2587\" width=\"142\" height=\"79\"\/><\/a><figcaption>Disponible en l\u00ednea: <a href=\"https:\/\/tc4p.com\/learn\/course\/index.php?categoryid=8\">TC4P<\/a><\/figcaption><\/figure><\/div>\n\n\n\n<p>En este curso identificamos las caracter\u00edsticas de los Sistemas Integrados de Gesti\u00f3n bajo Normas ISO 9001:2015 e ISO 45001:2018 as\u00ed como los m\u00e9todos a seleccionar para realizar la integraci\u00f3n de los sistemas de gesti\u00f3n. Conocer\u00e1 los beneficios&nbsp;y&nbsp;aprender\u00e1 integrar los sistemas&nbsp;de gesti\u00f3n y de esa manera lograr un uso m\u00e1s eficiente de los recursos asignados a la administraci\u00f3n de los sistemas.<\/p>\n\n\n\n<h3 class=\"wp-block-heading\">2. Objetivos<\/h3>\n\n\n\n<ul class=\"wp-block-list\"><li>Aprender la aplicaci\u00f3n de m\u00e9todos y herramientas para integrar la gesti\u00f3n de Calidad y la de Salud y Seguridad Ocupacional en un solo Sistema de Gesti\u00f3n.<\/li><li>Ahorrar recursos benefici\u00e1ndose de las ventajas de un sistema integrado y permite dedicar recursos importantes a trav\u00e9s de una mejora en procesos y auditor\u00edas.<\/li><\/ul>\n\n\n\n<h3 class=\"wp-block-heading\">3. Contenidos<\/h3>\n\n\n\n<ul class=\"wp-block-list\"><li>Normas ISO en la organizaci\u00f3n<\/li><li>Ciclo PHVA<\/li><li>Ciclo PHVA en las Normas ISO<\/li><li>Integrando Sistemas de Gesti\u00f3n<\/li><li>Definici\u00f3n de Sistema Integrado<\/li><li>Beneficios de la Integraci\u00f3n de los Sistemas de Gesti\u00f3n<\/li><li>Dificultades en la Integraci\u00f3n<\/li><li>Proceso de Integraci\u00f3n<\/li><li>Tipos de Sistemas Integrados<\/li><li>An\u00e1lisis del contexto<\/li><li>Criterios para el Tipo de Integraci\u00f3n<\/li><li>Plan de Integraci\u00f3n<\/li><li>Revisi\u00f3n y Mejora del Sistema Integrado de Gesti\u00f3n<\/li><li>Elementos clave entre las Normas \/ Estructura de Alto Nivel<\/li><li>Comparativo de requisitos entre las normas<\/li><\/ul>\n\n\n\n<h3 class=\"wp-block-heading\">4. Dirigido a<\/h3>\n\n\n\n<ul class=\"wp-block-list\"><li>Dirigido a L\u00edderes y responsables de los sistemas de gesti\u00f3n y a los auditores lideres e internos.<\/li><li>Representantes de la Alta Direcci\u00f3n y Gerentes de Calidad, Seguridad y Salud en el Trabajo.<\/li><li>Responsables de Sistemas de gesti\u00f3n<\/li><li>Due\u00f1os de Procesos<\/li><li>Profesionales que est\u00e1n preparando su empresa para la integraci\u00f3n de sistemas de gesti\u00f3n bajo dos o m\u00e1s normas.<\/li><li>Profesionales que est\u00e1n preparando su empresa para certificar su sistema de gesti\u00f3n.<\/li><\/ul>\n\n\n\n<h3 class=\"wp-block-heading\">5. Adem\u00e1s \u2026<\/h3>\n\n\n\n<ul class=\"wp-block-list\"><li>Training Certificate<\/li><\/ul>\n\n\n\n<h3 class=\"wp-block-heading\">6. Duraci\u00f3n<\/h3>\n\n\n\n<p>En l\u00ednea: Los participantes pueden iniciar en el momento de su matriculaci\u00f3n y deben terminar en el periodo indicado en la descripci\u00f3n. Cada participante puede trabajar a su propio ritmo. El curso en linea es de forma intensivo. Por lo tanto es posible que unos participantes necesitaran menos tiempo de lo previsto y otros m\u00e1s. (Ver:&nbsp;<a href=\"https:\/\/tc4p.com\/wpsite\/preguntas-frecuentes-tc4p\/\" data-type=\"page\" data-id=\"31\">Presencial vs. En Linea<\/a>)<\/p>\n\n\n\n<h3 class=\"wp-block-heading\">Inscripci\u00f3n \/ Lugares y Fechas<\/h3>\n\n\n\n<ul class=\"wp-block-list\">\n<li>Presencial: En la <a href=\"https:\/\/tc4p.com\/wpsite\/agenda-presencial\/\" data-type=\"page\" data-id=\"134\"><strong><em>agenda<\/em><\/strong><\/a> se encuentran las fechas y lugares oficiales. El\u00a0<a rel=\"noreferrer noopener\" href=\"https:\/\/tc4p.com\/wpsite\/inscription.html\" target=\"_blank\"><strong><em>Formulario de Inscripci\u00f3n<\/em><\/strong><\/a>\u00a0le permite inscribirse en linea como participante en un curso presencial. <\/li>\n<\/ul>\n\n\n\n<p>Si este evento no aparece en ninguno de los dos paginas todav\u00eda no tiene fecha. Por favor comun\u00edquese con&nbsp;<a href=\"https:\/\/tc4p.com\/wpsite\/contacto\/\" data-type=\"page\" data-id=\"130\"><em><strong>nosotros<\/strong><\/em><\/a> para recibir m\u00e1s informaci\u00f3n, solicitar pedido especial o asistencia.<\/p>\n\n\n\n<p><strong><a href=\"https:\/\/tc4p.com\/wpsite\/agenda-presencial\/\" data-type=\"page\" data-id=\"134\"><em>Regresar a la Agenda<\/em><\/a><\/strong><\/p>\n","protected":false},"excerpt":{"rendered":"<p>Sistemas Integradas 9K + 45K (SG-006) Resumen: En Linea Presencial Fecha: Cuando tu quieras No existe en forma presencial Lugar: Plataforma TC4P &#8212; Duraci\u00f3n: Apox. 5 hrs &#8212; 1. El &#8230;<\/p>\n","protected":false},"author":1,"featured_media":0,"parent":0,"menu_order":0,"comment_status":"closed","ping_status":"closed","template":"","meta":{"nf_dc_page":"","sns_share_botton_hide":"","vkExUnit_sns_title":"","_vk_print_noindex":"","sitemap_hide":"","vkExUnit_sitemap":"","_veu_custom_css":"","veu_display_promotion_alert":"","_exclude_from_list_pages":"","vkexunit_cta_each_option":"","vkExUnit_childPageIndex":"","vkExUnit_pageList_ancestor":"","vkExUnit_contact_enable":"","footnotes":""},"class_list":["post-2011","page","type-page","status-publish","hentry"],"veu_head_title_object":{"title":"","add_site_title":""},"jetpack_sharing_enabled":true,"_links":{"self":[{"href":"https:\/\/tc4p.com\/wpsite\/wp-json\/wp\/v2\/pages\/2011","targetHints":{"allow":["GET"]}}],"collection":[{"href":"https:\/\/tc4p.com\/wpsite\/wp-json\/wp\/v2\/pages"}],"about":[{"href":"https:\/\/tc4p.com\/wpsite\/wp-json\/wp\/v2\/types\/page"}],"author":[{"embeddable":true,"href":"https:\/\/tc4p.com\/wpsite\/wp-json\/wp\/v2\/users\/1"}],"replies":[{"embeddable":true,"href":"https:\/\/tc4p.com\/wpsite\/wp-json\/wp\/v2\/comments?post=2011"}],"version-history":[{"count":3,"href":"https:\/\/tc4p.com\/wpsite\/wp-json\/wp\/v2\/pages\/2011\/revisions"}],"predecessor-version":[{"id":2608,"href":"https:\/\/tc4p.com\/wpsite\/wp-json\/wp\/v2\/pages\/2011\/revisions\/2608"}],"wp:attachment":[{"href":"https:\/\/tc4p.com\/wpsite\/wp-json\/wp\/v2\/media?parent=2011"}],"curies":[{"name":"wp","href":"https:\/\/api.w.org\/{rel}","templated":true}]}}