{"id":2075,"date":"2020-09-24T12:50:27","date_gmt":"2020-09-24T18:50:27","guid":{"rendered":"https:\/\/trainingcamp.pro\/wpsite\/?page_id=2075"},"modified":"2021-06-28T17:09:57","modified_gmt":"2021-06-28T23:09:57","slug":"conceptos-basicos-de-microbiologia","status":"publish","type":"page","link":"https:\/\/tc4p.com\/wpsite\/conceptos-basicos-de-microbiologia\/","title":{"rendered":"Conceptos B\u00e1sicos de Microbiolog\u00eda"},"content":{"rendered":"\n<h2 class=\"wp-block-heading\"><strong>Conceptos B\u00e1sicos de Microbiolog\u00eda<\/strong><\/h2>\n\n\n\n<figure class=\"wp-block-table\"><table><tbody><tr><td><strong>Resumen:<\/strong><\/td><td><strong>En Linea<\/strong><\/td><td><strong>Presencial<\/strong><\/td><\/tr><tr><td>Fecha:<\/td><td>Cuando tu quieras<\/td><td>No existe en forma presencial<\/td><\/tr><tr><td>Lugar: <\/td><td><a href=\"https:\/\/tc4p.com\/learn\/course\/index.php?categoryid=3\">Plataforma TC4P<\/a><\/td><td>&#8212;<\/td><\/tr><tr><td>Duraci\u00f3n:<\/td><td>Apox. 180 min<\/td><td>&#8212;<\/td><\/tr><\/tbody><\/table><\/figure>\n\n\n\n<h3 class=\"wp-block-heading\">1. El Curso en breve (FS-002) <\/h3>\n\n\n\n<div class=\"wp-block-image\"><figure class=\"alignleft size-large is-resized\"><a href=\"https:\/\/tc4p.com\/learn\/course\/index.php?categoryid=3\"><img data-recalc-dims=\"1\" loading=\"lazy\" decoding=\"async\" src=\"https:\/\/i0.wp.com\/tc4p.com\/wpsite\/wp-content\/uploads\/2020\/11\/FS002MiBi.jpeg?resize=261%2C263&#038;ssl=1\" alt=\"F002Micro\" class=\"wp-image-2573\" width=\"261\" height=\"263\" srcset=\"https:\/\/i0.wp.com\/tc4p.com\/wpsite\/wp-content\/uploads\/2020\/11\/FS002MiBi.jpeg?w=522&amp;ssl=1 522w, https:\/\/i0.wp.com\/tc4p.com\/wpsite\/wp-content\/uploads\/2020\/11\/FS002MiBi.jpeg?resize=298%2C300&amp;ssl=1 298w, https:\/\/i0.wp.com\/tc4p.com\/wpsite\/wp-content\/uploads\/2020\/11\/FS002MiBi.jpeg?resize=150%2C150&amp;ssl=1 150w\" sizes=\"auto, (max-width: 261px) 100vw, 261px\" \/><\/a><figcaption>Conceptos B\u00e1sicos de Microbiolog\u00eda<\/figcaption><\/figure><\/div>\n\n\n\n<div class=\"wp-block-image\"><figure class=\"alignright size-large is-resized\"><a href=\"https:\/\/tc4p.com\/learn\/course\/index.php?categoryid=3\" target=\"_blank\" rel=\"noopener noreferrer\"><img data-recalc-dims=\"1\" loading=\"lazy\" decoding=\"async\" src=\"https:\/\/i0.wp.com\/tc4p.com\/wpsite\/wp-content\/uploads\/2021\/06\/TC4Ponline.png?resize=142%2C79&#038;ssl=1\" alt=\"\" class=\"wp-image-2587\" width=\"142\" height=\"79\"\/><\/a><figcaption>Disponible en l\u00ednea: <a href=\"https:\/\/tc4p.com\/learn\/course\/index.php?categoryid=3\">TC4P<\/a><\/figcaption><\/figure><\/div>\n\n\n\n<p>Los microorganismos son organismos vivos que individualmente son demasiado peque\u00f1os para que sean perceptibles por el ojo humano.<\/p>\n\n\n\n<p>Est\u00e1n presentes en pr\u00e1cticamente cualquier lugar: el aire, el suelo, la piel.<\/p>\n\n\n\n<p>Pueden ser: Beneficiosos, organismos causantes de deterioro, Pat\u00f3genos<\/p>\n\n\n\n<h3 class=\"wp-block-heading\">2. Objetivos<\/h3>\n\n\n\n<ul class=\"wp-block-list\"><li>Un conocimiento b\u00e1sico de la estructura y funci\u00f3n de las bacterias, hongos, virus y par\u00e1sitos. <\/li><li>Conocimiento de los factores de crecimiento de los distintos microorganismos.<\/li><\/ul>\n\n\n\n<h3 class=\"wp-block-heading\">3. Contenidos<\/h3>\n\n\n\n<ul class=\"wp-block-list\"><li>&nbsp;Que es un microorganismos : conocimiento en temino de inocuidad alimentaria (BPM , HACCP)<\/li><li>&nbsp;Bacterias (estructura, funci\u00f3n, factor de&nbsp; crecimiento)<\/li><li>&nbsp;Hongos (estructura, funci\u00f3n, factor de&nbsp; crecimiento)<\/li><li>&nbsp;Virus (estructura, funci\u00f3n, factor de&nbsp; crecimiento)<\/li><li>&nbsp;Priones (estructura, funci\u00f3n, factor de&nbsp; crecimiento)<\/li><li>&nbsp;Algas (estructura, funci\u00f3n, factor de&nbsp; crecimiento)<\/li><li>&nbsp;Protozoos (estructura, funci\u00f3n, factor de&nbsp; crecimiento)<\/li><li>Ex\u00e1men<\/li><\/ul>\n\n\n\n<h3 class=\"wp-block-heading\">4. Dirigido a<\/h3>\n\n\n\n<ul class=\"wp-block-list\"><li>Dirigido <a>a todo <\/a>profesional del mundo de los alimentos que quiere tener un entendimiento de c\u00f3mo funciona el mundo microsc\u00f3pico, mundo que puede afectar para el bien (Vino, yogurt) o para el mal (putrefacci\u00f3n, intoxicaci\u00f3n) a nuestros alimentos.<\/li><li>Iintegrantes del equipo Haccp.<\/li><li>A cualquier interesado sobre el mundo de la microbiolog\u00eda.<\/li><\/ul>\n\n\n\n<h3 class=\"wp-block-heading\">5. Adem\u00e1s \u2026<\/h3>\n\n\n\n<ul class=\"wp-block-list\"><li>Constancia de Capacitaci\u00f3n<\/li><\/ul>\n\n\n\n<h3 class=\"wp-block-heading\">6. Duraci\u00f3n<\/h3>\n\n\n\n<p><strong>En l\u00ednea:<\/strong> Aprox. 16 hrs<\/p>\n\n\n\n<p>Los participantes pueden iniciar en el momento de su matriculaci\u00f3n y deben terminar en el periodo indicado en la descripci\u00f3n. Cada participante puede trabajar a su propio ritmo. El curso en linea es de forma intensivo. Por lo tanto es posible que unos participantes necesitaran menos tiempo de lo previsto y otros m\u00e1s. (Ver: <a href=\"https:\/\/tc4p.com\/wpsite\/preguntas-frecuentes-tc4p\/\" data-type=\"page\" data-id=\"31\">Presencial vs. En Linea<\/a>)<\/p>\n\n\n\n<h3 class=\"wp-block-heading\">Inscripci\u00f3n \/ Lugares y Fechas<\/h3>\n\n\n\n<ul class=\"wp-block-list\">\n<li>Presencial: En la <a href=\"https:\/\/tc4p.com\/wpsite\/agenda-presencial\/\" data-type=\"page\" data-id=\"134\"><strong><em>agenda<\/em><\/strong><\/a> se encuentran las fechas y lugares oficiales. El\u00a0<a rel=\"noreferrer noopener\" href=\"https:\/\/tc4p.com\/wpsite\/inscription.html\" target=\"_blank\"><strong><em>Formulario de Inscripci\u00f3n<\/em><\/strong><\/a>\u00a0le permite inscribirse en linea como participante en un curso presencial. <\/li>\n<\/ul>\n\n\n\n<p>Si este evento no aparece en ninguno de los dos paginas todav\u00eda no tiene fecha. Por favor comun\u00edquese con&nbsp;<a href=\"https:\/\/tc4p.com\/wpsite\/contacto\/\" data-type=\"page\" data-id=\"130\"><em><strong>nosotros<\/strong><\/em><\/a> para recibir m\u00e1s informaci\u00f3n, solicitar pedido especial o asistencia.<\/p>\n\n\n\n<p><strong><a href=\"https:\/\/tc4p.com\/wpsite\/agenda-presencial\/\" data-type=\"page\" data-id=\"134\"><em>Regresar a la Agenda<\/em><\/a><\/strong><\/p>\n","protected":false},"excerpt":{"rendered":"<p>Conceptos B\u00e1sicos de Microbiolog\u00eda Resumen: En Linea Presencial Fecha: Cuando tu quieras No existe en forma presencial Lugar: Plataforma TC4P &#8212; Duraci\u00f3n: Apox. 180 min &#8212; 1. El Curso en &#8230;<\/p>\n","protected":false},"author":1,"featured_media":0,"parent":0,"menu_order":0,"comment_status":"closed","ping_status":"closed","template":"","meta":{"nf_dc_page":"","sns_share_botton_hide":"","vkExUnit_sns_title":"","_vk_print_noindex":"","sitemap_hide":"","vkExUnit_sitemap":"","_veu_custom_css":"","veu_display_promotion_alert":"","_exclude_from_list_pages":"","vkexunit_cta_each_option":"","vkExUnit_childPageIndex":"","vkExUnit_pageList_ancestor":"","vkExUnit_contact_enable":"","footnotes":""},"class_list":["post-2075","page","type-page","status-publish","hentry"],"veu_head_title_object":{"title":"","add_site_title":""},"jetpack_sharing_enabled":true,"_links":{"self":[{"href":"https:\/\/tc4p.com\/wpsite\/wp-json\/wp\/v2\/pages\/2075","targetHints":{"allow":["GET"]}}],"collection":[{"href":"https:\/\/tc4p.com\/wpsite\/wp-json\/wp\/v2\/pages"}],"about":[{"href":"https:\/\/tc4p.com\/wpsite\/wp-json\/wp\/v2\/types\/page"}],"author":[{"embeddable":true,"href":"https:\/\/tc4p.com\/wpsite\/wp-json\/wp\/v2\/users\/1"}],"replies":[{"embeddable":true,"href":"https:\/\/tc4p.com\/wpsite\/wp-json\/wp\/v2\/comments?post=2075"}],"version-history":[{"count":4,"href":"https:\/\/tc4p.com\/wpsite\/wp-json\/wp\/v2\/pages\/2075\/revisions"}],"predecessor-version":[{"id":2597,"href":"https:\/\/tc4p.com\/wpsite\/wp-json\/wp\/v2\/pages\/2075\/revisions\/2597"}],"wp:attachment":[{"href":"https:\/\/tc4p.com\/wpsite\/wp-json\/wp\/v2\/media?parent=2075"}],"curies":[{"name":"wp","href":"https:\/\/api.w.org\/{rel}","templated":true}]}}