{"id":21,"date":"2019-02-07T19:51:34","date_gmt":"2019-02-07T19:51:34","guid":{"rendered":"https:\/\/trainingcamp.pro\/wpsite\/?page_id=21"},"modified":"2020-11-06T15:47:38","modified_gmt":"2020-11-06T21:47:38","slug":"lo-nuevo","status":"publish","type":"page","link":"https:\/\/tc4p.com\/wpsite\/lo-nuevo\/","title":{"rendered":"Lo Nuevo"},"content":{"rendered":"\n<h2 class=\"wp-block-heading\"><strong>NUEVAS CAPACITACIONES<\/strong><\/h2>\n\n\n\n<h3 class=\"wp-block-heading\"><strong>DESDE \/ A PARTIR DE &#8211;&nbsp;TITULO<\/strong><\/h3>\n\n\n\n<p>09\/2020 &#8211; Supply Chain Management Security (S002)\u00a0<a href=\"https:\/\/tc4p.com\/wpsite\/s002-supply-chain-management-security-scms\/\" data-type=\"page\" data-id=\"276\">ver\u00a0detalles..<\/a><\/p>\n\n\n\n<!--nextpage-->\n\n\n\n<p>12\/2019 &#8211; FSSC 22000 Versi\u00f3n 5:  Actualizaci\u00f3n Oficial \/ <a href=\"https:\/\/tc4p.com\/wpsite\/fssc-v5-actualizacion-oficial\/\" data-type=\"page\" data-id=\"1261\">ver<\/a> detalles<\/p>\n\n\n\n<p>11\/2019 &#8211; Bases de la Microbiolog\u00eda de alimentos \/\/ <a href=\"https:\/\/tc4p.com\/wpsite\/conceptos-basicos-de-microbiologia\/\" data-type=\"page\" data-id=\"2075\">ver<\/a> detalles<\/p>\n\n\n\n<p>10\/2019 &#8211; Yearly Lead Auditor Update \/\/ <a href=\"https:\/\/tc4p.com\/wpsite\/yearly-lead-auditor-update\/\" data-type=\"page\" data-id=\"1005\">ver<\/a> detalles<\/p>\n\n\n\n<p>09\/2019 &#8211; RD Empowerment &#8211; Convention 2019 \/\/ <a href=\"https:\/\/tc4p.com\/wpsite\/rd-convention\/\" data-type=\"page\" data-id=\"991\">ver<\/a> detalles<\/p>\n\n\n\n<p>09\/2019 &#8211; SEDEX \/ SMETA:\u00a0implantar &#8211; auditar &#8211; administrar \/\/ <a href=\"https:\/\/tc4p.com\/wpsite\/sedex-smeta\/\" data-type=\"page\" data-id=\"2142\">ver<\/a> detalles<\/p>\n\n\n\n<p>04\/2019 &#8211; Energ\u00eda El\u00e9ctrica: An\u00e1lisis de Factura y Reclamos Eficientes \/\/ <a href=\"https:\/\/tc4p.com\/wpsite\/e006-energia-electrica-analisis-de-factura-y-reclamos-eficientes-2\/\" data-type=\"page\" data-id=\"617\">ver<\/a> detalles<\/p>\n\n\n\n<p>03\/2019 &#8211; Calidad Post Venta: llegar al coraz\u00f3n del cliente \/\/ <a href=\"https:\/\/tc4p.com\/wpsite\/q006-calidad-post-venta\/\" data-type=\"page\" data-id=\"393\">ver<\/a> detalles<\/p>\n\n\n\n<p>02\/2019 &#8211; Ley General de Electricidad &#8211; Derechos de los Usuarios \/\/ <a href=\"https:\/\/tc4p.com\/wpsite\/e004-ley-general-de-electricidad-derechos-de-los-usuarios\/\" data-type=\"page\" data-id=\"301\">ver<\/a> detalles<\/p>\n\n\n\n<p>01\/2019 &#8211; FSSC: INTEGRADO &#8211; CERTIFICADO\u00a0(M1\/M2\/M3) \/\/\u00a0<a href=\"https:\/\/tc4p.com\/wpsite\/fssc-22000-integrado-certificado\/\" data-type=\"page\" data-id=\"902\">ver<\/a>\u00a0detalles<\/p>\n\n\n\n<p><em>ver anteriores en siguiente p\u00e1gina<\/em><\/p>\n\n\n\n<!--nextpage-->\n\n\n\n<hr class=\"wp-block-separator\"\/>\n\n\n\n<p>10\/2018 &#8211; AUDITOR EN EFICIENCIA ENERG\u00c9TICA &#8211;\u00a0ISO 50001:2018 (E003)\u00a0<a href=\"https:\/\/tc4p.com\/wpsite\/e003-auditor-en-eficiencia-energetica\/\" data-type=\"page\" data-id=\"297\">ver<\/a>\u00a0detalles<\/p>\n\n\n\n<p>10\/2018 &#8211;\u00a0Auditor &amp; Expert Preparation: Nueva ISO 22000:2018\u00a0(F017)\u00a0<a href=\"https:\/\/tc4p.com\/wpsite\/f017-intl-auditor-expert-preparation-iso-220002018\/\" data-type=\"page\" data-id=\"363\">ver<\/a>\u00a0detalles<\/p>\n\n\n\n<p>09\/2018 &#8211; INTRODUCCI\u00d3N EN LA NUEVA ISO 45001:2018\u00a0 (S003)\u00a0<a href=\"https:\/\/tc4p.com\/wpsite\/s003-introduccion-en-la-nueva-iso-450012018\/\" data-type=\"page\" data-id=\"272\">ver<\/a>\u00a0detalles<\/p>\n\n\n\n<p>08\/2018 &#8211; SEDEX \/ SMETA &#8211; COMO CUMPLIR\u00a0(T002)\u00a0<a href=\"https:\/\/tc4p.com\/wpsite\/sedex-smeta\/\" data-type=\"page\" data-id=\"2142\">ver<\/a>\u00a0detalles<\/p>\n\n\n\n<p>06\/2018 &#8211; LEAN MANAGEMENT &#8211; DESCUBRIENDO LO INVISIBLE (T001)\u00a0<a href=\"https:\/\/tc4p.com\/wpsite\/t001-lean-management-descubriendo-lo-invisible\/\" data-type=\"page\" data-id=\"2151\">ver<\/a>\u00a0detalles<\/p>\n\n\n\n<p>04\/2018 &#8211; FOOD FRAUDE, FOOD DEFENSE &amp; FSSC (F016)\u00a0<a href=\"https:\/\/tc4p.com\/wpsite\/f016-food-fraude-food-defense-fssc\/\" data-type=\"page\" data-id=\"337\">ver<\/a>\u00a0detalles<\/p>\n","protected":false},"excerpt":{"rendered":"<p>NUEVAS CAPACITACIONES DESDE \/ A PARTIR DE &#8211;&nbsp;TITULO 09\/2020 &#8211; Supply Chain Management Security (S002)\u00a0ver\u00a0detalles..<\/p>\n","protected":false},"author":1,"featured_media":0,"parent":0,"menu_order":0,"comment_status":"closed","ping_status":"closed","template":"","meta":{"nf_dc_page":"","sns_share_botton_hide":"","vkExUnit_sns_title":"","_vk_print_noindex":"","sitemap_hide":"","vkExUnit_sitemap":"","_veu_custom_css":"","veu_display_promotion_alert":"","_exclude_from_list_pages":"","vkexunit_cta_each_option":"","vkExUnit_childPageIndex":"","vkExUnit_pageList_ancestor":"","vkExUnit_contact_enable":"","footnotes":""},"class_list":["post-21","page","type-page","status-publish","hentry"],"veu_head_title_object":{"title":"","add_site_title":""},"jetpack_sharing_enabled":true,"_links":{"self":[{"href":"https:\/\/tc4p.com\/wpsite\/wp-json\/wp\/v2\/pages\/21","targetHints":{"allow":["GET"]}}],"collection":[{"href":"https:\/\/tc4p.com\/wpsite\/wp-json\/wp\/v2\/pages"}],"about":[{"href":"https:\/\/tc4p.com\/wpsite\/wp-json\/wp\/v2\/types\/page"}],"author":[{"embeddable":true,"href":"https:\/\/tc4p.com\/wpsite\/wp-json\/wp\/v2\/users\/1"}],"replies":[{"embeddable":true,"href":"https:\/\/tc4p.com\/wpsite\/wp-json\/wp\/v2\/comments?post=21"}],"version-history":[{"count":1,"href":"https:\/\/tc4p.com\/wpsite\/wp-json\/wp\/v2\/pages\/21\/revisions"}],"predecessor-version":[{"id":2361,"href":"https:\/\/tc4p.com\/wpsite\/wp-json\/wp\/v2\/pages\/21\/revisions\/2361"}],"wp:attachment":[{"href":"https:\/\/tc4p.com\/wpsite\/wp-json\/wp\/v2\/media?parent=21"}],"curies":[{"name":"wp","href":"https:\/\/api.w.org\/{rel}","templated":true}]}}