{"id":2104,"date":"2020-09-25T12:09:32","date_gmt":"2020-09-25T18:09:32","guid":{"rendered":"https:\/\/trainingcamp.pro\/wpsite\/?page_id=2104"},"modified":"2021-06-28T17:12:11","modified_gmt":"2021-06-28T23:12:11","slug":"peligro-inminente-vencer-al-biofilm","status":"publish","type":"page","link":"https:\/\/tc4p.com\/wpsite\/peligro-inminente-vencer-al-biofilm\/","title":{"rendered":"Peligro Inminente: Vencer al Biofilm"},"content":{"rendered":"\n<h2 class=\"wp-block-heading\">Peligro Inminente: Vencer al Biofilm (FS-004)<\/h2>\n\n\n\n<figure class=\"wp-block-table\"><table><tbody><tr><td><strong>Resumen:<\/strong><\/td><td><strong>En Linea<\/strong><\/td><td><strong>Presencial<\/strong><\/td><\/tr><tr><td>Fecha:<\/td><td>Cuando tu quieras<\/td><td>No existe en forma presencial<\/td><\/tr><tr><td>Lugar: <\/td><td><a href=\"https:\/\/tc4p.com\/learn\/course\/index.php?categoryid=3\">Plataforma TC4P<\/a><\/td><td>&#8212;<\/td><\/tr><tr><td>Duraci\u00f3n:<\/td><td>Apox. 120 min<\/td><td>&#8212;<\/td><\/tr><\/tbody><\/table><\/figure>\n\n\n\n<h3 class=\"wp-block-heading\">1. El Curso en breve <\/h3>\n\n\n\n<div class=\"wp-block-group alignwide is-layout-flow wp-block-group-is-layout-flow\"><div class=\"wp-block-group__inner-container\"><\/div><\/div>\n\n\n\n<div class=\"wp-block-image\"><figure class=\"alignright size-large is-resized\"><a href=\"https:\/\/tc4p.com\/learn\/course\/index.php?categoryid=3\" target=\"_blank\" rel=\"noopener noreferrer\"><img data-recalc-dims=\"1\" loading=\"lazy\" decoding=\"async\" src=\"https:\/\/i0.wp.com\/tc4p.com\/wpsite\/wp-content\/uploads\/2021\/06\/TC4Ponline.png?resize=142%2C79&#038;ssl=1\" alt=\"\" class=\"wp-image-2587\" width=\"142\" height=\"79\"\/><\/a><figcaption>Disponible en <a href=\"https:\/\/tc4p.com\/learn\/course\/index.php?categoryid=3\">TC4P<\/a><\/figcaption><\/figure><\/div>\n\n\n\n<div class=\"wp-block-image\"><figure class=\"alignleft size-large is-resized\"><a href=\"https:\/\/tc4p.com\/learn\/course\/index.php?categoryid=3\"><img data-recalc-dims=\"1\" loading=\"lazy\" decoding=\"async\" src=\"https:\/\/i0.wp.com\/tc4p.com\/wpsite\/wp-content\/uploads\/2020\/11\/FS004BiFilm.jpeg?resize=262%2C262&#038;ssl=1\" alt=\"F004Biofi\" class=\"wp-image-2575\" width=\"262\" height=\"262\" srcset=\"https:\/\/i0.wp.com\/tc4p.com\/wpsite\/wp-content\/uploads\/2020\/11\/FS004BiFilm.jpeg?w=523&amp;ssl=1 523w, https:\/\/i0.wp.com\/tc4p.com\/wpsite\/wp-content\/uploads\/2020\/11\/FS004BiFilm.jpeg?resize=300%2C300&amp;ssl=1 300w, https:\/\/i0.wp.com\/tc4p.com\/wpsite\/wp-content\/uploads\/2020\/11\/FS004BiFilm.jpeg?resize=150%2C150&amp;ssl=1 150w\" sizes=\"auto, (max-width: 262px) 100vw, 262px\" \/><\/a><figcaption>Peligro Inminente: Vencer al Biofilm<\/figcaption><\/figure><\/div>\n\n\n\n<p>Impacto innegable de los biofilms en la salud p\u00fablica y animal. 80% de la biomasa microbiana terrestre reside en el interior de biofilms.<\/p>\n\n\n\n<p>El biofilm bacteriano existe en una amplia gama de ambientes. Algunos microorganismos \u00fatiles y bacterias pat\u00f3genas tienen la capacidad de adherirse y crecer formando biofilm. Dificultan y perjudican las operaciones y los procesos. Los biofilms no son siempre visible al ojo<\/p>\n\n\n\n<p>Peligro Inminente: Las biopel\u00edculas son capas mucosas formadas por microorganismos que a su vez est\u00e1n incrustados en las superficies. Bacterias que forman biopel\u00edculas son un problema serio en la inocuidad, farmac\u00e9utica y medicina. Aqu\u00ed conocer\u00e1s su impacto y te ense\u00f1amos como combatir su presencia.<\/p>\n\n\n\n<h3 class=\"wp-block-heading\">2. Objetivos<\/h3>\n\n\n\n<ul class=\"wp-block-list\"><li>Conocer el impacto que puede tener un biofilm (o biopel\u00edcula) en sus procesos que sea en el mundo medical (Hospitalaria, laboratorio, veterinarios, industria farmac\u00e9utica) o alimentaria.<\/li><li>Ser capaz de desarrollar una estrategia para combatir la presencia de estos biofilms en su ambiente de trabajo y sus procesos les permitir\u00e1 seguir mejorando su plan de bioseguridad adentro de la empresa<\/li><\/ul>\n\n\n\n<h3 class=\"wp-block-heading\">3. Contenidos<\/h3>\n\n\n\n<ul class=\"wp-block-list\"><li>Impacto de los biofilms<\/li><li>Biofilm: beneficio para las bacterias<\/li><li>Estructura de un biofilm<\/li><li>Etapas en el desarrollo de un biofilm<\/li><li>Factores que afectan en su desarrollo<\/li><li>Tratamiento para su eliminaci\u00f3n<\/li><li>Sanitizaci\u00f3n del biofilm<\/li><li>Tratamientos f\u00edsicos-qu\u00edmicos de biofilm<\/li><li>Detecci\u00f3n y cuantificaci\u00f3n<\/li><li>Estrategia combinada<\/li><\/ul>\n\n\n\n<h3 class=\"wp-block-heading\">4. Dirigido a<\/h3>\n\n\n\n<ul class=\"wp-block-list\"><li>Dirigido a L\u00edderes: A todas las personas que tienen una jefatura, es decir que tienen subordinados y la responsabilidad de orientar y liderar un equipo de trabajo<\/li><\/ul>\n\n\n\n<h3 class=\"wp-block-heading\">5. Adem\u00e1s \u2026<\/h3>\n\n\n\n<ul class=\"wp-block-list\"><li>Training Certificate<\/li><\/ul>\n\n\n\n<h3 class=\"wp-block-heading\">6. Duraci\u00f3n<\/h3>\n\n\n\n<p><strong>En l\u00ednea:<\/strong>  Aprox 120 min<\/p>\n\n\n\n<p>Los participantes pueden iniciar en el momento de su matriculaci\u00f3n y deben terminar en el periodo indicado en la descripci\u00f3n. Cada participante puede trabajar a su propio ritmo. El curso en linea es de forma intensivo. Por lo tanto es posible que unos participantes necesitaran menos tiempo de lo previsto y otros m\u00e1s. (Ver:&nbsp;<a href=\"https:\/\/tc4p.com\/wpsite\/preguntas-frecuentes-tc4p\/\" data-type=\"page\" data-id=\"31\">Presencial vs. En Linea<\/a>)<\/p>\n\n\n\n<h3 class=\"wp-block-heading\">7. Inscripci\u00f3n \/ Lugares y Fechas<\/h3>\n\n\n\n<p class=\"\">Para inscribirse en un curso en l\u00ednea dirigirse al <a href=\"https:\/\/tc4pweb.wixsite.com\/tc4p\/formulario-de-inscripcion\">sistema de inscripci\u00f3n  <\/a><\/p>\n\n\n\n<p class=\"\"><\/p>\n","protected":false},"excerpt":{"rendered":"<p>Peligro Inminente: Vencer al Biofilm (FS-004) Resumen: En Linea Presencial Fecha: Cuando tu quieras No existe en forma presencial Lugar: Plataforma TC4P &#8212; Duraci\u00f3n: Apox. 120 min &#8212; 1. El &#8230;<\/p>\n","protected":false},"author":1,"featured_media":0,"parent":0,"menu_order":0,"comment_status":"closed","ping_status":"closed","template":"","meta":{"nf_dc_page":"","sns_share_botton_hide":"","vkExUnit_sns_title":"","_vk_print_noindex":"","sitemap_hide":"","vkExUnit_sitemap":"","_veu_custom_css":"","veu_display_promotion_alert":"","_exclude_from_list_pages":"","vkexunit_cta_each_option":"","vkExUnit_childPageIndex":"","vkExUnit_pageList_ancestor":"","vkExUnit_contact_enable":"","footnotes":""},"class_list":["post-2104","page","type-page","status-publish","hentry"],"veu_head_title_object":{"title":"","add_site_title":""},"jetpack_sharing_enabled":true,"_links":{"self":[{"href":"https:\/\/tc4p.com\/wpsite\/wp-json\/wp\/v2\/pages\/2104","targetHints":{"allow":["GET"]}}],"collection":[{"href":"https:\/\/tc4p.com\/wpsite\/wp-json\/wp\/v2\/pages"}],"about":[{"href":"https:\/\/tc4p.com\/wpsite\/wp-json\/wp\/v2\/types\/page"}],"author":[{"embeddable":true,"href":"https:\/\/tc4p.com\/wpsite\/wp-json\/wp\/v2\/users\/1"}],"replies":[{"embeddable":true,"href":"https:\/\/tc4p.com\/wpsite\/wp-json\/wp\/v2\/comments?post=2104"}],"version-history":[{"count":3,"href":"https:\/\/tc4p.com\/wpsite\/wp-json\/wp\/v2\/pages\/2104\/revisions"}],"predecessor-version":[{"id":2599,"href":"https:\/\/tc4p.com\/wpsite\/wp-json\/wp\/v2\/pages\/2104\/revisions\/2599"}],"wp:attachment":[{"href":"https:\/\/tc4p.com\/wpsite\/wp-json\/wp\/v2\/media?parent=2104"}],"curies":[{"name":"wp","href":"https:\/\/api.w.org\/{rel}","templated":true}]}}