{"id":2142,"date":"2019-02-07T21:39:57","date_gmt":"2019-02-07T21:39:57","guid":{"rendered":"https:\/\/trainingcamp.pro\/wpsite\/?page_id=64"},"modified":"2020-11-06T17:18:41","modified_gmt":"2020-11-06T23:18:41","slug":"sedex-smeta","status":"publish","type":"page","link":"https:\/\/tc4p.com\/wpsite\/sedex-smeta\/","title":{"rendered":"T002 SEDEX \/ SMETA: implantar &#8211; auditar &#8211; administrar"},"content":{"rendered":"\n<h2 class=\"wp-block-heading\"><strong>SEDEX \/ SMETA: implantar &#8211; auditar &#8211; administrar<\/strong><\/h2>\n\n\n\n<p><strong>Pre\u00e1mbulo<\/strong>: La Auditor\u00eda de Comercio \u00c9tico de Miembros de Sedex (SMETA &#8211;&nbsp;Sedex Members Ethical Trade Audit) es uno de los formatos de auditor\u00eda \u00e9tica m\u00e1s utilizados en el mundo.&nbsp;SMETA es un procedimiento de auditor\u00eda que es una recopilaci\u00f3n de buenas pr\u00e1cticas en la t\u00e9cnica de auditor\u00eda \u00e9tica. No es un c\u00f3digo de conducta, una&nbsp;nueva&nbsp;metodolog\u00eda ni un proceso de certificaci\u00f3n.<\/p>\n\n\n\n<h3 class=\"wp-block-heading\">1. El Curso en breve (T002-19)<\/h3>\n\n\n\n<div class=\"wp-block-image\"><figure class=\"alignleft is-resized\"><a href=\"https:\/\/i0.wp.com\/trainingcamp.pro\/wpsite\/wp-content\/uploads\/2019\/10\/T002-19-1.jpg?ssl=1\"><img data-recalc-dims=\"1\" loading=\"lazy\" decoding=\"async\" src=\"https:\/\/i0.wp.com\/trainingcamp.pro\/wpsite\/wp-content\/uploads\/2019\/10\/T002-19-1.jpg?resize=345%2C484&#038;ssl=1\" alt=\"\" class=\"wp-image-1214\" width=\"345\" height=\"484\"\/><\/a><\/figure><\/div>\n\n\n\n<p>Los participantes comprender\u00e1n el significado, la aplicaci\u00f3n y los requisitos para una SMETA (Auditor\u00eda de Comercio \u00c9tico para Miembros SEDEX). El curso puede ser&nbsp;implementado de forma abierto por inscripci\u00f3n o cerrada en empresas, con su respectivos talleres&nbsp;de cumplimiento.&nbsp;<\/p>\n\n\n\n<div style=\"height:30px\" aria-hidden=\"true\" class=\"wp-block-spacer\"><\/div>\n\n\n\n<h3 class=\"wp-block-heading\">2. Objetivos<\/h3>\n\n\n\n<p>Los participantes ser\u00edan capacitados en la interpretaci\u00f3n de requisitos SEDEX para poder preparar la empresa con el fin de pasar con \u00e9xito una auditoria de dos o cuatro pilares&nbsp;(SMETA &#8211; Auditor\u00eda de Comercio \u00c9tico para Miembros SEDEX). El participante ademas aprender\u00e1 administrar su auditor\u00eda Sedex\/SMETA en la base de datos de Sedex y los procesos necesarios para poder compartirlo con los clientes y otros partes interesados.<br><br><\/p>\n\n\n\n<h3 class=\"wp-block-heading\">3. Contenidos<\/h3>\n\n\n\n<ul class=\"wp-block-list\"><li>Introducci\u00f3n en&nbsp;Auditor\u00eda de Comercio \u00c9tico para Miembros SEDEX<\/li><li>Actualizaci\u00f3n y nuevos requisitos &#8211; Version 6.1<\/li><li>Conceptos b\u00e1sicos, SMETA, C\u00f3digo ETI (derecho a trabajo e inmigraci\u00f3n)<\/li><li>Requisitos para certificaci\u00f3n bajo 2 y 4 pilares<\/li><li>Taller: Llenado del cuestionario de autoevaluaci\u00f3n SAQ<\/li><li>El papel de la representaci\u00f3n de los trabajadores<\/li><li>Cobertura de derechos universales UNPG<\/li><li>Taller: Requisitos auditables y ejemplos<\/li><li>Conclusiones y cierre<br>&nbsp;<\/li><\/ul>\n\n\n\n<h3 class=\"wp-block-heading\">4. Dirigido a<\/h3>\n\n\n\n<p>El curso est\u00e1 dirigido a<\/p>\n\n\n\n<ul class=\"wp-block-list\"><li>L\u00edderes de proceso, mandos superiores y medios&nbsp;<\/li><li>Integrantes del equipo&nbsp;gerencial<\/li><li>Representante de la direcci\u00f3n<\/li><li>Gerentes y Responsables de los sistemas gerencia<\/li><li>Miembros del personal que se involucran en la cadena de suministros&nbsp;<br><br><\/li><\/ul>\n\n\n\n<h3 class=\"wp-block-heading\">5. Adem\u00e1s &#8230;<\/h3>\n\n\n\n<div class=\"wp-block-image\"><figure class=\"alignright size-large is-resized\"><img data-recalc-dims=\"1\" loading=\"lazy\" decoding=\"async\" src=\"https:\/\/i0.wp.com\/trainingcamp.pro\/wpsite\/wp-content\/uploads\/2020\/02\/Art-013-28-10-19-1024x683.png?resize=258%2C172&#038;ssl=1\" alt=\"\" class=\"wp-image-1476\" width=\"258\" height=\"172\"\/><\/figure><\/div>\n\n\n\n<ul class=\"wp-block-list\"><li>Incluye material did\u00e1ctico<\/li><li>Training Certificate<\/li><li>Catering (solo Evento abierto)<br><br><\/li><\/ul>\n\n\n\n<h3 class=\"wp-block-heading\">6. Duraci\u00f3n<\/h3>\n\n\n\n<p>6.1 Implementaci\u00f3n in-house en 2 d\u00edas \/ 16 horas<br>6.2 Implementaci\u00f3n en nuestro sede de capacitaciones\u00a0en 1 d\u00eda \/ 8\u00a0horas (incluye catering)<\/p>\n\n\n\n<h3 class=\"wp-block-heading\">Inscripci\u00f3n \/ Lugares y Fechas<\/h3>\n\n\n\n<ul class=\"wp-block-list\">\n<li>Presencial: En la <a href=\"https:\/\/tc4p.com\/wpsite\/agenda-presencial\/\" data-type=\"page\" data-id=\"134\"><strong><em>agenda<\/em><\/strong><\/a> se encuentran las fechas y lugares oficiales. El\u00a0<a rel=\"noreferrer noopener\" href=\"https:\/\/tc4p.com\/wpsite\/inscription.html\" target=\"_blank\"><strong><em>Formulario de Inscripci\u00f3n<\/em><\/strong><\/a>\u00a0le permite inscribirse en linea como participante en un curso presencial. <\/li>\n<\/ul>\n\n\n\n<p>Si este evento no aparece en ninguno de los dos paginas todav\u00eda no tiene fecha. Por favor comun\u00edquese con&nbsp;<a href=\"https:\/\/tc4p.com\/wpsite\/contacto\/\" data-type=\"page\" data-id=\"130\"><em><strong>nosotros<\/strong><\/em><\/a> para recibir m\u00e1s informaci\u00f3n, solicitar pedido especial o asistencia.<\/p>\n\n\n\n<p><strong><a href=\"https:\/\/tc4p.com\/wpsite\/agenda-presencial\/\" data-type=\"page\" data-id=\"134\"><em>Regresar a la Agenda<\/em><\/a><\/strong><\/p>\n\n\n\n<p><br><\/p>\n","protected":false},"excerpt":{"rendered":"<p>SEDEX \/ SMETA: implantar &#8211; auditar &#8211; administrar Pre\u00e1mbulo: La Auditor\u00eda de Comercio \u00c9tico de Miembros de Sedex (SMETA &#8211;&nbsp;Sedex Members Ethical Trade Audit) es uno de los formatos de &#8230;<\/p>\n","protected":false},"author":1,"featured_media":0,"parent":0,"menu_order":0,"comment_status":"closed","ping_status":"closed","template":"","meta":{"nf_dc_page":"","sns_share_botton_hide":"","vkExUnit_sns_title":"","_vk_print_noindex":"","sitemap_hide":"","vkExUnit_sitemap":"","_veu_custom_css":"","veu_display_promotion_alert":"","_exclude_from_list_pages":"","vkexunit_cta_each_option":"","vkExUnit_childPageIndex":"","vkExUnit_pageList_ancestor":"","vkExUnit_contact_enable":"","footnotes":""},"class_list":["post-2142","page","type-page","status-publish","hentry"],"veu_head_title_object":{"title":"","add_site_title":""},"jetpack_sharing_enabled":true,"_links":{"self":[{"href":"https:\/\/tc4p.com\/wpsite\/wp-json\/wp\/v2\/pages\/2142","targetHints":{"allow":["GET"]}}],"collection":[{"href":"https:\/\/tc4p.com\/wpsite\/wp-json\/wp\/v2\/pages"}],"about":[{"href":"https:\/\/tc4p.com\/wpsite\/wp-json\/wp\/v2\/types\/page"}],"author":[{"embeddable":true,"href":"https:\/\/tc4p.com\/wpsite\/wp-json\/wp\/v2\/users\/1"}],"replies":[{"embeddable":true,"href":"https:\/\/tc4p.com\/wpsite\/wp-json\/wp\/v2\/comments?post=2142"}],"version-history":[{"count":1,"href":"https:\/\/tc4p.com\/wpsite\/wp-json\/wp\/v2\/pages\/2142\/revisions"}],"predecessor-version":[{"id":2465,"href":"https:\/\/tc4p.com\/wpsite\/wp-json\/wp\/v2\/pages\/2142\/revisions\/2465"}],"wp:attachment":[{"href":"https:\/\/tc4p.com\/wpsite\/wp-json\/wp\/v2\/media?parent=2142"}],"curies":[{"name":"wp","href":"https:\/\/api.w.org\/{rel}","templated":true}]}}