{"id":2146,"date":"2019-02-08T19:44:57","date_gmt":"2019-02-08T19:44:57","guid":{"rendered":"https:\/\/trainingcamp.pro\/wpsite\/?page_id=155"},"modified":"2019-02-08T19:44:57","modified_gmt":"2019-02-08T19:44:57","slug":"iso-27001-lead-auditor","status":"publish","type":"page","link":"https:\/\/tc4p.com\/wpsite\/iso-27001-lead-auditor\/","title":{"rendered":"D003 ISO 27001 &#8211; Lead Auditor"},"content":{"rendered":"\n<h2 class=\"wp-block-heading\"><strong>LEAD AUDITOR ISO 27001 &#8211; INFORMATION SECURITY MANAGEMENT SYSTEMS<\/strong><\/h2>\n\n\n<h3 class=\"wp-block-heading\">1. El Curso en breve (D003-15)<\/h3>\n\n\n<div class=\"wp-block-image\"><figure class=\"alignleft is-resized\"><img data-recalc-dims=\"1\" loading=\"lazy\" decoding=\"async\" src=\"https:\/\/i0.wp.com\/trainingcamp.pro\/wpsite\/wp-content\/uploads\/2019\/02\/notyet.jpg?resize=163%2C180&#038;ssl=1\" alt=\"\" class=\"wp-image-156\" width=\"163\" height=\"180\"\/><\/figure><\/div>\n\n\n<p>A trav\u00e9s de clases expositivas y con recursos audiovisuales los participantes ser\u00e1n introducidos al tema de la auditor\u00eda profesional de un un Sistema de Gerencia de Seguridad Informatica &#8211;&nbsp;SGSI (Information Security Management System &#8211; ISMS). Basada en las buenas practicas de la Norma Internacional ISO27001 conoceran los pasos necesarios para auditar un SGSI, comprobar su funcionamiento y asegurar que la empresa esta protegido por un SGSI eficiente y eficaz.<\/p>\n\n\n<p>Lo que la alta direcci\u00f3n debe saber: Para empresas que protegen su informaci\u00f3n confidencial existen practicas seguras de protecci\u00f3n, cuales est\u00e1n integradas a un sistema de gesti\u00f3n de seguridad de informaci\u00f3n (SGSI).<\/p>\n\n\n<h3 class=\"wp-block-heading\">2. Objetivos<\/h3>\n\n\n<p>Los participantes del curso aprender\u00e1n que la norma ISO 27001 crea una mayor conciencia de seguridad entre empleados y gerentes. Su objetivo es asegurar la confidencialidad, disponibilidad, integridad, autenticidad, y confiabilidad de la informaci\u00f3n. Aprender\u00e1n a proteger la organizaci\u00f3n activamente frente a perturbaciones externas, fallos t\u00e9cnicos, negligencia, espionaje y mal uso de la informaci\u00f3n. <\/p>\n\n\n<p>El SGSI&nbsp; aumenta la seguridad jur\u00eddica, genera ahorros a trav\u00e9s de reducir incidentes de seguridad y reduce la responsabilidad de gesti\u00f3n.&nbsp;&nbsp;Adem\u00e1s comprender\u00e1n los aspectos te\u00f3ricos y pr\u00e1cticos para el desarrollo de auditorias de un Sistema de Gerencia de Seguridad Informatica &#8211; SGSI, basada en la norma ISO 27001, como herramienta para proteger y mejorar el desempe\u00f1o de la empresa. Junto con ello, los participantes sabr\u00e1n interpretar las normas de referencia, entendiendo a su vez los beneficios que se obtienen de la implementaci\u00f3n y auditor\u00eda de un sistema de gesti\u00f3n integrado. Pueden preparar y realizar una auditor\u00eda completa de segundo y tercer parte (Auditor\u00eda de proveedores y certificaci\u00f3n).<br \/><\/p>\n\n\n<h3 class=\"wp-block-heading\">3. Contenidos<\/h3>\n\n\n<ul class=\"wp-block-list\"><li>ISO\/IEC 27001 contenidos y definiciones<\/li><li>Criterios de auditor\u00eda<\/li><li>Marco de actuaci\u00f3n<\/li><li>Sistema de Gestion de Seguridad de la Informaci\u00f3n<\/li><li>Puntos de revisi\u00f3n \/ El SOA \/ El An\u00e1lisis de Riesgos.<\/li><li>Auditor\u00eda ISO 27001<\/li><li>Talleres y trabajo en grupo<\/li><li>Proceso de Certificaci\u00f3n<\/li><li>Conclusiones y Examen<\/li><\/ul>\n\n\n<h3 class=\"wp-block-heading\">4. Dirigido a<\/h3>\n\n\n<p>Para Directores y Gerentes IT \/ TIC en todas las empresas y organizaci\u00f3nes que quieren proteger y gestionar de forma segura y responsable informaci\u00f3n propia y los datos de sus clientes, con el fin de asegurar sus operaciones y evitar escandalos, demandas y perdidas.<br \/><\/p>\n\n\n<h3 class=\"wp-block-heading\">5. Adem\u00e1s &#8230;<\/h3>\n\n\n<ul class=\"wp-block-list\"><li>Incluye material did\u00e1ctico y catering en el evento<\/li><li>Examen<\/li><li>Training Certificate<\/li><\/ul>\n\n\n<h3 class=\"wp-block-heading\">6. Duraci\u00f3n<\/h3>\n\n\n<ul class=\"wp-block-list\"><li>Implementaci\u00f3n en 5 d\u00eda (40 horas)<\/li><\/ul>\n\n\n<h3 class=\"wp-block-heading\">7. Inscripci\u00f3n \/ Lugares y Fechas<\/h3>\n\n","protected":false},"excerpt":{"rendered":"<p>LEAD AUDITOR ISO 27001 &#8211; INFORMATION SECURITY MANAGEMENT SYSTEMS 1. El Curso en breve (D003-15) A trav\u00e9s de clases expositivas y con recursos audiovisuales los participantes ser\u00e1n introducidos al tema &#8230;<\/p>\n","protected":false},"author":1,"featured_media":0,"parent":0,"menu_order":0,"comment_status":"closed","ping_status":"closed","template":"","meta":{"nf_dc_page":"","sns_share_botton_hide":"","vkExUnit_sns_title":"","_vk_print_noindex":"","sitemap_hide":"","vkExUnit_sitemap":"","_veu_custom_css":"","veu_display_promotion_alert":"","_exclude_from_list_pages":"","vkexunit_cta_each_option":"","vkExUnit_childPageIndex":"","vkExUnit_pageList_ancestor":"","vkExUnit_contact_enable":"","footnotes":""},"class_list":["post-2146","page","type-page","status-publish","hentry"],"veu_head_title_object":{"title":"","add_site_title":""},"jetpack_sharing_enabled":true,"_links":{"self":[{"href":"https:\/\/tc4p.com\/wpsite\/wp-json\/wp\/v2\/pages\/2146","targetHints":{"allow":["GET"]}}],"collection":[{"href":"https:\/\/tc4p.com\/wpsite\/wp-json\/wp\/v2\/pages"}],"about":[{"href":"https:\/\/tc4p.com\/wpsite\/wp-json\/wp\/v2\/types\/page"}],"author":[{"embeddable":true,"href":"https:\/\/tc4p.com\/wpsite\/wp-json\/wp\/v2\/users\/1"}],"replies":[{"embeddable":true,"href":"https:\/\/tc4p.com\/wpsite\/wp-json\/wp\/v2\/comments?post=2146"}],"version-history":[{"count":0,"href":"https:\/\/tc4p.com\/wpsite\/wp-json\/wp\/v2\/pages\/2146\/revisions"}],"wp:attachment":[{"href":"https:\/\/tc4p.com\/wpsite\/wp-json\/wp\/v2\/media?parent=2146"}],"curies":[{"name":"wp","href":"https:\/\/api.w.org\/{rel}","templated":true}]}}