{"id":2150,"date":"2019-02-08T23:10:58","date_gmt":"2019-02-08T23:10:58","guid":{"rendered":"https:\/\/trainingcamp.pro\/wpsite\/?page_id=193"},"modified":"2020-11-06T16:37:29","modified_gmt":"2020-11-06T22:37:29","slug":"leptospirosis-acciones-inmediatas","status":"publish","type":"page","link":"https:\/\/tc4p.com\/wpsite\/leptospirosis-acciones-inmediatas\/","title":{"rendered":"F010 LEPTOSPIROSIS &#8211; ACCIONES INMEDIATAS"},"content":{"rendered":"\n<h2 class=\"wp-block-heading\"><strong>LEPTOSPIROSIS &#8211; ACCIONES INMEDIATAS<\/strong><\/h2>\n\n\n\n<h3 class=\"wp-block-heading\">1. El Curso en breve (F010-16)<\/h3>\n\n\n\n<div class=\"wp-block-image\"><figure class=\"alignleft is-resized\"><img data-recalc-dims=\"1\" loading=\"lazy\" decoding=\"async\" src=\"https:\/\/i0.wp.com\/trainingcamp.pro\/wpsite\/wp-content\/uploads\/2019\/02\/F010-164H.jpg?resize=180%2C240&#038;ssl=1\" alt=\"\" class=\"wp-image-198\" width=\"180\" height=\"240\"\/><\/figure><\/div>\n\n\n\n<p>El reciente aumento de casos de Leptospirosis en El Salvador, requiere de un plan de acci\u00f3n en toda la industria que elabora, procesa, almacena o distribuye alimentos.&nbsp;Acciones inmediatas contribuyen a evitar p\u00e9rdidas econ\u00f3micas en su empresa y a combatir una potencial epidemia en el pa\u00eds con graves consecuencias. En esta capacitaci\u00f3n el participante aprende acerca de las acciones necesarias para evitar y combatir Leptospirosis<\/p>\n\n\n\n<h3 class=\"wp-block-heading\">2. Objetivos<\/h3>\n\n\n\n<p>Objetivo general:&nbsp;<\/p>\n\n\n\n<p>Los participantes aprender\u00e1n como identificar el peligro de Leptospirosis y como evitar que ellos mismos o la gesti\u00f3n de su empresa sufre las consecuencias de la enfermedad.<\/p>\n\n\n\n<h3 class=\"wp-block-heading\">3. Contenidos<\/h3>\n\n\n\n<p>Temas &amp; Objetivos espec\u00edficos:<br><\/p>\n\n\n\n<ul class=\"wp-block-list\"><li>Leptospirosis: Amenaza actual<\/li><li>Identificar e Interpretar se\u00f1ales de actividad \u2013 Antes que sea tarde<\/li><li>Como evitar: Cuidado personal y empresarial<\/li><li>Buenas Pr\u00e1cticas y Prevenci\u00f3n \u2013 garant\u00eda para mis clientes<\/li><li>Medidas higi\u00e9nicas: Como proteger a sus colaboradores y sus instalaciones, localizaci\u00f3n de focos de contagio<\/li><li>Prevenci\u00f3n y combate de focos, rutinas de higiene<\/li><li>Contaminaci\u00f3n \u2013 que hacer?<\/li><li>Como documentar la gesti\u00f3n<\/li><li>Obligaciones jur\u00eddicas: que dice la ley?<\/li><li>Control de Roedores en el Almacenaje: No s\u00f3lo son las latas!<\/li><li>Valores Agregados para generar<\/li><\/ul>\n\n\n\n<h3 class=\"wp-block-heading\">4. Dirigido a<\/h3>\n\n\n\n<p>El curso est\u00e1 dirigido a Gerentes o jefes de Administraci\u00f3n \/ Producci\u00f3n Calidad \/ Inocuidad,&nbsp; a mandos medios relacionados estas funciones as\u00ed como auditores internos de los establecimientos de alimentos u otros colaboradores claves de la cadenas de suministro de insumos materias primas o servicios .<\/p>\n\n\n\n<p>Adem\u00e1s esta dirigido a:&nbsp;<br><\/p>\n\n\n\n<ul class=\"wp-block-list\"><li>Empresa que manejen o administran&nbsp;<strong>bodegas<\/strong><\/li><li>Organizaciones productivos o de servicio que manejan&nbsp;<strong>Cafeter\u00edas<\/strong>&nbsp;propias, como Universidades, Hospitales, Fuerza Armada<\/li><li>Restaurantes, Hoteles y el&nbsp;<strong>Sector Gastron\u00f3mico<\/strong><\/li><\/ul>\n\n\n\n<h3 class=\"wp-block-heading\">5. Adem\u00e1s &#8230;<\/h3>\n\n\n\n<ul class=\"wp-block-list\"><li>Catering en el evento<\/li><\/ul>\n\n\n\n<h3 class=\"wp-block-heading\">6. Duraci\u00f3n<\/h3>\n\n\n\n<ul class=\"wp-block-list\"><li>Implementaci\u00f3n en 1\/2 d\u00eda (4 horas)<br><\/li><\/ul>\n\n\n\n<h3 class=\"wp-block-heading\">Inscripci\u00f3n \/ Lugares y Fechas<\/h3>\n\n\n\n<ul class=\"wp-block-list\">\n<li>Presencial: En la <a href=\"https:\/\/tc4p.com\/wpsite\/agenda-presencial\/\" data-type=\"page\" data-id=\"134\"><strong><em>agenda<\/em><\/strong><\/a> se encuentran las fechas y lugares oficiales. El\u00a0<a rel=\"noreferrer noopener\" href=\"https:\/\/tc4p.com\/wpsite\/inscription.html\" target=\"_blank\"><strong><em>Formulario de Inscripci\u00f3n<\/em><\/strong><\/a>\u00a0le permite inscribirse en linea como participante en un curso presencial. <\/li>\n<\/ul>\n\n\n\n<p>Si este evento no aparece en ninguno de los dos paginas todav\u00eda no tiene fecha. Por favor comun\u00edquese con&nbsp;<a href=\"https:\/\/tc4p.com\/wpsite\/contacto\/\" data-type=\"page\" data-id=\"130\"><em><strong>nosotros<\/strong><\/em><\/a> para recibir m\u00e1s informaci\u00f3n, solicitar pedido especial o asistencia.<\/p>\n\n\n\n<p><strong><a href=\"https:\/\/tc4p.com\/wpsite\/agenda-presencial\/\" data-type=\"page\" data-id=\"134\"><em>Regresar a la Agenda<\/em><\/a><\/strong><\/p>\n","protected":false},"excerpt":{"rendered":"<p>LEPTOSPIROSIS &#8211; ACCIONES INMEDIATAS 1. El Curso en breve (F010-16) El reciente aumento de casos de Leptospirosis en El Salvador, requiere de un plan de acci\u00f3n en toda la industria &#8230;<\/p>\n","protected":false},"author":1,"featured_media":0,"parent":0,"menu_order":0,"comment_status":"closed","ping_status":"closed","template":"","meta":{"nf_dc_page":"","sns_share_botton_hide":"","vkExUnit_sns_title":"","_vk_print_noindex":"","sitemap_hide":"","vkExUnit_sitemap":"","_veu_custom_css":"","veu_display_promotion_alert":"","_exclude_from_list_pages":"","vkexunit_cta_each_option":"","vkExUnit_childPageIndex":"","vkExUnit_pageList_ancestor":"","vkExUnit_contact_enable":"","footnotes":""},"class_list":["post-2150","page","type-page","status-publish","hentry"],"veu_head_title_object":{"title":"","add_site_title":""},"jetpack_sharing_enabled":true,"_links":{"self":[{"href":"https:\/\/tc4p.com\/wpsite\/wp-json\/wp\/v2\/pages\/2150","targetHints":{"allow":["GET"]}}],"collection":[{"href":"https:\/\/tc4p.com\/wpsite\/wp-json\/wp\/v2\/pages"}],"about":[{"href":"https:\/\/tc4p.com\/wpsite\/wp-json\/wp\/v2\/types\/page"}],"author":[{"embeddable":true,"href":"https:\/\/tc4p.com\/wpsite\/wp-json\/wp\/v2\/users\/1"}],"replies":[{"embeddable":true,"href":"https:\/\/tc4p.com\/wpsite\/wp-json\/wp\/v2\/comments?post=2150"}],"version-history":[{"count":1,"href":"https:\/\/tc4p.com\/wpsite\/wp-json\/wp\/v2\/pages\/2150\/revisions"}],"predecessor-version":[{"id":2410,"href":"https:\/\/tc4p.com\/wpsite\/wp-json\/wp\/v2\/pages\/2150\/revisions\/2410"}],"wp:attachment":[{"href":"https:\/\/tc4p.com\/wpsite\/wp-json\/wp\/v2\/media?parent=2150"}],"curies":[{"name":"wp","href":"https:\/\/api.w.org\/{rel}","templated":true}]}}