{"id":2151,"date":"2019-02-08T23:15:22","date_gmt":"2019-02-08T23:15:22","guid":{"rendered":"https:\/\/trainingcamp.pro\/wpsite\/?page_id=200"},"modified":"2020-11-06T17:17:02","modified_gmt":"2020-11-06T23:17:02","slug":"t001-lean-management-descubriendo-lo-invisible","status":"publish","type":"page","link":"https:\/\/tc4p.com\/wpsite\/t001-lean-management-descubriendo-lo-invisible\/","title":{"rendered":"T001 LEAN MANAGEMENT &#8211; DESCUBRIENDO LO INVISIBLE"},"content":{"rendered":"\n<h2 class=\"wp-block-heading\"><strong>LEAN MANAGEMENT &#8211; DESCUBRIENDO LO INVISIBLE<\/strong><\/h2>\n\n\n\n<h3 class=\"wp-block-heading\">1. El Curso en breve (T001-18)<\/h3>\n\n\n\n<div class=\"wp-block-image\"><figure class=\"alignleft\"><img data-recalc-dims=\"1\" decoding=\"async\" src=\"https:\/\/i0.wp.com\/trainingcamp.pro\/wpsite\/wp-content\/uploads\/2019\/02\/lean2k.jpg?w=800&#038;ssl=1\" alt=\"\" class=\"wp-image-201\"\/><\/figure><\/div>\n\n\n\n<p>Lean Management es una&nbsp;herramienta para mejorar la eficiencia de la empresa sin forzar la relaci\u00f3n con el colaborador, as\u00ed como tambi\u00e9n una herramienta para la identificaci\u00f3n del desperdicio. El participante aprender\u00e1 como usarla.<\/p>\n\n\n\n<p>&#8220;Lean&#8221; aunque es considerada una herramienta realmente es un estado mental, en el cual todos los integrantes del equipo buscan constantemente disminuir el desperdicio a lo largo de la cadena de abastecimiento, no solo en el proceso puntual. Para poder recuperar o extraer de la cabeza de los colaboradores las ideas de cambio o mejora es necesario generar confianza. <\/p>\n\n\n\n<p>Para ello es necesario ponerse en los zapatos del otro y ganar su confianza a trav\u00e9s de la identificaci\u00f3n de los factores motivadores y la satisfacci\u00f3n de los factores higi\u00e9nicos.<\/p>\n\n\n\n<h3 class=\"wp-block-heading\">2. Objetivos<\/h3>\n\n\n\n<p>En esta capacitaci\u00f3n el participante&nbsp;ser\u00e1 introducido&nbsp;a los conceptos y principios de Lean Management. Aprender\u00e1 aplicarlos para optimizar procesos, aumentar la calidad e impulsar el valor m\u00e1ximo en cualquier proceso. Aprender\u00e1 a crear m\u00e1s valor para los clientes internos\/externos con menos recursos, reducir\u00e1 las actividades no deseadas y adoptar\u00e1 una mejora continua del proceso, donde se implementan peque\u00f1os cambios sistem\u00e1ticamente. El curso lo guiar\u00e1 en la implementaci\u00f3n de herramientas, t\u00e9cnicas y m\u00e9tricas Lean en su organizaci\u00f3n.<\/p>\n\n\n\n<h3 class=\"wp-block-heading\">3. Contenidos<\/h3>\n\n\n\n<p>&nbsp;<strong>Lean \u2013 descubriendo lo invisible<\/strong><\/p>\n\n\n\n<ul class=\"wp-block-list\"><li>Historia<\/li><li>Lean y Muda<\/li><li>Los pilares del Lean<\/li><li>Herramientas de Lean<\/li><\/ul>\n\n\n\n<p>&nbsp;<strong>Procesos u Operaciones<\/strong><\/p>\n\n\n\n<ul class=\"wp-block-list\"><li>Partes de un proceso (actividades)<\/li><li>Herramienta para identificar sus partes (hoja de seguimiento \u2013 following the ball)<\/li><li>Identificaci\u00f3n de Actividades por su valor<\/li><li>P\u00e9rdida de valor \u2013 incremento de costo<\/li><\/ul>\n\n\n\n<p>&nbsp;<strong>Motivaci\u00f3n y miedo al cambio (apoyo personal)<\/strong><\/p>\n\n\n\n<ul class=\"wp-block-list\"><li>Factores higi\u00e9nicos vs motivadores<\/li><li>Comunicaci\u00f3n entre niveles (one level jump)<\/li><li>Objetivo Confianza \u2013 compromiso real<\/li><\/ul>\n\n\n\n<p>&nbsp;<strong>Trabajar con Herramientas<\/strong><\/p>\n\n\n\n<ul class=\"wp-block-list\"><li>Gemba Walk<\/li><li>Empat\u00eda y knowing the business<\/li><li>PDCA<\/li><li>Motion before motivation \u2013 the real motivator<\/li><\/ul>\n\n\n\n<h3 class=\"wp-block-heading\">4. Dirigido a<\/h3>\n\n\n\n<p>La participaci\u00f3n en este evento no requiere conocimientos especiales y es apto para profesionales que quieren introducci\u00f3n profesional en el tema. El curso est\u00e1 dirigido a<\/p>\n\n\n\n<ul class=\"wp-block-list\"><li>L\u00edderes de proceso, mandos superiores y medios&nbsp;<\/li><li>Gerentes y Responsables de los sistemas gerencia<\/li><li>Miembros del personal que se involucran en la cadena de suministros<\/li><li>Integrantes del equipo gerencial<\/li><li>Representantes de la direcci\u00f3n<\/li><li>Miembros del personal que se involucran en la cadena de suministros<\/li><\/ul>\n\n\n\n<h3 class=\"wp-block-heading\">5. Adem\u00e1s &#8230;<\/h3>\n\n\n\n<ul class=\"wp-block-list\"><li>Incluye material did\u00e1ctico<\/li><li>Training Certificate<\/li><li>Catering (solo V6.2)<\/li><\/ul>\n\n\n\n<h3 class=\"wp-block-heading\">6. Duraci\u00f3n<\/h3>\n\n\n\n<p>6.1 Implementaci\u00f3n in-house en 1 d\u00eda \/ 8 horas<br>6.2 Implementaci\u00f3n en nuestro sede de capacitaciones\u00a0en 1 d\u00eda \/ 8 horas (incluye catering)<br><\/p>\n\n\n\n<h3 class=\"wp-block-heading\">Inscripci\u00f3n \/ Lugares y Fechas<\/h3>\n\n\n\n<ul class=\"wp-block-list\">\n<li>Presencial: En la <a href=\"https:\/\/tc4p.com\/wpsite\/agenda-presencial\/\" data-type=\"page\" data-id=\"134\"><strong><em>agenda<\/em><\/strong><\/a> se encuentran las fechas y lugares oficiales. El\u00a0<a rel=\"noreferrer noopener\" href=\"https:\/\/tc4p.com\/wpsite\/inscription.html\" target=\"_blank\"><strong><em>Formulario de Inscripci\u00f3n<\/em><\/strong><\/a>\u00a0le permite inscribirse en linea como participante en un curso presencial. <\/li>\n<\/ul>\n\n\n\n<p>Si este evento no aparece en ninguno de los dos paginas todav\u00eda no tiene fecha. Por favor comun\u00edquese con&nbsp;<a href=\"https:\/\/tc4p.com\/wpsite\/contacto\/\" data-type=\"page\" data-id=\"130\"><em><strong>nosotros<\/strong><\/em><\/a> para recibir m\u00e1s informaci\u00f3n, solicitar pedido especial o asistencia.<\/p>\n\n\n\n<p><strong><a href=\"https:\/\/tc4p.com\/wpsite\/agenda-presencial\/\" data-type=\"page\" data-id=\"134\"><em>Regresar a la Agenda<\/em><\/a><\/strong><\/p>\n","protected":false},"excerpt":{"rendered":"<p>LEAN MANAGEMENT &#8211; DESCUBRIENDO LO INVISIBLE 1. El Curso en breve (T001-18) Lean Management es una&nbsp;herramienta para mejorar la eficiencia de la empresa sin forzar la relaci\u00f3n con el colaborador, &#8230;<\/p>\n","protected":false},"author":1,"featured_media":0,"parent":0,"menu_order":0,"comment_status":"closed","ping_status":"closed","template":"","meta":{"nf_dc_page":"","sns_share_botton_hide":"","vkExUnit_sns_title":"","_vk_print_noindex":"","sitemap_hide":"","vkExUnit_sitemap":"","_veu_custom_css":"","veu_display_promotion_alert":"","_exclude_from_list_pages":"","vkexunit_cta_each_option":"","vkExUnit_childPageIndex":"","vkExUnit_pageList_ancestor":"","vkExUnit_contact_enable":"","footnotes":""},"class_list":["post-2151","page","type-page","status-publish","hentry"],"veu_head_title_object":{"title":"","add_site_title":""},"jetpack_sharing_enabled":true,"_links":{"self":[{"href":"https:\/\/tc4p.com\/wpsite\/wp-json\/wp\/v2\/pages\/2151","targetHints":{"allow":["GET"]}}],"collection":[{"href":"https:\/\/tc4p.com\/wpsite\/wp-json\/wp\/v2\/pages"}],"about":[{"href":"https:\/\/tc4p.com\/wpsite\/wp-json\/wp\/v2\/types\/page"}],"author":[{"embeddable":true,"href":"https:\/\/tc4p.com\/wpsite\/wp-json\/wp\/v2\/users\/1"}],"replies":[{"embeddable":true,"href":"https:\/\/tc4p.com\/wpsite\/wp-json\/wp\/v2\/comments?post=2151"}],"version-history":[{"count":1,"href":"https:\/\/tc4p.com\/wpsite\/wp-json\/wp\/v2\/pages\/2151\/revisions"}],"predecessor-version":[{"id":2463,"href":"https:\/\/tc4p.com\/wpsite\/wp-json\/wp\/v2\/pages\/2151\/revisions\/2463"}],"wp:attachment":[{"href":"https:\/\/tc4p.com\/wpsite\/wp-json\/wp\/v2\/media?parent=2151"}],"curies":[{"name":"wp","href":"https:\/\/api.w.org\/{rel}","templated":true}]}}