{"id":2152,"date":"2020-09-28T18:00:31","date_gmt":"2020-09-29T00:00:31","guid":{"rendered":"https:\/\/trainingcamp.pro\/wpsite\/?page_id=2145"},"modified":"2021-06-28T17:25:11","modified_gmt":"2021-06-28T23:25:11","slug":"el-desafio-de-la-calidad","status":"publish","type":"page","link":"https:\/\/tc4p.com\/wpsite\/el-desafio-de-la-calidad\/","title":{"rendered":"El Desaf\u00edo de la Calidad"},"content":{"rendered":"\n<h2 class=\"wp-block-heading\"><strong>El Desaf\u00edo de la Calidad<\/strong> (SG-004)<\/h2>\n\n\n\n<figure class=\"wp-block-table\"><table><tbody><tr><td><strong>Resumen:<\/strong><\/td><td><strong>En Linea<\/strong><\/td><td><strong>Presencial<\/strong><\/td><\/tr><tr><td>Fecha:<\/td><td>Cuando tu quieras<\/td><td>No existe en forma presencial<\/td><\/tr><tr><td>Lugar: <\/td><td><a href=\"https:\/\/tc4p.com\/learn\/course\/index.php?categoryid=8\">Plataforma TC4P<\/a><\/td><td>&#8212;<\/td><\/tr><tr><td>Duraci\u00f3n:<\/td><td>Apox. 150 min<\/td><td>&#8212;<\/td><\/tr><\/tbody><\/table><\/figure>\n\n\n\n<h3 class=\"wp-block-heading\">1. El Curso en breve<\/h3>\n\n\n\n<div class=\"wp-block-group alignwide is-layout-flow wp-block-group-is-layout-flow\"><div class=\"wp-block-group__inner-container\"><\/div><\/div>\n\n\n\n<div class=\"wp-block-image\"><figure class=\"alignright size-large\"><a href=\"https:\/\/tc4p.com\/learn\/course\/index.php?categoryid=8\"><img data-recalc-dims=\"1\" loading=\"lazy\" decoding=\"async\" width=\"281\" height=\"156\" src=\"https:\/\/i0.wp.com\/tc4p.com\/wpsite\/wp-content\/uploads\/2021\/06\/TC4Ponline.png?resize=281%2C156&#038;ssl=1\" alt=\"\" class=\"wp-image-2587\"\/><\/a><figcaption>Disponible en l\u00ednea: <a href=\"https:\/\/tc4p.com\/learn\/course\/index.php?categoryid=8\">TC4P<\/a><\/figcaption><\/figure><\/div>\n\n\n\n<div class=\"wp-block-image\"><figure class=\"alignleft size-large is-resized\"><a href=\"https:\/\/tc4p.com\/learn\/course\/index.php?categoryid=8\"><img data-recalc-dims=\"1\" loading=\"lazy\" decoding=\"async\" src=\"https:\/\/i0.wp.com\/tc4p.com\/wpsite\/wp-content\/uploads\/2020\/11\/SG4004DCual.jpeg?resize=264%2C264&#038;ssl=1\" alt=\"SG004Desafi\" class=\"wp-image-2568\" width=\"264\" height=\"264\" srcset=\"https:\/\/i0.wp.com\/tc4p.com\/wpsite\/wp-content\/uploads\/2020\/11\/SG4004DCual.jpeg?w=527&amp;ssl=1 527w, https:\/\/i0.wp.com\/tc4p.com\/wpsite\/wp-content\/uploads\/2020\/11\/SG4004DCual.jpeg?resize=300%2C300&amp;ssl=1 300w, https:\/\/i0.wp.com\/tc4p.com\/wpsite\/wp-content\/uploads\/2020\/11\/SG4004DCual.jpeg?resize=150%2C150&amp;ssl=1 150w\" sizes=\"auto, (max-width: 264px) 100vw, 264px\" \/><\/a><figcaption>El Desaf\u00edo de la Calidad<\/figcaption><\/figure><\/div>\n\n\n\n<p>Los mercados se han Globalizado, Lo que queremos, en esta capacitaci\u00f3n, es invitarle a que USTED y sus colaboradores vayan generando en Ustedes mismo, una actitud positiva y dispuesta a favor de la Calidad. Simplemente, porque con la Calidad \u00a1Todos Ganamos! Los trabajadores de hoy, somos los trabajadores de ma\u00f1ana.<\/p>\n\n\n\n<p>Con este curso tendr\u00e1 la base para hacer lo que es necesario en su empresa y afrontar los desaf\u00edos de hoy y de ma\u00f1ana. Para los dem\u00e1s colaboradores, si toman tambi\u00e9n este curso, ellos tendr\u00e1n la misma base para pensar y actuar en simbiosis adentro de la organizaci\u00f3n.<\/p>\n\n\n\n<h3 class=\"wp-block-heading\">2. Objetivos<\/h3>\n\n\n\n<ul class=\"wp-block-list\"><li>Brindar una visi\u00f3n general de lo que es la Calidad y vencer los prejuicios<\/li><li>Tener una actitud positiva y dispuesta a favor de la Calidad<\/li><li>Ser capaz de afrontar los desaf\u00edos de hoy y de ma\u00f1ana<\/li><\/ul>\n\n\n\n<h3 class=\"wp-block-heading\">3. Contenidos<\/h3>\n\n\n\n<ul class=\"wp-block-list\"><li>La empresa actual: Mercado, cliente, competencia<\/li><li>Conversemos de Calidad: Como ayuda a la empresa.<\/li><li>La Calidad y la Empresa: \u00bfCalidad de qu\u00e9?<\/li><li>La Calidad y Yo: \u00bfC\u00f3mo le afecta eso a Usted?<\/li><li>\u00bfY qu\u00e9 debo hacer Yo?: Una decisi\u00f3n personal y voluntaria<\/li><li>De vuelta al trabajo: Posibilidad de \u00e9xito<\/li><li>Ex\u00e1men<\/li><\/ul>\n\n\n\n<h3 class=\"wp-block-heading\">4. Dirigido a<\/h3>\n\n\n\n<ul class=\"wp-block-list\"><li>Dirigido a L\u00edderes y responsables de los procesos.<\/li><li>Responsables de Sistemas de gesti\u00f3n<\/li><li>Profesionales que est\u00e1n preparando su empresa para certificar su sistema de gesti\u00f3n.<\/li><\/ul>\n\n\n\n<h3 class=\"wp-block-heading\">5. Adem\u00e1s \u2026<\/h3>\n\n\n\n<ul class=\"wp-block-list\"><li>Training Certificate<\/li><\/ul>\n\n\n\n<h3 class=\"wp-block-heading\">6. Duraci\u00f3n<\/h3>\n\n\n\n<p><strong>En l\u00ednea:<\/strong> 150 min<\/p>\n\n\n\n<p>Los participantes pueden iniciar en el momento de su matriculaci\u00f3n y deben terminar en el periodo indicado en la descripci\u00f3n. Cada participante puede trabajar a su propio ritmo. El curso en linea es de forma intensivo. Por lo tanto es posible que unos participantes necesitaran menos tiempo de lo previsto y otros m\u00e1s. (Ver:&nbsp;<a href=\"https:\/\/tc4p.com\/wpsite\/preguntas-frecuentes-tc4p\/\" data-type=\"page\" data-id=\"31\">Presencial vs. En Linea<\/a>)<br><\/p>\n\n\n\n<h3 class=\"wp-block-heading\">Inscripci\u00f3n \/ Lugares y Fechas<\/h3>\n\n\n\n<ul class=\"wp-block-list\">\n<li>Presencial: En la <a href=\"https:\/\/tc4p.com\/wpsite\/agenda-presencial\/\" data-type=\"page\" data-id=\"134\"><strong><em>agenda<\/em><\/strong><\/a> se encuentran las fechas y lugares oficiales. El\u00a0<a rel=\"noreferrer noopener\" href=\"https:\/\/tc4p.com\/wpsite\/inscription.html\" target=\"_blank\"><strong><em>Formulario de Inscripci\u00f3n<\/em><\/strong><\/a>\u00a0le permite inscribirse en linea como participante en un curso presencial. <\/li>\n<\/ul>\n\n\n\n<p>Si este evento no aparece en ninguno de los dos paginas todav\u00eda no tiene fecha. Por favor comun\u00edquese con&nbsp;<a href=\"https:\/\/tc4p.com\/wpsite\/contacto\/\" data-type=\"page\" data-id=\"130\"><em><strong>nosotros<\/strong><\/em><\/a> para recibir m\u00e1s informaci\u00f3n, solicitar pedido especial o asistencia.<\/p>\n\n\n\n<p><strong><a href=\"https:\/\/tc4p.com\/wpsite\/agenda-presencial\/\" data-type=\"page\" data-id=\"134\"><em>Regresar a la Agenda<\/em><\/a><\/strong><\/p>\n","protected":false},"excerpt":{"rendered":"<p>El Desaf\u00edo de la Calidad (SG-004) Resumen: En Linea Presencial Fecha: Cuando tu quieras No existe en forma presencial Lugar: Plataforma TC4P &#8212; Duraci\u00f3n: Apox. 150 min &#8212; 1. El &#8230;<\/p>\n","protected":false},"author":1,"featured_media":0,"parent":0,"menu_order":0,"comment_status":"closed","ping_status":"closed","template":"","meta":{"nf_dc_page":"","sns_share_botton_hide":"","vkExUnit_sns_title":"","_vk_print_noindex":"","sitemap_hide":"","vkExUnit_sitemap":"","_veu_custom_css":"","veu_display_promotion_alert":"","_exclude_from_list_pages":"","vkexunit_cta_each_option":"","vkExUnit_childPageIndex":"","vkExUnit_pageList_ancestor":"","vkExUnit_contact_enable":"","footnotes":""},"class_list":["post-2152","page","type-page","status-publish","hentry"],"veu_head_title_object":{"title":"","add_site_title":""},"jetpack_sharing_enabled":true,"_links":{"self":[{"href":"https:\/\/tc4p.com\/wpsite\/wp-json\/wp\/v2\/pages\/2152","targetHints":{"allow":["GET"]}}],"collection":[{"href":"https:\/\/tc4p.com\/wpsite\/wp-json\/wp\/v2\/pages"}],"about":[{"href":"https:\/\/tc4p.com\/wpsite\/wp-json\/wp\/v2\/types\/page"}],"author":[{"embeddable":true,"href":"https:\/\/tc4p.com\/wpsite\/wp-json\/wp\/v2\/users\/1"}],"replies":[{"embeddable":true,"href":"https:\/\/tc4p.com\/wpsite\/wp-json\/wp\/v2\/comments?post=2152"}],"version-history":[{"count":3,"href":"https:\/\/tc4p.com\/wpsite\/wp-json\/wp\/v2\/pages\/2152\/revisions"}],"predecessor-version":[{"id":2607,"href":"https:\/\/tc4p.com\/wpsite\/wp-json\/wp\/v2\/pages\/2152\/revisions\/2607"}],"wp:attachment":[{"href":"https:\/\/tc4p.com\/wpsite\/wp-json\/wp\/v2\/media?parent=2152"}],"curies":[{"name":"wp","href":"https:\/\/api.w.org\/{rel}","templated":true}]}}