{"id":2159,"date":"2020-09-28T19:28:44","date_gmt":"2020-09-29T01:28:44","guid":{"rendered":"https:\/\/trainingcamp.pro\/wpsite\/?page_id=2159"},"modified":"2020-11-10T12:40:18","modified_gmt":"2020-11-10T18:40:18","slug":"iso-9001-auditoria-en-rr-hh","status":"publish","type":"page","link":"https:\/\/tc4p.com\/wpsite\/iso-9001-auditoria-en-rr-hh\/","title":{"rendered":"ISO 9001: Auditor\u00eda en RR.HH."},"content":{"rendered":"\n<h2 class=\"wp-block-heading\"><strong>ISO 9001: Auditor\u00eda en RR.HH.<\/strong> (SG-001)<\/h2>\n\n\n\n<figure class=\"wp-block-table\"><table><tbody><tr><td><strong>Resumen:<\/strong><\/td><td><strong>En Linea<\/strong><\/td><td><strong>Presencial<\/strong><\/td><\/tr><tr><td>Fecha:<\/td><td>Cuando tu quieras<\/td><td>No existe en forma presencial<\/td><\/tr><tr><td>Lugar: <\/td><td><a href=\"https:\/\/tc4p.com\/learn\/course\/index.php?categoryid=8\">Plataforma TC4P<\/a><\/td><td>&#8212;<\/td><\/tr><tr><td>Duraci\u00f3n:<\/td><td>Apox. 180 min<\/td><td>&#8212;<\/td><\/tr><\/tbody><\/table><\/figure>\n\n\n\n<h3 class=\"wp-block-heading\">1. El Curso en breve<\/h3>\n\n\n\n<div class=\"wp-block-group alignwide is-layout-flow wp-block-group-is-layout-flow\"><div class=\"wp-block-group__inner-container\"><\/div><\/div>\n\n\n\n<div class=\"wp-block-image\"><figure class=\"alignright size-large is-resized\"><a href=\"https:\/\/tc4p.com\/learn\/course\/index.php?categoryid=8\" target=\"_blank\" rel=\"noopener noreferrer\"><img data-recalc-dims=\"1\" loading=\"lazy\" decoding=\"async\" src=\"https:\/\/i0.wp.com\/trainingcamp.pro\/wpsite\/wp-content\/uploads\/2020\/06\/TC4Oonline.png?resize=160%2C96&#038;ssl=1\" alt=\"\" class=\"wp-image-1832\" width=\"160\" height=\"96\"\/><\/a><figcaption>Disponible en l\u00ednea: <a href=\"https:\/\/tc4p.com\/learn\/course\/index.php?categoryid=8\">TC4P<\/a><\/figcaption><\/figure><\/div>\n\n\n\n<div class=\"wp-block-image\"><figure class=\"alignleft size-large is-resized\"><img data-recalc-dims=\"1\" loading=\"lazy\" decoding=\"async\" src=\"https:\/\/i0.wp.com\/trainingcamp.pro\/wpsite\/wp-content\/uploads\/2020\/09\/ISO9001-RRHH-1024x1024.jpg?resize=183%2C183&#038;ssl=1\" alt=\"\" class=\"wp-image-2161\" width=\"183\" height=\"183\"\/><\/figure><\/div>\n\n\n\n<p>El curso es una gu\u00eda y capacitaci\u00f3n pr\u00e1ctica para cumplir con los requisitos y pasar con \u00e9xito una auditor\u00eda de ISO 9001:2015 en el Departamento de Recursos Humanos. Atiende los elementos de una auditoria QM y te prepara con ejemplos y recomendaciones para contestar las preguntas del auditor. Muestra como puedes respaldar tus respuestas con la evidencia respectiva.<\/p>\n\n\n\n<h3 class=\"wp-block-heading\">2. Objetivos. <\/h3>\n\n\n\n<p>En este curso aprender\u00e1s a interpretar la norma y aplicar procesos y rutinas en el departamento de RR.HH que cumplen con los requisitos de la ISO 9001:2015. Las metas principales son:<\/p>\n\n\n\n<ul class=\"wp-block-list\"><li>Asegurarse de una aplicaci\u00f3n eficiente y eficaz de los procesos seg\u00fan ISO 9001 en los RR.HH.<\/li><li>Beneficiarse de oportunidades adicionales que permite la ISO 9001, una vez que est\u00e9 bien implementada.<\/li><li>No sorprenderse en la siguiente auditoria sino sorprender al auditor.<\/li><\/ul>\n\n\n\n<h3 class=\"wp-block-heading\">3. Contenidos<\/h3>\n\n\n\n<ul class=\"wp-block-list\"><li>Generalidades&nbsp;de la ISO 9001<\/li><li>Requisitos&nbsp;y&nbsp;su&nbsp;interpretaci\u00f3n<\/li><li>Aplicaci\u00f3n&nbsp;y&nbsp;Cumplimiento&nbsp;en&nbsp;la&nbsp;Contrataci\u00f3n<\/li><li>Aplicaci\u00f3n&nbsp;y&nbsp;Cumplimiento&nbsp;en&nbsp;la&nbsp;Capacitaci\u00f3n<\/li><li>Aplicaci\u00f3n&nbsp;avanzada: KPI<\/li><li>Aplicaci\u00f3n&nbsp;avanzada:&nbsp;Auditor\u00eda<\/li><li>Excurso:&nbsp;Seguridad&nbsp;de&nbsp;Datos<\/li><li>Excurso: Error&nbsp;com\u00fan&nbsp;y&nbsp;escondido<\/li><li>Test \/&nbsp;Certificado<\/li><\/ul>\n\n\n\n<h3 class=\"wp-block-heading\">4. Dirigido a<\/h3>\n\n\n\n<ul class=\"wp-block-list\"><li>Este curso se dirige a todos lo colaboradores de los RR.HH. en organizaciones certificadas o en v\u00eda de certificaci\u00f3n. <\/li><li>Tambi\u00e9n es una herramienta practica para auditores internos y externos que planean a auditar los procesos de RR.HH.<\/li><\/ul>\n\n\n\n<h3 class=\"wp-block-heading\">5. Adem\u00e1s \u2026<\/h3>\n\n\n\n<ul class=\"wp-block-list\"><li>Training Certificate<\/li><\/ul>\n\n\n\n<h3 class=\"wp-block-heading\">6. Duraci\u00f3n<\/h3>\n\n\n\n<p><strong>En l\u00ednea:<\/strong> 180 min<\/p>\n\n\n\n<p>Los participantes pueden iniciar en el momento de su matriculaci\u00f3n y deben terminar en el periodo indicado en la descripci\u00f3n. Cada participante puede trabajar a su propio ritmo. El curso en linea es de forma intensivo. Por lo tanto es posible que unos participantes necesitaran menos tiempo de lo previsto y otros m\u00e1s. (Ver:\u00a0<a href=\"https:\/\/tc4p.com\/wpsite\/preguntas-frecuentes-tc4p\/\" data-type=\"page\" data-id=\"31\">Presencial vs. En Linea<\/a>)<\/p>\n\n\n\n<h3 class=\"wp-block-heading\">7. Inscripci\u00f3n \/ Lugares y Fechas<\/h3>\n\n\n\n<p class=\"\">Para inscribirse en un curso en l\u00ednea dirigirse al <a href=\"https:\/\/tc4pweb.wixsite.com\/tc4p\/formulario-de-inscripcion\">sistema de inscripci\u00f3n  <\/a><\/p>\n\n\n\n<p class=\"\"><\/p>\n","protected":false},"excerpt":{"rendered":"<p>ISO 9001: Auditor\u00eda en RR.HH. (SG-001) Resumen: En Linea Presencial Fecha: Cuando tu quieras No existe en forma presencial Lugar: Plataforma TC4P &#8212; Duraci\u00f3n: Apox. 180 min &#8212; 1. El &#8230;<\/p>\n","protected":false},"author":1,"featured_media":0,"parent":0,"menu_order":0,"comment_status":"closed","ping_status":"closed","template":"","meta":{"nf_dc_page":"","sns_share_botton_hide":"","vkExUnit_sns_title":"","_vk_print_noindex":"","sitemap_hide":"","vkExUnit_sitemap":"","_veu_custom_css":"","veu_display_promotion_alert":"","_exclude_from_list_pages":"","vkexunit_cta_each_option":"","vkExUnit_childPageIndex":"","vkExUnit_pageList_ancestor":"","vkExUnit_contact_enable":"","footnotes":""},"class_list":["post-2159","page","type-page","status-publish","hentry"],"veu_head_title_object":{"title":"","add_site_title":""},"jetpack_sharing_enabled":true,"_links":{"self":[{"href":"https:\/\/tc4p.com\/wpsite\/wp-json\/wp\/v2\/pages\/2159","targetHints":{"allow":["GET"]}}],"collection":[{"href":"https:\/\/tc4p.com\/wpsite\/wp-json\/wp\/v2\/pages"}],"about":[{"href":"https:\/\/tc4p.com\/wpsite\/wp-json\/wp\/v2\/types\/page"}],"author":[{"embeddable":true,"href":"https:\/\/tc4p.com\/wpsite\/wp-json\/wp\/v2\/users\/1"}],"replies":[{"embeddable":true,"href":"https:\/\/tc4p.com\/wpsite\/wp-json\/wp\/v2\/comments?post=2159"}],"version-history":[{"count":2,"href":"https:\/\/tc4p.com\/wpsite\/wp-json\/wp\/v2\/pages\/2159\/revisions"}],"predecessor-version":[{"id":2553,"href":"https:\/\/tc4p.com\/wpsite\/wp-json\/wp\/v2\/pages\/2159\/revisions\/2553"}],"wp:attachment":[{"href":"https:\/\/tc4p.com\/wpsite\/wp-json\/wp\/v2\/media?parent=2159"}],"curies":[{"name":"wp","href":"https:\/\/api.w.org\/{rel}","templated":true}]}}