{"id":2175,"date":"2020-10-01T18:39:50","date_gmt":"2020-10-02T00:39:50","guid":{"rendered":"https:\/\/trainingcamp.pro\/wpsite\/?page_id=2175"},"modified":"2021-06-28T17:18:58","modified_gmt":"2021-06-28T23:18:58","slug":"desarrollar-e-implementar-el-protocolo-de-bioseguridad-2","status":"publish","type":"page","link":"https:\/\/tc4p.com\/wpsite\/desarrollar-e-implementar-el-protocolo-de-bioseguridad-2\/","title":{"rendered":"Desarrollar e Implementar el Protocolo de Bioseguridad"},"content":{"rendered":"\n<h2 class=\"wp-block-heading\"><strong>Desarrollar e Implementar el Protocolo de Bioseguridad<\/strong> (OP-002)<\/h2>\n\n\n\n<figure class=\"wp-block-table\"><table><tbody><tr><td><strong>Resumen:<\/strong><\/td><td><strong>En Linea<\/strong><\/td><td><strong>Presencial<\/strong><\/td><\/tr><tr><td>Fecha:<\/td><td>Cuando tu quieras<\/td><td>No existe en forma presencial<\/td><\/tr><tr><td>Lugar: <\/td><td><a href=\"https:\/\/tc4p.com\/learn\/course\/index.php?categoryid=5\">Plataforma TC4P<\/a><\/td><td>&#8212;<\/td><\/tr><tr><td>Duraci\u00f3n:<\/td><td>Apox. 150 min<\/td><td>&#8212;<\/td><\/tr><\/tbody><\/table><\/figure>\n\n\n\n<h3 class=\"wp-block-heading\">1. El Curso en breve<\/h3>\n\n\n\n<div class=\"wp-block-group alignwide is-layout-flow wp-block-group-is-layout-flow\"><div class=\"wp-block-group__inner-container\"><\/div><\/div>\n\n\n\n<div class=\"wp-block-image\"><figure class=\"alignright size-large is-resized\"><a href=\"https:\/\/tc4p.com\/learn\/course\/index.php?categoryid=5\" target=\"_blank\" rel=\"noopener noreferrer\"><img data-recalc-dims=\"1\" loading=\"lazy\" decoding=\"async\" src=\"https:\/\/i0.wp.com\/tc4p.com\/wpsite\/wp-content\/uploads\/2021\/06\/TC4Ponline.png?resize=142%2C79&#038;ssl=1\" alt=\"\" class=\"wp-image-2587\" width=\"142\" height=\"79\"\/><\/a><figcaption>Disponible en l\u00ednea: <a href=\"https:\/\/tc4p.com\/learn\/course\/index.php?categoryid=5\">TC4P<\/a><\/figcaption><\/figure><\/div>\n\n\n\n<div class=\"wp-block-image\"><figure class=\"alignleft size-large is-resized\"><a href=\"https:\/\/tc4p.com\/learn\/course\/index.php?categoryid=5\"><img data-recalc-dims=\"1\" loading=\"lazy\" decoding=\"async\" src=\"https:\/\/i0.wp.com\/tc4p.com\/wpsite\/wp-content\/uploads\/2020\/11\/OP002Bio.jpeg?resize=263%2C262&#038;ssl=1\" alt=\"OP002\" class=\"wp-image-2571\" width=\"263\" height=\"262\" srcset=\"https:\/\/i0.wp.com\/tc4p.com\/wpsite\/wp-content\/uploads\/2020\/11\/OP002Bio.jpeg?w=525&amp;ssl=1 525w, https:\/\/i0.wp.com\/tc4p.com\/wpsite\/wp-content\/uploads\/2020\/11\/OP002Bio.jpeg?resize=300%2C300&amp;ssl=1 300w, https:\/\/i0.wp.com\/tc4p.com\/wpsite\/wp-content\/uploads\/2020\/11\/OP002Bio.jpeg?resize=150%2C150&amp;ssl=1 150w\" sizes=\"auto, (max-width: 263px) 100vw, 263px\" \/><\/a><figcaption>Desarrollar e Implementar el Protocolo de Bioseguridad<\/figcaption><\/figure><\/div>\n\n\n\n<p>Ser capaz de facilitar el cumplimiento de los requisitos legales, sistematizar y recopilar la informaci\u00f3n necesaria y, asegurar la colaboraci\u00f3n y coordinaci\u00f3n de los diferentes actores implicados en la empresa (Alta direcci\u00f3n, venta, compra, recursos humanos, prevenci\u00f3n de riesgos producci\u00f3n, entre otros&#8230;) para la implementaci\u00f3n del protocolo COVID 19.<\/p>\n\n\n\n<h3 class=\"wp-block-heading\">2. Objetivos<\/h3>\n\n\n\n<p><\/p>\n\n\n\n<h3 class=\"wp-block-heading\">3. Contenidos<\/h3>\n\n\n\n<p><\/p>\n\n\n\n<h3 class=\"wp-block-heading\">4. Dirigido a<\/h3>\n\n\n\n<p><\/p>\n\n\n\n<h3 class=\"wp-block-heading\">5. Adem\u00e1s \u2026<\/h3>\n\n\n\n<ul class=\"wp-block-list\"><li>Training Certificate<\/li><\/ul>\n\n\n\n<h3 class=\"wp-block-heading\">6. Duraci\u00f3n<\/h3>\n\n\n\n<p><strong>En l\u00ednea:<\/strong> Aprox. 150 min<\/p>\n\n\n\n<p>Los participantes pueden iniciar en el momento de su matriculaci\u00f3n y deben terminar en el periodo indicado en la descripci\u00f3n. Cada participante puede trabajar a su propio ritmo. El curso en linea es de forma intensivo. Por lo tanto es posible que unos participantes necesitaran menos tiempo de lo previsto y otros m\u00e1s. (Ver:&nbsp;<a href=\"https:\/\/tc4p.com\/wpsite\/preguntas-frecuentes-tc4p\/\" data-type=\"page\" data-id=\"31\">Presencial vs. En Linea<\/a>)<\/p>\n\n\n\n<h3 class=\"wp-block-heading\">7. Inscripci\u00f3n \/ Lugares y Fechas<\/h3>\n\n\n\n<p><strong>En l\u00ednea:<\/strong> Para inscribirse en un curso en l\u00ednea dirigirse a la plataforma <a rel=\"noreferrer noopener\" href=\"https:\/\/www.tc4p.pro\" target=\"_blank\">TC4P<\/a><\/p>\n\n\n\n<p>Este curso no existe en forma presencial.<\/p>\n","protected":false},"excerpt":{"rendered":"<p>Desarrollar e Implementar el Protocolo de Bioseguridad (OP-002) Resumen: En Linea Presencial Fecha: Cuando tu quieras No existe en forma presencial Lugar: Plataforma TC4P &#8212; Duraci\u00f3n: Apox. 150 min &#8212; &#8230;<\/p>\n","protected":false},"author":1,"featured_media":0,"parent":0,"menu_order":0,"comment_status":"closed","ping_status":"closed","template":"","meta":{"nf_dc_page":"","sns_share_botton_hide":"","vkExUnit_sns_title":"","_vk_print_noindex":"","sitemap_hide":"","vkExUnit_sitemap":"","_veu_custom_css":"","veu_display_promotion_alert":"","_exclude_from_list_pages":"","vkexunit_cta_each_option":"","vkExUnit_childPageIndex":"","vkExUnit_pageList_ancestor":"","vkExUnit_contact_enable":"","footnotes":""},"class_list":["post-2175","page","type-page","status-publish","hentry"],"veu_head_title_object":{"title":"","add_site_title":""},"jetpack_sharing_enabled":true,"_links":{"self":[{"href":"https:\/\/tc4p.com\/wpsite\/wp-json\/wp\/v2\/pages\/2175","targetHints":{"allow":["GET"]}}],"collection":[{"href":"https:\/\/tc4p.com\/wpsite\/wp-json\/wp\/v2\/pages"}],"about":[{"href":"https:\/\/tc4p.com\/wpsite\/wp-json\/wp\/v2\/types\/page"}],"author":[{"embeddable":true,"href":"https:\/\/tc4p.com\/wpsite\/wp-json\/wp\/v2\/users\/1"}],"replies":[{"embeddable":true,"href":"https:\/\/tc4p.com\/wpsite\/wp-json\/wp\/v2\/comments?post=2175"}],"version-history":[{"count":3,"href":"https:\/\/tc4p.com\/wpsite\/wp-json\/wp\/v2\/pages\/2175\/revisions"}],"predecessor-version":[{"id":2603,"href":"https:\/\/tc4p.com\/wpsite\/wp-json\/wp\/v2\/pages\/2175\/revisions\/2603"}],"wp:attachment":[{"href":"https:\/\/tc4p.com\/wpsite\/wp-json\/wp\/v2\/media?parent=2175"}],"curies":[{"name":"wp","href":"https:\/\/api.w.org\/{rel}","templated":true}]}}