{"id":2193,"date":"2020-10-02T09:09:02","date_gmt":"2020-10-02T15:09:02","guid":{"rendered":"https:\/\/trainingcamp.pro\/wpsite\/?page_id=2193"},"modified":"2021-06-28T17:24:11","modified_gmt":"2021-06-28T23:24:11","slug":"gestion-humana-en-sistemas-de-gestion","status":"publish","type":"page","link":"https:\/\/tc4p.com\/wpsite\/gestion-humana-en-sistemas-de-gestion\/","title":{"rendered":"Gesti\u00f3n Humana en Sistemas de Gesti\u00f3n"},"content":{"rendered":"\n<h2 class=\"wp-block-heading\"><strong>Gesti\u00f3n Humana en Sistemas de Gesti\u00f3n<\/strong> (SG-003)<\/h2>\n\n\n\n<figure class=\"wp-block-table\"><table><tbody><tr><td><strong>Resumen:<\/strong><\/td><td><strong>En Linea<\/strong><\/td><td><strong>Presencial<\/strong><\/td><\/tr><tr><td>Fecha:<\/td><td>Cuando tu quieras<\/td><td>No existe en forma presencial<\/td><\/tr><tr><td>Lugar: <\/td><td><a href=\"https:\/\/tc4p.com\/learn\/course\/index.php?categoryid=8\">Plataforma TC4P<\/a><\/td><td>&#8212;<\/td><\/tr><tr><td>Duraci\u00f3n:<\/td><td>Apox. 120 min<\/td><td>&#8212;<\/td><\/tr><\/tbody><\/table><\/figure>\n\n\n\n<h3 class=\"wp-block-heading\">1. El Curso en breve<\/h3>\n\n\n\n<div class=\"wp-block-group alignwide is-layout-flow wp-block-group-is-layout-flow\"><div class=\"wp-block-group__inner-container\"><\/div><\/div>\n\n\n\n<div class=\"wp-block-image\"><figure class=\"alignright size-large is-resized\"><a href=\"https:\/\/tc4p.com\/learn\/course\/index.php?categoryid=8\" target=\"_blank\" rel=\"noopener noreferrer\"><img data-recalc-dims=\"1\" loading=\"lazy\" decoding=\"async\" src=\"https:\/\/i0.wp.com\/tc4p.com\/wpsite\/wp-content\/uploads\/2021\/06\/TC4Ponline.png?resize=142%2C79&#038;ssl=1\" alt=\"\" class=\"wp-image-2587\" width=\"142\" height=\"79\"\/><\/a><figcaption>Disponible en l\u00ednea: <a href=\"https:\/\/tc4p.com\/learn\/course\/index.php?categoryid=8\">TC4P<\/a><\/figcaption><\/figure><\/div>\n\n\n\n<div class=\"wp-block-image\"><figure class=\"alignleft size-large is-resized\"><a href=\"https:\/\/tc4p.com\/learn\/course\/index.php?categoryid=8\"><img data-recalc-dims=\"1\" loading=\"lazy\" decoding=\"async\" src=\"https:\/\/i0.wp.com\/tc4p.com\/wpsite\/wp-content\/uploads\/2020\/11\/SG003Ghum.jpeg?resize=262%2C264&#038;ssl=1\" alt=\"SG003GesHum\" class=\"wp-image-2564\" width=\"262\" height=\"264\" srcset=\"https:\/\/i0.wp.com\/tc4p.com\/wpsite\/wp-content\/uploads\/2020\/11\/SG003Ghum.jpeg?w=524&amp;ssl=1 524w, https:\/\/i0.wp.com\/tc4p.com\/wpsite\/wp-content\/uploads\/2020\/11\/SG003Ghum.jpeg?resize=298%2C300&amp;ssl=1 298w, https:\/\/i0.wp.com\/tc4p.com\/wpsite\/wp-content\/uploads\/2020\/11\/SG003Ghum.jpeg?resize=150%2C150&amp;ssl=1 150w\" sizes=\"auto, (max-width: 262px) 100vw, 262px\" \/><\/a><figcaption>Gesti\u00f3n Humana en Sistemas de Gesti\u00f3n<\/figcaption><\/figure><\/div>\n\n\n\n<p>Competencia, toma de conciencia y comunicaci\u00f3n son temas clave para la gesti\u00f3n humana en los sistemas de gesti\u00f3n.&nbsp;Aprender\u00e1s como controlar&nbsp;el impacto de los requisitos de Gesti\u00f3n Humana en el logro de los resultados estrat\u00e9gicos de las organizaciones a trav\u00e9s del uso de las herramientas especificas.<\/p>\n\n\n\n<h3 class=\"wp-block-heading\">2. Objetivos<\/h3>\n\n\n\n<p>Brindar una visi\u00f3n general de los requisitos de la gesti\u00f3n humana en las Normas ISO que permite al participante aprender a implementarlos en el Sistema de Gesti\u00f3n de su organizaci\u00f3n para el fortalecimiento del mismo y el logro de sus resultados estrat\u00e9gicos<\/p>\n\n\n\n<h3 class=\"wp-block-heading\">3. Contenidos<\/h3>\n\n\n\n<ul class=\"wp-block-list\"><li>Importancia de la Gesti\u00f3n Humana<\/li><li>Sistemas de Gesti\u00f3n ISO \u2013 Requisitos de la Gesti\u00f3n Humana (Requisito 5: Liderazgo)<\/li><li>Roles, Responsabilidad y Autoridad<\/li><li>Desarrollando Perfiles de Puesto Efectivos<\/li><li>Consulta y Participaci\u00f3n de los Colaboradores<\/li><li>C\u00f3mo fomentar la participaci\u00f3n de los Colaboradores<\/li><li>Sistemas de Gesti\u00f3n ISO \u2013 Requisitos de la Gesti\u00f3n Humana (Requisito 7: Apoyo)<\/li><li>Competencia<\/li><li>Perfil vrs Competencia de la Persona en el Puesto = Brecha<\/li><li>Toma de Conciencia \u2013 Compromiso de los Colaboradores<\/li><li>Comunicaci\u00f3n<\/li><li>Evaluaci\u00f3n del Desempe\u00f1o \u2013 Reconocimiento de Logros<\/li><\/ul>\n\n\n\n<h3 class=\"wp-block-heading\">4. Dirigido a<\/h3>\n\n\n\n<p>La capacitaci\u00f3n es ideal para empresas que buscan actualizaci\u00f3n a las nuevas Normas y\/o implementaci\u00f3n de un Sistema de Gesti\u00f3n bajo Normas ISO<\/p>\n\n\n\n<ul class=\"wp-block-list\"><li>L\u00edderes y Supervisores de proceso, mandos superiores y medios<\/li><li>Integrantes del equipo gerencial<\/li><li>Representante de la direcci\u00f3n<\/li><li>Gerentes y Responsables de los sistemas de gesti\u00f3n<\/li><li>Personal involucrado en la gesti\u00f3n humana en la organizaci\u00f3n<\/li><\/ul>\n\n\n\n<p>Curso introductorio que no requiere conocimientos previos en el tema.<\/p>\n\n\n\n<h3 class=\"wp-block-heading\">5. Adem\u00e1s \u2026<\/h3>\n\n\n\n<ul class=\"wp-block-list\"><li>Training Certificate<\/li><\/ul>\n\n\n\n<h3 class=\"wp-block-heading\">6. Duraci\u00f3n<\/h3>\n\n\n\n<p><strong>En l\u00ednea:<\/strong> Aprox. 120 min<\/p>\n\n\n\n<p>Los participantes pueden iniciar en el momento de su matriculaci\u00f3n y deben terminar en el periodo indicado en la descripci\u00f3n. Cada participante puede trabajar a su propio ritmo. El curso en linea es de forma intensivo. Por lo tanto es posible que unos participantes necesitaran menos tiempo de lo previsto y otros m\u00e1s. (Ver:&nbsp;<a href=\"https:\/\/tc4p.com\/wpsite\/preguntas-frecuentes-tc4p\/\" data-type=\"page\" data-id=\"31\">Presencial vs. En Linea<\/a>)<\/p>\n\n\n\n<h3 class=\"wp-block-heading\">7. Inscripci\u00f3n \/ Lugares y Fechas<\/h3>\n\n\n\n<p><strong>En l\u00ednea:<\/strong> Para inscribirse en un curso en l\u00ednea dirigirse a la plataforma <a href=\"https:\/\/www.tc4p.com\" target=\"_blank\" rel=\"noreferrer noopener\">TC4P<\/a><\/p>\n\n\n\n<p>Este curso no existe en forma presencial.<\/p>\n","protected":false},"excerpt":{"rendered":"<p>Gesti\u00f3n Humana en Sistemas de Gesti\u00f3n (SG-003) Resumen: En Linea Presencial Fecha: Cuando tu quieras No existe en forma presencial Lugar: Plataforma TC4P &#8212; Duraci\u00f3n: Apox. 120 min &#8212; 1. &#8230;<\/p>\n","protected":false},"author":1,"featured_media":0,"parent":0,"menu_order":0,"comment_status":"closed","ping_status":"closed","template":"","meta":{"nf_dc_page":"","sns_share_botton_hide":"","vkExUnit_sns_title":"","_vk_print_noindex":"","sitemap_hide":"","vkExUnit_sitemap":"","_veu_custom_css":"","veu_display_promotion_alert":"","_exclude_from_list_pages":"","vkexunit_cta_each_option":"","vkExUnit_childPageIndex":"","vkExUnit_pageList_ancestor":"","vkExUnit_contact_enable":"","footnotes":""},"class_list":["post-2193","page","type-page","status-publish","hentry"],"veu_head_title_object":{"title":"","add_site_title":""},"jetpack_sharing_enabled":true,"_links":{"self":[{"href":"https:\/\/tc4p.com\/wpsite\/wp-json\/wp\/v2\/pages\/2193","targetHints":{"allow":["GET"]}}],"collection":[{"href":"https:\/\/tc4p.com\/wpsite\/wp-json\/wp\/v2\/pages"}],"about":[{"href":"https:\/\/tc4p.com\/wpsite\/wp-json\/wp\/v2\/types\/page"}],"author":[{"embeddable":true,"href":"https:\/\/tc4p.com\/wpsite\/wp-json\/wp\/v2\/users\/1"}],"replies":[{"embeddable":true,"href":"https:\/\/tc4p.com\/wpsite\/wp-json\/wp\/v2\/comments?post=2193"}],"version-history":[{"count":3,"href":"https:\/\/tc4p.com\/wpsite\/wp-json\/wp\/v2\/pages\/2193\/revisions"}],"predecessor-version":[{"id":2606,"href":"https:\/\/tc4p.com\/wpsite\/wp-json\/wp\/v2\/pages\/2193\/revisions\/2606"}],"wp:attachment":[{"href":"https:\/\/tc4p.com\/wpsite\/wp-json\/wp\/v2\/media?parent=2193"}],"curies":[{"name":"wp","href":"https:\/\/api.w.org\/{rel}","templated":true}]}}