{"id":2244,"date":"2020-10-16T09:31:29","date_gmt":"2020-10-16T15:31:29","guid":{"rendered":"https:\/\/trainingcamp.pro\/wpsite\/?page_id=2244"},"modified":"2024-02-19T16:39:38","modified_gmt":"2024-02-19T22:39:38","slug":"registro-de-conservas-acidificadas-en-la-fda","status":"publish","type":"page","link":"https:\/\/tc4p.com\/wpsite\/registro-de-conservas-acidificadas-en-la-fda\/","title":{"rendered":"Registro de Conservas Acidificadas en la FDA"},"content":{"rendered":"\n<h2 class=\"wp-block-heading\"><strong>Registro de Conservas Acidificadas en la FDA<\/strong> (IC-031-04)<\/h2>\n\n\n\n<figure class=\"wp-block-table\"><table><tbody><tr><td><strong>Resumen:<\/strong><\/td><td><strong>En Linea<\/strong><\/td><td><strong>Presencial<\/strong><\/td><\/tr><tr><td>Fecha:<\/td><td>Cuando tu quieras<\/td><td>23.02.24<\/td><\/tr><tr><td>Lugar: <\/td><td><a href=\"https:\/\/tc4p.com\/learn\/course\/index.php?categoryid=3\">Plataforma TC4P<\/a><\/td><td>San Salvador<\/td><\/tr><tr><td>Duraci\u00f3n:<\/td><td>Apox. 120 min<\/td><td>4 Horas<\/td><\/tr><\/tbody><\/table><\/figure>\n\n\n\n<h3 class=\"wp-block-heading\">1. El Curso en breve<\/h3>\n\n\n\n<div class=\"wp-block-group alignwide\"><div class=\"wp-block-group__inner-container is-layout-flow wp-block-group-is-layout-flow\"><\/div><\/div>\n\n\n<div class=\"wp-block-image is-resized\">\n<figure class=\"alignleft size-large\"><a href=\"https:\/\/tc4p.com\/learn\/course\/index.php?categoryid=3\"><img data-recalc-dims=\"1\" loading=\"lazy\" decoding=\"async\" width=\"524\" height=\"527\" src=\"https:\/\/i0.wp.com\/tc4p.com\/wpsite\/wp-content\/uploads\/2020\/11\/FS009RegFDA.jpeg?resize=524%2C527&#038;ssl=1\" alt=\"F009FDA\" class=\"wp-image-2578\" srcset=\"https:\/\/i0.wp.com\/tc4p.com\/wpsite\/wp-content\/uploads\/2020\/11\/FS009RegFDA.jpeg?w=524&amp;ssl=1 524w, https:\/\/i0.wp.com\/tc4p.com\/wpsite\/wp-content\/uploads\/2020\/11\/FS009RegFDA.jpeg?resize=298%2C300&amp;ssl=1 298w, https:\/\/i0.wp.com\/tc4p.com\/wpsite\/wp-content\/uploads\/2020\/11\/FS009RegFDA.jpeg?resize=150%2C150&amp;ssl=1 150w\" sizes=\"auto, (max-width: 524px) 100vw, 524px\" \/><\/a><figcaption class=\"wp-element-caption\">Registro de Conservas Acidificadas en la FDA<\/figcaption><\/figure>\n<\/div>\n\n<div class=\"wp-block-image is-resized\">\n<figure class=\"alignright size-large\"><a href=\"https:\/\/tc4p.com\/learn\/course\/index.php?categoryid=3\" target=\"_blank\" rel=\"noopener noreferrer\"><img data-recalc-dims=\"1\" loading=\"lazy\" decoding=\"async\" width=\"281\" height=\"156\" src=\"https:\/\/i0.wp.com\/tc4p.com\/wpsite\/wp-content\/uploads\/2021\/06\/TC4Ponline.png?resize=281%2C156&#038;ssl=1\" alt=\"\" class=\"wp-image-2587\"\/><\/a><figcaption class=\"wp-element-caption\">Disponible en l\u00ednea: <a href=\"https:\/\/tc4p.com\/learn\/course\/index.php?categoryid=3\">TC4P<\/a><\/figcaption><\/figure>\n<\/div>\n\n\n<p class=\"\">A las empresas qu\u00e9 producen alimentos enlatados de baja acidez (LACF) y alimentos acidificados (AF) no perecederos la FDA de los EE. UU. exige que cada establecimiento obtenga un registro de Establecimiento de Comida Enlatada (FCE). Es un requisito para poder distribuir y vender sus productos en los EE. UU. La FDA de los EE. UU. tambi\u00e9n exige que los productores soliciten procesos programados, tambi\u00e9n conocido como una Solicitud de Proceso para cada producto, estilo de producto, m\u00e9todo de procesamiento, tipo y tama\u00f1o de cada contenedor. A cada solicitud de proceso programado se le asigna un &#8220;Identificador de Presentaci\u00f3n&#8221; (SID). Para importar AF y LACF, debe tener tanto un FCE y SID. Este curso te explica como. Este curso te explica c\u00f3mo realizar los tramites y c\u00f3mo obtener los registros.<\/p>\n\n\n\n<h3 class=\"wp-block-heading\">2. Objetivos. <\/h3>\n\n\n\n<ul class=\"wp-block-list\">\n<li class=\"\">Los participantes aprender\u00e1n efectuar registros de establecimientos y productos acidificados en la Administraci\u00f3n de Alimentos y F\u00e1rmacos de los Estados Unidos de Am\u00e9rica. <\/li>\n\n\n\n<li class=\"\">Puedan realizar los ensayos necesarios para demostrar ante la FDA, la efectividad de los m\u00e9todos de conservaci\u00f3n que se aplican a estos alimentos, tanto en su acidificaci\u00f3n como en su tratamiento t\u00e9rmico para respaldar el registro de los mismos.<\/li>\n<\/ul>\n\n\n\n<h3 class=\"wp-block-heading\">3. Contenidos<\/h3>\n\n\n\n<ol class=\"wp-block-list\">\n<li class=\"\">Acidificaci\u00f3n y conservaci\u00f3n de alimentos<\/li>\n\n\n\n<li class=\"\">Registro de Establecimientos Productores de Conservas&nbsp;<\/li>\n\n\n\n<li class=\"\">Registro de productos<\/li>\n\n\n\n<li class=\"\">Conceptos y procedimientos<\/li>\n\n\n\n<li class=\"\">Ensayos y reporte de resultados<\/li>\n<\/ol>\n\n\n\n<h3 class=\"wp-block-heading\">4. Dirigido a<\/h3>\n\n\n\n<p class=\"\">Este curso se dirige a los colaboradores de&nbsp;las empresas que producen alimentos enlatados de baja acidez (LACF) y alimentos acidificados (AF) no perecederos. Especialmente a los colaboradores que tienen responsabilidad y\/o funci\u00f3n en las sistemas de gesti\u00f3n y a los que est\u00e1n responsables para los registros respectivos en el FDA.<\/p>\n\n\n\n<h3 class=\"wp-block-heading\">5. Adem\u00e1s \u2026<\/h3>\n\n\n\n<ul class=\"wp-block-list\">\n<li class=\"\">Training Certificate<\/li>\n<\/ul>\n\n\n\n<h3 class=\"wp-block-heading\">6. Duraci\u00f3n<\/h3>\n\n\n\n<p class=\"\"><strong>Presencial<\/strong>: 4 Horas<\/p>\n\n\n\n<p class=\"\"><strong>En l\u00ednea:<\/strong> 120 min + preparaci\u00f3n personal<\/p>\n\n\n\n<p class=\"\">Los participantes pueden iniciar en el momento de su matriculaci\u00f3n y deben terminar en el periodo indicado en la descripci\u00f3n. Cada participante puede trabajar a su propio ritmo. El curso en linea es de forma intensivo. Por lo tanto es posible que unos participantes necesitaran menos tiempo de lo previsto y otros m\u00e1s. (Ver:\u00a0<a href=\"https:\/\/tc4p.com\/wpsite\/preguntas-frecuentes-tc4p\/\" data-type=\"page\" data-id=\"31\">Presencial vs. En Linea<\/a>)<\/p>\n\n\n\n<h3 class=\"wp-block-heading\">7. Inscripci\u00f3n \/ Lugares y Fechas<\/h3>\n\n\n\n<p class=\"\">Para inscribirse en un curso en l\u00ednea dirigirse al <a href=\"https:\/\/tc4pweb.wixsite.com\/tc4p\/formulario-de-inscripcion\">sistema de inscripci\u00f3n  <\/a><\/p>\n\n\n\n<p class=\"\"><\/p>\n","protected":false},"excerpt":{"rendered":"<p>Registro de Conservas Acidificadas en la FDA (IC-031-04) Resumen: En Linea Presencial Fecha: Cuando tu quieras 23.02.24 Lugar: Plataforma TC4P San Salvador Duraci\u00f3n: Apox. 120 min 4 Horas 1. El &#8230;<\/p>\n","protected":false},"author":1,"featured_media":0,"parent":0,"menu_order":0,"comment_status":"closed","ping_status":"closed","template":"","meta":{"nf_dc_page":"","sns_share_botton_hide":"","vkExUnit_sns_title":"","_vk_print_noindex":"","sitemap_hide":"","vkExUnit_sitemap":"","_veu_custom_css":"","veu_display_promotion_alert":"common","_exclude_from_list_pages":"","vkexunit_cta_each_option":"","vkExUnit_childPageIndex":"","vkExUnit_pageList_ancestor":"","vkExUnit_contact_enable":"","footnotes":""},"class_list":["post-2244","page","type-page","status-publish","hentry"],"veu_head_title_object":{"title":"","add_site_title":""},"jetpack_sharing_enabled":true,"_links":{"self":[{"href":"https:\/\/tc4p.com\/wpsite\/wp-json\/wp\/v2\/pages\/2244","targetHints":{"allow":["GET"]}}],"collection":[{"href":"https:\/\/tc4p.com\/wpsite\/wp-json\/wp\/v2\/pages"}],"about":[{"href":"https:\/\/tc4p.com\/wpsite\/wp-json\/wp\/v2\/types\/page"}],"author":[{"embeddable":true,"href":"https:\/\/tc4p.com\/wpsite\/wp-json\/wp\/v2\/users\/1"}],"replies":[{"embeddable":true,"href":"https:\/\/tc4p.com\/wpsite\/wp-json\/wp\/v2\/comments?post=2244"}],"version-history":[{"count":5,"href":"https:\/\/tc4p.com\/wpsite\/wp-json\/wp\/v2\/pages\/2244\/revisions"}],"predecessor-version":[{"id":3018,"href":"https:\/\/tc4p.com\/wpsite\/wp-json\/wp\/v2\/pages\/2244\/revisions\/3018"}],"wp:attachment":[{"href":"https:\/\/tc4p.com\/wpsite\/wp-json\/wp\/v2\/media?parent=2244"}],"curies":[{"name":"wp","href":"https:\/\/api.w.org\/{rel}","templated":true}]}}