{"id":263,"date":"2019-02-09T00:22:08","date_gmt":"2019-02-09T00:22:08","guid":{"rendered":"https:\/\/trainingcamp.pro\/wpsite\/?page_id=263"},"modified":"2022-06-30T09:30:24","modified_gmt":"2022-06-30T15:30:24","slug":"haccp-experts","status":"publish","type":"page","link":"https:\/\/tc4p.com\/wpsite\/haccp-experts\/","title":{"rendered":"HACCP Experts"},"content":{"rendered":"\n<h2 class=\"wp-block-heading\"><strong>HACCP Alliance &#8211; Curso Official<\/strong> (IC-001-24)<\/h2>\n\n\n\n<p><strong>HACCP EXPERT: Implementaci\u00f3n y Validaci\u00f3n HACCP en la Industria de Alimentos y sus Proveedores<\/strong><\/p>\n\n\n\n<figure class=\"wp-block-table\"><table><tbody><tr><td><strong>Resumen:<\/strong><\/td><td><strong>En Linea<\/strong><\/td><td><strong>Presencial<\/strong><\/td><\/tr><tr><td>Fecha:<\/td><td>Cuando tu quieras<\/td><td><a href=\"https:\/\/tc4p.com\/wpsite\/agenda-presencial\/\" data-type=\"page\" data-id=\"134\">ver Agenda<\/a><\/td><\/tr><tr><td>Lugar: <\/td><td><a href=\"https:\/\/tc4p.com\/learn\/course\/index.php?categoryid=3\">Plataforma TC4P<\/a><\/td><td><a href=\"https:\/\/tc4p.com\/wpsite\/agenda-presencial\/\" data-type=\"page\" data-id=\"134\">ver Agenda<\/a><\/td><\/tr><tr><td>Duraci\u00f3n:<\/td><td>Apox. 24 hrs<\/td><td>24 hrs<\/td><\/tr><\/tbody><\/table><\/figure>\n\n\n\n<h3 class=\"wp-block-heading\">1. El Curso en breve <\/h3>\n\n\n<div class=\"wp-block-image\">\n<figure class=\"alignright size-large is-resized\"><a href=\"https:\/\/tc4p.com\/learn\/course\/index.php?categoryid=3\" target=\"_blank\" rel=\"noopener noreferrer\"><img data-recalc-dims=\"1\" loading=\"lazy\" decoding=\"async\" src=\"https:\/\/i0.wp.com\/tc4p.com\/wpsite\/wp-content\/uploads\/2021\/06\/TC4Ponline.png?resize=142%2C79&#038;ssl=1\" alt=\"\" class=\"wp-image-2587\" width=\"142\" height=\"79\"\/><\/a><figcaption>Disponible en l\u00ednea: <a href=\"https:\/\/tc4p.com\/learn\/course\/index.php?categoryid=3\">TC4P<\/a><\/figcaption><\/figure>\n<\/div>\n\n<div class=\"wp-block-image\">\n<figure class=\"alignleft size-large is-resized\"><a href=\"https:\/\/tc4p.com\/learn\/course\/index.php?categoryid=3\"><img data-recalc-dims=\"1\" loading=\"lazy\" decoding=\"async\" src=\"https:\/\/i0.wp.com\/tc4p.com\/wpsite\/wp-content\/uploads\/2020\/11\/FS006HAALL.jpeg?resize=263%2C264&#038;ssl=1\" alt=\"Official Haccp Alliance Course\" class=\"wp-image-2576\" width=\"263\" height=\"264\" srcset=\"https:\/\/i0.wp.com\/tc4p.com\/wpsite\/wp-content\/uploads\/2020\/11\/FS006HAALL.jpeg?w=526&amp;ssl=1 526w, https:\/\/i0.wp.com\/tc4p.com\/wpsite\/wp-content\/uploads\/2020\/11\/FS006HAALL.jpeg?resize=300%2C300&amp;ssl=1 300w, https:\/\/i0.wp.com\/tc4p.com\/wpsite\/wp-content\/uploads\/2020\/11\/FS006HAALL.jpeg?resize=150%2C150&amp;ssl=1 150w\" sizes=\"auto, (max-width: 263px) 100vw, 263px\" \/><\/a><figcaption>Curso Oficial de International HACCP Alliance<\/figcaption><\/figure>\n<\/div>\n\n\n<p>Tanto FDA como USDA reconocen el curso que proporcionan los instructores l\u00edder de la International HACCP Alliance. Indispensable para exportadores y empresas que proveen supermercados.<\/p>\n\n\n\n<h4 class=\"wp-block-heading\">HACCP y la UE: <\/h4>\n\n\n\n<p>Desde 2004, el reglamento de la UE 582, establece que los operadores de empresa alimentaria deben establecer y poner en marcha programas y procedimientos de seguridad alimentaria basados en los principios del HACCP. Esta disposici\u00f3n reconoce que el sistema es el medio m\u00e1s apropiado para asegurar que la inocuidad se gestiona adecuadamente.<\/p>\n\n\n\n<h4 class=\"wp-block-heading\">HACCP y el FDA: <\/h4>\n\n\n<div class=\"wp-block-image\">\n<figure class=\"alignright is-resized\"><img data-recalc-dims=\"1\" loading=\"lazy\" decoding=\"async\" src=\"https:\/\/i0.wp.com\/trainingcamp.pro\/wpsite\/wp-content\/uploads\/2019\/02\/AWP6x6-8.jpg?resize=255%2C170&#038;ssl=1\" alt=\"\" class=\"wp-image-561\" width=\"255\" height=\"170\" srcset=\"https:\/\/i0.wp.com\/tc4p.com\/wpsite\/wp-content\/uploads\/2019\/02\/AWP6x6-8.jpg?w=900&amp;ssl=1 900w, https:\/\/i0.wp.com\/tc4p.com\/wpsite\/wp-content\/uploads\/2019\/02\/AWP6x6-8.jpg?resize=300%2C200&amp;ssl=1 300w, https:\/\/i0.wp.com\/tc4p.com\/wpsite\/wp-content\/uploads\/2019\/02\/AWP6x6-8.jpg?resize=768%2C512&amp;ssl=1 768w\" sizes=\"auto, (max-width: 255px) 100vw, 255px\" \/><\/figure>\n<\/div>\n\n\n<p>El sistema HACCP es la forma m\u00e1s conocida y aceptada de asegurar la inocuidad de los alimentos. FDA la implant\u00f3 en las filas de sus funcionarios en 1973. USDA lo hizo obligatorio en aves y carnes (9 CFR 417), FDA en pescados, marisco y jugos de fruta (21 CFR 120 y 123). A partir de 2011 toda la industria que venda alimentos en USA debe cumplir con el sistema HACCP.<\/p>\n\n\n\n<h4 class=\"wp-block-heading\">HACCP y los compradores: <\/h4>\n\n\n\n<p>Para clientes y consumidores, la implantaci\u00f3n del sistema HACCP implica que los peligros de un proceso est\u00e1n bajo control. La planta que establece un sistema HACCP tiene el compromiso de mantenerlo y mejorarlo a la expectativa de cualquier peligro para la inocuidad, por lo que constituye una garant\u00eda de gesti\u00f3n certificable.<\/p>\n\n\n\n<h3 class=\"wp-block-heading\">2. Objetivos<\/h3>\n\n\n\n<p>En este seminario los participantes aprendan los principios te\u00f3ricos del sistema de an\u00e1lisis de peligros y puntos cr\u00edticos de control (HACCP) y su aplicaci\u00f3n pr\u00e1ctica para mantener la condici\u00f3n de inocuidad en las operaciones de la industria de alimentos.<br><\/p>\n\n\n\n<h3 class=\"wp-block-heading\">3. Contenidos<\/h3>\n\n\n\n<ul class=\"wp-block-list\"><li>Introducci\u00f3n a la inocuidad de los alimentos<\/li><li>Peligros y medidas de control<\/li><li>Buenas pr\u00e1cticas y dem\u00e1s programas prerrequisito<\/li><li>Los pasos previos al HACCP<\/li><li>Desarrollo te\u00f3rico y pr\u00e1ctico de los siete principios del HACCP<\/li><li>Elaboraci\u00f3n de un plan HACCP<\/li><li>Implantaci\u00f3n y mantenimiento del sistema<\/li><\/ul>\n\n\n\n<h3 class=\"wp-block-heading\">4. Dirigido a<\/h3>\n\n\n\n<p>El curso est\u00e1 dirigido a:<\/p>\n\n\n\n<ul class=\"wp-block-list\"><li>L\u00edderes y Responsables de los Sistemas de Gesti\u00f3n<\/li><li>Dise\u00f1adores de planes HACCP<\/li><li>Supervisores y Responsables de Temas de Inocuidad<\/li><li>Mandos Medios y L\u00edderes de Proceso<\/li><li>Auditores Internos y Asesores<\/li><li>Consultores<\/li><li>Futuros Auditores de Certificaci\u00f3n<\/li><\/ul>\n\n\n\n<h3 class=\"wp-block-heading\">5. Adem\u00e1s &#8230;<\/h3>\n\n\n\n<ul class=\"wp-block-list\"><li>Incluye material did\u00e1ctico y catering en el evento<\/li><li>Evaluaci\u00f3n escrito al final del curso<\/li><li>Training Certificate &#8220;HACCP&#8221;, adicionalmente con el Sello dorado de &#8220;International HACCP Alliance&#8221;<\/li><\/ul>\n\n\n\n<h3 class=\"wp-block-heading\">6. Duraci\u00f3n<\/h3>\n\n\n\n<p><strong>En l\u00ednea:<\/strong> Aprox. 24 hrs<\/p>\n\n\n\n<p>Los participantes pueden iniciar en el momento de su matriculaci\u00f3n y deben terminar en el periodo indicado en la descripci\u00f3n. Cada participante puede trabajar a su propio ritmo. El curso en linea es de forma intensivo. Por lo tanto es posible que unos participantes necesitaran menos tiempo de lo previsto y otros m\u00e1s. (Ver:&nbsp;<a href=\"https:\/\/tc4p.com\/wpsite\/preguntas-frecuentes-tc4p\/\" data-type=\"page\" data-id=\"31\">Presencial vs. En Linea<\/a>)<br><\/p>\n\n\n\n<h3 class=\"wp-block-heading\">Inscripci\u00f3n \/ Lugares y Fechas<\/h3>\n\n\n\n<ul class=\"wp-block-list\">\n<li>Presencial: En la <a href=\"https:\/\/tc4p.com\/wpsite\/agenda-presencial\/\" data-type=\"page\" data-id=\"134\"><strong><em>agenda<\/em><\/strong><\/a> se encuentran las fechas y lugares oficiales. El\u00a0<a rel=\"noreferrer noopener\" href=\"https:\/\/tc4p.com\/wpsite\/inscription.html\" target=\"_blank\"><strong><em>Formulario de Inscripci\u00f3n<\/em><\/strong><\/a>\u00a0le permite inscribirse en linea como participante en un curso presencial. <\/li>\n<\/ul>\n\n\n\n<p>Si este evento no aparece en ninguno de los dos paginas todav\u00eda no tiene fecha. Por favor comun\u00edquese con&nbsp;<a href=\"https:\/\/tc4p.com\/wpsite\/contacto\/\" data-type=\"page\" data-id=\"130\"><em><strong>nosotros<\/strong><\/em><\/a> para recibir m\u00e1s informaci\u00f3n, solicitar pedido especial o asistencia.<\/p>\n\n\n\n<p><strong><a href=\"https:\/\/tc4p.com\/wpsite\/agenda-presencial\/\" data-type=\"page\" data-id=\"134\"><em>Regresar a la Agenda<\/em><\/a><\/strong><\/p>\n","protected":false},"excerpt":{"rendered":"<p>HACCP Alliance &#8211; Curso Official (IC-001-24) HACCP EXPERT: Implementaci\u00f3n y Validaci\u00f3n HACCP en la Industria de Alimentos y sus Proveedores Resumen: En Linea Presencial Fecha: Cuando tu quieras ver Agenda &#8230;<\/p>\n","protected":false},"author":1,"featured_media":0,"parent":0,"menu_order":0,"comment_status":"closed","ping_status":"closed","template":"","meta":{"nf_dc_page":"","sns_share_botton_hide":"","vkExUnit_sns_title":"","_vk_print_noindex":"","sitemap_hide":"","vkExUnit_sitemap":"","_veu_custom_css":"","veu_display_promotion_alert":"","_exclude_from_list_pages":"","vkexunit_cta_each_option":"","vkExUnit_childPageIndex":"","vkExUnit_pageList_ancestor":"","vkExUnit_contact_enable":"","footnotes":""},"class_list":["post-263","page","type-page","status-publish","hentry"],"veu_head_title_object":{"title":"","add_site_title":""},"jetpack_sharing_enabled":true,"_links":{"self":[{"href":"https:\/\/tc4p.com\/wpsite\/wp-json\/wp\/v2\/pages\/263","targetHints":{"allow":["GET"]}}],"collection":[{"href":"https:\/\/tc4p.com\/wpsite\/wp-json\/wp\/v2\/pages"}],"about":[{"href":"https:\/\/tc4p.com\/wpsite\/wp-json\/wp\/v2\/types\/page"}],"author":[{"embeddable":true,"href":"https:\/\/tc4p.com\/wpsite\/wp-json\/wp\/v2\/users\/1"}],"replies":[{"embeddable":true,"href":"https:\/\/tc4p.com\/wpsite\/wp-json\/wp\/v2\/comments?post=263"}],"version-history":[{"count":5,"href":"https:\/\/tc4p.com\/wpsite\/wp-json\/wp\/v2\/pages\/263\/revisions"}],"predecessor-version":[{"id":2677,"href":"https:\/\/tc4p.com\/wpsite\/wp-json\/wp\/v2\/pages\/263\/revisions\/2677"}],"wp:attachment":[{"href":"https:\/\/tc4p.com\/wpsite\/wp-json\/wp\/v2\/media?parent=263"}],"curies":[{"name":"wp","href":"https:\/\/api.w.org\/{rel}","templated":true}]}}