{"id":2655,"date":"2022-05-17T18:21:38","date_gmt":"2022-05-18T00:21:38","guid":{"rendered":"https:\/\/tc4p.com\/wpsite\/?page_id=2655"},"modified":"2022-05-17T18:52:26","modified_gmt":"2022-05-18T00:52:26","slug":"ma-001-huella-de-carbono","status":"publish","type":"page","link":"https:\/\/tc4p.com\/wpsite\/ma-001-huella-de-carbono\/","title":{"rendered":"Huella de Carbono &#8211; ISO 14064 (MA-001)"},"content":{"rendered":"\n<p><strong>C\u00f3mo medir, reducir y<\/strong> c<strong>ompensar la huella de<\/strong> <strong>carbono<\/strong><\/p>\n\n\n\n<figure class=\"wp-block-table is-style-stripes\"><table><tbody><tr><td><strong><span class=\"has-inline-color has-vivid-red-color\">RESUMEN<\/span><\/strong><\/td><td><strong>En L\u00ednea<\/strong><\/td><td><strong>Presencial<\/strong><\/td><\/tr><tr><td><strong>Fecha:<\/strong><\/td><td>&#8212;<\/td><td>ver <a href=\"https:\/\/tc4p.com\/wpsite\/agenda-presencial\/\" data-type=\"page\" data-id=\"134\">Agenda<\/a><\/td><\/tr><tr><td><strong>Lugar:<\/strong><\/td><td>&#8212;<\/td><td>ver <a href=\"https:\/\/tc4p.com\/wpsite\/agenda-presencial\/\">Agenda<\/a><\/td><\/tr><tr><td><strong>Duraci\u00f3n:<\/strong><\/td><td>&#8212;<\/td><td>Aprox. 16 horas<\/td><\/tr><\/tbody><\/table><figcaption>Course Facts<\/figcaption><\/figure>\n\n\n\n<h3 class=\"wp-block-heading\">1. El Curso en breve<\/h3>\n\n\n\n<div class=\"wp-block-image\"><figure class=\"alignright size-full is-resized\"><img data-recalc-dims=\"1\" loading=\"lazy\" decoding=\"async\" src=\"https:\/\/i0.wp.com\/tc4p.com\/wpsite\/wp-content\/uploads\/2022\/05\/CO2.jpg?resize=339%2C247&#038;ssl=1\" alt=\"\" class=\"wp-image-2656\" width=\"339\" height=\"247\" srcset=\"https:\/\/i0.wp.com\/tc4p.com\/wpsite\/wp-content\/uploads\/2022\/05\/CO2.jpg?w=858&amp;ssl=1 858w, https:\/\/i0.wp.com\/tc4p.com\/wpsite\/wp-content\/uploads\/2022\/05\/CO2.jpg?resize=300%2C218&amp;ssl=1 300w, https:\/\/i0.wp.com\/tc4p.com\/wpsite\/wp-content\/uploads\/2022\/05\/CO2.jpg?resize=768%2C559&amp;ssl=1 768w\" sizes=\"auto, (max-width: 339px) 100vw, 339px\" \/><figcaption>La\u00a0<em>huella de carbono<\/em>\u00a0nace como una medida de cuantificar y generar un indicador del impacto que una actividad o proceso tiene sobre el cambio clim\u00e1tico<\/figcaption><\/figure><\/div>\n\n\n\n<p>Esta capacitaci\u00f3n actualiza sobre el efecto de los gases que causan el efecto invernadero y ense\u00f1a la metodolog\u00eda b\u00e1sica de medici\u00f3n de la huella de carbono, as\u00ed como las posibles medidas de reducci\u00f3n y compensaci\u00f3n.<\/p>\n\n\n\n<h3 class=\"wp-block-heading\">2. Objetivos<\/h3>\n\n\n\n<p>El objetivo general es la transferencia y\/o la actualizaci\u00f3n de conocimientos acerca de los Gases de Efecto Invernadero y su influencia en el medio ambiente; eso incluye aprender a tomar medidas para calcular, controlar y disminuir la Huella de Carbono en una empresa u organizaci\u00f3n.<\/p>\n\n\n\n<h3 class=\"wp-block-heading\">3. Contenidos<\/h3>\n\n\n\n<ul class=\"wp-block-list\"><li>La huella de carbono en El Salvador <\/li><li>Gases efecto invernadero GEI y su rol <\/li><li>Importancia de la huella de carbono para su empresa. Datos de actividad <\/li><li>Fuentes y factores de emisiones Intl. y Local <\/li><li>Uso de equivalencias en CO2 <\/li><li>Calculo y Calculadoras <\/li><li>Certificaci\u00f3n de la Huella de Carbono.<\/li><\/ul>\n\n\n\n<h3 class=\"wp-block-heading\">4. Dirigido a<\/h3>\n\n\n\n<p>El curso est\u00e1 dirigido a todos los profesionales que son responsables en una organizaci\u00f3n de la promoci\u00f3n, divulgaci\u00f3n, establecimiento, implementaci\u00f3n y supervisi\u00f3n de pol\u00edticas para el control y reducci\u00f3n de la huella de carbono.<\/p>\n\n\n\n<h3 class=\"wp-block-heading\">5. Adem\u00e1s \u2026<\/h3>\n\n\n\n<ul class=\"wp-block-list\"><li>Incluye material did\u00e1ctico y catering en el evento<\/li><li>Training Certificate<\/li><\/ul>\n\n\n\n<h3 class=\"wp-block-heading\">6. Duraci\u00f3n<\/h3>\n\n\n\n<p>16 horas (2 d\u00edas consecutivos)<\/p>\n\n\n\n<h3 class=\"wp-block-heading\">Inscripci\u00f3n \/ Lugares y Fechas<\/h3>\n\n\n\n<ul class=\"wp-block-list\">\n<li>Presencial: En la <a href=\"https:\/\/tc4p.com\/wpsite\/agenda-presencial\/\" data-type=\"page\" data-id=\"134\"><strong><em>agenda<\/em><\/strong><\/a> se encuentran las fechas y lugares oficiales. El\u00a0<a rel=\"noreferrer noopener\" href=\"https:\/\/tc4p.com\/wpsite\/inscription.html\" target=\"_blank\"><strong><em>Formulario de Inscripci\u00f3n<\/em><\/strong><\/a>\u00a0le permite inscribirse en linea como participante en un curso presencial. <\/li>\n<\/ul>\n\n\n\n<p>Si este evento no aparece en ninguno de los dos paginas todav\u00eda no tiene fecha. Por favor comun\u00edquese con&nbsp;<a href=\"https:\/\/tc4p.com\/wpsite\/contacto\/\" data-type=\"page\" data-id=\"130\"><em><strong>nosotros<\/strong><\/em><\/a> para recibir m\u00e1s informaci\u00f3n, solicitar pedido especial o asistencia.<\/p>\n\n\n\n<p><strong><a href=\"https:\/\/tc4p.com\/wpsite\/agenda-presencial\/\" data-type=\"page\" data-id=\"134\"><em>Regresar a la Agenda<\/em><\/a><\/strong><\/p>\n","protected":false},"excerpt":{"rendered":"<p>C\u00f3mo medir, reducir y compensar la huella de carbono RESUMEN En L\u00ednea Presencial Fecha: &#8212; ver Agenda Lugar: &#8212; ver Agenda Duraci\u00f3n: &#8212; Aprox. 16 horas Course Facts 1. El &#8230;<\/p>\n","protected":false},"author":1,"featured_media":0,"parent":0,"menu_order":0,"comment_status":"closed","ping_status":"closed","template":"","meta":{"nf_dc_page":"","sns_share_botton_hide":"","vkExUnit_sns_title":"","_vk_print_noindex":"","sitemap_hide":"","vkExUnit_sitemap":"","_veu_custom_css":"","veu_display_promotion_alert":"","_exclude_from_list_pages":"","vkexunit_cta_each_option":"","vkExUnit_childPageIndex":"","vkExUnit_pageList_ancestor":"","vkExUnit_contact_enable":"","footnotes":""},"class_list":["post-2655","page","type-page","status-publish","hentry"],"veu_head_title_object":{"title":"","add_site_title":""},"jetpack_sharing_enabled":true,"_links":{"self":[{"href":"https:\/\/tc4p.com\/wpsite\/wp-json\/wp\/v2\/pages\/2655","targetHints":{"allow":["GET"]}}],"collection":[{"href":"https:\/\/tc4p.com\/wpsite\/wp-json\/wp\/v2\/pages"}],"about":[{"href":"https:\/\/tc4p.com\/wpsite\/wp-json\/wp\/v2\/types\/page"}],"author":[{"embeddable":true,"href":"https:\/\/tc4p.com\/wpsite\/wp-json\/wp\/v2\/users\/1"}],"replies":[{"embeddable":true,"href":"https:\/\/tc4p.com\/wpsite\/wp-json\/wp\/v2\/comments?post=2655"}],"version-history":[{"count":3,"href":"https:\/\/tc4p.com\/wpsite\/wp-json\/wp\/v2\/pages\/2655\/revisions"}],"predecessor-version":[{"id":2662,"href":"https:\/\/tc4p.com\/wpsite\/wp-json\/wp\/v2\/pages\/2655\/revisions\/2662"}],"wp:attachment":[{"href":"https:\/\/tc4p.com\/wpsite\/wp-json\/wp\/v2\/media?parent=2655"}],"curies":[{"name":"wp","href":"https:\/\/api.w.org\/{rel}","templated":true}]}}