{"id":2705,"date":"2022-09-12T15:36:55","date_gmt":"2022-09-12T21:36:55","guid":{"rendered":"https:\/\/tc4p.com\/wpsite\/?page_id=2705"},"modified":"2022-09-12T17:40:44","modified_gmt":"2022-09-12T23:40:44","slug":"los-alergenos-peligros-que-escogen-a-sus-victimas","status":"publish","type":"page","link":"https:\/\/tc4p.com\/wpsite\/los-alergenos-peligros-que-escogen-a-sus-victimas\/","title":{"rendered":"Los Al\u00e9rgenos: Peligros que escogen a sus v\u00edctimas"},"content":{"rendered":"\n<p>Sabes cuanta gente muere&nbsp;cada a\u00f1o por los al\u00e9rgenos?? Protege a&nbsp;tus clientes y tu empresa contra demandas y s\u00e9&nbsp;responsable con el etiquetado. Conoce&nbsp;el impacto de nueva ley FASTER&nbsp;en tu empresa y cumple con los requisitos para evitar multas y represalias.&nbsp;<\/p>\n\n\n\n<div class=\"wp-block-media-text is-stacked-on-mobile\" style=\"grid-template-columns:33% auto\"><figure class=\"wp-block-media-text__media\"><a href=\"https:\/\/tc4p.com\/wpsite\/inscription.html\"><img data-recalc-dims=\"1\" loading=\"lazy\" decoding=\"async\" width=\"720\" height=\"540\" src=\"https:\/\/i0.wp.com\/tc4p.com\/wpsite\/wp-content\/uploads\/2022\/09\/alegenos.jpg?resize=720%2C540&#038;ssl=1\" alt=\"\" class=\"wp-image-2709 size-full\" srcset=\"https:\/\/i0.wp.com\/tc4p.com\/wpsite\/wp-content\/uploads\/2022\/09\/alegenos.jpg?w=720&amp;ssl=1 720w, https:\/\/i0.wp.com\/tc4p.com\/wpsite\/wp-content\/uploads\/2022\/09\/alegenos.jpg?resize=300%2C225&amp;ssl=1 300w\" sizes=\"auto, (max-width: 720px) 100vw, 720px\" \/><\/a><\/figure><div class=\"wp-block-media-text__content\">\n<p><strong>Temas Principales:<\/strong><\/p>\n\n\n\n<ul class=\"wp-block-list\"><li>Las alergias como peligro para la salud<\/li><li>Los al\u00e9rgenos en el marco legal en los Estados Unidos y en Uni\u00f3n Europea<\/li><li>Al\u00e9rgenos m\u00e1s frecuentes<\/li><li>Medidas de control en planta<\/li><li>Recursos anal\u00edticos<\/li><li>Etiquetado<\/li><\/ul>\n<\/div><\/div>\n\n\n\n<hr class=\"wp-block-separator has-alpha-channel-opacity is-style-wide\"\/>\n\n\n\n<div class=\"wp-block-media-text is-stacked-on-mobile\" style=\"grid-template-columns:27% auto\"><figure class=\"wp-block-media-text__media\"><a href=\"https:\/\/www.youtube.com\/watch?v=p4-u4ouoOtY\"><img data-recalc-dims=\"1\" loading=\"lazy\" decoding=\"async\" width=\"640\" height=\"428\" src=\"https:\/\/i0.wp.com\/tc4p.com\/wpsite\/wp-content\/uploads\/2022\/09\/5alergenos.jpg?resize=640%2C428&#038;ssl=1\" alt=\"\" class=\"wp-image-2711 size-full\" srcset=\"https:\/\/i0.wp.com\/tc4p.com\/wpsite\/wp-content\/uploads\/2022\/09\/5alergenos.jpg?w=640&amp;ssl=1 640w, https:\/\/i0.wp.com\/tc4p.com\/wpsite\/wp-content\/uploads\/2022\/09\/5alergenos.jpg?resize=300%2C201&amp;ssl=1 300w\" sizes=\"auto, (max-width: 640px) 100vw, 640px\" \/><\/a><\/figure><div class=\"wp-block-media-text__content\">\n<p><strong>Video Educativo: <a href=\"https:\/\/www.youtube.com\/watch?v=p4-u4ouoOtY\">5 COSAS que NECESITAS SABER sobre los AL\u00c9RGENOS!<\/a><\/strong><\/p>\n<\/div><\/div>\n\n\n\n<hr class=\"wp-block-separator has-alpha-channel-opacity is-style-wide\"\/>\n\n\n\n<p><strong>Para:<\/strong> Gerentes, mandos medios y l\u00edderes de proceso de calidad o inocuidad de alimentos<\/p>\n\n\n\n<p><\/p>\n\n\n\n<h3 class=\"wp-block-heading\">Inscripci\u00f3n \/ Lugares y Fechas<\/h3>\n\n\n\n<ul class=\"wp-block-list\">\n<li>Presencial: En la <a href=\"https:\/\/tc4p.com\/wpsite\/agenda-presencial\/\" data-type=\"page\" data-id=\"134\"><strong><em>agenda<\/em><\/strong><\/a> se encuentran las fechas y lugares oficiales. El\u00a0<a rel=\"noreferrer noopener\" href=\"https:\/\/tc4p.com\/wpsite\/inscription.html\" target=\"_blank\"><strong><em>Formulario de Inscripci\u00f3n<\/em><\/strong><\/a>\u00a0le permite inscribirse en linea como participante en un curso presencial. <\/li>\n<\/ul>\n\n\n\n<p>Si este evento no aparece en ninguno de los dos paginas todav\u00eda no tiene fecha. Por favor comun\u00edquese con&nbsp;<a href=\"https:\/\/tc4p.com\/wpsite\/contacto\/\" data-type=\"page\" data-id=\"130\"><em><strong>nosotros<\/strong><\/em><\/a> para recibir m\u00e1s informaci\u00f3n, solicitar pedido especial o asistencia.<\/p>\n\n\n\n<p><strong><a href=\"https:\/\/tc4p.com\/wpsite\/agenda-presencial\/\" data-type=\"page\" data-id=\"134\"><em>Regresar a la Agenda<\/em><\/a><\/strong><\/p>\n","protected":false},"excerpt":{"rendered":"<p>Sabes cuanta gente muere&nbsp;cada a\u00f1o por los al\u00e9rgenos?? Protege a&nbsp;tus clientes y tu empresa contra demandas y s\u00e9&nbsp;responsable con el etiquetado. Conoce&nbsp;el impacto de nueva ley FASTER&nbsp;en tu empresa y &#8230;<\/p>\n","protected":false},"author":1,"featured_media":0,"parent":0,"menu_order":0,"comment_status":"closed","ping_status":"closed","template":"","meta":{"nf_dc_page":"","sns_share_botton_hide":"","vkExUnit_sns_title":"","_vk_print_noindex":"","sitemap_hide":"","vkExUnit_sitemap":"","_veu_custom_css":"","veu_display_promotion_alert":"","_exclude_from_list_pages":"","vkexunit_cta_each_option":"","vkExUnit_childPageIndex":"","vkExUnit_pageList_ancestor":"","vkExUnit_contact_enable":"","footnotes":""},"class_list":["post-2705","page","type-page","status-publish","hentry"],"veu_head_title_object":{"title":"","add_site_title":""},"jetpack_sharing_enabled":true,"_links":{"self":[{"href":"https:\/\/tc4p.com\/wpsite\/wp-json\/wp\/v2\/pages\/2705","targetHints":{"allow":["GET"]}}],"collection":[{"href":"https:\/\/tc4p.com\/wpsite\/wp-json\/wp\/v2\/pages"}],"about":[{"href":"https:\/\/tc4p.com\/wpsite\/wp-json\/wp\/v2\/types\/page"}],"author":[{"embeddable":true,"href":"https:\/\/tc4p.com\/wpsite\/wp-json\/wp\/v2\/users\/1"}],"replies":[{"embeddable":true,"href":"https:\/\/tc4p.com\/wpsite\/wp-json\/wp\/v2\/comments?post=2705"}],"version-history":[{"count":4,"href":"https:\/\/tc4p.com\/wpsite\/wp-json\/wp\/v2\/pages\/2705\/revisions"}],"predecessor-version":[{"id":2714,"href":"https:\/\/tc4p.com\/wpsite\/wp-json\/wp\/v2\/pages\/2705\/revisions\/2714"}],"wp:attachment":[{"href":"https:\/\/tc4p.com\/wpsite\/wp-json\/wp\/v2\/media?parent=2705"}],"curies":[{"name":"wp","href":"https:\/\/api.w.org\/{rel}","templated":true}]}}