{"id":272,"date":"2019-02-09T00:34:58","date_gmt":"2019-02-09T00:34:58","guid":{"rendered":"https:\/\/trainingcamp.pro\/wpsite\/?page_id=272"},"modified":"2020-11-06T17:15:43","modified_gmt":"2020-11-06T23:15:43","slug":"s003-introduccion-en-la-nueva-iso-450012018","status":"publish","type":"page","link":"https:\/\/tc4p.com\/wpsite\/s003-introduccion-en-la-nueva-iso-450012018\/","title":{"rendered":"S003 INTRODUCCI\u00d3N EN LA NUEVA ISO 45001:2018"},"content":{"rendered":"\n<h2 class=\"wp-block-heading\"><strong>INTRODUCCI\u00d3N EN LA NUEVA ISO 45001:2018<\/strong><\/h2>\n\n\n\n<div class=\"wp-block-image\"><figure class=\"alignleft is-resized\"><img data-recalc-dims=\"1\" loading=\"lazy\" decoding=\"async\" src=\"https:\/\/i0.wp.com\/trainingcamp.pro\/wpsite\/wp-content\/uploads\/2019\/02\/S003_ISO45-8H.jpg?resize=180%2C240&#038;ssl=1\" alt=\"\" class=\"wp-image-273\" width=\"180\" height=\"240\" srcset=\"https:\/\/i0.wp.com\/tc4p.com\/wpsite\/wp-content\/uploads\/2019\/02\/S003_ISO45-8H.jpg?w=720&amp;ssl=1 720w, https:\/\/i0.wp.com\/tc4p.com\/wpsite\/wp-content\/uploads\/2019\/02\/S003_ISO45-8H.jpg?resize=225%2C300&amp;ssl=1 225w\" sizes=\"auto, (max-width: 180px) 100vw, 180px\" \/><\/figure><\/div>\n\n\n\n<p><strong>Pre\u00e1mbulo<\/strong>: La ISO 45001 ayudar\u00e1 a las organizaciones proporcionando un marco para mejorar la seguridad de los empleados, reducir los riesgos en el lugar de trabajo y crear mejores y m\u00e1s seguras condiciones de trabajo en todo el mundo. La ISO 45001 est\u00e1 destinada a ser utilizada por cualquier organizaci\u00f3n, independientemente de su tama\u00f1o o la naturaleza de su trabajo, y puede ser integrada en otros programas de salud y seguridad tales como bienestar y bienestar del trabajador. Tambi\u00e9n aborda muchos, si no todos, los requisitos legales en esta \u00e1rea.&nbsp;<\/p>\n\n\n\n<h3 class=\"wp-block-heading\">1. El Curso en breve (S003-18)<\/h3>\n\n\n\n<p>El participante conocer\u00e1 con este evento, en un solo d\u00eda, los fundamentos del Sistema de Gesti\u00f3n de Seguridad y Salud Ocupacional en su nueva Versi\u00f3n ISO 45001: 2018. Aprender\u00e1 a identificar la estructura e interpretar los requisitos de un Sistema de Gesti\u00f3n de Seguridad y Salud Ocupacional. Obtendr\u00e1 conocimientos esenciales acerca de la nueva ISO 45001:2018, sus t\u00e9rminos claves y las definiciones relacionadas para interpretar los conceptos y principios claves de la nueva edici\u00f3n del est\u00e1ndar y aplicarlos a los procesos existentes dentro de su organizaci\u00f3n.<\/p>\n\n\n\n<h3 class=\"wp-block-heading\">2. Objetivos<\/h3>\n\n\n\n<p>Brindar a los participantes una visi\u00f3n general y conocer los beneficios de tener implementado un Sistema de Gesti\u00f3n de Seguridad y Salud Ocupacional bajo Norma ISO 45001:2018 para apoyar a las organizaciones en el cumplimiento de sus requisitos legales y otras obligaciones de cumplimiento en temas de seguridad y salud ocupacional.<\/p>\n\n\n\n<h3 class=\"wp-block-heading\">3. Contenidos<\/h3>\n\n\n\n<ul class=\"wp-block-list\"><li>Introducci\u00f3n en la materia<\/li><li>Importancia de la Norma ISO 45001:2018<\/li><li>Prop\u00f3sito de la Norma ISO 45001:2018<\/li><li>Enfoque Sistem\u00e1tico para la Gesti\u00f3n de Seguridad y Salud Ocupacional<\/li><li>Factores de \u00e9xito<\/li><li>Requisitos legales relacionados con la Seguridad y Salud en el lugar de trabajo<\/li><li>Aplicaci\u00f3n de la Norma ISO 45001:2018<\/li><li>Ciclo de Mejora Continua<\/li><li>Requisitos y Aplicaci\u00f3n<\/li><li>Conclusiones y cierre<\/li><\/ul>\n\n\n\n<h3 class=\"wp-block-heading\">4. Dirigido a<\/h3>\n\n\n\n<p>La capacitaci\u00f3n es ideal para empresas que buscan actualizaci\u00f3n a la nueva Norma y\/o implementaci\u00f3n de un Sistema de Gesti\u00f3n de Salud y Seguridad Ocupacional bajo Norma ISO 45001:2018<br>&nbsp;<br>El curso est\u00e1 dirigido a:<\/p>\n\n\n\n<ul class=\"wp-block-list\"><li>L\u00edderes y Supervisores de proceso, mandos superiores y medios&nbsp;<\/li><li>Integrantes del equipo gerencial<\/li><li>Representante de la direcci\u00f3n<\/li><li>Gerentes y Responsables de los sistemas de gesti\u00f3n<\/li><li>Personal involucrado en seguridad y salud ocupacional<\/li><\/ul>\n\n\n\n<p>Curso introductorio que no requiere conocimientos previos en el tema.<br><\/p>\n\n\n\n<h3 class=\"wp-block-heading\">5. Adem\u00e1s &#8230;<\/h3>\n\n\n\n<ul class=\"wp-block-list\"><li>Incluye material did\u00e1ctico<\/li><li>Training Certificate<\/li><li>Catering (solo Evento abierto)<br><br><\/li><\/ul>\n\n\n\n<h3 class=\"wp-block-heading\">6. Duraci\u00f3n<\/h3>\n\n\n\n<p>6.1 Implementaci\u00f3n in-house en 1 d\u00eda \/ 8\u00a0horas<br>6.2 Implementaci\u00f3n en nuestro sede de capacitaciones\u00a0en 1 d\u00eda \/ 8 horas (incluye catering)<\/p>\n\n\n\n<h3 class=\"wp-block-heading\">Inscripci\u00f3n \/ Lugares y Fechas<\/h3>\n\n\n\n<ul class=\"wp-block-list\">\n<li>Presencial: En la <a href=\"https:\/\/tc4p.com\/wpsite\/agenda-presencial\/\" data-type=\"page\" data-id=\"134\"><strong><em>agenda<\/em><\/strong><\/a> se encuentran las fechas y lugares oficiales. El\u00a0<a rel=\"noreferrer noopener\" href=\"https:\/\/tc4p.com\/wpsite\/inscription.html\" target=\"_blank\"><strong><em>Formulario de Inscripci\u00f3n<\/em><\/strong><\/a>\u00a0le permite inscribirse en linea como participante en un curso presencial. <\/li>\n<\/ul>\n\n\n\n<p>Si este evento no aparece en ninguno de los dos paginas todav\u00eda no tiene fecha. Por favor comun\u00edquese con&nbsp;<a href=\"https:\/\/tc4p.com\/wpsite\/contacto\/\" data-type=\"page\" data-id=\"130\"><em><strong>nosotros<\/strong><\/em><\/a> para recibir m\u00e1s informaci\u00f3n, solicitar pedido especial o asistencia.<\/p>\n\n\n\n<p><strong><a href=\"https:\/\/tc4p.com\/wpsite\/agenda-presencial\/\" data-type=\"page\" data-id=\"134\"><em>Regresar a la Agenda<\/em><\/a><\/strong><\/p>\n","protected":false},"excerpt":{"rendered":"<p>INTRODUCCI\u00d3N EN LA NUEVA ISO 45001:2018 Pre\u00e1mbulo: La ISO 45001 ayudar\u00e1 a las organizaciones proporcionando un marco para mejorar la seguridad de los empleados, reducir los riesgos en el lugar &#8230;<\/p>\n","protected":false},"author":1,"featured_media":0,"parent":0,"menu_order":0,"comment_status":"closed","ping_status":"closed","template":"","meta":{"nf_dc_page":"","sns_share_botton_hide":"","vkExUnit_sns_title":"","_vk_print_noindex":"","sitemap_hide":"","vkExUnit_sitemap":"","_veu_custom_css":"","veu_display_promotion_alert":"","_exclude_from_list_pages":"","vkexunit_cta_each_option":"","vkExUnit_childPageIndex":"","vkExUnit_pageList_ancestor":"","vkExUnit_contact_enable":"","footnotes":""},"class_list":["post-272","page","type-page","status-publish","hentry"],"veu_head_title_object":{"title":"","add_site_title":""},"jetpack_sharing_enabled":true,"_links":{"self":[{"href":"https:\/\/tc4p.com\/wpsite\/wp-json\/wp\/v2\/pages\/272","targetHints":{"allow":["GET"]}}],"collection":[{"href":"https:\/\/tc4p.com\/wpsite\/wp-json\/wp\/v2\/pages"}],"about":[{"href":"https:\/\/tc4p.com\/wpsite\/wp-json\/wp\/v2\/types\/page"}],"author":[{"embeddable":true,"href":"https:\/\/tc4p.com\/wpsite\/wp-json\/wp\/v2\/users\/1"}],"replies":[{"embeddable":true,"href":"https:\/\/tc4p.com\/wpsite\/wp-json\/wp\/v2\/comments?post=272"}],"version-history":[{"count":1,"href":"https:\/\/tc4p.com\/wpsite\/wp-json\/wp\/v2\/pages\/272\/revisions"}],"predecessor-version":[{"id":2459,"href":"https:\/\/tc4p.com\/wpsite\/wp-json\/wp\/v2\/pages\/272\/revisions\/2459"}],"wp:attachment":[{"href":"https:\/\/tc4p.com\/wpsite\/wp-json\/wp\/v2\/media?parent=272"}],"curies":[{"name":"wp","href":"https:\/\/api.w.org\/{rel}","templated":true}]}}