{"id":276,"date":"2019-02-09T00:37:26","date_gmt":"2019-02-09T00:37:26","guid":{"rendered":"https:\/\/trainingcamp.pro\/wpsite\/?page_id=276"},"modified":"2020-11-06T17:15:11","modified_gmt":"2020-11-06T23:15:11","slug":"s002-supply-chain-management-security-scms","status":"publish","type":"page","link":"https:\/\/tc4p.com\/wpsite\/s002-supply-chain-management-security-scms\/","title":{"rendered":"S002 SUPPLY CHAIN MANAGEMENT SECURITY (SCMS)"},"content":{"rendered":"\n<h2 class=\"wp-block-heading\"><strong>SUPPLY CHAIN MANAGEMENT SECURITY (SCMS)<\/strong><\/h2>\n\n\n\n<p><strong>Preambulo<\/strong>: Las empresas y el transporte global de mercanc\u00edas esta expuesto a muchas amenazas, incluyendo el robo, el terrorismo, el contrabando, la preservaci\u00f3n de la integridad de la marca y la seguridad del producto. Hasta hoy nunca ha sido tan complejo. Todas las empresas que forman parte de una cadena de proveedores ahora deben demostrar que han identificado aspectos cr\u00edticos para la seguridad de su cadena de suministro y que tienen pol\u00edticas, procedimientos y controles para gestionar los riesgos de seguridad.<\/p>\n\n\n\n<p>Con ISO 28000 el mundo de negocios tiene a mano un est\u00e1ndar y una gu\u00eda de seguridad para todas las organizaciones que forman parte de una cadena de suministro; comenzando con los servicios y la producci\u00f3n, el almacenamiento, la distribuci\u00f3n (incluyendo toda la cadena de transporte por carretera, ferrocarril, mar o aire), hasta el destinatario. Con la implementaci\u00f3n de un sistema de gesti\u00f3n de seguridad de acuerdo con la norma ISO 28000, una organizaci\u00f3n mejora la fiabilidad y la seguridad en toda la cadena de suministro. Mercanc\u00edas de alto valor o mercanc\u00edas peligrosas pueden ser transportadas alrededor del mundo y almacenadas de manera m\u00e1s segura. Es la manera mas eficiente de evitar perdida de bienes y valores y dar confianza a sus clientes.<\/p>\n\n\n\n<p>Un SCMS est\u00e1 dise\u00f1ado para organizaciones que desean mejorar sus procesos de seguridad en lo que se refiere a prevenci\u00f3n, implementaci\u00f3n, trazabilidad y documentaci\u00f3n. Adem\u00e1s, un sistema de gesti\u00f3n de la seguridad contribuye significativamente a aumentar la conciencia de seguridad en todos los niveles de la organizaci\u00f3n. Los est\u00e1ndares de seguridad que ya se han implementado (AEO, BASC, C-TPAT, TAPA, etc.) pueden agruparse en un sistema integral de acuerdo con ISO 28000. Las organizaciones internacionalmente activas logran as\u00ed un procesamiento m\u00e1s r\u00e1pido, m\u00e1s rentable y mejor documentado de sus actividades de&nbsp;d\u00eda-a-d\u00eda.<\/p>\n\n\n\n<h3 class=\"wp-block-heading\">1. El Curso en breve (S002-18)<\/h3>\n\n\n\n<div class=\"wp-block-image\"><figure class=\"alignleft size-large is-resized\"><a href=\"https:\/\/i0.wp.com\/trainingcamp.pro\/wpsite\/wp-content\/uploads\/2020\/02\/S002-2020.png?ssl=1\"><img data-recalc-dims=\"1\" loading=\"lazy\" decoding=\"async\" src=\"https:\/\/i0.wp.com\/trainingcamp.pro\/wpsite\/wp-content\/uploads\/2020\/02\/S002-2020-730x1024.png?resize=286%2C401&#038;ssl=1\" alt=\"\" class=\"wp-image-1486\" width=\"286\" height=\"401\"\/><\/a><\/figure><\/div>\n\n\n\n<p>Esta capacitaci\u00f3n prepara a todas aquellas organizaciones y empresas que han decidido no ser victimas de actos criminales. Es una orientaci\u00f3n inicial abarcando e interpretando los requisitos de la ISO 28000, acompa\u00f1ada con ejemplos y talleres relacionados a la introducci\u00f3n de una pol\u00edtica de seguridad y la respectiva atenci\u00f3n a los riesgos y peligros relacionados con la cadena de abastecimiento y productivo.<\/p>\n\n\n\n<h3 class=\"wp-block-heading\">2. Objetivos &amp; Beneficios<\/h3>\n\n\n\n<p>El participante podr\u00e1 iniciar con el desarrollo y la implementaci\u00f3n de un Sistema de Seguridad en la cadena productiva. Conociendo los conceptos de ISO 28000 como herramienta, asegurar\u00e1 la cadena productiva y de abastecimiento. Ser\u00e1 capaz de identificar riesgos, clasificarlos y establecer procesos de Seguridad para mitigarlos.&nbsp;<\/p>\n\n\n\n<p>Los principales beneficios que recibe la empresa por la aplicaci\u00f3n de estas medidas son:<br><\/p>\n\n\n\n<ul class=\"wp-block-list\"><li>Reducci\u00f3n de robo, vandalismo, actos criminales, etc.<\/li><li>Aumentar seguridad personal, empresarial y operacional<\/li><li>Aplicaci\u00f3n de medidas de seguridad adecuadas, a trav\u00e9s de un an\u00e1lisis de riesgos<\/li><li>Mayor seguridad para los procesos de generaci\u00f3n de valor, por ejemplo, procesos de almacenamiento)<\/li><li>Agrupaci\u00f3n de diversas iniciativas de seguridad internacional (ISPS, AEO, TAPA, &#8230;)<\/li><li>Mejora de la confianza del cliente y menor riesgo de responsabilidad<\/li><\/ul>\n\n\n\n<h3 class=\"wp-block-heading\">3. Contenidos<\/h3>\n\n\n\n<ul class=\"wp-block-list\"><li>La necesidad de tener un SCMS<\/li><li>Conceptos claves<\/li><li>Cadena de suministro y regulaciones<\/li><li>Requisitos de ISO 28000<\/li><li>Conformidad y rendimiento<\/li><li>Pol\u00edtica de gesti\u00f3n de la seguridad<\/li><li>Conociendo los tipos de riesgo<\/li><li>Evaluaci\u00f3n y Planificaci\u00f3n de la Atenci\u00f3n Riesgos<\/li><li>Configuraci\u00f3n de un Sistema de Gesti\u00f3n de Riesgos<\/li><li>Riesgos a atender &#8211; Listados de Riesgos<\/li><li>Desarrollando de un Programa de Seguridad<\/li><li>Implementaci\u00f3n y operaci\u00f3n de ISO 28000<\/li><li>Revisi\u00f3n de Gesti\u00f3n y Mejora Continua<\/li><\/ul>\n\n\n\n<h3 class=\"wp-block-heading\">4. Dirigido a<\/h3>\n\n\n\n<p>El curso est\u00e1 dirigido a<\/p>\n\n\n\n<ul class=\"wp-block-list\"><li>Representantes de la Alta direcci\u00f3n, L\u00edderes de proceso<\/li><li>Mandos superiores y medios<\/li><li>Auditores e Integrantes del equipo de seguridad<\/li><li>Miembros del personal que se involucran en la cadena productiva, en la cadena de suministros de bienes y servicios, en la log\u00edstica y distribuci\u00f3n.<\/li><li>Compradores de servicios y de materia prima<\/li><\/ul>\n\n\n\n<h3 class=\"wp-block-heading\">5. Adem\u00e1s &#8230;<\/h3>\n\n\n\n<ul class=\"wp-block-list\"><li>Incluye material did\u00e1ctico<\/li><li>Training Certificate<\/li><li>Catering en el evento<\/li><\/ul>\n\n\n\n<h3 class=\"wp-block-heading\">6. Duraci\u00f3n<\/h3>\n\n\n\n<ul class=\"wp-block-list\"><li>Implementaci\u00f3n en 2 d\u00edas (16 horas)<\/li><\/ul>\n\n\n\n<h3 class=\"wp-block-heading\">Inscripci\u00f3n \/ Lugares y Fechas<\/h3>\n\n\n\n<ul class=\"wp-block-list\">\n<li>Presencial: En la <a href=\"https:\/\/tc4p.com\/wpsite\/agenda-presencial\/\" data-type=\"page\" data-id=\"134\"><strong><em>agenda<\/em><\/strong><\/a> se encuentran las fechas y lugares oficiales. El\u00a0<a rel=\"noreferrer noopener\" href=\"https:\/\/tc4p.com\/wpsite\/inscription.html\" target=\"_blank\"><strong><em>Formulario de Inscripci\u00f3n<\/em><\/strong><\/a>\u00a0le permite inscribirse en linea como participante en un curso presencial. <\/li>\n<\/ul>\n\n\n\n<p>Si este evento no aparece en ninguno de los dos paginas todav\u00eda no tiene fecha. Por favor comun\u00edquese con&nbsp;<a href=\"https:\/\/tc4p.com\/wpsite\/contacto\/\" data-type=\"page\" data-id=\"130\"><em><strong>nosotros<\/strong><\/em><\/a> para recibir m\u00e1s informaci\u00f3n, solicitar pedido especial o asistencia.<\/p>\n\n\n\n<p><strong><a href=\"https:\/\/tc4p.com\/wpsite\/agenda-presencial\/\" data-type=\"page\" data-id=\"134\"><em>Regresar a la Agenda<\/em><\/a><\/strong><\/p>\n","protected":false},"excerpt":{"rendered":"<p>SUPPLY CHAIN MANAGEMENT SECURITY (SCMS) Preambulo: Las empresas y el transporte global de mercanc\u00edas esta expuesto a muchas amenazas, incluyendo el robo, el terrorismo, el contrabando, la preservaci\u00f3n de la &#8230;<\/p>\n","protected":false},"author":1,"featured_media":0,"parent":0,"menu_order":0,"comment_status":"closed","ping_status":"closed","template":"","meta":{"nf_dc_page":"","sns_share_botton_hide":"","vkExUnit_sns_title":"","_vk_print_noindex":"","sitemap_hide":"","vkExUnit_sitemap":"","_veu_custom_css":"","veu_display_promotion_alert":"","_exclude_from_list_pages":"","vkexunit_cta_each_option":"","vkExUnit_childPageIndex":"","vkExUnit_pageList_ancestor":"","vkExUnit_contact_enable":"","footnotes":""},"class_list":["post-276","page","type-page","status-publish","hentry"],"veu_head_title_object":{"title":"","add_site_title":""},"jetpack_sharing_enabled":true,"_links":{"self":[{"href":"https:\/\/tc4p.com\/wpsite\/wp-json\/wp\/v2\/pages\/276","targetHints":{"allow":["GET"]}}],"collection":[{"href":"https:\/\/tc4p.com\/wpsite\/wp-json\/wp\/v2\/pages"}],"about":[{"href":"https:\/\/tc4p.com\/wpsite\/wp-json\/wp\/v2\/types\/page"}],"author":[{"embeddable":true,"href":"https:\/\/tc4p.com\/wpsite\/wp-json\/wp\/v2\/users\/1"}],"replies":[{"embeddable":true,"href":"https:\/\/tc4p.com\/wpsite\/wp-json\/wp\/v2\/comments?post=276"}],"version-history":[{"count":1,"href":"https:\/\/tc4p.com\/wpsite\/wp-json\/wp\/v2\/pages\/276\/revisions"}],"predecessor-version":[{"id":2458,"href":"https:\/\/tc4p.com\/wpsite\/wp-json\/wp\/v2\/pages\/276\/revisions\/2458"}],"wp:attachment":[{"href":"https:\/\/tc4p.com\/wpsite\/wp-json\/wp\/v2\/media?parent=276"}],"curies":[{"name":"wp","href":"https:\/\/api.w.org\/{rel}","templated":true}]}}