{"id":2760,"date":"2023-03-03T11:40:39","date_gmt":"2023-03-03T17:40:39","guid":{"rendered":"https:\/\/tc4p.com\/wpsite\/?page_id=2760"},"modified":"2023-03-03T11:49:04","modified_gmt":"2023-03-03T17:49:04","slug":"trade-fair-preparacion-y-participacion-exitosa","status":"publish","type":"page","link":"https:\/\/tc4p.com\/wpsite\/trade-fair-preparacion-y-participacion-exitosa\/","title":{"rendered":"Trade Fair &#8211; Preparaci\u00f3n y Participaci\u00f3n exitosa"},"content":{"rendered":"\n<h2 class=\"wp-block-heading\"><strong>Successful Trade Fair Participation<\/strong> &#8211; Planning and Participation<\/h2>\n\n\n\n<figure class=\"wp-block-table is-style-stripes\"><table><tbody><tr><td><strong><span class=\"has-inline-color has-vivid-red-color\">RESUMEN<\/span><\/strong><\/td><td><strong>En L\u00ednea<\/strong><\/td><td><strong>Presencial<\/strong><\/td><\/tr><tr><td><strong>Fecha:<\/strong><\/td><td>Cuando tu quieras<\/td><td>ver <a href=\"https:\/\/tc4p.com\/wpsite\/agenda-presencial\/\" data-type=\"page\" data-id=\"134\">Agenda<\/a><\/td><\/tr><tr><td><strong>Lugar:<\/strong><\/td><td>Plataforma TC4P<\/td><td> ver <a href=\"https:\/\/tc4p.com\/wpsite\/agenda-presencial\/\">Agenda<\/a><\/td><\/tr><tr><td><strong>Duraci\u00f3n:<\/strong><\/td><td>Apox. 4 h (cerrado)<\/td><td>Aprox. 4 horas<\/td><\/tr><\/tbody><\/table><figcaption class=\"wp-element-caption\">Course Facts<\/figcaption><\/figure>\n\n\n\n<h3 class=\"wp-block-heading\">1. El Curso en breve<\/h3>\n\n\n\n<p>Este curso intensivo para participantes en ferias comerciales le convertir\u00e1 en un aut\u00e9ntico profesional de las ferias comerciales. <\/p>\n\n\n\n<h3 class=\"wp-block-heading\">2. Objetivos<\/h3>\n\n\n\n<div class=\"wp-block-media-text alignwide has-media-on-the-right is-stacked-on-mobile\" style=\"grid-template-columns:auto 40%\"><div class=\"wp-block-media-text__content\">\n<p>En esta capacitaci\u00f3n de expertos internacionales aprender\u00e1 a preparar y realizar su participaci\u00f3n a una feria comercial y dar el seguimiento adecuado al regresar a su empresa. Aseg\u00farese de que su participaci\u00f3n en ferias sea siempre un \u00e9xito para su empresa. Inscr\u00edbase ya!<\/p>\n<\/div><figure class=\"wp-block-media-text__media\"><img data-recalc-dims=\"1\" loading=\"lazy\" decoding=\"async\" width=\"800\" height=\"600\" src=\"https:\/\/i0.wp.com\/tc4p.com\/wpsite\/wp-content\/uploads\/2023\/03\/Tradefair2023.jpeg?resize=800%2C600&#038;ssl=1\" alt=\"\" class=\"wp-image-2764 size-full\" srcset=\"https:\/\/i0.wp.com\/tc4p.com\/wpsite\/wp-content\/uploads\/2023\/03\/Tradefair2023.jpeg?resize=1024%2C768&amp;ssl=1 1024w, https:\/\/i0.wp.com\/tc4p.com\/wpsite\/wp-content\/uploads\/2023\/03\/Tradefair2023.jpeg?resize=300%2C225&amp;ssl=1 300w, https:\/\/i0.wp.com\/tc4p.com\/wpsite\/wp-content\/uploads\/2023\/03\/Tradefair2023.jpeg?resize=768%2C576&amp;ssl=1 768w, https:\/\/i0.wp.com\/tc4p.com\/wpsite\/wp-content\/uploads\/2023\/03\/Tradefair2023.jpeg?w=1440&amp;ssl=1 1440w\" sizes=\"auto, (max-width: 800px) 100vw, 800px\" \/><\/figure><\/div>\n\n\n\n<p><\/p>\n\n\n\n<h3 class=\"wp-block-heading\">3. Contenidos<\/h3>\n\n\n\n<ul class=\"wp-block-list\">\n<li>La magica de las ferias<\/li>\n\n\n\n<li>Planificaci\u00f3n estrat\u00e9gica de ferias<\/li>\n\n\n\n<li>Tipos de stand y decoraci\u00f3n<\/li>\n\n\n\n<li>Mensajes y Mercadeo<\/li>\n\n\n\n<li>Promoci\u00f3n de stands<\/li>\n\n\n\n<li>Desaf\u00edos operativos<\/li>\n\n\n\n<li>Conseguir Apoyo Externo<\/li>\n\n\n\n<li>Preparaci\u00f3n Personal<\/li>\n\n\n\n<li>Atenci\u00f3n al visitante y tipos de visitantes<\/li>\n\n\n\n<li>Quejas comunes<\/li>\n\n\n\n<li>Seguimiento de ferias<\/li>\n\n\n\n<li>Evaluaci\u00f3n de la feria<\/li>\n\n\n\n<li>Errores comunes<\/li>\n<\/ul>\n\n\n\n<h3 class=\"wp-block-heading\">4. Dirigido a \u2026<\/h3>\n\n\n\n<p class=\"has-regular-font-size\">Este Training Camp est\u00e1 dirigido a empresas que participan en ferias nacionales e internacionales como expositores y aspiran al m\u00e1ximo \u00e9xito.<\/p>\n\n\n\n<p class=\"has-regular-font-size\">El curso est\u00e1 dirigido a:<\/p>\n\n\n\n<ul class=\"wp-block-list\">\n<li>Director o Gerente de Ventas \/ Director o Gerente de Exportaciones<\/li>\n\n\n\n<li>Personal de Venta y Agentes locales<\/li>\n\n\n\n<li>Personal que opera el stand en la feria o exhibici\u00f3n ( T\u00e9cnicos, administradores, supervisores y SAC-Manager relacionados a los productos o servicios que se ofrecen en la feria <\/li>\n<\/ul>\n\n\n\n<p><strong>Nota: <\/strong><\/p>\n\n\n\n<p>Curso inicial: Conocimientos previos est\u00e1n \u00fatiles pero no necesario<\/p>\n\n\n\n<h3 class=\"wp-block-heading\">5. Adem\u00e1s \u2026<\/h3>\n\n\n\n<ul class=\"wp-block-list\">\n<li>Incluye material did\u00e1ctico y catering en el evento<\/li>\n\n\n\n<li>Training Certificate<\/li>\n<\/ul>\n\n\n\n<h3 class=\"wp-block-heading\">6. Duraci\u00f3n<\/h3>\n\n\n\n<p>4 horas (medio d\u00eda)<\/p>\n\n\n\n<h3 class=\"wp-block-heading\">Inscripci\u00f3n \/ Lugares y Fechas<\/h3>\n\n\n\n<ul class=\"wp-block-list\">\n<li>Presencial: En la <a href=\"https:\/\/tc4p.com\/wpsite\/agenda-presencial\/\" data-type=\"page\" data-id=\"134\"><strong><em>agenda<\/em><\/strong><\/a> se encuentran las fechas y lugares oficiales. El\u00a0<a rel=\"noreferrer noopener\" href=\"https:\/\/tc4p.com\/wpsite\/inscription.html\" target=\"_blank\"><strong><em>Formulario de Inscripci\u00f3n<\/em><\/strong><\/a>\u00a0le permite inscribirse en linea como participante en un curso presencial. <\/li>\n<\/ul>\n\n\n\n<p>Si este evento no aparece en ninguno de los dos paginas todav\u00eda no tiene fecha. Por favor comun\u00edquese con&nbsp;<a href=\"https:\/\/tc4p.com\/wpsite\/contacto\/\" data-type=\"page\" data-id=\"130\"><em><strong>nosotros<\/strong><\/em><\/a> para recibir m\u00e1s informaci\u00f3n, solicitar pedido especial o asistencia.<\/p>\n\n\n\n<p><strong><a href=\"https:\/\/tc4p.com\/wpsite\/agenda-presencial\/\" data-type=\"page\" data-id=\"134\"><em>Regresar a la Agenda<\/em><\/a><\/strong><\/p>\n","protected":false},"excerpt":{"rendered":"<p>Successful Trade Fair Participation &#8211; Planning and Participation RESUMEN En L\u00ednea Presencial Fecha: Cuando tu quieras ver Agenda Lugar: Plataforma TC4P ver Agenda Duraci\u00f3n: Apox. 4 h (cerrado) Aprox. 4 &#8230;<\/p>\n","protected":false},"author":1,"featured_media":0,"parent":0,"menu_order":0,"comment_status":"closed","ping_status":"closed","template":"","meta":{"nf_dc_page":"","sns_share_botton_hide":"","vkExUnit_sns_title":"","_vk_print_noindex":"","sitemap_hide":"","vkExUnit_sitemap":"","_veu_custom_css":"","veu_display_promotion_alert":"","_exclude_from_list_pages":"","vkexunit_cta_each_option":"","vkExUnit_childPageIndex":"","vkExUnit_pageList_ancestor":"","vkExUnit_contact_enable":"","footnotes":""},"class_list":["post-2760","page","type-page","status-publish","hentry"],"veu_head_title_object":{"title":"","add_site_title":""},"jetpack_sharing_enabled":true,"_links":{"self":[{"href":"https:\/\/tc4p.com\/wpsite\/wp-json\/wp\/v2\/pages\/2760","targetHints":{"allow":["GET"]}}],"collection":[{"href":"https:\/\/tc4p.com\/wpsite\/wp-json\/wp\/v2\/pages"}],"about":[{"href":"https:\/\/tc4p.com\/wpsite\/wp-json\/wp\/v2\/types\/page"}],"author":[{"embeddable":true,"href":"https:\/\/tc4p.com\/wpsite\/wp-json\/wp\/v2\/users\/1"}],"replies":[{"embeddable":true,"href":"https:\/\/tc4p.com\/wpsite\/wp-json\/wp\/v2\/comments?post=2760"}],"version-history":[{"count":4,"href":"https:\/\/tc4p.com\/wpsite\/wp-json\/wp\/v2\/pages\/2760\/revisions"}],"predecessor-version":[{"id":2767,"href":"https:\/\/tc4p.com\/wpsite\/wp-json\/wp\/v2\/pages\/2760\/revisions\/2767"}],"wp:attachment":[{"href":"https:\/\/tc4p.com\/wpsite\/wp-json\/wp\/v2\/media?parent=2760"}],"curies":[{"name":"wp","href":"https:\/\/api.w.org\/{rel}","templated":true}]}}