{"id":286,"date":"2019-02-09T00:49:25","date_gmt":"2019-02-09T00:49:25","guid":{"rendered":"https:\/\/trainingcamp.pro\/wpsite\/?page_id=286"},"modified":"2020-11-07T10:51:23","modified_gmt":"2020-11-07T16:51:23","slug":"e002-ahorros-faciles-introduccion-a-eficiencia-en-energia","status":"publish","type":"page","link":"https:\/\/tc4p.com\/wpsite\/e002-ahorros-faciles-introduccion-a-eficiencia-en-energia\/","title":{"rendered":"E002 AHORROS F\u00c1CILES &#8211; INTRODUCCI\u00d3N A EFICIENCIA EN ENERG\u00cdA"},"content":{"rendered":"\n<h2 class=\"wp-block-heading\"><strong>AHORROS F\u00c1CILES &#8211; INTRODUCCI\u00d3N A EFICIENCIA EN ENERG\u00cdA<\/strong><\/h2>\n\n\n\n<h3 class=\"wp-block-heading\">1. El Curso en breve (E002-17)<\/h3>\n\n\n\n<div class=\"wp-block-image\"><figure class=\"alignleft is-resized\"><img data-recalc-dims=\"1\" loading=\"lazy\" decoding=\"async\" src=\"https:\/\/i0.wp.com\/trainingcamp.pro\/wpsite\/wp-content\/uploads\/2019\/02\/E002-1712H.jpg?resize=180%2C240&#038;ssl=1\" alt=\"\" class=\"wp-image-287\" width=\"180\" height=\"240\" srcset=\"https:\/\/i0.wp.com\/tc4p.com\/wpsite\/wp-content\/uploads\/2019\/02\/E002-1712H.jpg?w=720&amp;ssl=1 720w, https:\/\/i0.wp.com\/tc4p.com\/wpsite\/wp-content\/uploads\/2019\/02\/E002-1712H.jpg?resize=225%2C300&amp;ssl=1 225w\" sizes=\"auto, (max-width: 180px) 100vw, 180px\" \/><\/figure><\/div>\n\n\n\n<p>Esta capacitaci\u00f3n de 12 horas fue dise\u00f1ada para empresas peque\u00f1as y medianas que no cuentan con un Gerente de Energ\u00eda dedicado exclusivamente a la Gesti\u00f3n de Energ\u00eda.<\/p>\n\n\n\n<p>No es un curso para electricistas y t\u00e9cnicos sino para profesionales de cualquier rubro quienes &#8211; entre otras responsabilidades &#8211; deben cuidar y controlar el consumo de energ\u00eda en la empresa o en una planta especifica. La participaci\u00f3n no requiere conocimientos t\u00e9cnicos espec\u00edficos, por lo cual es apta para cualquier persona que quiera bajar el gasto en energ\u00eda en su empresa.<\/p>\n\n\n\n<h3 class=\"wp-block-heading\">2. Objetivos<\/h3>\n\n\n\n<p>El objetivo principal es ahorrar energ\u00eda y bajar el gasto: Eso significa que el participante aprende a tomar medidas para controlar y disminuir el consumo de energ\u00eda. Para lograr eso, aprende a:<\/p>\n\n\n\n<ul class=\"wp-block-list\"><li>analizar y entender como, donde y con que operaciones la empresa consume su energ\u00eda.<\/li><li>tomar medidas para controlar y disminuir tal consumo<\/li><li>medir el impacto de sus acciones, es decir cuantificar el ahorro<\/li><li>identificar irregularidades en consumo, cobro y facturaci\u00f3n de energ\u00eda.<\/li><\/ul>\n\n\n\n<p>Valor agregado: El adem\u00e1s aprende acerca de las leyes vigentes que regulan el sector el\u00e9ctrico. Entender\u00e1 sus derechos y sus obligaciones, para gestionar el consumo de energ\u00eda en su empresa de forma eficiente y correcto. Adem\u00e1s aprende como responder de forma eficaz contra tratamientos indebidos.<\/p>\n\n\n\n<h3 class=\"wp-block-heading\">3. Contenidos<\/h3>\n\n\n\n<p>Principales:<\/p>\n\n\n\n<ul class=\"wp-block-list\"><li>Entorno Energ\u00e9tico de El Salvador<\/li><li>El papel de la Norma ISO 50001<\/li><li>Conocer las herramientas de la Eficiencia Energ\u00e9tica<\/li><li>Como identificar promesas falsas<\/li><li>Identificar los consumidores principales en la organizaci\u00f3n<\/li><li>Establecer el plan de mejora<\/li><li>Monitorear y comprobar ahorros<\/li><li>Mas que jerogl\u00edficos: Analizar la Factura de luz (\/)<\/li><li>Ning\u00fan crimen sin cuerpo: El papel especial del medidor (\/)<\/li><li>Factor de Potencia: Peligro escondido (\/)<\/li><li>Compra de energ\u00eda: Contrato a la medida (\/)<\/li><li>Cambio de distribuidor: Pasos y Procesos (\/)<\/li><li>Conocer sus Obligaciones y Derechos legales (\/)<\/li><\/ul>\n\n\n\n<h3 class=\"wp-block-heading\">4. Dirigido a<\/h3>\n\n\n\n<p>Esta capacitaci\u00f3n especial se dirige a cualquier empresa que quiere bajar el gasto en energ\u00eda, en especial a las empresas PYME, que se caracterizan por el hecho que la persona que es responsable para el tema de energ\u00eda no es electricista o t\u00e9cnico formal y adem\u00e1s tiene otras responsabilidades en la empresa.<\/p>\n\n\n\n<ul class=\"wp-block-list\"><li>Gerentes Generales Micro y PYME<\/li><li>Gerentes de Planta<\/li><li>Gerentes de Agencias<\/li><li>Administradores de Edificios<\/li><li>Gerentes de Mantenimiento<\/li><li>Gerentes de Supermercados y Bodegas<\/li><li>Gerentes Financieros<\/li><li>Gerente de Sistemas<\/li><li>Gerente de RR.HH.<\/li><li>Supervisores<\/li><\/ul>\n\n\n\n<p>&nbsp;La participaci\u00f3n no requiere preparaci\u00f3n ni conocimientos anticipados<br><\/p>\n\n\n\n<h3 class=\"wp-block-heading\">5. Adem\u00e1s &#8230;<\/h3>\n\n\n\n<ul class=\"wp-block-list\"><li>Incluye material did\u00e1ctico y catering en el evento<\/li><li>Training Certificate<\/li><\/ul>\n\n\n\n<h3 class=\"wp-block-heading\">6. Duraci\u00f3n<\/h3>\n\n\n\n<ul class=\"wp-block-list\"><li>Implementaci\u00f3n en 1,5 d\u00edas (12 horas)<\/li><\/ul>\n\n\n\n<h3 class=\"wp-block-heading\">Inscripci\u00f3n \/ Lugares y Fechas<\/h3>\n\n\n\n<ul class=\"wp-block-list\">\n<li>Presencial: En la <a href=\"https:\/\/tc4p.com\/wpsite\/agenda-presencial\/\" data-type=\"page\" data-id=\"134\"><strong><em>agenda<\/em><\/strong><\/a> se encuentran las fechas y lugares oficiales. El\u00a0<a rel=\"noreferrer noopener\" href=\"https:\/\/tc4p.com\/wpsite\/inscription.html\" target=\"_blank\"><strong><em>Formulario de Inscripci\u00f3n<\/em><\/strong><\/a>\u00a0le permite inscribirse en linea como participante en un curso presencial. <\/li>\n<\/ul>\n\n\n\n<p>Si este evento no aparece en ninguno de los dos paginas todav\u00eda no tiene fecha. Por favor comun\u00edquese con&nbsp;<a href=\"https:\/\/tc4p.com\/wpsite\/contacto\/\" data-type=\"page\" data-id=\"130\"><em><strong>nosotros<\/strong><\/em><\/a> para recibir m\u00e1s informaci\u00f3n, solicitar pedido especial o asistencia.<\/p>\n\n\n\n<p><strong><a href=\"https:\/\/tc4p.com\/wpsite\/agenda-presencial\/\" data-type=\"page\" data-id=\"134\"><em>Regresar a la Agenda<\/em><\/a><\/strong><\/p>\n","protected":false},"excerpt":{"rendered":"<p>AHORROS F\u00c1CILES &#8211; INTRODUCCI\u00d3N A EFICIENCIA EN ENERG\u00cdA 1. El Curso en breve (E002-17) Esta capacitaci\u00f3n de 12 horas fue dise\u00f1ada para empresas peque\u00f1as y medianas que no cuentan con &#8230;<\/p>\n","protected":false},"author":1,"featured_media":0,"parent":0,"menu_order":0,"comment_status":"closed","ping_status":"closed","template":"","meta":{"nf_dc_page":"","sns_share_botton_hide":"","vkExUnit_sns_title":"","_vk_print_noindex":"","sitemap_hide":"","vkExUnit_sitemap":"","_veu_custom_css":"","veu_display_promotion_alert":"","_exclude_from_list_pages":"","vkexunit_cta_each_option":"","vkExUnit_childPageIndex":"","vkExUnit_pageList_ancestor":"","vkExUnit_contact_enable":"","footnotes":""},"class_list":["post-286","page","type-page","status-publish","hentry"],"veu_head_title_object":{"title":"","add_site_title":""},"jetpack_sharing_enabled":true,"_links":{"self":[{"href":"https:\/\/tc4p.com\/wpsite\/wp-json\/wp\/v2\/pages\/286","targetHints":{"allow":["GET"]}}],"collection":[{"href":"https:\/\/tc4p.com\/wpsite\/wp-json\/wp\/v2\/pages"}],"about":[{"href":"https:\/\/tc4p.com\/wpsite\/wp-json\/wp\/v2\/types\/page"}],"author":[{"embeddable":true,"href":"https:\/\/tc4p.com\/wpsite\/wp-json\/wp\/v2\/users\/1"}],"replies":[{"embeddable":true,"href":"https:\/\/tc4p.com\/wpsite\/wp-json\/wp\/v2\/comments?post=286"}],"version-history":[{"count":2,"href":"https:\/\/tc4p.com\/wpsite\/wp-json\/wp\/v2\/pages\/286\/revisions"}],"predecessor-version":[{"id":2486,"href":"https:\/\/tc4p.com\/wpsite\/wp-json\/wp\/v2\/pages\/286\/revisions\/2486"}],"wp:attachment":[{"href":"https:\/\/tc4p.com\/wpsite\/wp-json\/wp\/v2\/media?parent=286"}],"curies":[{"name":"wp","href":"https:\/\/api.w.org\/{rel}","templated":true}]}}