{"id":290,"date":"2019-02-09T00:51:57","date_gmt":"2019-02-09T00:51:57","guid":{"rendered":"https:\/\/trainingcamp.pro\/wpsite\/?page_id=290"},"modified":"2020-11-06T16:26:58","modified_gmt":"2020-11-06T22:26:58","slug":"e001-administrador-de-energia-basado-en-iso-50001","status":"publish","type":"page","link":"https:\/\/tc4p.com\/wpsite\/e001-administrador-de-energia-basado-en-iso-50001\/","title":{"rendered":"E001 ADMINISTRADOR DE ENERG\u00cdA BASADO EN ISO 50001"},"content":{"rendered":"\n<h2 class=\"wp-block-heading\"><strong>ADMINISTRADOR DE ENERG\u00cdA BASADO EN ISO 50001<\/strong><\/h2>\n\n\n\n<h3 class=\"wp-block-heading\">1. El Curso en breve (E001-14)<\/h3>\n\n\n\n<div class=\"wp-block-image\"><figure class=\"alignleft is-resized\"><img data-recalc-dims=\"1\" loading=\"lazy\" decoding=\"async\" src=\"https:\/\/i0.wp.com\/trainingcamp.pro\/wpsite\/wp-content\/uploads\/2019\/02\/E001-1424H.jpg?resize=180%2C240&#038;ssl=1\" alt=\"\" class=\"wp-image-291\" width=\"180\" height=\"240\" srcset=\"https:\/\/i0.wp.com\/tc4p.com\/wpsite\/wp-content\/uploads\/2019\/02\/E001-1424H.jpg?w=720&amp;ssl=1 720w, https:\/\/i0.wp.com\/tc4p.com\/wpsite\/wp-content\/uploads\/2019\/02\/E001-1424H.jpg?resize=225%2C300&amp;ssl=1 225w\" sizes=\"auto, (max-width: 180px) 100vw, 180px\" \/><\/figure><\/div>\n\n\n\n<p>A trav\u00e9s de clases expositivas, con recursos audiovisuales y talleres grupales de aplicaci\u00f3n, los participantes ser\u00e1n introducidos al tema de Ahorro Energ\u00e9tico a trav\u00e9s de un Sistema de Gesti\u00f3n de Eficiencia de Energ\u00eda, basada en la Norma Internacional ISO 50001. Aprender\u00e1n la aplicaci\u00f3n de medidas pr\u00e1cticas y operativas para registrar, monitorear y controlar el consumo de energ\u00eda de su organizaci\u00f3n.<\/p>\n\n\n\n<h3 class=\"wp-block-heading\">2. Objetivos<\/h3>\n\n\n\n<p><strong>Objetivo general:<\/strong><br><\/p>\n\n\n\n<ul class=\"wp-block-list\"><li>Aprender en teor\u00eda y pr\u00e1ctica sobre el sistema de gesti\u00f3n de eficiencia de energ\u00eda basado en la Norma ISO 50001, con el fin de ahorrar costos a trav\u00e9s de un consumo de energ\u00eda eficiente y controlado.<\/li><\/ul>\n\n\n\n<p><strong>Objetivos espec\u00edficos:<\/strong><\/p>\n\n\n\n<p>Al final del curso los participantes tienen la capacidad de:<\/p>\n\n\n\n<p><\/p>\n\n\n\n<ul class=\"wp-block-list\"><li>Comprender y aplicar los principios del sistema de gerencia de eficiencia de energ\u00eda basada en la Norma ISO 50001.<\/li><li>Desarrollar e implementar procesos y medidas para poder registrar y controlar el consumo de energ\u00eda<\/li><li>Desarrollar e implementar medidas para usar los recursos energ\u00e9ticos de forma eficiente y ahorrar costos.<\/li><li>Apoyar y contribuir en decisiones de compra y mantenimiento de equipo en la organizaci\u00f3n<\/li><li>Poder realizar una auditor\u00eda b\u00e1sica con el fin de evaluar el desempe\u00f1o de la organizaci\u00f3n en relaci\u00f3n del uso eficiente y responsable de la energ\u00eda<\/li><\/ul>\n\n\n\n<h3 class=\"wp-block-heading\">3. Contenidos<\/h3>\n\n\n\n<p>Entre otros:<\/p>\n\n\n\n<p><\/p>\n\n\n\n<ul class=\"wp-block-list\"><li>Introducci\u00f3n<\/li><li>Conceptos &#8211; Definiciones<\/li><li>La energ\u00eda en la Organizaci\u00f3n<\/li><li>Funci\u00f3n, implementaci\u00f3n e Influencia en la Gesti\u00f3n Diaria<\/li><li>Sistema Gerencial de Eficiencia de Energ\u00eda<\/li><li>Responsabilidades de la Alta Direcci\u00f3n<\/li><li>Medici\u00f3n y Documentaci\u00f3n<\/li><li>Elaboraci\u00f3n de Reportes<\/li><li>Combinar Pol\u00edtica Energ\u00e9tica y Medici\u00f3n<\/li><li>Planes de Acci\u00f3n<\/li><li>El RD de la Energ\u00eda<\/li><li>C\u00f3mo enfrentar obst\u00e1culos<\/li><li>C\u00f3mo tomar decisiones: Compras y Mantenimiento<\/li><li>Auditor\u00eda del Sistema<\/li><li>Acciones Preventivas y Correctivas<\/li><li>Mejora Continua<\/li><li>Revisi\u00f3n por la Alta Direcci\u00f3n<\/li><li>Conclusiones&nbsp;<\/li><\/ul>\n\n\n\n<h3 class=\"wp-block-heading\">4. Dirigido a<\/h3>\n\n\n\n<p>El curso est\u00e1 dirigido a:<\/p>\n\n\n\n<ul class=\"wp-block-list\"><li>Colaboradores y responsables relacionados con la implementaci\u00f3n y la auditor\u00eda del Est\u00e1ndar<\/li><li>Miembros de Comit\u00e9s de Energ\u00eda<\/li><li>Gerentes de Mantenimiento \/ Compra de Equipo<\/li><li>Futuros Auditores Internos<\/li><\/ul>\n\n\n\n<p>Nota:&nbsp;Es posible desarrollar una versi\u00f3n especial de este curso, dise\u00f1ado a la medida de los participantes de organizaciones de ciertos rubros predefinidos, por ejemplo: Hospitales, Centros de Servicios, Aeropuertos, entre otros.<\/p>\n\n\n\n<h3 class=\"wp-block-heading\">5. Adem\u00e1s &#8230;<\/h3>\n\n\n\n<ul class=\"wp-block-list\"><li>Incluye material did\u00e1ctico y catering en el evento<\/li><li>Training Certificate<\/li><\/ul>\n\n\n\n<h3 class=\"wp-block-heading\">6. Duraci\u00f3n<\/h3>\n\n\n\n<ul class=\"wp-block-list\"><li>Implementaci\u00f3n en 3 d\u00edas (24 horas)<\/li><\/ul>\n\n\n\n<h3 class=\"wp-block-heading\">Inscripci\u00f3n \/ Lugares y Fechas<\/h3>\n\n\n\n<ul class=\"wp-block-list\">\n<li>Presencial: En la <a href=\"https:\/\/tc4p.com\/wpsite\/agenda-presencial\/\" data-type=\"page\" data-id=\"134\"><strong><em>agenda<\/em><\/strong><\/a> se encuentran las fechas y lugares oficiales. El\u00a0<a rel=\"noreferrer noopener\" href=\"https:\/\/tc4p.com\/wpsite\/inscription.html\" target=\"_blank\"><strong><em>Formulario de Inscripci\u00f3n<\/em><\/strong><\/a>\u00a0le permite inscribirse en linea como participante en un curso presencial. <\/li>\n<\/ul>\n\n\n\n<p>Si este evento no aparece en ninguno de los dos paginas todav\u00eda no tiene fecha. Por favor comun\u00edquese con&nbsp;<a href=\"https:\/\/tc4p.com\/wpsite\/contacto\/\" data-type=\"page\" data-id=\"130\"><em><strong>nosotros<\/strong><\/em><\/a> para recibir m\u00e1s informaci\u00f3n, solicitar pedido especial o asistencia.<\/p>\n\n\n\n<p><strong><a href=\"https:\/\/tc4p.com\/wpsite\/agenda-presencial\/\" data-type=\"page\" data-id=\"134\"><em>Regresar a la Agenda<\/em><\/a><\/strong><\/p>\n","protected":false},"excerpt":{"rendered":"<p>ADMINISTRADOR DE ENERG\u00cdA BASADO EN ISO 50001 1. El Curso en breve (E001-14) A trav\u00e9s de clases expositivas, con recursos audiovisuales y talleres grupales de aplicaci\u00f3n, los participantes ser\u00e1n introducidos &#8230;<\/p>\n","protected":false},"author":1,"featured_media":0,"parent":0,"menu_order":0,"comment_status":"closed","ping_status":"closed","template":"","meta":{"nf_dc_page":"","sns_share_botton_hide":"","vkExUnit_sns_title":"","_vk_print_noindex":"","sitemap_hide":"","vkExUnit_sitemap":"","_veu_custom_css":"","veu_display_promotion_alert":"","_exclude_from_list_pages":"","vkexunit_cta_each_option":"","vkExUnit_childPageIndex":"","vkExUnit_pageList_ancestor":"","vkExUnit_contact_enable":"","footnotes":""},"class_list":["post-290","page","type-page","status-publish","hentry"],"veu_head_title_object":{"title":"","add_site_title":""},"jetpack_sharing_enabled":true,"_links":{"self":[{"href":"https:\/\/tc4p.com\/wpsite\/wp-json\/wp\/v2\/pages\/290","targetHints":{"allow":["GET"]}}],"collection":[{"href":"https:\/\/tc4p.com\/wpsite\/wp-json\/wp\/v2\/pages"}],"about":[{"href":"https:\/\/tc4p.com\/wpsite\/wp-json\/wp\/v2\/types\/page"}],"author":[{"embeddable":true,"href":"https:\/\/tc4p.com\/wpsite\/wp-json\/wp\/v2\/users\/1"}],"replies":[{"embeddable":true,"href":"https:\/\/tc4p.com\/wpsite\/wp-json\/wp\/v2\/comments?post=290"}],"version-history":[{"count":1,"href":"https:\/\/tc4p.com\/wpsite\/wp-json\/wp\/v2\/pages\/290\/revisions"}],"predecessor-version":[{"id":2392,"href":"https:\/\/tc4p.com\/wpsite\/wp-json\/wp\/v2\/pages\/290\/revisions\/2392"}],"wp:attachment":[{"href":"https:\/\/tc4p.com\/wpsite\/wp-json\/wp\/v2\/media?parent=290"}],"curies":[{"name":"wp","href":"https:\/\/api.w.org\/{rel}","templated":true}]}}