{"id":294,"date":"2019-02-09T00:55:16","date_gmt":"2019-02-09T00:55:16","guid":{"rendered":"https:\/\/trainingcamp.pro\/wpsite\/?page_id=294"},"modified":"2020-11-06T17:20:53","modified_gmt":"2020-11-06T23:20:53","slug":"e005-introduccion-iso-50001","status":"publish","type":"page","link":"https:\/\/tc4p.com\/wpsite\/e005-introduccion-iso-50001\/","title":{"rendered":"E005 INTRODUCCI\u00d3N ISO 50001"},"content":{"rendered":"\n<h2 class=\"wp-block-heading\"><strong>INTRODUCCI\u00d3N ISO 50001<\/strong><\/h2>\n\n\n\n<h3 class=\"wp-block-heading\">1. El Curso en breve (E005-14)<\/h3>\n\n\n\n<div class=\"wp-block-image\"><figure class=\"alignleft size-large\"><img data-recalc-dims=\"1\" loading=\"lazy\" decoding=\"async\" width=\"282\" height=\"170\" src=\"https:\/\/i0.wp.com\/tc4p.com\/wpsite\/wp-content\/uploads\/2020\/11\/comingsoon.gif?resize=282%2C170&#038;ssl=1\" alt=\"\" class=\"wp-image-191\"\/><\/figure><\/div>\n\n\n\n<p>A trav\u00e9s de clases expositivas, con recursos audiovisuales y talleres grupales de aplicaci\u00f3n, los participantes ser\u00e1n introducidos al tema de la Norma Internacional ISO 50001. Aprender\u00e1n la aplicaci\u00f3n de medidas pr\u00e1cticas y operativas para registrar, monitorear, controlar y auditar el consumo de energ\u00eda de su organizaci\u00f3n, con especial enf\u00e1sis en la Eficiencia Energ\u00e9tica.<\/p>\n\n\n\n<h3 class=\"wp-block-heading\">2. Objetivos<\/h3>\n\n\n\n<p>Los participantes comprender\u00e1n los aspectos te\u00f3ricos y pr\u00e1cticos para el desarrollo de un sistema de gesti\u00f3n para fomentar el uso eficiente de la energ\u00eda incluyendo una auditorias de sistemas de gesti\u00f3n de Energ\u00eda Eficiente basada en la norma ISO 50001, como herramienta para mejorar el desempe\u00f1o. Junto con ello, los participantes sabr\u00e1n interpretar las normas de referencia, entendiendo a su vez los beneficios que se obtienen de la implementaci\u00f3n y auditor\u00eda de un sistema de gesti\u00f3n.&nbsp;<\/p>\n\n\n\n<h3 class=\"wp-block-heading\">3. Contenidos<\/h3>\n\n\n\n<p>Entre otros:<br><\/p>\n\n\n\n<ul class=\"wp-block-list\"><li>Introducci\u00f3n a la Gesti\u00f3n de Procesos<\/li><li>Aspectos T\u00e9cnicos y An\u00e1lisis de la Situaci\u00f3n y Gesti\u00f3n Energ\u00e9tica<\/li><li>Objeto y campo de aplicaci\u00f3n<\/li><li>Definiciones y Entorno Energ\u00e9tico de El Salvador<\/li><li>Requisitos del sistema de gesti\u00f3n de la energ\u00eda&nbsp;<\/li><li>Pol\u00edtica y Contenido y Manejo de la Pol\u00edtica de Energ\u00eda<\/li><li>Gerencia Energ\u00e9tica y las ventajas a explotar en la empresa<\/li><li>Introducci\u00f3n a la Norma ISO 50001<\/li><li>Generalidades de la Norma<\/li><li>Vocabulario y su uso<\/li><li>Aspectos T\u00e9cnicos de la Gerencia Energ\u00e9tica<\/li><li>Requisitos de la Norma ISO 50001<\/li><li>Procesos relacionados a la Norma ISO 50001<\/li><li>Revisi\u00f3n Energ\u00e9tica<\/li><li>L\u00ednea base &#8211; Desarrollar Planes de Acci\u00f3n<\/li><li>Indicadores de Desempe\u00f1o Energ\u00e9tico<\/li><li>Implementaci\u00f3n y Operaci\u00f3n<\/li><li>Comunicaci\u00f3n &amp; Documentaci\u00f3n<\/li><li>Preparaci\u00f3n y Gesti\u00f3n de la Auditoria Interna en la Norma ISO 50001<\/li><li>Acompa\u00f1ado por ejemplos pr\u00e1cticos y trabajo en equipo<\/li><\/ul>\n\n\n\n<h3 class=\"wp-block-heading\">4. Dirigido a<\/h3>\n\n\n\n<p>El curso est\u00e1 dirigido a:<\/p>\n\n\n\n<ul class=\"wp-block-list\"><li>Colaboradores y responsables relacionados con la implementaci\u00f3n y la auditor\u00eda del Est\u00e1ndar<\/li><li>Miembros de Comit\u00e9s de Energ\u00eda<\/li><li>Gerentes de Mantenimiento \/ Compra de Equipo<\/li><li>Futuros Auditores Internos<\/li><\/ul>\n\n\n\n<p>Nota: Idealmente el participante ya cuenta con conocimientos previos en gerencia de energ\u00eda, dado que este curso enfoca m\u00e1s la aplicaci\u00f3n de la Norma ISO 50001 como los procesos en su operaci\u00f3n.<br><\/p>\n\n\n\n<h3 class=\"wp-block-heading\">5. Adem\u00e1s &#8230;<\/h3>\n\n\n\n<ul class=\"wp-block-list\"><li>Incluye material did\u00e1ctico y catering en el evento<\/li><li>Training Certificate<br><\/li><\/ul>\n\n\n\n<h3 class=\"wp-block-heading\">6. Duraci\u00f3n<\/h3>\n\n\n\n<ul class=\"wp-block-list\"><li>Implementaci\u00f3n en 3 d\u00edas (24 horas)<br><\/li><\/ul>\n\n\n\n<h3 class=\"wp-block-heading\">Inscripci\u00f3n \/ Lugares y Fechas<\/h3>\n\n\n\n<ul class=\"wp-block-list\">\n<li>Presencial: En la <a href=\"https:\/\/tc4p.com\/wpsite\/agenda-presencial\/\" data-type=\"page\" data-id=\"134\"><strong><em>agenda<\/em><\/strong><\/a> se encuentran las fechas y lugares oficiales. El\u00a0<a rel=\"noreferrer noopener\" href=\"https:\/\/tc4p.com\/wpsite\/inscription.html\" target=\"_blank\"><strong><em>Formulario de Inscripci\u00f3n<\/em><\/strong><\/a>\u00a0le permite inscribirse en linea como participante en un curso presencial. <\/li>\n<\/ul>\n\n\n\n<p>Si este evento no aparece en ninguno de los dos paginas todav\u00eda no tiene fecha. Por favor comun\u00edquese con&nbsp;<a href=\"https:\/\/tc4p.com\/wpsite\/contacto\/\" data-type=\"page\" data-id=\"130\"><em><strong>nosotros<\/strong><\/em><\/a> para recibir m\u00e1s informaci\u00f3n, solicitar pedido especial o asistencia.<\/p>\n\n\n\n<p><strong><a href=\"https:\/\/tc4p.com\/wpsite\/agenda-presencial\/\" data-type=\"page\" data-id=\"134\"><em>Regresar a la Agenda<\/em><\/a><\/strong><\/p>\n\n\n\n<p><\/p>\n","protected":false},"excerpt":{"rendered":"<p>INTRODUCCI\u00d3N ISO 50001 1. El Curso en breve (E005-14) A trav\u00e9s de clases expositivas, con recursos audiovisuales y talleres grupales de aplicaci\u00f3n, los participantes ser\u00e1n introducidos al tema de la &#8230;<\/p>\n","protected":false},"author":1,"featured_media":0,"parent":0,"menu_order":0,"comment_status":"closed","ping_status":"closed","template":"","meta":{"nf_dc_page":"","sns_share_botton_hide":"","vkExUnit_sns_title":"","_vk_print_noindex":"","sitemap_hide":"","vkExUnit_sitemap":"","_veu_custom_css":"","veu_display_promotion_alert":"","_exclude_from_list_pages":"","vkexunit_cta_each_option":"","vkExUnit_childPageIndex":"","vkExUnit_pageList_ancestor":"","vkExUnit_contact_enable":"","footnotes":""},"class_list":["post-294","page","type-page","status-publish","hentry"],"veu_head_title_object":{"title":"","add_site_title":""},"jetpack_sharing_enabled":true,"_links":{"self":[{"href":"https:\/\/tc4p.com\/wpsite\/wp-json\/wp\/v2\/pages\/294","targetHints":{"allow":["GET"]}}],"collection":[{"href":"https:\/\/tc4p.com\/wpsite\/wp-json\/wp\/v2\/pages"}],"about":[{"href":"https:\/\/tc4p.com\/wpsite\/wp-json\/wp\/v2\/types\/page"}],"author":[{"embeddable":true,"href":"https:\/\/tc4p.com\/wpsite\/wp-json\/wp\/v2\/users\/1"}],"replies":[{"embeddable":true,"href":"https:\/\/tc4p.com\/wpsite\/wp-json\/wp\/v2\/comments?post=294"}],"version-history":[{"count":3,"href":"https:\/\/tc4p.com\/wpsite\/wp-json\/wp\/v2\/pages\/294\/revisions"}],"predecessor-version":[{"id":2469,"href":"https:\/\/tc4p.com\/wpsite\/wp-json\/wp\/v2\/pages\/294\/revisions\/2469"}],"wp:attachment":[{"href":"https:\/\/tc4p.com\/wpsite\/wp-json\/wp\/v2\/media?parent=294"}],"curies":[{"name":"wp","href":"https:\/\/api.w.org\/{rel}","templated":true}]}}