{"id":297,"date":"2019-02-09T00:56:53","date_gmt":"2019-02-09T00:56:53","guid":{"rendered":"https:\/\/trainingcamp.pro\/wpsite\/?page_id=297"},"modified":"2020-11-06T16:27:36","modified_gmt":"2020-11-06T22:27:36","slug":"e003-auditor-en-eficiencia-energetica","status":"publish","type":"page","link":"https:\/\/tc4p.com\/wpsite\/e003-auditor-en-eficiencia-energetica\/","title":{"rendered":"E003 AUDITOR EN EFICIENCIA ENERG\u00c9TICA"},"content":{"rendered":"\n<h2 class=\"wp-block-heading\"><strong>AUDITOR EN EFICIENCIA ENERG\u00c9TICA<\/strong><\/h2>\n\n\n\n<h3 class=\"wp-block-heading\">1. El Curso en breve (E003-18)<\/h3>\n\n\n\n<div class=\"wp-block-image\"><figure class=\"alignleft is-resized\"><img data-recalc-dims=\"1\" loading=\"lazy\" decoding=\"async\" src=\"https:\/\/i0.wp.com\/trainingcamp.pro\/wpsite\/wp-content\/uploads\/2019\/02\/E003-1812h-OF.jpg?resize=180%2C240&#038;ssl=1\" alt=\"\" class=\"wp-image-298\" width=\"180\" height=\"240\" srcset=\"https:\/\/i0.wp.com\/tc4p.com\/wpsite\/wp-content\/uploads\/2019\/02\/E003-1812h-OF.jpg?w=720&amp;ssl=1 720w, https:\/\/i0.wp.com\/tc4p.com\/wpsite\/wp-content\/uploads\/2019\/02\/E003-1812h-OF.jpg?resize=225%2C300&amp;ssl=1 225w\" sizes=\"auto, (max-width: 180px) 100vw, 180px\" \/><\/figure><\/div>\n\n\n\n<p>Con muchos ejemplos y casos reales, los participantes comprender\u00e1n en este evento los aspectos te\u00f3ricos y pr\u00e1cticos para poder desarrollar y realizar una auditor\u00eda de un Sistema de Gesti\u00f3n de la Energ\u00eda, basado en la Norma ISO 50001:2018 (Eficiencia Energ\u00e9tica). La capacitaci\u00f3n adem\u00e1s incluye el tratamiento de los requisitos y recomendaciones de ISO 19011:2018 (Gu\u00eda para auditar Sistemas de Gerencia). Deja listo y preparado al profesional en solo dos d\u00edas para planear, realizar y documentar una auditoria de un Sistema de Gesti\u00f3n de la Energ\u00eda seg\u00fan la nueva versi\u00f3n 2018 de la Norma.<\/p>\n\n\n\n<h3 class=\"wp-block-heading\">2. Objetivos<\/h3>\n\n\n\n<p>Aprender\u00e1s a planear, realizar y documentar una auditor\u00eda de&nbsp;tu Sistema de Gesti\u00f3n de la Energ\u00eda, basada en la nueva ISO 50001:2018. Este Training Camp te ense\u00f1ar\u00e1 c\u00f3mo elaborar un audit plan, c\u00f3mo realizar las entrevistas de forma profesional, c\u00f3mo evaluar si alg\u00fan hallazgo pasa o no pasa y si es aceptable una evidencia o no; aprender\u00e1s, adem\u00e1s, c\u00f3mo redactar, manejar y cerrar las no-conformidades.<\/p>\n\n\n\n<p>En el curso hay un \u00e9nfasis especial en el valor agregado de la auditor\u00eda interna: Aprender\u00e1s c\u00f3mo agregar valor adicional a tu Sistema de Gesti\u00f3n de la Energ\u00eda a trav\u00e9s de una mejora continua, generado en tus auditor\u00edas.<\/p>\n\n\n\n<p>Adem\u00e1s, cumplir\u00e1s con los&nbsp;requisitos normativos relacionados a la auditoria, documentaci\u00f3n y&nbsp;competencia.<\/p>\n\n\n\n<h3 class=\"wp-block-heading\">3. Contenidos<\/h3>\n\n\n\n<p>Entre otros:&nbsp;<\/p>\n\n\n\n<ul class=\"wp-block-list\"><li>Introducci\u00f3n a la auditor\u00eda de Sistemas de Gesti\u00f3n<\/li><li>Estructura Documental<\/li><li>Definiciones de auditor\u00edas de Sistemas de Gesti\u00f3n de la Energ\u00eda<\/li><li>Auditor\u00eda Energ\u00e9tica y las ventajas a aprovechar en la empresa<\/li><\/ul>\n\n\n\n<ul class=\"wp-block-list\"><li>Aplicaci\u00f3n de la Norma ISO 19011:2018<\/li><li>El Auditor: Responsabilidades y Requisitos<\/li><li>Auditor Etics: Establecer un buen clima para la auditor\u00eda<\/li><li>Respeto y Mandato en la Auditor\u00eda<\/li><li>T\u00e9cnicas de entrevista<\/li><\/ul>\n\n\n\n<ul class=\"wp-block-list\"><li>Auditoria ISO 50001:2018 y sus diferentes fases<\/li><li>Preparaci\u00f3n &#8211; Auditoria ISO 50001:2018<\/li><li>Plan de Auditor\u00eda &#8211; Auditor\u00eda ISO 50001:2018<\/li><li>Auditando procesos &#8211; Auditor\u00eda ISO 50001:2018<\/li><li>Redacci\u00f3n de No-Conformidades<\/li><li>Seguimiento y Documentaci\u00f3n<\/li><li>Acci\u00f3n correctiva \/ Root Cause Analysis<\/li><li>Role Play \/ Casos \/ Entrevistas<\/li><\/ul>\n\n\n\n<h3 class=\"wp-block-heading\">4. Dirigido a<\/h3>\n\n\n\n<p>Este Training Camp es para empresas que quieren o que ya han implementado un de&nbsp;Sistemas de Gesti\u00f3n de la Energ\u00eda. Cumpliendo con los&nbsp;requisitos de la auditor\u00eda y de la competencia de los auditores, estas empresas buscan formar los auditores&nbsp;profesionales que pueden llevar a cabo la auditoria, cumplir con la norma y sobre todo agregar valor al sistema.<\/p>\n\n\n\n<p>El curso est\u00e1 dirigido a:<\/p>\n\n\n\n<ul class=\"wp-block-list\"><li>Colaboradores y responsables relacionados con la implementaci\u00f3n y la auditor\u00eda del Est\u00e1ndar<\/li><li>Miembros de Comit\u00e9s de Energ\u00eda<\/li><li>Gerentes de Mantenimiento \/ Compra de Equipo<\/li><li>Futuros Auditores Internos<\/li><\/ul>\n\n\n\n<p>Nota: El curso no explica la norma sino su auditor\u00eda. Por lo tanto enfoca la auditoria de un Sistema de Gesti\u00f3n de la Energ\u00eda. As\u00ed ser\u00eda ideal si el participante ya cuenta con conocimientos previos acerca de la norma ISO 50001:2018. A esos conocimientos ser\u00e1n aplicadas las t\u00e9cnicas de la auditoria del Sistemas de Gesti\u00f3n de la Energ\u00eda con el fin de convertirse en una poderosa herramienta.&nbsp;&nbsp;<\/p>\n\n\n\n<h3 class=\"wp-block-heading\">5. Adem\u00e1s &#8230;<\/h3>\n\n\n\n<ul class=\"wp-block-list\"><li>Incluye material did\u00e1ctico y catering en el evento<\/li><li>Training Certificate<\/li><\/ul>\n\n\n\n<h3 class=\"wp-block-heading\">6. Duraci\u00f3n<\/h3>\n\n\n\n<ul class=\"wp-block-list\"><li>6.1 Implementaci\u00f3n in-house en 2 d\u00edas \/ 16 horas<\/li><li>6.2 Implementaci\u00f3n en nuestro sede de capacitaciones en 2 d\u00edas \/ 16 horas\u00a0(incluye catering)<\/li><\/ul>\n\n\n\n<h3 class=\"wp-block-heading\">Inscripci\u00f3n \/ Lugares y Fechas<\/h3>\n\n\n\n<ul class=\"wp-block-list\">\n<li>Presencial: En la <a href=\"https:\/\/tc4p.com\/wpsite\/agenda-presencial\/\" data-type=\"page\" data-id=\"134\"><strong><em>agenda<\/em><\/strong><\/a> se encuentran las fechas y lugares oficiales. El\u00a0<a rel=\"noreferrer noopener\" href=\"https:\/\/tc4p.com\/wpsite\/inscription.html\" target=\"_blank\"><strong><em>Formulario de Inscripci\u00f3n<\/em><\/strong><\/a>\u00a0le permite inscribirse en linea como participante en un curso presencial. <\/li>\n<\/ul>\n\n\n\n<p>Si este evento no aparece en ninguno de los dos paginas todav\u00eda no tiene fecha. Por favor comun\u00edquese con&nbsp;<a href=\"https:\/\/tc4p.com\/wpsite\/contacto\/\" data-type=\"page\" data-id=\"130\"><em><strong>nosotros<\/strong><\/em><\/a> para recibir m\u00e1s informaci\u00f3n, solicitar pedido especial o asistencia.<\/p>\n\n\n\n<p><strong><a href=\"https:\/\/tc4p.com\/wpsite\/agenda-presencial\/\" data-type=\"page\" data-id=\"134\"><em>Regresar a la Agenda<\/em><\/a><\/strong><\/p>\n","protected":false},"excerpt":{"rendered":"<p>AUDITOR EN EFICIENCIA ENERG\u00c9TICA 1. El Curso en breve (E003-18) Con muchos ejemplos y casos reales, los participantes comprender\u00e1n en este evento los aspectos te\u00f3ricos y pr\u00e1cticos para poder desarrollar &#8230;<\/p>\n","protected":false},"author":1,"featured_media":0,"parent":0,"menu_order":0,"comment_status":"closed","ping_status":"closed","template":"","meta":{"nf_dc_page":"","sns_share_botton_hide":"","vkExUnit_sns_title":"","_vk_print_noindex":"","sitemap_hide":"","vkExUnit_sitemap":"","_veu_custom_css":"","veu_display_promotion_alert":"","_exclude_from_list_pages":"","vkexunit_cta_each_option":"","vkExUnit_childPageIndex":"","vkExUnit_pageList_ancestor":"","vkExUnit_contact_enable":"","footnotes":""},"class_list":["post-297","page","type-page","status-publish","hentry"],"veu_head_title_object":{"title":"","add_site_title":""},"jetpack_sharing_enabled":true,"_links":{"self":[{"href":"https:\/\/tc4p.com\/wpsite\/wp-json\/wp\/v2\/pages\/297","targetHints":{"allow":["GET"]}}],"collection":[{"href":"https:\/\/tc4p.com\/wpsite\/wp-json\/wp\/v2\/pages"}],"about":[{"href":"https:\/\/tc4p.com\/wpsite\/wp-json\/wp\/v2\/types\/page"}],"author":[{"embeddable":true,"href":"https:\/\/tc4p.com\/wpsite\/wp-json\/wp\/v2\/users\/1"}],"replies":[{"embeddable":true,"href":"https:\/\/tc4p.com\/wpsite\/wp-json\/wp\/v2\/comments?post=297"}],"version-history":[{"count":1,"href":"https:\/\/tc4p.com\/wpsite\/wp-json\/wp\/v2\/pages\/297\/revisions"}],"predecessor-version":[{"id":2394,"href":"https:\/\/tc4p.com\/wpsite\/wp-json\/wp\/v2\/pages\/297\/revisions\/2394"}],"wp:attachment":[{"href":"https:\/\/tc4p.com\/wpsite\/wp-json\/wp\/v2\/media?parent=297"}],"curies":[{"name":"wp","href":"https:\/\/api.w.org\/{rel}","templated":true}]}}