{"id":31,"date":"2020-10-27T04:05:52","date_gmt":"2020-10-27T10:05:52","guid":{"rendered":"https:\/\/lineasegura.com\/tc4p\/wpsite\/?page_id=31"},"modified":"2020-12-14T16:36:01","modified_gmt":"2020-12-14T22:36:01","slug":"preguntas-frecuentes-tc4p","status":"publish","type":"page","link":"https:\/\/tc4p.com\/wpsite\/preguntas-frecuentes-tc4p\/","title":{"rendered":"Preguntas Frecuentes \u2013 TC4P"},"content":{"rendered":"\n<h2 class=\"wp-block-heading\"><strong>Temas generales<\/strong><\/h2>\n\n\n\n<div class=\"wp-block-group\"><div class=\"wp-block-group__inner-container is-layout-flow wp-block-group-is-layout-flow\">\n<p><strong><a href=\"#inicio\">1. El Inicio \/ Acceso a TC4P<\/a><\/strong><br><strong><a href=\"#tecnico\">2. Lo T\u00e9cnico<\/a><\/strong><br><strong><a href=\"#comercial\">3. Lo Comercial<\/a><\/strong><br><strong><a href=\"#didactico\">4. Lo Did\u00e1ctico<\/a><\/strong><br><strong><a href=\"#nologro\">5. No logro hacer&#8230;&nbsp;&nbsp;\/ Dificultades<\/a><\/strong><\/p>\n<\/div><\/div>\n\n\n\n<hr class=\"wp-block-separator has-text-color has-background has-vivid-cyan-blue-background-color has-vivid-cyan-blue-color is-style-wide\"\/>\n\n\n<h3 id=\"inicio\"><\/h3>\n\n\n<div style=\"height:80px\" aria-hidden=\"true\" class=\"wp-block-spacer\"><\/div>\n\n\n\n<h4 class=\"has-vivid-cyan-blue-color has-text-color wp-block-heading\"><strong>1. El Inicio \/ Acceso a TC4P<\/strong><\/h4>\n\n\n\n<p><strong>\u00bfPorqu\u00e9 tengo que crear una cuenta?<\/strong><\/p>\n\n\n\n<p>Su cuenta es el punto de partida. Todos sus logros en la plataforma est\u00e1n relacionados a su cuenta y los certificados que recibir\u00e1 al completar un curso llevar\u00e1 el nombre y apellido en su perfil (OJO: revisar que est\u00e9n bien escritos). Para tomar provecho de promociones regionales, recomendamos poner ciudad, pa\u00eds y el nombre de su empresa (Opcional: \u201cInstituci\u00f3n\u201d) en su perfil. Para evitar robo de identidad no comparta con otras personas su acceso a la plataforma.&nbsp;<\/p>\n\n\n\n<hr class=\"wp-block-separator has-text-color has-background has-pale-cyan-blue-background-color has-pale-cyan-blue-color is-style-wide\"\/>\n\n\n\n<p><strong>\u00bfComo borrar mi cuenta?&nbsp;<\/strong><\/p>\n\n\n\n<p>No es necesario. La plataforma borra autom\u00e1ticamente las cuentas inactivas. Adem\u00e1s, siempre nos puede enviar un correo, solicitando eliminaci\u00f3n. Despu\u00e9s de asegurarnos de la autenticidad, la podemos borrar manualmente. Aseg\u00farese de tener guardado localmente sus certificados dado que todos sus registros ser\u00e1n borrados.&nbsp;<\/p>\n\n\n\n<hr class=\"wp-block-separator has-text-color has-background has-pale-cyan-blue-background-color has-pale-cyan-blue-color is-style-wide\"\/>\n\n\n\n<p><strong>Ya no puedo accesar mi cuenta<\/strong><\/p>\n\n\n\n<p>Ver p\u00e1rrafo arriba \u201cComo borrar mi cuenta\u201d. Puede ser que su cuenta ha sido eliminada. En este caso debe crear una nueva cuenta.<\/p>\n\n\n\n<hr class=\"wp-block-separator has-text-color has-background has-pale-cyan-blue-background-color has-pale-cyan-blue-color is-style-wide\"\/>\n\n\n\n<p><strong>Perd\u00ed el usuario y\/o clave de acceso<\/strong><\/p>\n\n\n\n<div class=\"wp-block-image\"><figure class=\"alignright size-large is-resized\"><a href=\"https:\/\/tc4p.com\/learn\/login\/forgot_password.php\"><img data-recalc-dims=\"1\" loading=\"lazy\" decoding=\"async\" src=\"https:\/\/i0.wp.com\/tc4p.com\/wpsite\/wp-content\/uploads\/2020\/10\/Recuperar-1.jpg?resize=450%2C188&#038;ssl=1\" alt=\"\" class=\"wp-image-33\" width=\"450\" height=\"188\" srcset=\"https:\/\/i0.wp.com\/tc4p.com\/wpsite\/wp-content\/uploads\/2020\/10\/Recuperar-1.jpg?w=600&amp;ssl=1 600w, https:\/\/i0.wp.com\/tc4p.com\/wpsite\/wp-content\/uploads\/2020\/10\/Recuperar-1.jpg?resize=300%2C125&amp;ssl=1 300w\" sizes=\"auto, (max-width: 450px) 100vw, 450px\" \/><\/a><\/figure><\/div>\n\n\n\n<p>La p\u00e1gina de acceso (Login-Page) tiene un enlace para recuperar el acceso. Debe conocer su usuario o su correo registrado en la plataforma. Al completar uno de los dos campos, el sistema enviara un nuevo acceso a su correo dentro de 15 minutos. Al no recibir el correo revisar su carpeta de SPAM.&nbsp;<\/p>\n\n\n\n<p>Alternativamente puede hacer clic aqu\u00ed <a href=\"https:\/\/tc4p.com\/learn\/login\/forgot_password.php\" target=\"_blank\" rel=\"noreferrer noopener\">para<\/a> recuperar su clave de acceso.<\/p>\n\n\n\n<hr class=\"wp-block-separator has-text-color has-background has-pale-cyan-blue-background-color has-pale-cyan-blue-color is-style-wide\"\/>\n\n\n\n<p><strong>Accesibilidad: \u00bfPor cuanto tiempo esta accesible mi curso?<\/strong><\/p>\n\n\n\n<p>Al inscribirse en un curso, el sistema le da un cierto tiempo, dentro del cual, puede ver el material did\u00e1ctico y realizar talleres y ex\u00e1menes. Este periodo es conocido como \u201cAccesibilidad al curso\u201d o \u201cValidez del cupo\u201d. Cada curso indica la accesibilidad en la descripci\u00f3n. Es sobre todo una medida did\u00e1ctica para asegurar una participaci\u00f3n con menos interrupciones posibles y mejores resultados en los ex\u00e1menes.<\/p>\n\n\n\n<hr class=\"wp-block-separator has-text-color has-background has-pale-cyan-blue-background-color has-pale-cyan-blue-color is-style-wide\"\/>\n\n\n\n<p><strong>\u00bfPuedo extender la validez del cupo \/ el periodo de accesibilidad del curso?<\/strong><\/p>\n\n\n\n<p>Lamentablemente no es posible. Muchos cursos requieren la disponibilidad del instructor o el monitoreo del trayecto por la administraci\u00f3n. Esta disponibilidad solo podemos garantizarla en los periodos de \u201cAccesibilidad al curso\u201d, es decir mientras dura la \u201cValidez del cupo\u201d.<\/p>\n\n\n\n<hr class=\"wp-block-separator has-text-color has-background has-pale-cyan-blue-background-color has-pale-cyan-blue-color is-style-wide\"\/>\n\n\n<h3 id=\"tecnico\"><\/h3>\n\n\n<div style=\"height:80px\" aria-hidden=\"true\" class=\"wp-block-spacer\"><\/div>\n\n\n\n<h4 class=\"has-vivid-cyan-blue-color has-text-color wp-block-heading\"><strong>2. Lo t\u00e9cnico<\/strong><\/h4>\n\n\n\n<div class=\"wp-block-image\"><figure class=\"alignright size-large is-resized\"><img data-recalc-dims=\"1\" loading=\"lazy\" decoding=\"async\" src=\"https:\/\/i0.wp.com\/tc4p.com\/wpsite\/wp-content\/uploads\/2020\/12\/tc4ptab.jpeg?resize=225%2C178&#038;ssl=1\" alt=\"\" class=\"wp-image-2583\" width=\"225\" height=\"178\" srcset=\"https:\/\/i0.wp.com\/tc4p.com\/wpsite\/wp-content\/uploads\/2020\/12\/tc4ptab.jpeg?w=575&amp;ssl=1 575w, https:\/\/i0.wp.com\/tc4p.com\/wpsite\/wp-content\/uploads\/2020\/12\/tc4ptab.jpeg?resize=300%2C237&amp;ssl=1 300w\" sizes=\"auto, (max-width: 225px) 100vw, 225px\" \/><\/figure><\/div>\n\n\n\n<p><strong>\u00bfPuedo usar mi celular o tablet?<\/strong><\/p>\n\n\n\n<p>Claro que s\u00ed. Busque en Playstore (Google) o Appstore (Apple) el app de Moodle e inst\u00e1lelo en su celular o tablet. La direcci\u00f3n de Acceso es <strong>https:\/\/www.tc4p.com\/learn<\/strong> e ingrese con\u00a0\u00a0su usuario y clave personal. Listo. Tambi\u00e9n puede escanear el QR-Code con su dispositivo. OJO: El uso de su tablet o celular puede causar costos adicionales por el uso de internet m\u00f3vil si no esta conectado en una red wifi propia.<\/p>\n\n\n\n<hr class=\"wp-block-separator has-text-color has-background has-pale-cyan-blue-background-color has-pale-cyan-blue-color is-style-wide\"\/>\n\n\n\n<p><strong>\u00bfCual es el mejor browser?<\/strong><\/p>\n\n\n\n<ul class=\"wp-block-list\"><li>En su celular o tablet recomendamos usar el app.<\/li><li>Los mejores resultados en computadora se han experimentado con Chrome<\/li><\/ul>\n\n\n\n<hr class=\"wp-block-separator has-text-color has-background has-pale-cyan-blue-background-color has-pale-cyan-blue-color is-style-wide\"\/>\n\n\n\n<p><strong>Presencial vs en l\u00ednea: Ahorro de tiempo<\/strong><\/p>\n\n\n\n<p>\u00bfComo relacionamos la duraci\u00f3n de un curso en l\u00ednea con la duraci\u00f3n del mismo curso en clase presencial? Es matem\u00e1tica combinada con un valor emp\u00edrico basado en mas de dos d\u00e9cadas de prestar capacitaciones. Por un lado, sumamos los tiempos del audio en los slides en el curso, medimos el tiempo promedio de talleres, videoconferencias, ex\u00e1menes y monitoreamos cuantas veces los participantes repiten el material did\u00e1ctico antes de entrar en un examen. Por otro lado tenemos la experiencia de la duraci\u00f3n del curso presencial, de la cual retenemos perdidas de tiempo que ocurren tradicionalmente en los cursos presenciales. (lo mas com\u00fan: interrupciones, contratiempos, discusiones sin fin, consultas individuales, inpuntualidad y por supuesto lo del participante distra\u00eddo que siempre pregunta tres veces lo mismo.) Relacionando estos factores logramos expresar una relaci\u00f3n entre duraci\u00f3n en l\u00ednea y duraci\u00f3n presencial, lo cual en ciertas ocasiones damos a conocer en una nota de pie en el certificado del curso.&nbsp;<\/p>\n\n\n\n<hr class=\"wp-block-separator has-text-color has-background has-pale-cyan-blue-background-color has-pale-cyan-blue-color is-style-wide\"\/>\n\n\n<h3 id=\"comercial\"><\/h3>\n\n\n<div style=\"height:80px\" aria-hidden=\"true\" class=\"wp-block-spacer\"><\/div>\n\n\n\n<h4 class=\"has-vivid-cyan-blue-color has-text-color wp-block-heading\"><strong>3. Lo comercial<\/strong><\/h4>\n\n\n\n<p><strong>Facturaci\u00f3n y Reembolso: \u00bfRecibo factura, que tipo?<\/strong><\/p>\n\n\n\n<p>Al inscribirse v\u00eda PayPal, Usted recibe un comprobante de pago. Presente este comprobante en su empresa y solicite el reembolso de su tarifa de matriculaci\u00f3n. Recomendamos pedir autorizaci\u00f3n previa en la empresa o coordinaci\u00f3n de su capacitaci\u00f3n con el dept. de RR.HH.&nbsp;<\/p>\n\n\n\n<p>A partir de un valor de US$ 40,- Usted tambi\u00e9n puede solicitar una factura oficial (cr\u00e9dito fiscal, factura de exportaci\u00f3n). Para poder extender tal factura, le solicitamos presentar los datos correspondientes de la empresa a la que se extender\u00e1 la factura.<\/p>\n\n\n\n<p>Para iniciar pagos con tarjeta de cr\u00e9dito y\/o realizar transferencias bancarias por favor <a href=\"https:\/\/tc4p.com\/wpsite\/contacto\/\" data-type=\"page\" data-id=\"130\">comunicarse con la oficina<\/a><\/p>\n\n\n\n<hr class=\"wp-block-separator has-text-color has-background has-pale-cyan-blue-background-color has-pale-cyan-blue-color is-style-wide\"\/>\n\n\n\n<p><strong>Cuenta corporativa<\/strong><\/p>\n\n\n\n<p>Cuentas corporativas y cursos cerrados ser\u00e1n facturados de acuerdo a los registros que tenemos del cliente, dependiendo de su estatus jur\u00eddico (fiscal \/ exento) y sede (export).<\/p>\n\n\n\n<hr class=\"wp-block-separator has-text-color has-background has-pale-cyan-blue-background-color has-pale-cyan-blue-color is-style-wide\"\/>\n\n\n\n<p><strong>\u00bfExisten otras modalidades de pago?<\/strong><\/p>\n\n\n\n<p>Por el momento aceptamos:<\/p>\n\n\n\n<p><span class=\"has-inline-color has-vivid-purple-color\">Online:<\/span><\/p>\n\n\n\n<ul class=\"wp-block-list\"><li>PayPal: Participantes individuales \/ particulares\u00a0<\/li><li>Payphone: <a href=\"https:\/\/tc4p.com\/wpsite\/payphone-pago-seguro\/\" data-type=\"page\" data-id=\"48\">info aqu\u00ed<\/a><\/li><\/ul>\n\n\n\n<p><span class=\"has-inline-color has-vivid-purple-color\">Offline:<\/span><\/p>\n\n\n\n<ul class=\"wp-block-list\"><li>Tarjeta de cr\u00e9dito VISA \/ Mastercard via PayPhone<\/li><li>Transferencia bancaria \/ Swift:\u00a0\u00a0Corporativos \/ Empresariales \/ Institucionales<\/li><\/ul>\n\n\n\n<p>Para iniciar pagos con payphone, tarjeta de cr\u00e9dito o realizar transferencias bancarias por favor <a href=\"https:\/\/tc4p.com\/wpsite\/contacto\/\">comunicarse con la oficina<\/a><\/p>\n\n\n\n<hr class=\"wp-block-separator has-text-color has-background has-pale-cyan-blue-background-color has-pale-cyan-blue-color is-style-wide\"\/>\n\n\n\n<div style=\"height:80px\" aria-hidden=\"true\" class=\"wp-block-spacer\"><\/div>\n\n\n\n<h4 class=\"has-vivid-cyan-blue-color has-text-color wp-block-heading\"><strong>4. Lo did\u00e1ctico<\/strong><\/h4>\n\n\n\n<p><strong>Presentaciones en letra y voz<\/strong><\/p>\n\n\n\n<p>Utilizar simult\u00e1neamente medios visuales y auditivos, permite memorizar de forma m\u00e1s sencilla, profunda y r\u00e1pida los nuevos conocimientos. Por lo tanto, muchas veces los cursos tienen soporte de audio, a trav\u00e9s del cual,&nbsp;&nbsp;el participante puede escuchar el contenido de cada slide que lee. No siempre coincide el texto con el audio. El instructor podr\u00eda dar ejemplos e informaciones adicionales en el audio.<\/p>\n\n\n\n<hr class=\"wp-block-separator has-text-color has-background has-pale-cyan-blue-background-color has-pale-cyan-blue-color is-style-wide\"\/>\n\n\n\n<p><strong>\u00bfPorqu\u00e9 existen cursos con un corrido autom\u00e1tico de slides y otros donde se requiere una&nbsp;&nbsp;interacci\u00f3n para avanzar?<\/strong><\/p>\n\n\n\n<p>Sabemos que participar en un video curso es c\u00f3modo y agradable. Pero hay ocasiones en las&nbsp;&nbsp;cuales, el instructor decide que el participante debe confirmar cada diapositiva para ir a la siguiente. Es un m\u00e9todo did\u00e1ctico de aprendizaje.&nbsp;&nbsp;&nbsp;<\/p>\n\n\n\n<hr class=\"wp-block-separator has-text-color has-background has-pale-cyan-blue-background-color has-pale-cyan-blue-color is-style-wide\"\/>\n\n\n\n<p><strong>\u00bfCu\u00e1l es la diferencia entre constancia y certificado?<\/strong><\/p>\n\n\n\n<p>Una constancia evidencia la participaci\u00f3n de un participante en un curso. No da mas informaci\u00f3n acerca de los conocimientos adquiridos durante su participaci\u00f3n. Sobretodo aplica para cursos que no conllevan un examen.<\/p>\n\n\n\n<p>Un certificado evidencia el aprendizaje adquirido. Al completar el participante el curso, se somete a un examen que eval\u00faa el nivel de aprendizaje adquirido.&nbsp;&nbsp;Al cumplir con los niveles m\u00ednimos requeridos, se extiende un certificado.<\/p>\n\n\n\n<hr class=\"wp-block-separator has-text-color has-background has-pale-cyan-blue-background-color has-pale-cyan-blue-color is-style-wide\"\/>\n\n\n\n<p><strong>\u00bfComo validamos a los Instructores?<\/strong><\/p>\n\n\n\n<p>Adem\u00e1s de sus conocimientos profesionales, cada instructor tiene que evidenciar su capacidad did\u00e1ctica antes de poder ofrecer cursos en la plataforma. Para cumplir con el requisito debe presentar como evidencia un diploma, registro, permiso oficial, acreditaci\u00f3n o autorizaci\u00f3n de una organizaci\u00f3n de aprendizaje reconocida o autoridad respectiva.&nbsp;<\/p>\n\n\n\n<hr class=\"wp-block-separator has-text-color has-background has-pale-cyan-blue-background-color has-pale-cyan-blue-color is-style-wide\"\/>\n\n\n\n<p><strong>\u00bfPuedo tomar pausas, salir y entrar al curso?<\/strong><\/p>\n\n\n\n<p>Si, mientras su cupo es valido (Accesibilidad), Usted puede tomar pausas como y cuando quiera. El avance y progreso esta grabado en su cuenta personal. Al ingresar de nuevo tiene la opci\u00f3n de seguir desde el punto donde dej\u00f3 el curso o desde cualquier otro punto anterior. El sistema no permite saltar actividades.&nbsp;<\/p>\n\n\n\n<hr class=\"wp-block-separator has-text-color has-background has-pale-cyan-blue-background-color has-pale-cyan-blue-color is-style-wide\"\/>\n\n\n\n<p><strong>Cursos sin y con talleres<\/strong><\/p>\n\n\n\n<p>Buscamos aprendizaje aut\u00f3nomo, es decir 100% a su ritmo. Es por ello que evitamos incluir talleres donde se requiere la intervenci\u00f3n del instructor, e interrumpa el avance del participante en el curso. Para no frenar su impulso tratamos de solucionar el asunto con \u201csoluciones modelos\u201d. Usted puede comparar su soluci\u00f3n con la soluci\u00f3n que provee el instructor y autoevaluar sus conocimientos.<\/p>\n\n\n\n<p>Los cursos cerrados para clientes corporativos s\u00ed pueden incluir talleres interactivos. Estos cursos no son al ritmo propio de cada participante, sino hay videoconferencias y sesiones fijas seg\u00fan una agenda preestablecida.&nbsp;&nbsp;&nbsp;<\/p>\n\n\n\n<hr class=\"wp-block-separator has-text-color has-background has-pale-cyan-blue-background-color has-pale-cyan-blue-color is-style-wide\"\/>\n\n\n\n<p><strong>\u00bfPuedo contactar el instructor?<\/strong><\/p>\n\n\n\n<p>Claro que s\u00ed, todos los cursos incluyen un enlace y Usted puede contactar al Instructor a trav\u00e9s de la plataforma.&nbsp;<\/p>\n\n\n\n<hr class=\"wp-block-separator has-text-color has-background has-pale-cyan-blue-background-color has-pale-cyan-blue-color is-style-wide\"\/>\n\n\n\n<p><strong>\u00bfPuedo bajar el material did\u00e1ctico?<\/strong><\/p>\n\n\n\n<p>Por convenios de Derechos de Propiedad con los Instructores y a fin de proporcionar precios accesibles, solamente puede visualizarse el material mientras el curso este activo.&nbsp;<\/p>\n\n\n\n<p>Como parte de nuestros servicios adicionales, es posible solicitar el env\u00edo de un kit de soporte, el cual incluye una carpeta con la impresi\u00f3n del material. Las tarifas depender\u00e1n de cada pa\u00eds y curso.<\/p>\n\n\n\n<hr class=\"wp-block-separator has-text-color has-background has-pale-cyan-blue-background-color has-pale-cyan-blue-color is-style-wide\"\/>\n\n\n<h3 id=\"nologro\"><\/h3>\n\n\n<div style=\"height:80px\" aria-hidden=\"true\" class=\"wp-block-spacer\"><\/div>\n\n\n\n<h4 class=\"has-vivid-cyan-blue-color has-text-color wp-block-heading\"><strong>5. No logro hacer&#8230;&nbsp;&nbsp;\/ Dificultades<\/strong><\/h4>\n\n\n\n<p><strong>Al registrar el TC4P no acepta mi clave<\/strong><\/p>\n\n\n\n<p>Su palabra clave debe tener m\u00ednimo ocho d\u00edgitos, de los cuales una es numero, una may\u00fascula y un car\u00e1cter especial. Ejemplo: tc4P%abc<\/p>\n\n\n\n<hr class=\"wp-block-separator has-text-color has-background has-pale-cyan-blue-background-color has-pale-cyan-blue-color is-style-wide\"\/>\n\n\n\n<p><strong>No escucho Sonido \/ No aparece el sitio<\/strong><\/p>\n\n\n\n<p>Aseg\u00farese que siempre tenga la \u00faltima versi\u00f3n de su navegador o intente con otro navegador. Sabemos que ciertos navegadores no muestran todas las im\u00e1genes (Explorer) o no reproducen sonido (i.e. Safari). Nuestra mejor experiencia ha sido con Chrome.<\/p>\n\n\n\n<hr class=\"wp-block-separator has-text-color has-background has-pale-cyan-blue-background-color has-pale-cyan-blue-color is-style-wide\"\/>\n\n\n\n<p><strong>Perd\u00ed usuario y\/o clave de acceso<\/strong><\/p>\n\n\n\n<p>La p\u00e1gina de acceso (Login-Page) tiene un enlace para recuperar el acceso. Debe conocer su usuario o su correo registrado en la plataforma. Al completar uno de los dos campos, el sistema enviara un nuevo acceso a su correo dentro de 15 minutos. Al no recibir el correo revisar su carpeta de SPAM.&nbsp;<\/p>\n\n\n\n<p>Alternativamente puede hacer clic aqu\u00ed para recuperar clave de acceso:&nbsp;<a href=\"https:\/\/tc4p.com\/learn\/login\/forgot_password.php\">https:\/\/tc4p.com\/learn\/login\/forgot_password.php<\/a><\/p>\n\n\n\n<hr class=\"wp-block-separator has-text-color has-background has-pale-cyan-blue-background-color has-pale-cyan-blue-color is-style-wide\"\/>\n\n\n\n<p><strong>El curso no me aparece como terminado<\/strong><\/p>\n\n\n\n<p>Le falta completar alguna actividad. Revise si todos los cuadritos tienen un check. Repita o complete la actividad no terminada.<\/p>\n\n\n\n<hr class=\"wp-block-separator has-text-color has-background has-pale-cyan-blue-background-color has-pale-cyan-blue-color is-style-wide\"\/>\n\n\n\n<p><strong>No puedo accesar al certificado<\/strong><\/p>\n\n\n\n<p>Revise primero si su curso da derecho a un certificado (descripci\u00f3n del curso). No todos los cursos terminan con un certificado. Si su curso tiene Quiz o Examen es probable que tiene certificaci\u00f3n. No poder bajar su certificado significa que no ha realizado o no ha aprobado el examen. En general tiene cinco intentos en el examen.&nbsp;<\/p>\n\n\n\n<hr class=\"wp-block-separator has-text-color has-background has-pale-cyan-blue-background-color has-pale-cyan-blue-color is-style-wide\"\/>\n\n\n\n<p><strong>No puedo accesar el Quiz o Examen<\/strong><\/p>\n\n\n\n<p>El sistema requiere que Usted realice ciertas actividades de aprendizaje, antes de aprobarle la realizaci\u00f3n del examen. Probablemente no ha completado todos los talleres o lecciones \/ cap\u00edtulos del material did\u00e1ctico. Revise si todos los cuadritos tienen un check. Repita o complete la actividad no terminada.<\/p>\n\n\n\n<hr class=\"wp-block-separator has-text-color has-background has-pale-cyan-blue-background-color has-pale-cyan-blue-color is-style-wide\"\/>\n\n\n\n<p><strong>Fall\u00e9 el examen<\/strong><\/p>\n\n\n\n<p>Lo sentimos. Repita el curso y aseg\u00farese haber entendido todo. La idea y ventaja es que puede repetir el contenido hasta asegurar el aprendizaje.&nbsp;&nbsp;Puede repetir el curso sin limitaci\u00f3n mientras est\u00e9 accesible (ver \u201cAccesibilidad: \u00bfPor cuanto tiempo esta accesible mi curso?\u201d). Ojo: Prep\u00e1rese bien porque el Examen solo tiene 5 intentos.<\/p>\n","protected":false},"excerpt":{"rendered":"<p>Temas generales 1. El Inicio \/ Acceso a TC4P2. Lo T\u00e9cnico3. Lo Comercial4. Lo Did\u00e1ctico5. No logro hacer&#8230;&nbsp;&nbsp;\/ Dificultades 1. El Inicio \/ Acceso a TC4P \u00bfPorqu\u00e9 tengo que crear &#8230;<\/p>\n","protected":false},"author":1,"featured_media":0,"parent":0,"menu_order":0,"comment_status":"closed","ping_status":"closed","template":"","meta":{"nf_dc_page":"","sns_share_botton_hide":"","vkExUnit_sns_title":"","_vk_print_noindex":"","sitemap_hide":"","vkExUnit_sitemap":"","_veu_custom_css":"","veu_display_promotion_alert":"","_exclude_from_list_pages":"","vkexunit_cta_each_option":"","vkExUnit_childPageIndex":"","vkExUnit_pageList_ancestor":"","vkExUnit_contact_enable":"","footnotes":""},"class_list":["post-31","page","type-page","status-publish","hentry"],"veu_head_title_object":{"title":"","add_site_title":""},"jetpack_sharing_enabled":true,"_links":{"self":[{"href":"https:\/\/tc4p.com\/wpsite\/wp-json\/wp\/v2\/pages\/31","targetHints":{"allow":["GET"]}}],"collection":[{"href":"https:\/\/tc4p.com\/wpsite\/wp-json\/wp\/v2\/pages"}],"about":[{"href":"https:\/\/tc4p.com\/wpsite\/wp-json\/wp\/v2\/types\/page"}],"author":[{"embeddable":true,"href":"https:\/\/tc4p.com\/wpsite\/wp-json\/wp\/v2\/users\/1"}],"replies":[{"embeddable":true,"href":"https:\/\/tc4p.com\/wpsite\/wp-json\/wp\/v2\/comments?post=31"}],"version-history":[{"count":4,"href":"https:\/\/tc4p.com\/wpsite\/wp-json\/wp\/v2\/pages\/31\/revisions"}],"predecessor-version":[{"id":2584,"href":"https:\/\/tc4p.com\/wpsite\/wp-json\/wp\/v2\/pages\/31\/revisions\/2584"}],"wp:attachment":[{"href":"https:\/\/tc4p.com\/wpsite\/wp-json\/wp\/v2\/media?parent=31"}],"curies":[{"name":"wp","href":"https:\/\/api.w.org\/{rel}","templated":true}]}}