{"id":341,"date":"2019-02-09T01:22:55","date_gmt":"2019-02-09T01:22:55","guid":{"rendered":"https:\/\/trainingcamp.pro\/wpsite\/?page_id=341"},"modified":"2020-11-06T16:37:09","modified_gmt":"2020-11-06T22:37:09","slug":"f009-mip-manejo-integrado-de-plagas","status":"publish","type":"page","link":"https:\/\/tc4p.com\/wpsite\/f009-mip-manejo-integrado-de-plagas\/","title":{"rendered":"F009 MIP &#8211; MANEJO INTEGRADO DE PLAGAS"},"content":{"rendered":"\n<h2 class=\"wp-block-heading\"><strong>BUGS &#8211; MANEJO INTEGRADO DE PLAGAS<\/strong><\/h2>\n\n\n\n<h3 class=\"wp-block-heading\">1. El Curso en breve (F009-15)<\/h3>\n\n\n\n<div class=\"wp-block-image\"><figure class=\"alignleft size-large is-resized\"><img data-recalc-dims=\"1\" loading=\"lazy\" decoding=\"async\" src=\"https:\/\/i0.wp.com\/trainingcamp.pro\/wpsite\/wp-content\/uploads\/2020\/05\/notyet.jpg?resize=261%2C249&#038;ssl=1\" alt=\"\" class=\"wp-image-1723\" width=\"261\" height=\"249\"\/><\/figure><\/div>\n\n\n\n<p>Este seminario permite comprender en funcionamiento del MIP a trav\u00e9s de la aplicaci\u00f3n sistem\u00e1tica de sus principios.&nbsp; Permite hablar el mismo idioma con las organizaciones subcontratadas para el&nbsp; control de plagas y establecer relaciones de efectiva cooperaci\u00f3n para asegurar la mejora continua del sistema.<\/p>\n\n\n\n<p>La actividad de la elaboraci\u00f3n, manejo,&nbsp; procesamiento, almacenamiento o transporte de alimentos a menudo conf\u00eda el control de plagas de sus instalaciones y proceso a organizaciones subcontratadas, aunque no siempre ambas empresas caminan en el mismo sentido. La comunicaci\u00f3n efectiva se logra cuando el sistema de aplicaci\u00f3n de es conocido y comprendido por ambas partes y las estrategias y medidas se trazan seg\u00fan objetivos fijados y vigilados entre ambos por com\u00fan acuerdo. En este curso se pretende establecer esos nexos de manera efectiva y sostenible manteniendo la concordancia con los sistemas de aseguramiento y gesti\u00f3n como HACCP, ISO 22000:2018, BRC o FSSC 22000. &nbsp;<\/p>\n\n\n\n<h3 class=\"wp-block-heading\">2. Objetivos<\/h3>\n\n\n\n<p>El participante llega a conocer a trav\u00e9s de ejemplos pr\u00e1cticos, los principios del Manejo Integrado de Plagas (MIP) aplicado a establecimientos de alimentos, con el fin de mantener una comunicaci\u00f3n efectiva con los respectivos contratistas.<br>Al final del curso los participantes tienen la capacidad de:<br><\/p>\n\n\n\n<ul class=\"wp-block-list\"><li>Conocer los antecedentes del MIP y aplicar sus conceptos b\u00e1sicos<\/li><li>Aplicar el desarrollo pr\u00e1ctico de un sistema de MIP en los establecimientos de alimentos<\/li><li>Establecer los t\u00e9rminos para una interacci\u00f3n efectiva con el operador de control de plagas<\/li><li>Asegurar la mejora sostenible del servicio<\/li><\/ul>\n\n\n\n<h3 class=\"wp-block-heading\">3. Contenidos<\/h3>\n\n\n\n<ul class=\"wp-block-list\"><li>Comprensi\u00f3n del desarrollo de una especie como plaga y su repercusi\u00f3n econ\u00f3mica<\/li><li>Conceptos fundamentales, antecedentes y breve desarrollo hist\u00f3rico del sistema de MIP<\/li><li>Relaciones y diferencias entre el MIP aplicado a la agricultura y aplicado a los establecimientos de alimentos<\/li><li>Los principios b\u00e1sicos del Manejo Integrado de Plagas aplicado a Establecimientos de alimentos<\/li><li>La comunicaci\u00f3n interactiva con el operador de control de plagas<\/li><li>Da\u00f1o econ\u00f3mico real y potencial en establecimientos de alimentos<\/li><li>Peligros y riesgos<\/li><li>La reglamentaci\u00f3n y la tolerancia cero<\/li><li>Importancia de los alrededores para el monitoreo y las decisiones de tomar medidas de control<\/li><li>Cerrando el ciclo de mejora continua<\/li><\/ul>\n\n\n\n<h3 class=\"wp-block-heading\">4. Dirigido a<\/h3>\n\n\n\n<p>El curso est\u00e1 dirigido a:<\/p>\n\n\n\n<ul class=\"wp-block-list\"><li>Gerentes o jefes de calidad\/ inocuidad, producci\u00f3n, seguridad, mantenimiento de organizaciones dedicadas a la preparaci\u00f3n, manejo, procesamiento, almacenamiento o transporte de alimentos, insumos o materiales de empaque<\/li><li>Mandos medios relacionados con calidad e inocuidad, mantenimiento, producci\u00f3n, seguridad o \u00e1reas relacionadas&nbsp; con el control de plagas<\/li><li>Exportadores y empresas iniciando la exportaci\u00f3n de productos alimenticios<\/li><li>Auditores internos<\/li><li>Personal cuyas actividades se relacionen con el manejo de plagas en recintos de la actividad alimentaria<\/li><\/ul>\n\n\n\n<h3 class=\"wp-block-heading\">5. Adem\u00e1s &#8230;<\/h3>\n\n\n\n<ul class=\"wp-block-list\"><li>Incluye material did\u00e1ctico<\/li><li>Training Certificate<\/li><li>Catering en el evento<\/li><\/ul>\n\n\n\n<h3 class=\"wp-block-heading\">6. Duraci\u00f3n<\/h3>\n\n\n\n<ul class=\"wp-block-list\"><li>Implementaci\u00f3n en 1,5 d\u00edas consecutivos (12 horas)Dia 1: 08.00 . 17.00 hrs<br>Dia 2: 08.00 &#8211; 12.00 hrs<br><\/li><\/ul>\n\n\n\n<h3 class=\"wp-block-heading\">Inscripci\u00f3n \/ Lugares y Fechas<\/h3>\n\n\n\n<ul class=\"wp-block-list\">\n<li>Presencial: En la <a href=\"https:\/\/tc4p.com\/wpsite\/agenda-presencial\/\" data-type=\"page\" data-id=\"134\"><strong><em>agenda<\/em><\/strong><\/a> se encuentran las fechas y lugares oficiales. El\u00a0<a rel=\"noreferrer noopener\" href=\"https:\/\/tc4p.com\/wpsite\/inscription.html\" target=\"_blank\"><strong><em>Formulario de Inscripci\u00f3n<\/em><\/strong><\/a>\u00a0le permite inscribirse en linea como participante en un curso presencial. <\/li>\n<\/ul>\n\n\n\n<p>Si este evento no aparece en ninguno de los dos paginas todav\u00eda no tiene fecha. Por favor comun\u00edquese con&nbsp;<a href=\"https:\/\/tc4p.com\/wpsite\/contacto\/\" data-type=\"page\" data-id=\"130\"><em><strong>nosotros<\/strong><\/em><\/a> para recibir m\u00e1s informaci\u00f3n, solicitar pedido especial o asistencia.<\/p>\n\n\n\n<p><strong><a href=\"https:\/\/tc4p.com\/wpsite\/agenda-presencial\/\" data-type=\"page\" data-id=\"134\"><em>Regresar a la Agenda<\/em><\/a><\/strong><\/p>\n","protected":false},"excerpt":{"rendered":"<p>BUGS &#8211; MANEJO INTEGRADO DE PLAGAS 1. El Curso en breve (F009-15) Este seminario permite comprender en funcionamiento del MIP a trav\u00e9s de la aplicaci\u00f3n sistem\u00e1tica de sus principios.&nbsp; Permite &#8230;<\/p>\n","protected":false},"author":1,"featured_media":0,"parent":0,"menu_order":0,"comment_status":"closed","ping_status":"closed","template":"","meta":{"nf_dc_page":"","sns_share_botton_hide":"","vkExUnit_sns_title":"","_vk_print_noindex":"","sitemap_hide":"","vkExUnit_sitemap":"","_veu_custom_css":"","veu_display_promotion_alert":"","_exclude_from_list_pages":"","vkexunit_cta_each_option":"","vkExUnit_childPageIndex":"","vkExUnit_pageList_ancestor":"","vkExUnit_contact_enable":"","footnotes":""},"class_list":["post-341","page","type-page","status-publish","hentry"],"veu_head_title_object":{"title":"","add_site_title":""},"jetpack_sharing_enabled":true,"_links":{"self":[{"href":"https:\/\/tc4p.com\/wpsite\/wp-json\/wp\/v2\/pages\/341","targetHints":{"allow":["GET"]}}],"collection":[{"href":"https:\/\/tc4p.com\/wpsite\/wp-json\/wp\/v2\/pages"}],"about":[{"href":"https:\/\/tc4p.com\/wpsite\/wp-json\/wp\/v2\/types\/page"}],"author":[{"embeddable":true,"href":"https:\/\/tc4p.com\/wpsite\/wp-json\/wp\/v2\/users\/1"}],"replies":[{"embeddable":true,"href":"https:\/\/tc4p.com\/wpsite\/wp-json\/wp\/v2\/comments?post=341"}],"version-history":[{"count":1,"href":"https:\/\/tc4p.com\/wpsite\/wp-json\/wp\/v2\/pages\/341\/revisions"}],"predecessor-version":[{"id":2409,"href":"https:\/\/tc4p.com\/wpsite\/wp-json\/wp\/v2\/pages\/341\/revisions\/2409"}],"wp:attachment":[{"href":"https:\/\/tc4p.com\/wpsite\/wp-json\/wp\/v2\/media?parent=341"}],"curies":[{"name":"wp","href":"https:\/\/api.w.org\/{rel}","templated":true}]}}