{"id":351,"date":"2019-02-09T01:33:06","date_gmt":"2019-02-09T01:33:06","guid":{"rendered":"https:\/\/trainingcamp.pro\/wpsite\/?page_id=351"},"modified":"2020-11-06T16:39:03","modified_gmt":"2020-11-06T22:39:03","slug":"f015-fami-qs-preventive-controls-for-animal-food","status":"publish","type":"page","link":"https:\/\/tc4p.com\/wpsite\/f015-fami-qs-preventive-controls-for-animal-food\/","title":{"rendered":"F015 FAMI-QS &#8211; PREVENTIVE CONTROLS FOR ANIMAL FOOD"},"content":{"rendered":"\n<h2 class=\"wp-block-heading\"><strong>FAMI-QS &#8211; PREVENTIVE CONTROLS FOR ANIMAL FOOD<\/strong><\/h2>\n\n\n\n<h3 class=\"wp-block-heading\"><strong>Pre\u00e1mbulo:<\/strong><\/h3>\n\n\n\n<p>Si nosotros \u201csomos lo que comemos\u201d, esto tambi\u00e9n vale para los animales. Gran parte de nuestros alimentos provienen de animales, ya sea de su carne o de algunos productos que ellos elaboran, como huevos, leche y miel. &nbsp;Luego, los alimentos de los animales deben cumplir con requisitos de calidad e inocuidad para asegurar que no introducen peligros a la cadena de suministros.<\/p>\n\n\n\n<p>Las empresas fabricantes de aditivos y pre-mezclas para la alimentaci\u00f3n animal deben contar con est\u00e1ndares para asegurar calidad e inocuidad de sus productos, as\u00ed como lo hacen quienes producen alimentos para nuestro consumo directo.<\/p>\n\n\n\n<p>FAMI QS es una norma dedicada a esta parte de la cadena. Los objetivos de inocuidad de los piensos est\u00e1n dirigidos tanto a conservar la salud del animal, como la salud del consumidor de los productos que de ellos provengan. Hasta hace no tanto tiempo, se consideraba que los animales, por presentar una mayor tolerancia, podr\u00edan alimentarse de una amplia gama de desechos. Ahora debe tenerse en cuenta que muchos peligros pueden colarse dentro de la cadena de suministros desde cualquiera de sus etapas.<\/p>\n\n\n\n<p>Son de especial cuidado los peligros f\u00edsicos procedentes del campo y de las operaciones de mezclado y embalaje; los peligros procedentes de los agroqu\u00edmicos, los metales pesados en minerales y los agentes coadyuvantes de producci\u00f3n; la contaminaci\u00f3n biol\u00f3gica procedente de crianzas y cultivos, as\u00ed como de la manipulaci\u00f3n de materiales o pr\u00e1cticas inapropiadas de manufactura. al alimento humano.<\/p>\n\n\n\n<p>La presente norma se ha basado mayormente en los requisitos planteados por la Uni\u00f3n Europea, entidad que ha incrementado el control sobre piensos y alimentos para animales dados algunos casos que se han suscitado hace pocos a\u00f1os en relaci\u00f3n a este tipo de productos. FAMI QS cumple con el c\u00f3digo planteado por la Asociaci\u00f3n de Fabricantes de Aditivos para Alimentos Animales de Europa. Adem\u00e1s es apropiada para armonizar con los requisitos planteados por la FSMA de FDA.<\/p>\n\n\n\n<p>Nota: La certificaci\u00f3n de un sistema bajo esta norma no es aplicable a la fabricaci\u00f3n de alimentos de formulaci\u00f3n terminada, lista para el consumo de los animales. Por ello se especifica: premezclas y aditivos para elborar alimentos para animales.<\/p>\n\n\n\n<h3 class=\"wp-block-heading\">1. El Curso en breve (F015-18)<\/h3>\n\n\n\n<div class=\"wp-block-image\"><figure class=\"alignleft is-resized\"><img data-recalc-dims=\"1\" loading=\"lazy\" decoding=\"async\" src=\"https:\/\/i0.wp.com\/trainingcamp.pro\/wpsite\/wp-content\/uploads\/2019\/02\/notyet.jpg?resize=154%2C171&#038;ssl=1\" alt=\"\" class=\"wp-image-156\" width=\"154\" height=\"171\"\/><\/figure><\/div>\n\n\n\n<p>Bienvenido a&nbsp; donde se dan cita los grandes: esta capacitaci\u00f3n brinda toda la informaci\u00f3n necesaria a aquellas empresas que aspiran al liderazgo en el suministro de premezclas y aditivos de alimentos para animales. En la \u00faltima versi\u00f3n, se plantea el contenido de la norma y se ejemplifica la estructuraci\u00f3n de un sistema de gesti\u00f3n incluyendo las innovaciones que implica la novedosa estructura de alto nivel (HLS o high level structure), como se plantea en el sistema de la reci\u00e9n desarrollada norma para certificaci\u00f3n de sistemas de gesti\u00f3n de calidad ISO 9001:2015.&nbsp;<\/p>\n\n\n\n<h3 class=\"wp-block-heading\">2. Objetivos<\/h3>\n\n\n\n<p>El participante aprendera a desarrollar y poner a funcionar su sistema calidad e inocuidad en una instalaci\u00f3n que elabore aditivos o premezclas para preparar alimentos para animales. Las herramientas est\u00e1n a la altura de los sistemas modernos de gesti\u00f3n.<\/p>\n\n\n\n<h3 class=\"wp-block-heading\">3. Contenidos<\/h3>\n\n\n\n<ul class=\"wp-block-list\"><li>\u00bfQu\u00e9 es FAMI QS para las premezclas y los aditivos?<\/li><li>\u00bfC\u00f3mo trabaja FAMI para la calidad y la inocuidad?<\/li><li>Estructura de la normativa<\/li><li>Contexto y liderazgo: \u00bfqu\u00e9 pretendemos lograr?<\/li><li>Planificaci\u00f3n: riesgos y oportunidades<\/li><li>Pr\u00e1cticas de manufactura: un tema conocido sobre estructuras nuevas<\/li><li>La operaci\u00f3n: din\u00e1mica de controles y cambios<\/li><li>Evaluar el desempe\u00f1o: \u00bfC\u00f3mo vamos?<\/li><li>Mejora: la luz al fundo del t\u00fanel.<\/li><\/ul>\n\n\n\n<h3 class=\"wp-block-heading\">4. Dirigido a<\/h3>\n\n\n\n<p>El curso est\u00e1 dirigido a:<\/p>\n\n\n\n<ul class=\"wp-block-list\"><li>Representantes de la alta direcci\u00f3n, l\u00edderes de proceso de la industria de alimentos parea animales<\/li><li>Mandos superiores y medios<\/li><li>Auditores e Integrantes del equipo de inocuidad y calidad<\/li><li>Compradores de pre-mezclas y aditivos para la alimentaci\u00f3n animal.<\/li><\/ul>\n\n\n\n<h3 class=\"wp-block-heading\">5. Adem\u00e1s &#8230;<\/h3>\n\n\n\n<ul class=\"wp-block-list\"><li>Incluye material did\u00e1ctico<\/li><li>Training Certificate<\/li><li>Catering en el evento<\/li><\/ul>\n\n\n\n<h3 class=\"wp-block-heading\">6. Duraci\u00f3n<\/h3>\n\n\n\n<ul class=\"wp-block-list\"><li>Implementaci\u00f3n en 1 d\u00eda (8 horas)<br><\/li><\/ul>\n\n\n\n<h3 class=\"wp-block-heading\">Inscripci\u00f3n \/ Lugares y Fechas<\/h3>\n\n\n\n<ul class=\"wp-block-list\">\n<li>Presencial: En la <a href=\"https:\/\/tc4p.com\/wpsite\/agenda-presencial\/\" data-type=\"page\" data-id=\"134\"><strong><em>agenda<\/em><\/strong><\/a> se encuentran las fechas y lugares oficiales. El\u00a0<a rel=\"noreferrer noopener\" href=\"https:\/\/tc4p.com\/wpsite\/inscription.html\" target=\"_blank\"><strong><em>Formulario de Inscripci\u00f3n<\/em><\/strong><\/a>\u00a0le permite inscribirse en linea como participante en un curso presencial. <\/li>\n<\/ul>\n\n\n\n<p>Si este evento no aparece en ninguno de los dos paginas todav\u00eda no tiene fecha. Por favor comun\u00edquese con&nbsp;<a href=\"https:\/\/tc4p.com\/wpsite\/contacto\/\" data-type=\"page\" data-id=\"130\"><em><strong>nosotros<\/strong><\/em><\/a> para recibir m\u00e1s informaci\u00f3n, solicitar pedido especial o asistencia.<\/p>\n\n\n\n<p><strong><a href=\"https:\/\/tc4p.com\/wpsite\/agenda-presencial\/\" data-type=\"page\" data-id=\"134\"><em>Regresar a la Agenda<\/em><\/a><\/strong><\/p>\n","protected":false},"excerpt":{"rendered":"<p>FAMI-QS &#8211; PREVENTIVE CONTROLS FOR ANIMAL FOOD Pre\u00e1mbulo: Si nosotros \u201csomos lo que comemos\u201d, esto tambi\u00e9n vale para los animales. Gran parte de nuestros alimentos provienen de animales, ya sea &#8230;<\/p>\n","protected":false},"author":1,"featured_media":0,"parent":0,"menu_order":0,"comment_status":"closed","ping_status":"closed","template":"","meta":{"nf_dc_page":"","sns_share_botton_hide":"","vkExUnit_sns_title":"","_vk_print_noindex":"","sitemap_hide":"","vkExUnit_sitemap":"","_veu_custom_css":"","veu_display_promotion_alert":"","_exclude_from_list_pages":"","vkexunit_cta_each_option":"","vkExUnit_childPageIndex":"","vkExUnit_pageList_ancestor":"","vkExUnit_contact_enable":"","footnotes":""},"class_list":["post-351","page","type-page","status-publish","hentry"],"veu_head_title_object":{"title":"","add_site_title":""},"jetpack_sharing_enabled":true,"_links":{"self":[{"href":"https:\/\/tc4p.com\/wpsite\/wp-json\/wp\/v2\/pages\/351","targetHints":{"allow":["GET"]}}],"collection":[{"href":"https:\/\/tc4p.com\/wpsite\/wp-json\/wp\/v2\/pages"}],"about":[{"href":"https:\/\/tc4p.com\/wpsite\/wp-json\/wp\/v2\/types\/page"}],"author":[{"embeddable":true,"href":"https:\/\/tc4p.com\/wpsite\/wp-json\/wp\/v2\/users\/1"}],"replies":[{"embeddable":true,"href":"https:\/\/tc4p.com\/wpsite\/wp-json\/wp\/v2\/comments?post=351"}],"version-history":[{"count":1,"href":"https:\/\/tc4p.com\/wpsite\/wp-json\/wp\/v2\/pages\/351\/revisions"}],"predecessor-version":[{"id":2414,"href":"https:\/\/tc4p.com\/wpsite\/wp-json\/wp\/v2\/pages\/351\/revisions\/2414"}],"wp:attachment":[{"href":"https:\/\/tc4p.com\/wpsite\/wp-json\/wp\/v2\/media?parent=351"}],"curies":[{"name":"wp","href":"https:\/\/api.w.org\/{rel}","templated":true}]}}