{"id":363,"date":"2019-02-09T01:44:47","date_gmt":"2019-02-09T01:44:47","guid":{"rendered":"https:\/\/trainingcamp.pro\/wpsite\/?page_id=363"},"modified":"2020-11-06T16:39:50","modified_gmt":"2020-11-06T22:39:50","slug":"f017-intl-auditor-expert-preparation-iso-220002018","status":"publish","type":"page","link":"https:\/\/tc4p.com\/wpsite\/f017-intl-auditor-expert-preparation-iso-220002018\/","title":{"rendered":"F017 INTL. AUDITOR &amp; EXPERT PREPARATION: ISO 22000:2018"},"content":{"rendered":"\n<h2 class=\"wp-block-heading\"><strong>INTL. AUDITOR &amp; EXPERT PREPARATION: ISO 22000:2018<\/strong><\/h2>\n\n\n\n<p><strong>Pre\u00e1mbulo<\/strong>:&nbsp;Nuestro Training Camp tiene el placer de anunciar la primicia en esta novedad: la nueva ISO 22000:2018.&nbsp;Una norma trascendente sin duda, \u00bfque se hab\u00eda quedado rezagada?&nbsp;&nbsp; \u2013&nbsp;Cierto.&nbsp; Sin embargo es sin duda una herramienta de gran compromiso, porque forma parte de las normas FSSC 22000, una de las normas internacionales m\u00e1s importantes reconocidas por la Iniciativa Global de Inocuidad de Alimentos (GFSI).&nbsp;<\/p>\n\n\n\n<h3 class=\"wp-block-heading\">1. El Curso en breve (F017-18)<\/h3>\n\n\n\n<div class=\"wp-block-image\"><figure class=\"alignleft size-large is-resized\"><img data-recalc-dims=\"1\" loading=\"lazy\" decoding=\"async\" src=\"https:\/\/i0.wp.com\/trainingcamp.pro\/wpsite\/wp-content\/uploads\/2019\/11\/ISO22000-2018-732x1024.png?resize=271%2C379&#038;ssl=1\" alt=\"\" class=\"wp-image-1327\" width=\"271\" height=\"379\"\/><\/figure><\/div>\n\n\n\n<p>Para los profesionales de la inocuidad alimentaria es primordial conocer en esta capacitaci\u00f3n los avances que ha tenido la norma internacional ISO 22000:2018, m\u00e1s a\u00fan si esta norma ha dado el esperado de paso de adoptar la estructura de alto nivel que fue&nbsp; introducida por las normas internacionales ISO 9001 e ISO 14001, ambas en su versi\u00f3n del 2015. Ademas siendo parte integrada del FSSC 22000 la actualizaci\u00f3n no solamente es obligatoria para las empresas certificadas en ISO 22000:2018 sino tambi\u00e9n para empresas certificadas en FSSC 22000.<\/p>\n\n\n\n<h3 class=\"wp-block-heading\">2. Objetivos<\/h3>\n\n\n\n<p>El objetivo principal de este \u201cTraining Camp\u201d es brindar al participante toda la informaci\u00f3n nueva que se ha generado en esta nueva versi\u00f3n de la&nbsp; norma internacional ISO 22000:2018 y asegurar que los participantes&nbsp;logran traducir todos los cambios en las respectivas mejoras del sistema para alcanzar&nbsp;o mantener la certificaci\u00f3n de su sistema de gerencia de inocuidad.<\/p>\n\n\n\n<h3 class=\"wp-block-heading\">3. Contenidos<\/h3>\n\n\n\n<p>El rol actual de la ISO 22000:2018 en la inocuidad de alimentos<br>Lo nuevo:<br><br><\/p>\n\n\n\n<ul class=\"wp-block-list\"><li>Introducci\u00f3n&nbsp;<\/li><li>Estructura de alto nivel (HLS)<\/li><li>Considerar partes interesadas<\/li><li>Doble ciclo PHVA<\/li><li>El plan de control de peligros<\/li><li>L\u00edmites para PCC y criterios de acci\u00f3n para PPRop<\/li><li>Validaciones y an\u00e1lisis de sus resultados<\/li><li>Conclusiones y cierre<\/li><\/ul>\n\n\n\n<h3 class=\"wp-block-heading\">4. Dirigido a<\/h3>\n\n\n\n<p>El curso est\u00e1 dirigido a<\/p>\n\n\n\n<ul class=\"wp-block-list\"><li>L\u00edderes de proceso, mandos superiores y medios&nbsp;<\/li><li>Supervisores y Representante de la direcci\u00f3n<\/li><li>Gerentes y Responsables de los sistemas gerencia<\/li><li>Miembros del equipo de inocuidad<\/li><li>Gerentes o jefes de departamento<br><br><br><\/li><\/ul>\n\n\n\n<h3 class=\"wp-block-heading\">5. Adem\u00e1s &#8230;<\/h3>\n\n\n\n<ul class=\"wp-block-list\"><li>Incluye material did\u00e1ctico<\/li><li>Training Certificate<\/li><li>Catering (solo Evento abierto)<\/li><li>Evaluaci\u00f3n escrito al final del curso<\/li><\/ul>\n\n\n\n<h3 class=\"wp-block-heading\">6. Duraci\u00f3n<\/h3>\n\n\n\n<p>6.1 Implementaci\u00f3n in-house en 2 d\u00edas \/ 16 horas<br>6.2 Implementaci\u00f3n en nuestro sede de capacitaciones\u00a0en 1,5 d\u00eda \/ 12\u00a0horas (incluye catering)<br><\/p>\n\n\n\n<h3 class=\"wp-block-heading\">Inscripci\u00f3n \/ Lugares y Fechas<\/h3>\n\n\n\n<ul class=\"wp-block-list\">\n<li>Presencial: En la <a href=\"https:\/\/tc4p.com\/wpsite\/agenda-presencial\/\" data-type=\"page\" data-id=\"134\"><strong><em>agenda<\/em><\/strong><\/a> se encuentran las fechas y lugares oficiales. El\u00a0<a rel=\"noreferrer noopener\" href=\"https:\/\/tc4p.com\/wpsite\/inscription.html\" target=\"_blank\"><strong><em>Formulario de Inscripci\u00f3n<\/em><\/strong><\/a>\u00a0le permite inscribirse en linea como participante en un curso presencial. <\/li>\n<\/ul>\n\n\n\n<p>Si este evento no aparece en ninguno de los dos paginas todav\u00eda no tiene fecha. Por favor comun\u00edquese con&nbsp;<a href=\"https:\/\/tc4p.com\/wpsite\/contacto\/\" data-type=\"page\" data-id=\"130\"><em><strong>nosotros<\/strong><\/em><\/a> para recibir m\u00e1s informaci\u00f3n, solicitar pedido especial o asistencia.<\/p>\n\n\n\n<p><strong><a href=\"https:\/\/tc4p.com\/wpsite\/agenda-presencial\/\" data-type=\"page\" data-id=\"134\"><em>Regresar a la Agenda<\/em><\/a><\/strong><\/p>\n","protected":false},"excerpt":{"rendered":"<p>INTL. AUDITOR &amp; EXPERT PREPARATION: ISO 22000:2018 Pre\u00e1mbulo:&nbsp;Nuestro Training Camp tiene el placer de anunciar la primicia en esta novedad: la nueva ISO 22000:2018.&nbsp;Una norma trascendente sin duda, \u00bfque se &#8230;<\/p>\n","protected":false},"author":1,"featured_media":0,"parent":0,"menu_order":0,"comment_status":"closed","ping_status":"closed","template":"","meta":{"nf_dc_page":"","sns_share_botton_hide":"","vkExUnit_sns_title":"","_vk_print_noindex":"","sitemap_hide":"","vkExUnit_sitemap":"","_veu_custom_css":"","veu_display_promotion_alert":"","_exclude_from_list_pages":"","vkexunit_cta_each_option":"","vkExUnit_childPageIndex":"","vkExUnit_pageList_ancestor":"","vkExUnit_contact_enable":"","footnotes":""},"class_list":["post-363","page","type-page","status-publish","hentry"],"veu_head_title_object":{"title":"","add_site_title":""},"jetpack_sharing_enabled":true,"_links":{"self":[{"href":"https:\/\/tc4p.com\/wpsite\/wp-json\/wp\/v2\/pages\/363","targetHints":{"allow":["GET"]}}],"collection":[{"href":"https:\/\/tc4p.com\/wpsite\/wp-json\/wp\/v2\/pages"}],"about":[{"href":"https:\/\/tc4p.com\/wpsite\/wp-json\/wp\/v2\/types\/page"}],"author":[{"embeddable":true,"href":"https:\/\/tc4p.com\/wpsite\/wp-json\/wp\/v2\/users\/1"}],"replies":[{"embeddable":true,"href":"https:\/\/tc4p.com\/wpsite\/wp-json\/wp\/v2\/comments?post=363"}],"version-history":[{"count":1,"href":"https:\/\/tc4p.com\/wpsite\/wp-json\/wp\/v2\/pages\/363\/revisions"}],"predecessor-version":[{"id":2416,"href":"https:\/\/tc4p.com\/wpsite\/wp-json\/wp\/v2\/pages\/363\/revisions\/2416"}],"wp:attachment":[{"href":"https:\/\/tc4p.com\/wpsite\/wp-json\/wp\/v2\/media?parent=363"}],"curies":[{"name":"wp","href":"https:\/\/api.w.org\/{rel}","templated":true}]}}