{"id":37,"date":"2020-10-27T04:16:42","date_gmt":"2020-10-27T10:16:42","guid":{"rendered":"https:\/\/lineasegura.com\/tc4p\/wpsite\/?page_id=37"},"modified":"2020-11-06T16:09:34","modified_gmt":"2020-11-06T22:09:34","slug":"personal","status":"publish","type":"page","link":"https:\/\/tc4p.com\/wpsite\/personal\/","title":{"rendered":"Personal"},"content":{"rendered":"\n<h2 class=\"has-vivid-red-color has-text-color wp-block-heading\"><strong>T\u00fa decides acerca de la hora, el lugar, el tiempo para capacitarte !!<\/strong> <\/h2>\n\n\n\n<div class=\"wp-block-image is-style-default\"><figure class=\"alignright size-large\"><img data-recalc-dims=\"1\" loading=\"lazy\" decoding=\"async\" width=\"400\" height=\"266\" src=\"https:\/\/i0.wp.com\/tc4p.com\/wpsite\/wp-content\/uploads\/2020\/10\/eLern01.jpg?resize=400%2C266&#038;ssl=1\" alt=\"\" class=\"wp-image-38\" srcset=\"https:\/\/i0.wp.com\/tc4p.com\/wpsite\/wp-content\/uploads\/2020\/10\/eLern01.jpg?w=400&amp;ssl=1 400w, https:\/\/i0.wp.com\/tc4p.com\/wpsite\/wp-content\/uploads\/2020\/10\/eLern01.jpg?resize=300%2C200&amp;ssl=1 300w\" sizes=\"auto, (max-width: 400px) 100vw, 400px\" \/><figcaption>Formaci\u00f3n profesional a tu ritmo<\/figcaption><\/figure><\/div>\n\n\n\n<ul class=\"wp-block-list\"><li>Nuestra plataforma para aprendizaje en l\u00ednea te da<strong> toda la flexibilidad<\/strong> para auto-capacitarte a tu ritmo.<br><\/li><li>Elige los temas que te interesan o que necesitas reforzar para <strong>ser m\u00e1s exitoso<\/strong> en tu profesi\u00f3n y carrera.<br><\/li><li>En la plataforma tambi\u00e9n encontraras muchas capacitaciones profesionales las cuales tu puedes realizar de manera&nbsp;<strong>gratuita<\/strong>.<br><\/li><li>Al inscribirte revisa bien la ortograf\u00eda en lo que escribes. Con la informaci\u00f3n en tu perfil TC4P genera tus certificados de los cursos que aprobaste.<br><\/li><li>Para Navegar recomendamos Firefox o Chrome. Otros Browsers (i.e. Safari) podr\u00edan omitir cierta informaci\u00f3n (video \/ audio)<br><\/li><li>Si tu empresa tiene una cuenta, aseg\u00farate que en <strong>tu<\/strong> perfil aparezca el <strong>nombre de tu empresa<\/strong>. Al identificarte como colaborador de una empresa u organizaci\u00f3n registrada, tienes <strong>acceso gratuito<\/strong> a m\u00e1s capacitaciones a\u00fan. Si no estas seguro pregunta en tu empresa si est\u00e1 registrada.<\/li><\/ul>\n\n\n\n<div class=\"wp-block-image is-style-default\"><figure class=\"aligncenter size-large is-resized\"><a href=\"https:\/\/www.tc4p.com\/learn\/\" target=\"_blank\" rel=\"noreferrer noopener\"><img data-recalc-dims=\"1\" loading=\"lazy\" decoding=\"async\" src=\"https:\/\/i0.wp.com\/tc4p.com\/wpsite\/wp-content\/uploads\/2020\/10\/inscrib.jpg?resize=263%2C108&#038;ssl=1\" alt=\"\" class=\"wp-image-39\" width=\"263\" height=\"108\" srcset=\"https:\/\/i0.wp.com\/tc4p.com\/wpsite\/wp-content\/uploads\/2020\/10\/inscrib.jpg?w=350&amp;ssl=1 350w, https:\/\/i0.wp.com\/tc4p.com\/wpsite\/wp-content\/uploads\/2020\/10\/inscrib.jpg?resize=300%2C123&amp;ssl=1 300w\" sizes=\"auto, (max-width: 263px) 100vw, 263px\" \/><\/a><\/figure><\/div>\n","protected":false},"excerpt":{"rendered":"<p>T\u00fa decides acerca de la hora, el lugar, el tiempo para capacitarte !! Nuestra plataforma para aprendizaje en l\u00ednea te da toda la flexibilidad para auto-capacitarte a tu ritmo. Elige &#8230;<\/p>\n","protected":false},"author":1,"featured_media":0,"parent":0,"menu_order":0,"comment_status":"closed","ping_status":"closed","template":"","meta":{"nf_dc_page":"","sns_share_botton_hide":"","vkExUnit_sns_title":"","_vk_print_noindex":"","sitemap_hide":"","vkExUnit_sitemap":"","_veu_custom_css":"","veu_display_promotion_alert":"","_exclude_from_list_pages":"","vkexunit_cta_each_option":"","vkExUnit_childPageIndex":"","vkExUnit_pageList_ancestor":"","vkExUnit_contact_enable":"","footnotes":""},"class_list":["post-37","page","type-page","status-publish","hentry"],"veu_head_title_object":{"title":"","add_site_title":""},"jetpack_sharing_enabled":true,"_links":{"self":[{"href":"https:\/\/tc4p.com\/wpsite\/wp-json\/wp\/v2\/pages\/37","targetHints":{"allow":["GET"]}}],"collection":[{"href":"https:\/\/tc4p.com\/wpsite\/wp-json\/wp\/v2\/pages"}],"about":[{"href":"https:\/\/tc4p.com\/wpsite\/wp-json\/wp\/v2\/types\/page"}],"author":[{"embeddable":true,"href":"https:\/\/tc4p.com\/wpsite\/wp-json\/wp\/v2\/users\/1"}],"replies":[{"embeddable":true,"href":"https:\/\/tc4p.com\/wpsite\/wp-json\/wp\/v2\/comments?post=37"}],"version-history":[{"count":5,"href":"https:\/\/tc4p.com\/wpsite\/wp-json\/wp\/v2\/pages\/37\/revisions"}],"predecessor-version":[{"id":2373,"href":"https:\/\/tc4p.com\/wpsite\/wp-json\/wp\/v2\/pages\/37\/revisions\/2373"}],"wp:attachment":[{"href":"https:\/\/tc4p.com\/wpsite\/wp-json\/wp\/v2\/media?parent=37"}],"curies":[{"name":"wp","href":"https:\/\/api.w.org\/{rel}","templated":true}]}}