{"id":376,"date":"2019-02-09T01:51:56","date_gmt":"2019-02-09T01:51:56","guid":{"rendered":"https:\/\/trainingcamp.pro\/wpsite\/?page_id=376"},"modified":"2020-11-06T17:17:17","modified_gmt":"2020-11-06T23:17:17","slug":"q001-kpi-manager","status":"publish","type":"page","link":"https:\/\/tc4p.com\/wpsite\/q001-kpi-manager\/","title":{"rendered":"Q001 KPI Manager"},"content":{"rendered":"\n<h2 class=\"wp-block-heading\"><strong>KPI MANAGER<\/strong><\/h2>\n\n\n\n<figure class=\"wp-block-image size-large\"><img data-recalc-dims=\"1\" height=\"1024\" width=\"730\" decoding=\"async\" src=\"https:\/\/i0.wp.com\/trainingcamp.pro\/wpsite\/wp-content\/uploads\/2019\/11\/KPI-Manager-730x1024.png?resize=730%2C1024&#038;ssl=1\" alt=\"\" class=\"wp-image-1308\"\/><\/figure>\n\n\n\n<h2 class=\"wp-block-heading\">Contratar<\/h2>\n\n\n\n<p>Esta capacitaci\u00f3n se realiza \u00fanicamente &#8220;in-house&#8221;. Por favor comun\u00edquese con <a href=\"https:\/\/tc4p.com\/wpsite\/contacto\/\" data-type=\"page\" data-id=\"130\">nosotros<\/a> para recibir m\u00e1s informaci\u00f3n, solicitar pedido especial o asistencia.<\/p>\n","protected":false},"excerpt":{"rendered":"<p>KPI MANAGER<\/p>\n","protected":false},"author":1,"featured_media":0,"parent":0,"menu_order":0,"comment_status":"closed","ping_status":"closed","template":"","meta":{"nf_dc_page":"","sns_share_botton_hide":"","vkExUnit_sns_title":"","_vk_print_noindex":"","sitemap_hide":"","vkExUnit_sitemap":"","_veu_custom_css":"","veu_display_promotion_alert":"","_exclude_from_list_pages":"","vkexunit_cta_each_option":"","vkExUnit_childPageIndex":"","vkExUnit_pageList_ancestor":"","vkExUnit_contact_enable":"","footnotes":""},"class_list":["post-376","page","type-page","status-publish","hentry"],"veu_head_title_object":{"title":"","add_site_title":""},"jetpack_sharing_enabled":true,"_links":{"self":[{"href":"https:\/\/tc4p.com\/wpsite\/wp-json\/wp\/v2\/pages\/376","targetHints":{"allow":["GET"]}}],"collection":[{"href":"https:\/\/tc4p.com\/wpsite\/wp-json\/wp\/v2\/pages"}],"about":[{"href":"https:\/\/tc4p.com\/wpsite\/wp-json\/wp\/v2\/types\/page"}],"author":[{"embeddable":true,"href":"https:\/\/tc4p.com\/wpsite\/wp-json\/wp\/v2\/users\/1"}],"replies":[{"embeddable":true,"href":"https:\/\/tc4p.com\/wpsite\/wp-json\/wp\/v2\/comments?post=376"}],"version-history":[{"count":2,"href":"https:\/\/tc4p.com\/wpsite\/wp-json\/wp\/v2\/pages\/376\/revisions"}],"predecessor-version":[{"id":2464,"href":"https:\/\/tc4p.com\/wpsite\/wp-json\/wp\/v2\/pages\/376\/revisions\/2464"}],"wp:attachment":[{"href":"https:\/\/tc4p.com\/wpsite\/wp-json\/wp\/v2\/media?parent=376"}],"curies":[{"name":"wp","href":"https:\/\/api.w.org\/{rel}","templated":true}]}}