{"id":380,"date":"2019-02-09T01:54:41","date_gmt":"2019-02-09T01:54:41","guid":{"rendered":"https:\/\/trainingcamp.pro\/wpsite\/?page_id=380"},"modified":"2022-09-13T12:49:35","modified_gmt":"2022-09-13T18:49:35","slug":"q003-lead-auditor-iso-90012015","status":"publish","type":"page","link":"https:\/\/tc4p.com\/wpsite\/q003-lead-auditor-iso-90012015\/","title":{"rendered":"CA-003 LEAD AUDITOR ISO 9001:2015"},"content":{"rendered":"\n<h2 class=\"wp-block-heading\"><strong>LEAD AUDITOR ISO 9001:2015<\/strong><\/h2>\n\n\n\n<h3 class=\"wp-block-heading\">1. El Curso en breve\u00a0 (CA-003-40)<\/h3>\n\n\n<div class=\"wp-block-image\">\n<figure class=\"alignleft size-full is-resized\"><a href=\"https:\/\/i0.wp.com\/tc4p.com\/wpsite\/wp-content\/uploads\/2022\/09\/AL9001.jpg?ssl=1\" target=\"_blank\" rel=\"noreferrer noopener\"><img data-recalc-dims=\"1\" loading=\"lazy\" decoding=\"async\" src=\"https:\/\/i0.wp.com\/tc4p.com\/wpsite\/wp-content\/uploads\/2022\/09\/AL9001.jpg?resize=216%2C276&#038;ssl=1\" alt=\"\" class=\"wp-image-2733\" width=\"216\" height=\"276\" srcset=\"https:\/\/i0.wp.com\/tc4p.com\/wpsite\/wp-content\/uploads\/2022\/09\/AL9001.jpg?w=563&amp;ssl=1 563w, https:\/\/i0.wp.com\/tc4p.com\/wpsite\/wp-content\/uploads\/2022\/09\/AL9001.jpg?resize=235%2C300&amp;ssl=1 235w\" sizes=\"auto, (max-width: 216px) 100vw, 216px\" \/><\/a><\/figure>\n<\/div>\n\n\n<p>Este es el Curso Oficial de Auditores L\u00edderes, ahora en su segunda edici\u00f3n disponible en Centro Am\u00e9rica. Los participantes aprenden en esta capacitaci\u00f3n a preparar, ejecutar y documentar una auditoria seg\u00fan los requisitos de ISO 9001:2015. El curso esta basado en metodolog\u00edas did\u00e1cticas con clases expositivas, recursos audiovisuales y talleres grupales de aplicaci\u00f3n.<\/p>\n\n\n\n<p>Este curso ejecuta la Certificadora Alemana DQS y otorga sus respectivos certificados. Cumple con los requisitos ISO 19011:2018 y esta reconocido para realizar auditorias de tercera parte.<\/p>\n\n\n\n<hr class=\"wp-block-separator has-css-opacity\"\/>\n\n\n\n<h3 class=\"wp-block-heading\">2. Objetivos<\/h3>\n\n\n\n<p>Los participantes comprender\u00e1n los aspectos te\u00f3ricos y pr\u00e1cticos para el desarrollo de auditorias del sistema de gesti\u00f3n de calidad basada en la normas ISO 9001, como herramienta para mejorar el desempe\u00f1o de la empresa. Junto con ello, los participantes sabr\u00e1n interpretar las normas de referencia, entendiendo a su vez los beneficios que se obtienen de la implementaci\u00f3n y auditor\u00eda de un sistema de gesti\u00f3n integrado. Pueden preparar y realizar una auditor\u00eda completa de segundo y tercer parte (Auditor\u00eda de proveedores y certificaci\u00f3n).<br><\/p>\n\n\n\n<h3 class=\"wp-block-heading\">3. Contenidos<\/h3>\n\n\n<div class=\"wp-block-image\">\n<figure class=\"alignright size-full is-resized\"><img data-recalc-dims=\"1\" loading=\"lazy\" decoding=\"async\" src=\"https:\/\/i0.wp.com\/tc4p.com\/wpsite\/wp-content\/uploads\/2022\/09\/Art00517-10-19.jpg?resize=443%2C295&#038;ssl=1\" alt=\"\" class=\"wp-image-2734\" width=\"443\" height=\"295\" srcset=\"https:\/\/i0.wp.com\/tc4p.com\/wpsite\/wp-content\/uploads\/2022\/09\/Art00517-10-19.jpg?w=720&amp;ssl=1 720w, https:\/\/i0.wp.com\/tc4p.com\/wpsite\/wp-content\/uploads\/2022\/09\/Art00517-10-19.jpg?resize=300%2C200&amp;ssl=1 300w\" sizes=\"auto, (max-width: 443px) 100vw, 443px\" \/><\/figure>\n<\/div>\n\n\n<ul class=\"wp-block-list\"><li>Introducci\u00f3n a la Gesti\u00f3n por procesos<\/li><li>Evoluci\u00f3n del concepto de Gesti\u00f3n Integrada<\/li><li>Estructura de la serie de normas ISO 9001:2015<\/li><li>T\u00e9rminos y Definiciones<\/li><li>Integraci\u00f3n de los Sistemas de Gesti\u00f3n<\/li><li>Requisitos generales<\/li><li>Pol\u00edtica de Calidad<\/li><li>Planificaci\u00f3n<\/li><li>Implementaci\u00f3n y operaci\u00f3n<\/li><li>Verificaci\u00f3n y acci\u00f3n correctiva<\/li><li>Revisi\u00f3n por la Direcci\u00f3n<\/li><li>T\u00e9cnicas de Auditor\u00eda<\/li><li>Aplicaci\u00f3n de t\u00e9cnicas de entrevistas y detecci\u00f3n de hallazgos<\/li><li>Verificaci\u00f3n de eficacia de las acciones correctivas<\/li><li>Soluci\u00f3n de problemas durante la Auditor\u00eda<\/li><li>Mejora &amp; An\u00e1lisis y cumplimiento de planes de acci\u00f3n correctiva<\/li><li>Actividades Post Auditoria<\/li><\/ul>\n\n\n\n<h3 class=\"wp-block-heading\">4. Dirigido a<\/h3>\n\n\n\n<p>El curso est\u00e1 dirigido a:<br><\/p>\n\n\n\n<ul class=\"wp-block-list\"><li>L\u00edderes y Responsables de los Sistemas de Gesti\u00f3n<\/li><li>Auditores Internos y Asesores<\/li><li>Consultores Futuros<\/li><li>Auditores de Certificaci\u00f3n<\/li><\/ul>\n\n\n\n<p><strong>OJO<\/strong>: La participaci\u00f3n en este curso requiere conocimientos previos del est\u00e1ndar ISO 9001:2008 y experiencia practica en su aplicaci\u00f3n.<\/p>\n\n\n\n<h3 class=\"wp-block-heading\">5. Adem\u00e1s &#8230;<\/h3>\n\n\n\n<ul class=\"wp-block-list\"><li>Incluye material did\u00e1ctico y catering en el evento<\/li><li>Examen<\/li><li>Training Certificate<\/li><\/ul>\n\n\n\n<h3 class=\"wp-block-heading\">6. Duraci\u00f3n<\/h3>\n\n\n\n<ul class=\"wp-block-list\"><li>Presencial: Implementaci\u00f3n en 5 d\u00edas consecutivos (40 horas, 8h x 5d, 08.00-17.00)<\/li><li>Virtual: Implementaci\u00f3n en 10 d\u00edas consecutivos (40 horas, 4h x 10d, 08.00-12.00)<\/li><\/ul>\n\n\n\n<h3 class=\"wp-block-heading\">Inscripci\u00f3n \/ Lugares y Fechas<\/h3>\n\n\n\n<ul class=\"wp-block-list\">\n<li>Presencial: En la <a href=\"https:\/\/tc4p.com\/wpsite\/agenda-presencial\/\" data-type=\"page\" data-id=\"134\"><strong><em>agenda<\/em><\/strong><\/a> se encuentran las fechas y lugares oficiales. El\u00a0<a rel=\"noreferrer noopener\" href=\"https:\/\/tc4p.com\/wpsite\/inscription.html\" target=\"_blank\"><strong><em>Formulario de Inscripci\u00f3n<\/em><\/strong><\/a>\u00a0le permite inscribirse en linea como participante en un curso presencial. <\/li>\n<\/ul>\n\n\n\n<p>Si este evento no aparece en ninguno de los dos paginas todav\u00eda no tiene fecha. Por favor comun\u00edquese con&nbsp;<a href=\"https:\/\/tc4p.com\/wpsite\/contacto\/\" data-type=\"page\" data-id=\"130\"><em><strong>nosotros<\/strong><\/em><\/a> para recibir m\u00e1s informaci\u00f3n, solicitar pedido especial o asistencia.<\/p>\n\n\n\n<p><strong><a href=\"https:\/\/tc4p.com\/wpsite\/agenda-presencial\/\" data-type=\"page\" data-id=\"134\"><em>Regresar a la Agenda<\/em><\/a><\/strong><\/p>\n","protected":false},"excerpt":{"rendered":"<p>LEAD AUDITOR ISO 9001:2015 1. El Curso en breve\u00a0 (CA-003-40) Este es el Curso Oficial de Auditores L\u00edderes, ahora en su segunda edici\u00f3n disponible en Centro Am\u00e9rica. Los participantes aprenden &#8230;<\/p>\n","protected":false},"author":1,"featured_media":0,"parent":0,"menu_order":0,"comment_status":"closed","ping_status":"closed","template":"","meta":{"nf_dc_page":"","sns_share_botton_hide":"","vkExUnit_sns_title":"","_vk_print_noindex":"","sitemap_hide":"","vkExUnit_sitemap":"","_veu_custom_css":"","veu_display_promotion_alert":"","_exclude_from_list_pages":"","vkexunit_cta_each_option":"","vkExUnit_childPageIndex":"","vkExUnit_pageList_ancestor":"","vkExUnit_contact_enable":"","footnotes":""},"class_list":["post-380","page","type-page","status-publish","hentry"],"veu_head_title_object":{"title":"","add_site_title":""},"jetpack_sharing_enabled":true,"_links":{"self":[{"href":"https:\/\/tc4p.com\/wpsite\/wp-json\/wp\/v2\/pages\/380","targetHints":{"allow":["GET"]}}],"collection":[{"href":"https:\/\/tc4p.com\/wpsite\/wp-json\/wp\/v2\/pages"}],"about":[{"href":"https:\/\/tc4p.com\/wpsite\/wp-json\/wp\/v2\/types\/page"}],"author":[{"embeddable":true,"href":"https:\/\/tc4p.com\/wpsite\/wp-json\/wp\/v2\/users\/1"}],"replies":[{"embeddable":true,"href":"https:\/\/tc4p.com\/wpsite\/wp-json\/wp\/v2\/comments?post=380"}],"version-history":[{"count":4,"href":"https:\/\/tc4p.com\/wpsite\/wp-json\/wp\/v2\/pages\/380\/revisions"}],"predecessor-version":[{"id":2738,"href":"https:\/\/tc4p.com\/wpsite\/wp-json\/wp\/v2\/pages\/380\/revisions\/2738"}],"wp:attachment":[{"href":"https:\/\/tc4p.com\/wpsite\/wp-json\/wp\/v2\/media?parent=380"}],"curies":[{"name":"wp","href":"https:\/\/api.w.org\/{rel}","templated":true}]}}