{"id":387,"date":"2019-02-09T01:57:39","date_gmt":"2019-02-09T01:57:39","guid":{"rendered":"https:\/\/trainingcamp.pro\/wpsite\/?page_id=387"},"modified":"2020-11-06T17:11:52","modified_gmt":"2020-11-06T23:11:52","slug":"q005-introduccion-a-la-gestion-de-calidad-basada-en-iso-90012015","status":"publish","type":"page","link":"https:\/\/tc4p.com\/wpsite\/q005-introduccion-a-la-gestion-de-calidad-basada-en-iso-90012015\/","title":{"rendered":"Q005 INTRODUCCI\u00d3N A LA GESTI\u00d3N DE CALIDAD BASADA EN ISO 9001:2015"},"content":{"rendered":"\n<h2 class=\"wp-block-heading\"><strong>INTRODUCCI\u00d3N A LA GESTI\u00d3N DE CALIDAD BASADA EN ISO 9001:2015<\/strong><\/h2>\n\n\n\n<h3 class=\"wp-block-heading\">1. El Curso en breve&nbsp; (Q005-18)<\/h3>\n\n\n\n<div class=\"wp-block-image\"><figure class=\"alignleft\"><img data-recalc-dims=\"1\" loading=\"lazy\" decoding=\"async\" width=\"281\" height=\"150\" src=\"https:\/\/i0.wp.com\/trainingcamp.pro\/wpsite\/wp-content\/uploads\/2019\/02\/q005k.jpg?resize=281%2C150&#038;ssl=1\" alt=\"\" class=\"wp-image-391\"\/><\/figure><\/div>\n\n\n\n<p>A trav\u00e9s de clases expositivas, con recursos audiovisuales y talleres grupales de aplicaci\u00f3n los participantes aprenden interpretar y aplicar la nueva edici\u00f3n de la ISO 9001, Versi\u00f3n 2015.<br><\/p>\n\n\n\n<h3 class=\"wp-block-heading\">2. Objetivos<\/h3>\n\n\n\n<p>Los participantes ser\u00e1n introducidos en la materia la norma. Comprender\u00e1n los aspectos te\u00f3ricos y pr\u00e1cticos de la nueva edici\u00f3n de la ISO 9001 Versi\u00f3n 2015. Ser\u00e1n capaz de implementar procesos y requisitos para cumplir con la norma y con el fin de pasar una auditoria de certificaci\u00f3n.&nbsp;<br><\/p>\n\n\n\n<h3 class=\"wp-block-heading\">3. Contenidos<\/h3>\n\n\n\n<ul class=\"wp-block-list\"><li>Historia de la Calidad<\/li><li>Importancia de tener un sistema ISO<\/li><li>Interpretaci\u00f3n de la norma<\/li><li>Aplicaci\u00f3n pr\u00e1ctica de los requisitos<\/li><li>Planificaci\u00f3n y Ejecuci\u00f3n<\/li><li>Como atender los procesos de apoyo<\/li><li>Planificaci\u00f3n y Control Administrativo y Operacional a trav\u00e9s del sistema<\/li><li>Mejora Continua<\/li><li>Auditoria Interna<\/li><\/ul>\n\n\n\n<h3 class=\"wp-block-heading\">4. Dirigido a<\/h3>\n\n\n\n<p>Dirigido a Lideres y responsables de los sistemas de gesti\u00f3n y a los auditores lideres e internos.<\/p>\n\n\n\n<ul class=\"wp-block-list\"><li>Representantes de la Alta Direcci\u00f3n y Gerentes de Calidad<\/li><li>Responsables del Sistema de gesti\u00f3n<\/li><li>Due\u00f1os de Procesos<\/li><li>Profesionales que estan preparando su empresa para la certificaci\u00f3n<\/li><li>Empleados y trabajadores relacionados con la implementaci\u00f3n del Est\u00e1ndar<\/li><li>Futuros Auditores internos<\/li><\/ul>\n\n\n\n<p>Curso de Introducci\u00f3n La participaci\u00f3n en este curso&nbsp;no&nbsp;requiere conocimientos previos del est\u00e1ndar ISO 9001:2008 ni experiencia practica en su aplicaci\u00f3n.<\/p>\n\n\n\n<h3 class=\"wp-block-heading\">5. Adem\u00e1s &#8230;<\/h3>\n\n\n\n<ul class=\"wp-block-list\"><li>Incluye material did\u00e1ctico<\/li><li>Training Certificate<\/li><\/ul>\n\n\n\n<h3 class=\"wp-block-heading\">6. Duraci\u00f3n<\/h3>\n\n\n\n<ul class=\"wp-block-list\"><li>Implementaci\u00f3n en 3 d\u00edas (24 horas)<\/li><li>Disponible solo &#8220;in-house&#8221;<br><\/li><\/ul>\n\n\n\n<h2 class=\"wp-block-heading\">Contratar<\/h2>\n\n\n\n<p>Esta capacitaci\u00f3n se realiza \u00fanicamente &#8220;in-house&#8221;. Por favor comun\u00edquese con <a href=\"https:\/\/tc4p.com\/wpsite\/contacto\/\" data-type=\"page\" data-id=\"130\">nosotros<\/a> para recibir m\u00e1s informaci\u00f3n, solicitar pedido especial o asistencia.<\/p>\n","protected":false},"excerpt":{"rendered":"<p>INTRODUCCI\u00d3N A LA GESTI\u00d3N DE CALIDAD BASADA EN ISO 9001:2015 1. El Curso en breve&nbsp; (Q005-18) A trav\u00e9s de clases expositivas, con recursos audiovisuales y talleres grupales de aplicaci\u00f3n los &#8230;<\/p>\n","protected":false},"author":1,"featured_media":0,"parent":0,"menu_order":0,"comment_status":"closed","ping_status":"closed","template":"","meta":{"nf_dc_page":"","sns_share_botton_hide":"","vkExUnit_sns_title":"","_vk_print_noindex":"","sitemap_hide":"","vkExUnit_sitemap":"","_veu_custom_css":"","veu_display_promotion_alert":"","_exclude_from_list_pages":"","vkexunit_cta_each_option":"","vkExUnit_childPageIndex":"","vkExUnit_pageList_ancestor":"","vkExUnit_contact_enable":"","footnotes":""},"class_list":["post-387","page","type-page","status-publish","hentry"],"veu_head_title_object":{"title":"","add_site_title":""},"jetpack_sharing_enabled":true,"_links":{"self":[{"href":"https:\/\/tc4p.com\/wpsite\/wp-json\/wp\/v2\/pages\/387","targetHints":{"allow":["GET"]}}],"collection":[{"href":"https:\/\/tc4p.com\/wpsite\/wp-json\/wp\/v2\/pages"}],"about":[{"href":"https:\/\/tc4p.com\/wpsite\/wp-json\/wp\/v2\/types\/page"}],"author":[{"embeddable":true,"href":"https:\/\/tc4p.com\/wpsite\/wp-json\/wp\/v2\/users\/1"}],"replies":[{"embeddable":true,"href":"https:\/\/tc4p.com\/wpsite\/wp-json\/wp\/v2\/comments?post=387"}],"version-history":[{"count":1,"href":"https:\/\/tc4p.com\/wpsite\/wp-json\/wp\/v2\/pages\/387\/revisions"}],"predecessor-version":[{"id":2452,"href":"https:\/\/tc4p.com\/wpsite\/wp-json\/wp\/v2\/pages\/387\/revisions\/2452"}],"wp:attachment":[{"href":"https:\/\/tc4p.com\/wpsite\/wp-json\/wp\/v2\/media?parent=387"}],"curies":[{"name":"wp","href":"https:\/\/api.w.org\/{rel}","templated":true}]}}