{"id":48,"date":"2020-10-27T04:35:59","date_gmt":"2020-10-27T10:35:59","guid":{"rendered":"https:\/\/lineasegura.com\/tc4p\/wpsite\/?page_id=48"},"modified":"2020-11-06T16:09:28","modified_gmt":"2020-11-06T22:09:28","slug":"payphone-pago-seguro","status":"publish","type":"page","link":"https:\/\/tc4p.com\/wpsite\/payphone-pago-seguro\/","title":{"rendered":"PayPhone &#8211; pago seguro"},"content":{"rendered":"\n<p>Para nuestros participante que prefieren pagar con tarjeta de cr\u00e9dito, ofrecemos el pago por PayPhone. Es la modalidad de pagar con tarjeta de cr\u00e9dito (VISA \/ Mastercard) en el enlace de nuestra pagina web seguro o directamente en tu celular. Y lo mejor: en ning\u00fan momento te pedimos los datos de tu tarjeta.<\/p>\n\n\n\n<div class=\"wp-block-image\"><figure class=\"alignleft size-large is-resized\"><img data-recalc-dims=\"1\" loading=\"lazy\" decoding=\"async\" src=\"https:\/\/i0.wp.com\/tc4p.com\/wpsite\/wp-content\/uploads\/2020\/10\/Payphone.jpg?resize=189%2C445&#038;ssl=1\" alt=\"\" class=\"wp-image-49\" width=\"189\" height=\"445\" srcset=\"https:\/\/i0.wp.com\/tc4p.com\/wpsite\/wp-content\/uploads\/2020\/10\/Payphone.jpg?w=434&amp;ssl=1 434w, https:\/\/i0.wp.com\/tc4p.com\/wpsite\/wp-content\/uploads\/2020\/10\/Payphone.jpg?resize=127%2C300&amp;ssl=1 127w\" sizes=\"auto, (max-width: 189px) 100vw, 189px\" \/><figcaption>PayPhone Interface<\/figcaption><\/figure><\/div>\n\n\n\n<p><\/p>\n\n\n\n<p><br>Como funciona:<\/p>\n\n\n\n<ul class=\"wp-block-list\"><li>Llamarnos (+503 2560 9000) o enviarnos correo indicando que curso(s) va a tomar.<br><\/li><li>Le enviamos un enlace que le lleva al formulario de pago de Payphone. Alternativamente puede instalar el App (Disponible en AppStore \/ Google Play) en su celular para automatizar \/ facilitar el pago.<br><\/li><li>Al realizar el pago Usted recibir\u00e1 dentro de 24 horas un correo con un c\u00f3digo que le acceso al curso.<br><\/li><li>Si necesita acceso inmediato al curso recomendamos pagar con PayPal.<br><br><br><br><\/li><\/ul>\n\n\n\n<div class=\"wp-block-group alignwide is-layout-flow wp-block-group-is-layout-flow\"><div class=\"wp-block-group__inner-container\"><\/div><\/div>\n\n\n\n<hr class=\"wp-block-separator is-style-wide\"\/>\n\n\n\n<p><br><strong>\u00bfQu\u00e9 es PayPhone?<\/strong><\/p>\n\n\n\n<p>Es una App que permite realizar transacciones de tarjetas de cr\u00e9dito o d\u00e9bito VISA y&nbsp;Mastercard sin importar el banco emisor, desde tu dispositivo m\u00f3vil a cualquiera de los comercios afiliados.&nbsp;<\/p>\n\n\n\n<p>PayPhone ofrece pagos sin contacto en tres modalidades: Directo desde la App, escaneo QR en punto de venta o a trav\u00e9s de un Link de Pagos. Puedes digitalizar tus Tarjetas y pagar a distancia. F\u00e1cil, R\u00e1pido y Seguro.<\/p>\n\n\n\n<p><strong>Beneficios<\/strong>:<\/p>\n\n\n\n<ul class=\"wp-block-list\"><li>Paga desde tu SmartPhone<\/li><li>Afilia todas tus tarjetas de cr\u00e9dito y d\u00e9bito Visa o Mastercard<\/li><li>Compra con tu&nbsp;n\u00famero de celular o&nbsp;DUI<\/li><li>Seguridad en tu numero de tarjeta<\/li><li>Historial de compras<\/li><\/ul>\n\n\n\n<p><\/p>\n","protected":false},"excerpt":{"rendered":"<p>Para nuestros participante que prefieren pagar con tarjeta de cr\u00e9dito, ofrecemos el pago por PayPhone. Es la modalidad de pagar con tarjeta de cr\u00e9dito (VISA \/ Mastercard) en el enlace &#8230;<\/p>\n","protected":false},"author":1,"featured_media":0,"parent":0,"menu_order":0,"comment_status":"closed","ping_status":"closed","template":"","meta":{"nf_dc_page":"","sns_share_botton_hide":"","vkExUnit_sns_title":"","_vk_print_noindex":"","sitemap_hide":"","vkExUnit_sitemap":"","_veu_custom_css":"","veu_display_promotion_alert":"","_exclude_from_list_pages":"","vkexunit_cta_each_option":"","vkExUnit_childPageIndex":"","vkExUnit_pageList_ancestor":"","vkExUnit_contact_enable":"","footnotes":""},"class_list":["post-48","page","type-page","status-publish","hentry"],"veu_head_title_object":{"title":"","add_site_title":""},"jetpack_sharing_enabled":true,"_links":{"self":[{"href":"https:\/\/tc4p.com\/wpsite\/wp-json\/wp\/v2\/pages\/48","targetHints":{"allow":["GET"]}}],"collection":[{"href":"https:\/\/tc4p.com\/wpsite\/wp-json\/wp\/v2\/pages"}],"about":[{"href":"https:\/\/tc4p.com\/wpsite\/wp-json\/wp\/v2\/types\/page"}],"author":[{"embeddable":true,"href":"https:\/\/tc4p.com\/wpsite\/wp-json\/wp\/v2\/users\/1"}],"replies":[{"embeddable":true,"href":"https:\/\/tc4p.com\/wpsite\/wp-json\/wp\/v2\/comments?post=48"}],"version-history":[{"count":5,"href":"https:\/\/tc4p.com\/wpsite\/wp-json\/wp\/v2\/pages\/48\/revisions"}],"predecessor-version":[{"id":2372,"href":"https:\/\/tc4p.com\/wpsite\/wp-json\/wp\/v2\/pages\/48\/revisions\/2372"}],"wp:attachment":[{"href":"https:\/\/tc4p.com\/wpsite\/wp-json\/wp\/v2\/media?parent=48"}],"curies":[{"name":"wp","href":"https:\/\/api.w.org\/{rel}","templated":true}]}}