{"id":617,"date":"2019-02-11T16:53:42","date_gmt":"2019-02-11T22:53:42","guid":{"rendered":"https:\/\/trainingcamp.pro\/wpsite\/?page_id=617"},"modified":"2020-11-06T16:30:11","modified_gmt":"2020-11-06T22:30:11","slug":"e006-energia-electrica-analisis-de-factura-y-reclamos-eficientes-2","status":"publish","type":"page","link":"https:\/\/tc4p.com\/wpsite\/e006-energia-electrica-analisis-de-factura-y-reclamos-eficientes-2\/","title":{"rendered":"E006 Energ\u00eda El\u00e9ctrica: An\u00e1lisis de Factura y Reclamos Eficientes"},"content":{"rendered":"\n<h2 class=\"wp-block-heading\"><strong>Energ\u00eda El\u00e9ctrica: An\u00e1lisis de Factura y Reclamos Eficientes<\/strong><\/h2>\n\n\n\n<h3 class=\"wp-block-heading\" id=\"mce_4\"><br>1. El Curso en breve (E006)<\/h3>\n\n\n\n<div class=\"wp-block-image\"><figure class=\"alignleft size-large is-resized\"><a href=\"https:\/\/i0.wp.com\/trainingcamp.pro\/wpsite\/wp-content\/uploads\/2020\/02\/E006-20.png?ssl=1\"><img data-recalc-dims=\"1\" loading=\"lazy\" decoding=\"async\" src=\"https:\/\/i0.wp.com\/trainingcamp.pro\/wpsite\/wp-content\/uploads\/2020\/02\/E006-20.png?resize=168%2C236&#038;ssl=1\" alt=\"\" class=\"wp-image-1407\" width=\"168\" height=\"236\"\/><\/a><\/figure><\/div>\n\n\n\n<p>Al comprar una silla de escritorio pedimos tres cotizaciones. Una factura de luz de cinco, diez o cien mil d\u00f3lares la mayor\u00eda de empresas la paga sin revisar. Las empresa que quiere saber lo que pagan, para que lo pagan y por que pagan participan definitivamente en esta Training Camp. Con un acercamiento a la facturaci\u00f3n de luz completamente nuevo desenvolvamos aqu\u00ed las secretos que cubre la factura de luz.<\/p>\n\n\n\n<h3 class=\"wp-block-heading\">2. Objetivos<\/h3>\n\n\n\n<p><strong>OBJETIVO GENERAL:<\/strong><\/p>\n\n\n\n<p>Dar a conocer y aprovechar al m\u00e1ximo los procedimientos en materia de facturaci\u00f3n mensual de energ\u00eda y reclamos, que la Ley General de Electricidad vigente establece.<\/p>\n\n\n\n<p><strong>OBJETIVOS ESPEC\u00cdFICOS:<\/strong><\/p>\n\n\n\n<p>Al final del curso los participantes tendr\u00e1n la capacidad de:<\/p>\n\n\n\n<ul class=\"wp-block-list\"><li>Conocer los T\u00e9rminos y Condiciones que la Ley General de Electricidad vigente establece, a trav\u00e9s de Acuerdos espec\u00edficos, que rigen el alcance y l\u00edmites de la Facturaci\u00f3n mensual de energ\u00eda el\u00e9ctrica para lograr el mayor beneficio de la interrelaci\u00f3n Usuario-Comercializador.<\/li><li>Destacar los temas de toma de lectura de medidores y Calibraci\u00f3n de los mismos para evitar cobros indebidos y reembolsos incompletos, desarrollando e implementando los procedimientos respectivos.<\/li><li>Desarrollar e implementar procedimientos de reclamos por errores de facturaci\u00f3n, incluyendo reembolsos en concepto de energ\u00eda no servida, para alcanzar el mayor beneficio en el corto plazo.<\/li><li>Establecer el rol e importancia de los contratos de suministro de energ\u00eda el\u00e9ctrica para aprovechar al m\u00e1ximo los derechos que otorga la Ley General de Electricidad.&nbsp;&nbsp;<\/li><li>Apoyar y contribuir en decisiones operativas, de mantenimiento y financieras en la organizaci\u00f3n para alcanzar ahorros t\u00e9cnicos y econ\u00f3micos significativos.<\/li><\/ul>\n\n\n\n<h3 class=\"wp-block-heading\">3. Contenidos<\/h3>\n\n\n\n<p>Principales \/ Entre otros:&nbsp;<\/p>\n\n\n\n<ul class=\"wp-block-list\"><li>Introducci\u00f3n<\/li><li>Conceptos \u2013 Definiciones<\/li><li>Factura Mensual de Energ\u00eda El\u00e9ctrica:&nbsp;&nbsp;Revisi\u00f3n y An\u00e1lisis<\/li><li>T\u00e9rminos y Condiciones 2019 de la Ley General de Electricidad<\/li><li>Toma de Lectura del Medidor de Energ\u00eda El\u00e9ctrica: Procedimiento<\/li><li>Contratos de Suministro de Energ\u00eda El\u00e9ctrica:&nbsp;&nbsp;Rol e Importancia<\/li><li>Reclamos:&nbsp;Tipos, Procedimientos y Normativas.Conclusiones<\/li><\/ul>\n\n\n\n<h3 class=\"wp-block-heading\">4. Dirigido a<\/h3>\n\n\n\n<p>Este Training Camp es para empresas que quieren entender los detalles de la facturaci\u00f3n de luz, detectar anomal\u00edas y ser capaz de reclamar exitosamente y con ley en mano cualquier irregularidad que aparece en la factura.<\/p>\n\n\n\n<p>El curso est\u00e1 dirigido a:<\/p>\n\n\n\n<ul class=\"wp-block-list\"><li>Gerentes de Operaciones<\/li><li>Gerentes de Mantenimiento<\/li><li>Gerentes de Producci\u00f3n<\/li><li>Personal T\u00e9cnico, Operativo y\/o de Mantenimiento<\/li><li>Miembros de Comit\u00e9s de Eficiencia Energ\u00e9tica<\/li><li>Gerentes Financieros <\/li><li>Gerentes Administrativos<\/li><li>Encargados de Compras de Equipos.<\/li><\/ul>\n\n\n\n<p><strong>Nota: <\/strong><\/p>\n\n\n\n<p>Curso inicial: Conocimientos previos est\u00e1n \u00fatiles pero no necesario<\/p>\n\n\n\n<h3 class=\"wp-block-heading\">5. Adem\u00e1s \u2026<\/h3>\n\n\n\n<ul class=\"wp-block-list\"><li>Incluye material did\u00e1ctico y catering en el evento<\/li><li>Training Certificate<\/li><\/ul>\n\n\n\n<h3 class=\"wp-block-heading\">6. Duraci\u00f3n<\/h3>\n\n\n\n<ul class=\"wp-block-list\"><li>6.1 Implementaci\u00f3n in-house en 1 d\u00eda \/ 8 horas<\/li><li>6.2 Implementaci\u00f3n en nuestro sede de capacitaciones en 1 d\u00edas \/ 8 horas\u00a0(incluye catering)<br><\/li><\/ul>\n\n\n\n<h3 class=\"wp-block-heading\">Inscripci\u00f3n \/ Lugares y Fechas<\/h3>\n\n\n\n<ul class=\"wp-block-list\">\n<li>Presencial: En la <a href=\"https:\/\/tc4p.com\/wpsite\/agenda-presencial\/\" data-type=\"page\" data-id=\"134\"><strong><em>agenda<\/em><\/strong><\/a> se encuentran las fechas y lugares oficiales. El\u00a0<a rel=\"noreferrer noopener\" href=\"https:\/\/tc4p.com\/wpsite\/inscription.html\" target=\"_blank\"><strong><em>Formulario de Inscripci\u00f3n<\/em><\/strong><\/a>\u00a0le permite inscribirse en linea como participante en un curso presencial. <\/li>\n<\/ul>\n\n\n\n<p>Si este evento no aparece en ninguno de los dos paginas todav\u00eda no tiene fecha. Por favor comun\u00edquese con&nbsp;<a href=\"https:\/\/tc4p.com\/wpsite\/contacto\/\" data-type=\"page\" data-id=\"130\"><em><strong>nosotros<\/strong><\/em><\/a> para recibir m\u00e1s informaci\u00f3n, solicitar pedido especial o asistencia.<\/p>\n\n\n\n<p><strong><a href=\"https:\/\/tc4p.com\/wpsite\/agenda-presencial\/\" data-type=\"page\" data-id=\"134\"><em>Regresar a la Agenda<\/em><\/a><\/strong><\/p>\n","protected":false},"excerpt":{"rendered":"<p>Energ\u00eda El\u00e9ctrica: An\u00e1lisis de Factura y Reclamos Eficientes 1. El Curso en breve (E006) Al comprar una silla de escritorio pedimos tres cotizaciones. Una factura de luz de cinco, diez &#8230;<\/p>\n","protected":false},"author":1,"featured_media":0,"parent":0,"menu_order":0,"comment_status":"closed","ping_status":"closed","template":"","meta":{"nf_dc_page":"","sns_share_botton_hide":"","vkExUnit_sns_title":"","_vk_print_noindex":"","sitemap_hide":"","vkExUnit_sitemap":"","_veu_custom_css":"","veu_display_promotion_alert":"","_exclude_from_list_pages":"","vkexunit_cta_each_option":"","vkExUnit_childPageIndex":"","vkExUnit_pageList_ancestor":"","vkExUnit_contact_enable":"","footnotes":""},"class_list":["post-617","page","type-page","status-publish","hentry"],"veu_head_title_object":{"title":"","add_site_title":""},"jetpack_sharing_enabled":true,"_links":{"self":[{"href":"https:\/\/tc4p.com\/wpsite\/wp-json\/wp\/v2\/pages\/617","targetHints":{"allow":["GET"]}}],"collection":[{"href":"https:\/\/tc4p.com\/wpsite\/wp-json\/wp\/v2\/pages"}],"about":[{"href":"https:\/\/tc4p.com\/wpsite\/wp-json\/wp\/v2\/types\/page"}],"author":[{"embeddable":true,"href":"https:\/\/tc4p.com\/wpsite\/wp-json\/wp\/v2\/users\/1"}],"replies":[{"embeddable":true,"href":"https:\/\/tc4p.com\/wpsite\/wp-json\/wp\/v2\/comments?post=617"}],"version-history":[{"count":1,"href":"https:\/\/tc4p.com\/wpsite\/wp-json\/wp\/v2\/pages\/617\/revisions"}],"predecessor-version":[{"id":2397,"href":"https:\/\/tc4p.com\/wpsite\/wp-json\/wp\/v2\/pages\/617\/revisions\/2397"}],"wp:attachment":[{"href":"https:\/\/tc4p.com\/wpsite\/wp-json\/wp\/v2\/media?parent=617"}],"curies":[{"name":"wp","href":"https:\/\/api.w.org\/{rel}","templated":true}]}}