{"id":762,"date":"2019-03-02T11:40:10","date_gmt":"2019-03-02T17:40:10","guid":{"rendered":"https:\/\/trainingcamp.pro\/wpsite\/?page_id=762"},"modified":"2020-11-06T17:07:26","modified_gmt":"2020-11-06T23:07:26","slug":"prepararse-a-exportar-export-readiness","status":"publish","type":"page","link":"https:\/\/tc4p.com\/wpsite\/prepararse-a-exportar-export-readiness\/","title":{"rendered":"Prepararse a Exportar (Export Readiness) (X001)"},"content":{"rendered":"\n<h3 class=\"wp-block-heading\">1. El Curso en breve&nbsp; (X001-19)<\/h3>\n\n\n\n<div class=\"wp-block-image\"><figure class=\"alignleft is-resized\"><img data-recalc-dims=\"1\" loading=\"lazy\" decoding=\"async\" src=\"https:\/\/i0.wp.com\/trainingcamp.pro\/wpsite\/wp-content\/uploads\/2019\/03\/X001-ExReadi.jpg?resize=360%2C270&#038;ssl=1\" alt=\"\" class=\"wp-image-765\" width=\"360\" height=\"270\" srcset=\"https:\/\/i0.wp.com\/tc4p.com\/wpsite\/wp-content\/uploads\/2019\/03\/X001-ExReadi.jpg?w=720&amp;ssl=1 720w, https:\/\/i0.wp.com\/tc4p.com\/wpsite\/wp-content\/uploads\/2019\/03\/X001-ExReadi.jpg?resize=300%2C225&amp;ssl=1 300w\" sizes=\"auto, (max-width: 360px) 100vw, 360px\" \/><\/figure><\/div>\n\n\n\n<p>Exportar es un reto enorme para cualquier empresa. Pero meterse en exportaciones para las empresas mas exitosas tambi\u00e9n es el resultado de una&nbsp;evaluaci\u00f3n objetiva, combinada con la toma de una serie de decisiones correctas. Ese modulo empodera al participante analizar la situaci\u00f3n y las condiciones en su empresa y preparar la direcci\u00f3n para tomar estas&nbsp;decisiones de forma correcta.&nbsp;<\/p>\n\n\n\n<h3 class=\"wp-block-heading\">2. Objetivos<\/h3>\n\n\n\n<p>El an\u00e1lisis de las condiciones&nbsp;y la identificaci\u00f3n de ingredientes faltantes para poder exportar exitosamente es el contenido principal de este modulo. El participante aprender\u00e1 moverse paso por paso por la procesos&nbsp;de gesti\u00f3n de su empresa y investigara&nbsp;si la condiciones establecidas favorecen, permiten o obstaculicen una exportaci\u00f3n exitoso. Ser\u00e1 capaz de dibujar una mapa con oportunidades, riesgos y trampas, con el fin de tomar una decisi\u00f3n sobre exportaciones en general o para ciertas lineas de productos y servicios.<br><\/p>\n\n\n\n<h3 class=\"wp-block-heading\">3. Contenidos<\/h3>\n\n\n\n<ul class=\"wp-block-list\"><li>Por que exportar, cuando exportar?<\/li><li>Exportar .. adonde?<\/li><li>Condiciones necesarias en la empresa<\/li><li>Control de Conocimientos<\/li><li>Certificados que respaldan<\/li><li>Capacidades productivos<\/li><li>Marketability de los productos<\/li><li>Adopciones nacionales<\/li><li>Apoyo &#8211; la funci\u00f3n de promotores de exportaci\u00f3n<\/li><li>Talleres<\/li><\/ul>\n\n\n\n<h3 class=\"wp-block-heading\">4. Dirigido a<\/h3>\n\n\n\n<p>Esta capacitaci\u00f3n se dirige a todos los colaboradores que est\u00e1n involucrados en la gesti\u00f3n de exportaci\u00f3n en la empresa. Especialmente a<\/p>\n\n\n\n<ul class=\"wp-block-list\"><li>Directores &amp; Alta Direcci\u00f3n<\/li><li>Gerentes y Asistentes de Exportaci\u00f3n<\/li><li>Gerentes y Asistentes de Venta<\/li><li>Gerentes y Asistentes de Mercadeo<\/li><li>Gerentes y Asistentes del Desarrollo de Negocios<\/li><li>Gerentes y Asistentes Financieros<\/li><li>Otros Colaboradores y Expertos&nbsp;relacionados a la Gesti\u00f3n Internacional de la Empresa<\/li><\/ul>\n\n\n\n<h3 class=\"wp-block-heading\">5. Adem\u00e1s &#8230;<\/h3>\n\n\n\n<ul class=\"wp-block-list\"><li>Incluye material did\u00e1ctico y catering en el evento<\/li><\/ul>\n\n\n\n<h3 class=\"wp-block-heading\">6. Duraci\u00f3n<\/h3>\n\n\n\n<ul class=\"wp-block-list\"><li>Implementaci\u00f3n en 2 horas<\/li><\/ul>\n\n\n\n<p>Este es un\u00a0modulo de la capacitaci\u00f3n integral &#8220;<a href=\"https:\/\/trainingcamp.pro\/wpsite\/esenciales-de-exportacion\/\">Esenciales de Exportaci\u00f3n<\/a>&#8220;, la cual cuenta con una duraci\u00f3n de 8 horas (1d\u00eda) y combina diferentes temas relacionados<\/p>\n\n\n\n<h3 class=\"wp-block-heading\">Inscripci\u00f3n \/ Lugares y Fechas<\/h3>\n\n\n\n<ul class=\"wp-block-list\">\n<li>Presencial: En la <a href=\"https:\/\/tc4p.com\/wpsite\/agenda-presencial\/\" data-type=\"page\" data-id=\"134\"><strong><em>agenda<\/em><\/strong><\/a> se encuentran las fechas y lugares oficiales. El\u00a0<a rel=\"noreferrer noopener\" href=\"https:\/\/tc4p.com\/wpsite\/inscription.html\" target=\"_blank\"><strong><em>Formulario de Inscripci\u00f3n<\/em><\/strong><\/a>\u00a0le permite inscribirse en linea como participante en un curso presencial. <\/li>\n<\/ul>\n\n\n\n<p>Si este evento no aparece en ninguno de los dos paginas todav\u00eda no tiene fecha. Por favor comun\u00edquese con&nbsp;<a href=\"https:\/\/tc4p.com\/wpsite\/contacto\/\" data-type=\"page\" data-id=\"130\"><em><strong>nosotros<\/strong><\/em><\/a> para recibir m\u00e1s informaci\u00f3n, solicitar pedido especial o asistencia.<\/p>\n\n\n\n<p><strong><a href=\"https:\/\/tc4p.com\/wpsite\/agenda-presencial\/\" data-type=\"page\" data-id=\"134\"><em>Regresar a la Agenda<\/em><\/a><\/strong><\/p>\n","protected":false},"excerpt":{"rendered":"<p>1. El Curso en breve&nbsp; (X001-19) Exportar es un reto enorme para cualquier empresa. Pero meterse en exportaciones para las empresas mas exitosas tambi\u00e9n es el resultado de una&nbsp;evaluaci\u00f3n objetiva, &#8230;<\/p>\n","protected":false},"author":1,"featured_media":0,"parent":0,"menu_order":0,"comment_status":"closed","ping_status":"closed","template":"","meta":{"nf_dc_page":"","sns_share_botton_hide":"","vkExUnit_sns_title":"","_vk_print_noindex":"","sitemap_hide":"","vkExUnit_sitemap":"","_veu_custom_css":"","veu_display_promotion_alert":"","_exclude_from_list_pages":"","vkexunit_cta_each_option":"","vkExUnit_childPageIndex":"","vkExUnit_pageList_ancestor":"","vkExUnit_contact_enable":"","footnotes":""},"class_list":["post-762","page","type-page","status-publish","hentry"],"veu_head_title_object":{"title":"","add_site_title":""},"jetpack_sharing_enabled":true,"_links":{"self":[{"href":"https:\/\/tc4p.com\/wpsite\/wp-json\/wp\/v2\/pages\/762","targetHints":{"allow":["GET"]}}],"collection":[{"href":"https:\/\/tc4p.com\/wpsite\/wp-json\/wp\/v2\/pages"}],"about":[{"href":"https:\/\/tc4p.com\/wpsite\/wp-json\/wp\/v2\/types\/page"}],"author":[{"embeddable":true,"href":"https:\/\/tc4p.com\/wpsite\/wp-json\/wp\/v2\/users\/1"}],"replies":[{"embeddable":true,"href":"https:\/\/tc4p.com\/wpsite\/wp-json\/wp\/v2\/comments?post=762"}],"version-history":[{"count":1,"href":"https:\/\/tc4p.com\/wpsite\/wp-json\/wp\/v2\/pages\/762\/revisions"}],"predecessor-version":[{"id":2447,"href":"https:\/\/tc4p.com\/wpsite\/wp-json\/wp\/v2\/pages\/762\/revisions\/2447"}],"wp:attachment":[{"href":"https:\/\/tc4p.com\/wpsite\/wp-json\/wp\/v2\/media?parent=762"}],"curies":[{"name":"wp","href":"https:\/\/api.w.org\/{rel}","templated":true}]}}