{"id":790,"date":"2019-03-02T12:13:21","date_gmt":"2019-03-02T18:13:21","guid":{"rendered":"https:\/\/trainingcamp.pro\/wpsite\/?page_id=790"},"modified":"2020-11-06T16:30:56","modified_gmt":"2020-11-06T22:30:56","slug":"el-secreto-tras-los-certificados","status":"publish","type":"page","link":"https:\/\/tc4p.com\/wpsite\/el-secreto-tras-los-certificados\/","title":{"rendered":"El Secreto tras los Certificados (X005)"},"content":{"rendered":"\n<h3 class=\"wp-block-heading\">1. El Curso en breve&nbsp; (X005-19)<\/h3>\n\n\n\n<div class=\"wp-block-image\"><figure class=\"alignleft is-resized\"><img data-recalc-dims=\"1\" loading=\"lazy\" decoding=\"async\" src=\"https:\/\/i0.wp.com\/trainingcamp.pro\/wpsite\/wp-content\/uploads\/2019\/03\/X005-Secreto.jpg?resize=380%2C285&#038;ssl=1\" alt=\"\" class=\"wp-image-781\" width=\"380\" height=\"285\" srcset=\"https:\/\/i0.wp.com\/tc4p.com\/wpsite\/wp-content\/uploads\/2019\/03\/X005-Secreto.jpg?w=380&amp;ssl=1 380w, https:\/\/i0.wp.com\/tc4p.com\/wpsite\/wp-content\/uploads\/2019\/03\/X005-Secreto.jpg?resize=300%2C225&amp;ssl=1 300w\" sizes=\"auto, (max-width: 380px) 100vw, 380px\" \/><\/figure><\/div>\n\n\n\n<p>Con la Globalizaci\u00f3n se incremento la oferta exportable de manera exponencial. El problema de comprador ahora es evitar el riesgo de seleccionar el proveedor equivocado. Equivocado en este sentido quiere decir que el exportador no entrega la calidad prometido, falla en tiempos, fechas, cantidades y caracter\u00edsticas. O pero: el producto comprado causa alguna da\u00f1o&nbsp;al consumidor final.<\/p>\n\n\n\n<p>Por lo tanto anu de los retos mas grande del comprador es asegurar que su proveedor cumple. Al ser de otro continente, al nunca haber visto sus instalaciones y quiz\u00e1s nunca se reuni\u00f3 en f\u00edsico con el vendedles, el comprador ocupa como herramienta principal la certificaci\u00f3n de sistemas de gerencia y de productos para tomar su decisi\u00f3n.<\/p>\n\n\n\n<p>Este evento da una orientaci\u00f3n en el mundo de las certificaciones y te explica que certificaciones te ayudan ahorrar dinero, cuales te aumentan las ventas, cuales te dan imagen y cuales solo te causan dolor de cabeza.<\/p>\n\n\n\n<h3 class=\"wp-block-heading\">2. Objetivos<\/h3>\n\n\n\n<p>El participante aprender\u00e1 analizar el negocio y los intenciones del comprador&nbsp;y ser\u00e1 capaz de identificar los certificados cuales&nbsp;realmente aumentan su competitividad, cuales le dan importancia, cuales le dan buena posici\u00f3n en las negociaciones y cuales llaman la atenci\u00f3n de comprador. Aprender\u00e1 como diferenciar entre los certificadores y como seleccionar el certificador que mas valor agregado puede dar a sus certificados. Conocer\u00e1 el proceso de certificaci\u00f3n, para atenderlo en su empresa.&nbsp;<em>&#8220;Dime quien te certifica y te dir\u00e9 como esta tu empresa&#8221;<\/em><br><\/p>\n\n\n\n<h3 class=\"wp-block-heading\">3. Contenidos<\/h3>\n\n\n\n<ul class=\"wp-block-list\"><li>Entender&nbsp;el Comprador<\/li><li>Conocer las Tendencias de Compra&nbsp;<\/li><li>Convertir Requisitos en Oportunidades<\/li><li>El Mundo de Certificados<\/li><li>Identifikation y Clasificaci\u00f3n<\/li><li>Los Efectos de Certificaci\u00f3n<\/li><li>Desarrollar Base para Decisiones<\/li><li>Errores comunes en la Certificaci\u00f3n<\/li><\/ul>\n\n\n\n<h3 class=\"wp-block-heading\">4. Dirigido a<\/h3>\n\n\n\n<p>Esta capacitaci\u00f3n se dirige a todos los colaboradores que est\u00e1n involucrados en la gesti\u00f3n de exportaci\u00f3n en la empresa. Especialmente a<\/p>\n\n\n\n<ul class=\"wp-block-list\"><li>Directores &amp; Alta Direcci\u00f3n<\/li><li>Gerentes y Asistentes de Exportaci\u00f3n<\/li><li>Gerentes y Asistentes de Venta<\/li><li>Gerentes y Asistentes de Mercadeo<\/li><li>Gerentes y Asistentes del Desarrollo de Negocios<\/li><li>Gerentes y Asistentes Financieros<\/li><li>Otros Colaboradores y Expertos&nbsp;relacionados a la Gesti\u00f3n Internacional de la Empresa<\/li><\/ul>\n\n\n\n<h3 class=\"wp-block-heading\">5. Adem\u00e1s &#8230;<\/h3>\n\n\n\n<ul class=\"wp-block-list\"><li>Incluye material did\u00e1ctico y catering en el evento<\/li><\/ul>\n\n\n\n<h3 class=\"wp-block-heading\">6. Duraci\u00f3n<\/h3>\n\n\n\n<ul class=\"wp-block-list\"><li>Implementaci\u00f3n en 2 horas<\/li><\/ul>\n\n\n\n<p>Este es un\u00a0modulo de la capacitaci\u00f3n integral &#8220;<a href=\"https:\/\/trainingcamp.pro\/wpsite\/esenciales-de-exportacion\/\">Esenciales de Exportaci\u00f3n<\/a>&#8220;, la cual cuenta con una duraci\u00f3n de 8 horas (1d\u00eda) y combina diferentes temas relacionados<br><\/p>\n\n\n\n<h3 class=\"wp-block-heading\">Inscripci\u00f3n \/ Lugares y Fechas<\/h3>\n\n\n\n<ul class=\"wp-block-list\">\n<li>Presencial: En la <a href=\"https:\/\/tc4p.com\/wpsite\/agenda-presencial\/\" data-type=\"page\" data-id=\"134\"><strong><em>agenda<\/em><\/strong><\/a> se encuentran las fechas y lugares oficiales. El\u00a0<a rel=\"noreferrer noopener\" href=\"https:\/\/tc4p.com\/wpsite\/inscription.html\" target=\"_blank\"><strong><em>Formulario de Inscripci\u00f3n<\/em><\/strong><\/a>\u00a0le permite inscribirse en linea como participante en un curso presencial. <\/li>\n<\/ul>\n\n\n\n<p>Si este evento no aparece en ninguno de los dos paginas todav\u00eda no tiene fecha. Por favor comun\u00edquese con&nbsp;<a href=\"https:\/\/tc4p.com\/wpsite\/contacto\/\" data-type=\"page\" data-id=\"130\"><em><strong>nosotros<\/strong><\/em><\/a> para recibir m\u00e1s informaci\u00f3n, solicitar pedido especial o asistencia.<\/p>\n\n\n\n<p><strong><a href=\"https:\/\/tc4p.com\/wpsite\/agenda-presencial\/\" data-type=\"page\" data-id=\"134\"><em>Regresar a la Agenda<\/em><\/a><\/strong><\/p>\n","protected":false},"excerpt":{"rendered":"<p>1. El Curso en breve&nbsp; (X005-19) Con la Globalizaci\u00f3n se incremento la oferta exportable de manera exponencial. El problema de comprador ahora es evitar el riesgo de seleccionar el proveedor &#8230;<\/p>\n","protected":false},"author":1,"featured_media":0,"parent":0,"menu_order":0,"comment_status":"closed","ping_status":"closed","template":"","meta":{"nf_dc_page":"","sns_share_botton_hide":"","vkExUnit_sns_title":"","_vk_print_noindex":"","sitemap_hide":"","vkExUnit_sitemap":"","_veu_custom_css":"","veu_display_promotion_alert":"","_exclude_from_list_pages":"","vkexunit_cta_each_option":"","vkExUnit_childPageIndex":"","vkExUnit_pageList_ancestor":"","vkExUnit_contact_enable":"","footnotes":""},"class_list":["post-790","page","type-page","status-publish","hentry"],"veu_head_title_object":{"title":"","add_site_title":""},"jetpack_sharing_enabled":true,"_links":{"self":[{"href":"https:\/\/tc4p.com\/wpsite\/wp-json\/wp\/v2\/pages\/790","targetHints":{"allow":["GET"]}}],"collection":[{"href":"https:\/\/tc4p.com\/wpsite\/wp-json\/wp\/v2\/pages"}],"about":[{"href":"https:\/\/tc4p.com\/wpsite\/wp-json\/wp\/v2\/types\/page"}],"author":[{"embeddable":true,"href":"https:\/\/tc4p.com\/wpsite\/wp-json\/wp\/v2\/users\/1"}],"replies":[{"embeddable":true,"href":"https:\/\/tc4p.com\/wpsite\/wp-json\/wp\/v2\/comments?post=790"}],"version-history":[{"count":1,"href":"https:\/\/tc4p.com\/wpsite\/wp-json\/wp\/v2\/pages\/790\/revisions"}],"predecessor-version":[{"id":2399,"href":"https:\/\/tc4p.com\/wpsite\/wp-json\/wp\/v2\/pages\/790\/revisions\/2399"}],"wp:attachment":[{"href":"https:\/\/tc4p.com\/wpsite\/wp-json\/wp\/v2\/media?parent=790"}],"curies":[{"name":"wp","href":"https:\/\/api.w.org\/{rel}","templated":true}]}}