{"id":796,"date":"2019-03-02T12:18:55","date_gmt":"2019-03-02T18:18:55","guid":{"rendered":"https:\/\/trainingcamp.pro\/wpsite\/?page_id=796"},"modified":"2020-11-06T16:32:24","modified_gmt":"2020-11-06T22:32:24","slug":"encontrar-el-representante-perfecto-trade-partner-issues","status":"publish","type":"page","link":"https:\/\/tc4p.com\/wpsite\/encontrar-el-representante-perfecto-trade-partner-issues\/","title":{"rendered":"Encontrar el Representante Perfecto (Trade Partner Issues) (X006)"},"content":{"rendered":"\n<h3 class=\"wp-block-heading\">1. El Curso en breve&nbsp; (X006-19)<\/h3>\n\n\n\n<div class=\"wp-block-image\"><figure class=\"alignleft\"><img data-recalc-dims=\"1\" loading=\"lazy\" decoding=\"async\" width=\"380\" height=\"285\" src=\"https:\/\/i0.wp.com\/trainingcamp.pro\/wpsite\/wp-content\/uploads\/2019\/03\/X006-RepPerfecto.jpg?resize=380%2C285&#038;ssl=1\" alt=\"\" class=\"wp-image-812\" srcset=\"https:\/\/i0.wp.com\/tc4p.com\/wpsite\/wp-content\/uploads\/2019\/03\/X006-RepPerfecto.jpg?w=380&amp;ssl=1 380w, https:\/\/i0.wp.com\/tc4p.com\/wpsite\/wp-content\/uploads\/2019\/03\/X006-RepPerfecto.jpg?resize=300%2C225&amp;ssl=1 300w\" sizes=\"auto, (max-width: 380px) 100vw, 380px\" \/><\/figure><\/div>\n\n\n\n<p>Esencial para el Exportador es la decisi\u00f3n acerca de quien va a ser su socio o aliado en el exterior y cuales eran los canales de distribuci\u00f3n. Ese evento presenta las diferentes opciones y explica las pro y contra de cada una.<\/p>\n\n\n\n<h3 class=\"wp-block-heading\">2. Objetivos<\/h3>\n\n\n\n<p>&nbsp;El participante conocer\u00e1 las figuras que act\u00faanos como socios en el exterior y aprende diferenciar entre representante importador, broker, vendedor y agente. Aprende desarrollar&nbsp;escenarios en diferentes mercados y&nbsp;transferir los resultados a se empresa. Aprender\u00e1 como buscar encontrar y evaluar quien ser\u00e1 su mejor aliado en el mercado destino&nbsp;&nbsp;<br><\/p>\n\n\n\n<h3 class=\"wp-block-heading\">3. Contenidos<\/h3>\n\n\n\n<ul class=\"wp-block-list\"><li>Las diferentes Formas de exportar<\/li><li>Definir Canales de Distribuci\u00f3n<\/li><li>Diferentes tipos de Socios Comerciales<\/li><li>La Selecci\u00f3n de Socios Comerciales<\/li><li>Como enfrentar el Tema de la Exclusividad<\/li><li>Acuerdos de Socios Comerciales<\/li><\/ul>\n\n\n\n<h3 class=\"wp-block-heading\">4. Dirigido a<\/h3>\n\n\n\n<p>Esta capacitaci\u00f3n se dirige a todos los colaboradores que est\u00e1n involucrados en la gesti\u00f3n de exportaci\u00f3n en la empresa. Especialmente a<\/p>\n\n\n\n<ul class=\"wp-block-list\"><li>Directores &amp; Alta Direcci\u00f3n<\/li><li>Gerentes y Asistentes de Exportaci\u00f3n<\/li><li>Gerentes y Asistentes de Venta<\/li><li>Gerentes y Asistentes de Mercadeo<\/li><li>Gerentes y Asistentes del Desarrollo de Negocios<\/li><li>Gerentes y Asistentes Financieros<\/li><li>Otros Colaboradores y Expertos&nbsp;relacionados a la Gesti\u00f3n Internacional de la Empresa<\/li><\/ul>\n\n\n\n<h3 class=\"wp-block-heading\">5. Adem\u00e1s &#8230;<\/h3>\n\n\n\n<ul class=\"wp-block-list\"><li>Incluye material did\u00e1ctico y catering en el evento<\/li><\/ul>\n\n\n\n<h3 class=\"wp-block-heading\">6. Duraci\u00f3n<\/h3>\n\n\n\n<ul class=\"wp-block-list\"><li>Implementaci\u00f3n en 2 horas<\/li><\/ul>\n\n\n\n<p>Este es un\u00a0modulo de la capacitaci\u00f3n integral &#8220;<a href=\"https:\/\/trainingcamp.pro\/wpsite\/esenciales-de-exportacion\/\">Esenciales de Exportaci\u00f3n<\/a>&#8220;, la cual cuenta con una duraci\u00f3n de 8 horas (1d\u00eda) y combina diferentes temas relacionados<br><\/p>\n\n\n\n<h3 class=\"wp-block-heading\">Inscripci\u00f3n \/ Lugares y Fechas<\/h3>\n\n\n\n<ul class=\"wp-block-list\">\n<li>Presencial: En la <a href=\"https:\/\/tc4p.com\/wpsite\/agenda-presencial\/\" data-type=\"page\" data-id=\"134\"><strong><em>agenda<\/em><\/strong><\/a> se encuentran las fechas y lugares oficiales. El\u00a0<a rel=\"noreferrer noopener\" href=\"https:\/\/tc4p.com\/wpsite\/inscription.html\" target=\"_blank\"><strong><em>Formulario de Inscripci\u00f3n<\/em><\/strong><\/a>\u00a0le permite inscribirse en linea como participante en un curso presencial. <\/li>\n<\/ul>\n\n\n\n<p>Si este evento no aparece en ninguno de los dos paginas todav\u00eda no tiene fecha. Por favor comun\u00edquese con&nbsp;<a href=\"https:\/\/tc4p.com\/wpsite\/contacto\/\" data-type=\"page\" data-id=\"130\"><em><strong>nosotros<\/strong><\/em><\/a> para recibir m\u00e1s informaci\u00f3n, solicitar pedido especial o asistencia.<\/p>\n\n\n\n<p><strong><a href=\"https:\/\/tc4p.com\/wpsite\/agenda-presencial\/\" data-type=\"page\" data-id=\"134\"><em>Regresar a la Agenda<\/em><\/a><\/strong><\/p>\n","protected":false},"excerpt":{"rendered":"<p>1. El Curso en breve&nbsp; (X006-19) Esencial para el Exportador es la decisi\u00f3n acerca de quien va a ser su socio o aliado en el exterior y cuales eran los &#8230;<\/p>\n","protected":false},"author":1,"featured_media":0,"parent":0,"menu_order":0,"comment_status":"closed","ping_status":"closed","template":"","meta":{"nf_dc_page":"","sns_share_botton_hide":"","vkExUnit_sns_title":"","_vk_print_noindex":"","sitemap_hide":"","vkExUnit_sitemap":"","_veu_custom_css":"","veu_display_promotion_alert":"","_exclude_from_list_pages":"","vkexunit_cta_each_option":"","vkExUnit_childPageIndex":"","vkExUnit_pageList_ancestor":"","vkExUnit_contact_enable":"","footnotes":""},"class_list":["post-796","page","type-page","status-publish","hentry"],"veu_head_title_object":{"title":"","add_site_title":""},"jetpack_sharing_enabled":true,"_links":{"self":[{"href":"https:\/\/tc4p.com\/wpsite\/wp-json\/wp\/v2\/pages\/796","targetHints":{"allow":["GET"]}}],"collection":[{"href":"https:\/\/tc4p.com\/wpsite\/wp-json\/wp\/v2\/pages"}],"about":[{"href":"https:\/\/tc4p.com\/wpsite\/wp-json\/wp\/v2\/types\/page"}],"author":[{"embeddable":true,"href":"https:\/\/tc4p.com\/wpsite\/wp-json\/wp\/v2\/users\/1"}],"replies":[{"embeddable":true,"href":"https:\/\/tc4p.com\/wpsite\/wp-json\/wp\/v2\/comments?post=796"}],"version-history":[{"count":1,"href":"https:\/\/tc4p.com\/wpsite\/wp-json\/wp\/v2\/pages\/796\/revisions"}],"predecessor-version":[{"id":2400,"href":"https:\/\/tc4p.com\/wpsite\/wp-json\/wp\/v2\/pages\/796\/revisions\/2400"}],"wp:attachment":[{"href":"https:\/\/tc4p.com\/wpsite\/wp-json\/wp\/v2\/media?parent=796"}],"curies":[{"name":"wp","href":"https:\/\/api.w.org\/{rel}","templated":true}]}}