{"id":802,"date":"2019-03-02T12:21:16","date_gmt":"2019-03-02T18:21:16","guid":{"rendered":"https:\/\/trainingcamp.pro\/wpsite\/?page_id=802"},"modified":"2020-11-06T17:06:57","modified_gmt":"2020-11-06T23:06:57","slug":"precios-compras-y-ventas","status":"publish","type":"page","link":"https:\/\/tc4p.com\/wpsite\/precios-compras-y-ventas\/","title":{"rendered":"Precios, Compras y Ventas (X008)"},"content":{"rendered":"\n<h3 class=\"wp-block-heading\">1. El Curso en breve&nbsp; (X008-19)<\/h3>\n\n\n\n<div class=\"wp-block-image\"><figure class=\"alignleft\"><img data-recalc-dims=\"1\" loading=\"lazy\" decoding=\"async\" width=\"380\" height=\"285\" src=\"https:\/\/i0.wp.com\/trainingcamp.pro\/wpsite\/wp-content\/uploads\/2019\/03\/X008-PCyV.jpg?resize=380%2C285&#038;ssl=1\" alt=\"\" class=\"wp-image-815\" srcset=\"https:\/\/i0.wp.com\/tc4p.com\/wpsite\/wp-content\/uploads\/2019\/03\/X008-PCyV.jpg?w=380&amp;ssl=1 380w, https:\/\/i0.wp.com\/tc4p.com\/wpsite\/wp-content\/uploads\/2019\/03\/X008-PCyV.jpg?resize=300%2C225&amp;ssl=1 300w\" sizes=\"auto, (max-width: 380px) 100vw, 380px\" \/><\/figure><\/div>\n\n\n\n<p>Definir los precios siempre es un acto de equilibrio. Muy alto y no vendes, muy bajo y no logras las metas. Este modulo te muestra las ideas b\u00e1sicas como desarrollar los precios de tus productos y servicios. Conocer\u00e1s diferentes criterios que afectan tu venta y\/o tu compra y entender\u00e1s como los puedes manipular para llegar al resultado deseado.<\/p>\n\n\n\n<h3 class=\"wp-block-heading\">2. Objetivos<\/h3>\n\n\n\n<p>El participante conocer\u00e1&nbsp;diferentes m\u00e9todos y estructuras de precios y aprender\u00e1 un m\u00e9todo como &nbsp;encontrar el precio para su&nbsp;producto que le generara el mejor resultado para su empresa.&nbsp;&nbsp;<em>Una buena venta no garantiza un buen resultado &#8211; garantizalo tu!<\/em><br><\/p>\n\n\n\n<h3 class=\"wp-block-heading\">3. Contenidos<\/h3>\n\n\n\n<ul class=\"wp-block-list\"><li>Cual es el precio aceptado<\/li><li>Como definir&nbsp;precios<\/li><li>Estrategias de Precio<\/li><li>El costo de Exportaci\u00f3n<\/li><li>Modelos de Costo<\/li><li>Applicar a mi mercado<\/li><li>Talleres<\/li><\/ul>\n\n\n\n<h3 class=\"wp-block-heading\">4. Dirigido a<\/h3>\n\n\n\n<p>Esta capacitaci\u00f3n se dirige a todos los colaboradores que est\u00e1n involucrados en la gesti\u00f3n de exportaci\u00f3n en la empresa. Especialmente a<\/p>\n\n\n\n<ul class=\"wp-block-list\"><li>Directores &amp; Alta Direcci\u00f3n<\/li><li>Gerentes y Asistentes de Exportaci\u00f3n<\/li><li>Gerentes y Asistentes de Venta<\/li><li>Gerentes y Asistentes de Mercadeo<\/li><li>Gerentes y Asistentes del Desarrollo de Negocios<\/li><li>Gerentes y Asistentes Financieros<\/li><li>Otros Colaboradores y Expertos&nbsp;relacionados a la Gesti\u00f3n Internacional de la Empresa<\/li><\/ul>\n\n\n\n<h3 class=\"wp-block-heading\">5. Adem\u00e1s &#8230;<\/h3>\n\n\n\n<ul class=\"wp-block-list\"><li>Incluye material did\u00e1ctico y catering en el evento<\/li><\/ul>\n\n\n\n<h3 class=\"wp-block-heading\">6. Duraci\u00f3n<\/h3>\n\n\n\n<ul class=\"wp-block-list\"><li>Implementaci\u00f3n en 2 horas<\/li><\/ul>\n\n\n\n<p>Este es un\u00a0modulo de la capacitaci\u00f3n integral &#8220;<a href=\"https:\/\/trainingcamp.pro\/wpsite\/esenciales-de-exportacion\/\">Esenciales de Exportaci\u00f3n<\/a>&#8220;, la cual cuenta con una duraci\u00f3n de 8 horas (1d\u00eda) y combina diferentes temas relacionados<\/p>\n\n\n\n<h3 class=\"wp-block-heading\">Inscripci\u00f3n \/ Lugares y Fechas<\/h3>\n\n\n\n<ul class=\"wp-block-list\">\n<li>Presencial: En la <a href=\"https:\/\/tc4p.com\/wpsite\/agenda-presencial\/\" data-type=\"page\" data-id=\"134\"><strong><em>agenda<\/em><\/strong><\/a> se encuentran las fechas y lugares oficiales. El\u00a0<a rel=\"noreferrer noopener\" href=\"https:\/\/tc4p.com\/wpsite\/inscription.html\" target=\"_blank\"><strong><em>Formulario de Inscripci\u00f3n<\/em><\/strong><\/a>\u00a0le permite inscribirse en linea como participante en un curso presencial. <\/li>\n<\/ul>\n\n\n\n<p>Si este evento no aparece en ninguno de los dos paginas todav\u00eda no tiene fecha. Por favor comun\u00edquese con&nbsp;<a href=\"https:\/\/tc4p.com\/wpsite\/contacto\/\" data-type=\"page\" data-id=\"130\"><em><strong>nosotros<\/strong><\/em><\/a> para recibir m\u00e1s informaci\u00f3n, solicitar pedido especial o asistencia.<\/p>\n\n\n\n<p><strong><a href=\"https:\/\/tc4p.com\/wpsite\/agenda-presencial\/\" data-type=\"page\" data-id=\"134\"><em>Regresar a la Agenda<\/em><\/a><\/strong><\/p>\n","protected":false},"excerpt":{"rendered":"<p>1. El Curso en breve&nbsp; (X008-19) Definir los precios siempre es un acto de equilibrio. Muy alto y no vendes, muy bajo y no logras las metas. Este modulo te &#8230;<\/p>\n","protected":false},"author":1,"featured_media":0,"parent":0,"menu_order":0,"comment_status":"closed","ping_status":"closed","template":"","meta":{"nf_dc_page":"","sns_share_botton_hide":"","vkExUnit_sns_title":"","_vk_print_noindex":"","sitemap_hide":"","vkExUnit_sitemap":"","_veu_custom_css":"","veu_display_promotion_alert":"","_exclude_from_list_pages":"","vkexunit_cta_each_option":"","vkExUnit_childPageIndex":"","vkExUnit_pageList_ancestor":"","vkExUnit_contact_enable":"","footnotes":""},"class_list":["post-802","page","type-page","status-publish","hentry"],"veu_head_title_object":{"title":"","add_site_title":""},"jetpack_sharing_enabled":true,"_links":{"self":[{"href":"https:\/\/tc4p.com\/wpsite\/wp-json\/wp\/v2\/pages\/802","targetHints":{"allow":["GET"]}}],"collection":[{"href":"https:\/\/tc4p.com\/wpsite\/wp-json\/wp\/v2\/pages"}],"about":[{"href":"https:\/\/tc4p.com\/wpsite\/wp-json\/wp\/v2\/types\/page"}],"author":[{"embeddable":true,"href":"https:\/\/tc4p.com\/wpsite\/wp-json\/wp\/v2\/users\/1"}],"replies":[{"embeddable":true,"href":"https:\/\/tc4p.com\/wpsite\/wp-json\/wp\/v2\/comments?post=802"}],"version-history":[{"count":1,"href":"https:\/\/tc4p.com\/wpsite\/wp-json\/wp\/v2\/pages\/802\/revisions"}],"predecessor-version":[{"id":2446,"href":"https:\/\/tc4p.com\/wpsite\/wp-json\/wp\/v2\/pages\/802\/revisions\/2446"}],"wp:attachment":[{"href":"https:\/\/tc4p.com\/wpsite\/wp-json\/wp\/v2\/media?parent=802"}],"curies":[{"name":"wp","href":"https:\/\/api.w.org\/{rel}","templated":true}]}}