{"id":805,"date":"2019-03-02T12:22:54","date_gmt":"2019-03-02T18:22:54","guid":{"rendered":"https:\/\/trainingcamp.pro\/wpsite\/?page_id=805"},"modified":"2020-11-06T16:57:46","modified_gmt":"2020-11-06T22:57:46","slug":"networking-profesional","status":"publish","type":"page","link":"https:\/\/tc4p.com\/wpsite\/networking-profesional\/","title":{"rendered":"Networking Profesional (X009)"},"content":{"rendered":"\n<h3 class=\"wp-block-heading\">1. El Curso en breve&nbsp; (X009-19)<\/h3>\n\n\n\n<div class=\"wp-block-image\"><figure class=\"alignleft\"><img data-recalc-dims=\"1\" loading=\"lazy\" decoding=\"async\" width=\"380\" height=\"285\" src=\"https:\/\/i0.wp.com\/trainingcamp.pro\/wpsite\/wp-content\/uploads\/2019\/03\/X009-Networking.jpg?resize=380%2C285&#038;ssl=1\" alt=\"\" class=\"wp-image-814\" srcset=\"https:\/\/i0.wp.com\/tc4p.com\/wpsite\/wp-content\/uploads\/2019\/03\/X009-Networking.jpg?w=380&amp;ssl=1 380w, https:\/\/i0.wp.com\/tc4p.com\/wpsite\/wp-content\/uploads\/2019\/03\/X009-Networking.jpg?resize=300%2C225&amp;ssl=1 300w\" sizes=\"auto, (max-width: 380px) 100vw, 380px\" \/><\/figure><\/div>\n\n\n\n<p>Networking es mas que conocer alguien quien puede ayudarnos. Networking, realizador profesionalmente, es conocer alguien que nos respeta tanto que har\u00e1 cualquier cosa para devolvernos un favor que nos debe. Por que el punto critico aqu\u00ed es la palabra \u201epuede\u201c. Muchas veces nuestros amigos simplemente pueden pero no hacen. En este curso aprender\u00e1s cambiar la palabra \u201epuede\u201c en \u201equiere\u201c y aplicar toda esa ciencia a tu negocio.<\/p>\n\n\n\n<h3 class=\"wp-block-heading\">2. Objetivos<\/h3>\n\n\n\n<p>El participante aprender\u00e1 desarrollar una red con contactos profesionales y ponerse como nudo&nbsp;en su centro. Entender\u00e1 el poder de la &#8220;Regla de las seis Gradas&#8221; y aprender\u00e1 a seguir las reglas del Networking, seleccionar y clasificar sus contactos y entender\u00e1 en concepto de como invertir en su red para que ser beneficiados con resultados.<br><\/p>\n\n\n\n<h3 class=\"wp-block-heading\">3. Contenidos<\/h3>\n\n\n\n<ul class=\"wp-block-list\"><li>Que es&nbsp;Networking<\/li><li>Por que es importante<\/li><li>Como iniciar una Red Personal<\/li><li>Como Realisar un Auto Annalists<\/li><li>Como invertir en la Red Personal<\/li><li>Network Rules &amp; Network Skills<\/li><li>Como seleccionar Socios<\/li><li>Talleres<\/li><li>Cuales son las Redes Profesionales en el Mundo<\/li><\/ul>\n\n\n\n<h3 class=\"wp-block-heading\">4. Dirigido a<\/h3>\n\n\n\n<p>Esta capacitaci\u00f3n se dirige a todos los colaboradores que est\u00e1n involucrados en la gesti\u00f3n de exportaci\u00f3n en la empresa. Especialmente a<\/p>\n\n\n\n<ul class=\"wp-block-list\"><li>Directores &amp; Alta Direcci\u00f3n<\/li><li>Gerentes y Asistentes de Exportaci\u00f3n<\/li><li>Gerentes y Asistentes de Venta<\/li><li>Gerentes y Asistentes de Mercadeo<\/li><li>Gerentes y Asistentes del Desarrollo de Negocios<\/li><li>Gerentes y Asistentes Financieros<\/li><li>Otros Colaboradores y Expertos&nbsp;relacionados a la Gesti\u00f3n Internacional de la Empresa<\/li><\/ul>\n\n\n\n<h3 class=\"wp-block-heading\">5. Adem\u00e1s &#8230;<\/h3>\n\n\n\n<ul class=\"wp-block-list\"><li>Incluye material did\u00e1ctico y catering en el evento<\/li><\/ul>\n\n\n\n<h3 class=\"wp-block-heading\">6. Duraci\u00f3n<\/h3>\n\n\n\n<ul class=\"wp-block-list\"><li>Implementaci\u00f3n en 2 horas<\/li><\/ul>\n\n\n\n<p>Este es un\u00a0modulo de la capacitaci\u00f3n integral &#8220;<a href=\"https:\/\/trainingcamp.pro\/wpsite\/esenciales-de-exportacion\/\">Esenciales de Exportaci\u00f3n<\/a>&#8220;, la cual cuenta con una duraci\u00f3n de 8 horas (1d\u00eda) y combina diferentes temas relacionados<\/p>\n\n\n\n<h3 class=\"wp-block-heading\">Inscripci\u00f3n \/ Lugares y Fechas<\/h3>\n\n\n\n<ul class=\"wp-block-list\">\n<li>Presencial: En la <a href=\"https:\/\/tc4p.com\/wpsite\/agenda-presencial\/\" data-type=\"page\" data-id=\"134\"><strong><em>agenda<\/em><\/strong><\/a> se encuentran las fechas y lugares oficiales. El\u00a0<a rel=\"noreferrer noopener\" href=\"https:\/\/tc4p.com\/wpsite\/inscription.html\" target=\"_blank\"><strong><em>Formulario de Inscripci\u00f3n<\/em><\/strong><\/a>\u00a0le permite inscribirse en linea como participante en un curso presencial. <\/li>\n<\/ul>\n\n\n\n<p>Si este evento no aparece en ninguno de los dos paginas todav\u00eda no tiene fecha. Por favor comun\u00edquese con&nbsp;<a href=\"https:\/\/tc4p.com\/wpsite\/contacto\/\" data-type=\"page\" data-id=\"130\"><em><strong>nosotros<\/strong><\/em><\/a> para recibir m\u00e1s informaci\u00f3n, solicitar pedido especial o asistencia.<\/p>\n\n\n\n<p><strong><a href=\"https:\/\/tc4p.com\/wpsite\/agenda-presencial\/\" data-type=\"page\" data-id=\"134\"><em>Regresar a la Agenda<\/em><\/a><\/strong><\/p>\n","protected":false},"excerpt":{"rendered":"<p>1. El Curso en breve&nbsp; (X009-19) Networking es mas que conocer alguien quien puede ayudarnos. Networking, realizador profesionalmente, es conocer alguien que nos respeta tanto que har\u00e1 cualquier cosa para &#8230;<\/p>\n","protected":false},"author":1,"featured_media":0,"parent":0,"menu_order":0,"comment_status":"closed","ping_status":"closed","template":"","meta":{"nf_dc_page":"","sns_share_botton_hide":"","vkExUnit_sns_title":"","_vk_print_noindex":"","sitemap_hide":"","vkExUnit_sitemap":"","_veu_custom_css":"","veu_display_promotion_alert":"","_exclude_from_list_pages":"","vkexunit_cta_each_option":"","vkExUnit_childPageIndex":"","vkExUnit_pageList_ancestor":"","vkExUnit_contact_enable":"","footnotes":""},"class_list":["post-805","page","type-page","status-publish","hentry"],"veu_head_title_object":{"title":"","add_site_title":""},"jetpack_sharing_enabled":true,"_links":{"self":[{"href":"https:\/\/tc4p.com\/wpsite\/wp-json\/wp\/v2\/pages\/805","targetHints":{"allow":["GET"]}}],"collection":[{"href":"https:\/\/tc4p.com\/wpsite\/wp-json\/wp\/v2\/pages"}],"about":[{"href":"https:\/\/tc4p.com\/wpsite\/wp-json\/wp\/v2\/types\/page"}],"author":[{"embeddable":true,"href":"https:\/\/tc4p.com\/wpsite\/wp-json\/wp\/v2\/users\/1"}],"replies":[{"embeddable":true,"href":"https:\/\/tc4p.com\/wpsite\/wp-json\/wp\/v2\/comments?post=805"}],"version-history":[{"count":1,"href":"https:\/\/tc4p.com\/wpsite\/wp-json\/wp\/v2\/pages\/805\/revisions"}],"predecessor-version":[{"id":2434,"href":"https:\/\/tc4p.com\/wpsite\/wp-json\/wp\/v2\/pages\/805\/revisions\/2434"}],"wp:attachment":[{"href":"https:\/\/tc4p.com\/wpsite\/wp-json\/wp\/v2\/media?parent=805"}],"curies":[{"name":"wp","href":"https:\/\/api.w.org\/{rel}","templated":true}]}}