{"id":991,"date":"2019-08-13T10:25:22","date_gmt":"2019-08-13T16:25:22","guid":{"rendered":"https:\/\/trainingcamp.pro\/wpsite\/?page_id=991"},"modified":"2020-11-06T17:19:06","modified_gmt":"2020-11-06T23:19:06","slug":"rd-convention","status":"publish","type":"page","link":"https:\/\/tc4p.com\/wpsite\/rd-convention\/","title":{"rendered":"T003 RD &#8211; Convenci\u00f3n 2021"},"content":{"rendered":"\n<h2 class=\"wp-block-heading\"><strong>RD Empowerment: Afinando la gesti\u00f3n, logrando las metas<\/strong>.<\/h2>\n\n\n\n<h3 class=\"wp-block-heading\" id=\"mce_4\"><br>1. El Evento en breve (T003)<\/h3>\n\n\n\n<p>Ning\u00fan otro profesional tiene que usar todas sus competencias en tanta variedad de circunstancias, como los gerentes de los sistemas de gerencias (RD). <\/p>\n\n\n\n<p>Este evento apoya y prepara al RD para lidiar con todo tipo de situaciones diarias en su organizaci\u00f3n y le orienta sobre c\u00f3mo encontrar las mejores soluciones. Mejora la comunicaci\u00f3n con la alta direcci\u00f3n, con clientes proveedores y dem\u00e1s colaboradores. El evento es exclusivo para RDs.<\/p>\n\n\n\n<h3 class=\"wp-block-heading\">2. Objetivos<\/h3>\n\n\n\n<p><strong>OBJETIVO GENERAL:<\/strong><\/p>\n\n\n\n<ul class=\"wp-block-list\"><li><strong>Sistema bajo control:<\/strong> Mantener a la vanguardia los sistemas de gerencia, y poder comunicar efectivamente con los superiores y colaboradores, la informaci\u00f3n que ellos necesitan para lograr sus metas.<br><\/li><li><strong>Comunicaci\u00f3n sin malentendidos:<\/strong> Mantener la integridad del sistema y del equipo de trabajo con diplomacia, empat\u00eda y profesionalismo.<br><\/li><li><strong>La bola de cristal:<\/strong> Predecir problemas antes de que ocurran y asegurar que la auditoria externa sea un evento exitoso, beneficiando a la organizaci\u00f3n y motivando al equipo de trabajo.<br><\/li><li><strong>Habla como hablan los auditores de certificaci\u00f3n:<\/strong> Entender &#8220;c\u00f3mo funcionan&#8221; los auditores externos y c\u00f3mo tratarlos para que la auditor\u00eda se desarrolle bien.<\/li><\/ul>\n\n\n\n<div style=\"height:20px\" aria-hidden=\"true\" class=\"wp-block-spacer\"><\/div>\n\n\n\n<h3 class=\"wp-block-heading\">3. Contenidos 2021<\/h3>\n\n\n\n<p>Principales \/ Entre otros:&nbsp;<\/p>\n\n\n\n<ul class=\"wp-block-list\"><li>Los errores y NCs m\u00e1s frecuentes en los sistemas de calidad &#8211; y como evitarlos<\/li><li>La administraci\u00f3n del Certificado: Manejo t\u00e9cnico y comercial del certificado: Due date<strong>,<\/strong> tiempos de gracia, l\u00edmites y obligaciones de la empresa.<\/li><li>Auditor\u00eda exitosa: Preparaci\u00f3n y Reglas b\u00e1sicas para convertir la auditor\u00eda externa en un evento profesional exitoso.<\/li><li>RD Forum: Problemas frecuentes y c\u00f3mo solucionarlos. <\/li><\/ul>\n\n\n\n<div style=\"height:20px\" aria-hidden=\"true\" class=\"wp-block-spacer\"><\/div>\n\n\n\n<h3 class=\"wp-block-heading\">4. Dirigido a<\/h3>\n\n\n\n<p>Este Evento es exclusivo para los RDs de organizaciones certificadas en normas ISO, o en sistemas de gerencia relacionados como HACCP, FSSC, BRC, IFS y Auditor\u00eda \u00e9tica \/ Sedex, as\u00ed como para auditores y profesionales que est\u00e1n preparando su organizaci\u00f3n a recibir una de estas auditor\u00edas.<\/p>\n\n\n\n<div style=\"height:20px\" aria-hidden=\"true\" class=\"wp-block-spacer\"><\/div>\n\n\n\n<h3 class=\"wp-block-heading\">5. Adem\u00e1s<\/h3>\n\n\n\n<ul class=\"wp-block-list\"><li>Catering durante el evento<\/li><\/ul>\n\n\n\n<div style=\"height:20px\" aria-hidden=\"true\" class=\"wp-block-spacer\"><\/div>\n\n\n\n<h3 class=\"wp-block-heading\">6. Duraci\u00f3n<\/h3>\n\n\n\n<ul class=\"wp-block-list\"><li>Implementaci\u00f3n en nuestro sede de capacitaciones en 0,5 d\u00edas \/ 4 horas&nbsp;(incluye catering)<\/li><\/ul>\n\n\n\n<div style=\"height:20px\" aria-hidden=\"true\" class=\"wp-block-spacer\"><\/div>\n\n\n\n<h3 class=\"wp-block-heading\">Inscripci\u00f3n \/ Lugares y Fechas<\/h3>\n\n\n\n<ul class=\"wp-block-list\">\n<li>Presencial: En la <a href=\"https:\/\/tc4p.com\/wpsite\/agenda-presencial\/\" data-type=\"page\" data-id=\"134\"><strong><em>agenda<\/em><\/strong><\/a> se encuentran las fechas y lugares oficiales. El\u00a0<a rel=\"noreferrer noopener\" href=\"https:\/\/tc4p.com\/wpsite\/inscription.html\" target=\"_blank\"><strong><em>Formulario de Inscripci\u00f3n<\/em><\/strong><\/a>\u00a0le permite inscribirse en linea como participante en un curso presencial. <\/li>\n<\/ul>\n\n\n\n<p>Si este evento no aparece en ninguno de los dos paginas todav\u00eda no tiene fecha. Por favor comun\u00edquese con&nbsp;<a href=\"https:\/\/tc4p.com\/wpsite\/contacto\/\" data-type=\"page\" data-id=\"130\"><em><strong>nosotros<\/strong><\/em><\/a> para recibir m\u00e1s informaci\u00f3n, solicitar pedido especial o asistencia.<\/p>\n\n\n\n<p><strong><a href=\"https:\/\/tc4p.com\/wpsite\/agenda-presencial\/\" data-type=\"page\" data-id=\"134\"><em>Regresar a la Agenda<\/em><\/a><\/strong><\/p>\n","protected":false},"excerpt":{"rendered":"<p>RD Empowerment: Afinando la gesti\u00f3n, logrando las metas. 1. El Evento en breve (T003) Ning\u00fan otro profesional tiene que usar todas sus competencias en tanta variedad de circunstancias, como los &#8230;<\/p>\n","protected":false},"author":1,"featured_media":0,"parent":0,"menu_order":0,"comment_status":"closed","ping_status":"closed","template":"","meta":{"nf_dc_page":"","sns_share_botton_hide":"","vkExUnit_sns_title":"","_vk_print_noindex":"","sitemap_hide":"","vkExUnit_sitemap":"","_veu_custom_css":"","veu_display_promotion_alert":"","_exclude_from_list_pages":"","vkexunit_cta_each_option":"","vkExUnit_childPageIndex":"","vkExUnit_pageList_ancestor":"","vkExUnit_contact_enable":"","footnotes":""},"class_list":["post-991","page","type-page","status-publish","hentry"],"veu_head_title_object":{"title":"","add_site_title":""},"jetpack_sharing_enabled":true,"_links":{"self":[{"href":"https:\/\/tc4p.com\/wpsite\/wp-json\/wp\/v2\/pages\/991","targetHints":{"allow":["GET"]}}],"collection":[{"href":"https:\/\/tc4p.com\/wpsite\/wp-json\/wp\/v2\/pages"}],"about":[{"href":"https:\/\/tc4p.com\/wpsite\/wp-json\/wp\/v2\/types\/page"}],"author":[{"embeddable":true,"href":"https:\/\/tc4p.com\/wpsite\/wp-json\/wp\/v2\/users\/1"}],"replies":[{"embeddable":true,"href":"https:\/\/tc4p.com\/wpsite\/wp-json\/wp\/v2\/comments?post=991"}],"version-history":[{"count":3,"href":"https:\/\/tc4p.com\/wpsite\/wp-json\/wp\/v2\/pages\/991\/revisions"}],"predecessor-version":[{"id":2466,"href":"https:\/\/tc4p.com\/wpsite\/wp-json\/wp\/v2\/pages\/991\/revisions\/2466"}],"wp:attachment":[{"href":"https:\/\/tc4p.com\/wpsite\/wp-json\/wp\/v2\/media?parent=991"}],"curies":[{"name":"wp","href":"https:\/\/api.w.org\/{rel}","templated":true}]}}